{"id":8776,"date":"2026-04-22T07:10:51","date_gmt":"2026-04-22T07:10:51","guid":{"rendered":""},"modified":"2026-04-22T07:10:58","modified_gmt":"2026-04-22T07:10:58","slug":"nolvadex-8","status":"publish","type":"product","link":"https:\/\/www.pharmacy-content.com\/?product=nolvadex-8&lang=sv","title":{"rendered":"Nolvadex"},"content":{"rendered":"<p>Vanlig anv\u00e4ndning<br \/>\nNolvadex \u00e4r en icke-steroid anti\u00f6strogen som kompetitivt h\u00e4mmar \u00f6strogenreceptorer i m\u00e5lorganen och tum\u00f6rer i dem. Mekanismen f\u00f6r dess verkan \u00e4r inte fullst\u00e4ndigt unders\u00f6kt, \u00e4ven om det \u00e4r k\u00e4nt att ett komplex av Nolvadex med receptorn och kofaktorn upptr\u00e4der, och sedan \u00f6verf\u00f6rs det till cellk\u00e4rnan, vilket f\u00f6rhindrar hypertrofi av cellerna som \u00e4r beroende av reglering av \u00f6strogen. Effekten av medicinen kan vara flera veckor efter en eng\u00e5ngsdos. Nolvadex kan orsaka \u00e4gglossning hos kvinnor, stimulera produktionen av gonadotropa hormoner i hypofysen. Hos m\u00e4n med oligospermi \u00f6kar det koncentrationen av luteiniserande hormon och follikelstimulerande hormon, testosteron och \u00f6strogen i blodserumet. Nolvadex anv\u00e4nds f\u00f6r att behandla br\u00f6stcancer hos kvinnor och m\u00e4n (s\u00e4rskilt efter kastrering) och \u00e4ven n\u00e4r det har spridit sig till andra delar av kroppen, njurcancer, melanom och sarkom i mjuka v\u00e4vnader med \u00f6strogenreceptorer, cancer i \u00e4ggstockarna.<br \/>\nDosering och riktning<br \/>\nTa det exakt som rekommenderat av din l\u00e4kare, eftersom dosen beror p\u00e5 ditt tillst\u00e5nd. L\u00e5ng behandling (ca 2 \u00e5r) rekommenderas. Ta denna medicin med mat och ett stort glas vatten som en eng\u00e5ngsdos eller dela den i tv\u00e5 (tas p\u00e5 morgonen och kv\u00e4llen). Tugga eller krossa dem inte.<br \/>\nF\u00f6rsiktighets\u00e5tg\u00e4rder<br \/>\nDenna medicin kan \u00f6ka risken f\u00f6r att utveckla endometriecancer. Patienter som behandlas med Nolvadex b\u00f6r \u00f6vervakas med avseende p\u00e5 onormal vaginal bl\u00f6dning, f\u00f6r\u00e4ndringar i menstruationsperioder, f\u00f6r\u00e4ndringar i vaginal flytningar eller b\u00e4ckensm\u00e4rta eller tryck.<br \/>\nKontraindikationer<br \/>\nNolvadex mots\u00e4gs hos patienter med \u00f6verk\u00e4nslighet mot detta l\u00e4kemedel och \u00e4ven hos kvinnor som \u00e4r behandlas med antikoagulantia av kumarintyp eller hos kvinnor med djup ventrombos eller lungemboli i anamnesen, gravida eller ammande kvinnor. F\u00f6rsiktighet b\u00f6r iakttas hos patienter med \u00f6gonsjukdomar (inklusive gr\u00e5 starr), hyperlipidemi, leukopeni, trombocytopeni, hyperkalcemi, sv\u00e5r tromboflebit, tromboembolism (\u00e4ven i anamnesen).<br \/>\nBiverkningar<br \/>\nBiverkningar f\u00f6rv\u00e4ntas inte. Om de \u00e4ndras fr\u00e5n mindre till allvarliga, b\u00f6r du omedelbart informera din l\u00e4kare om det. Biverkningar orsakade av Nolvadex \u00e4r: v\u00e4rmevallningar, illam\u00e5ende, kr\u00e4kningar, vikt\u00f6kning, onormala menstruationer.<br \/>\nL\u00e4kemedelsinteraktion<br \/>\nNolvadex kan orsaka avvikelser i lever- och blodprover, s\u00e5 regelbunden \u00f6vervakning av biverkningar orsakade av Nolvadex kr\u00e4vs. Om s\u00e5dana tecken som gulsot och bl\u00f6dning upptr\u00e4der, b\u00f6r en patient omedelbart s\u00f6ka medicinsk hj\u00e4lp.<br \/>\nMissad dos<br \/>\nOm du har gl\u00f6mt att ta din dos i tid, v\u00e4nligen g\u00f6r det s\u00e5 snart du kommer ih\u00e5g det. Men ta inte om det \u00e4r f\u00f6r sent eller n\u00e4stan dags f\u00f6r din n\u00e4sta dos. Ta inte dubbla eller extra doser. Ta din vanliga dos n\u00e4sta dag vid samma regelbundna tidpunkt.<br \/>\n\u00d6verdosering<br \/>\nAkut \u00f6verdosering hos m\u00e4nniskor har inte rapporterats. Hos patienter med metastaserad cancer som behandlats med de maximalt tolererade doserna av Nolvadex observerades akuta biverkningar som manifesterades av tremor, hyperreflexi, ostadig g\u00e5ng och yrsel. Om du misst\u00e4nker att du tagit f\u00f6r mycket av denna medicin, s\u00f6k omedelbar medicinsk hj\u00e4lp och kontakta din l\u00e4kare.<br \/>\nF\u00f6rvaring<br \/>\nF\u00f6rvara i rumstemperatur mellan 20-25 C (68-77 F).<br \/>\nFriskrivningsfriskrivning<br \/>\nVi tillhandah\u00e5ller endast allm\u00e4n information om mediciner, som inte t\u00e4cker alla riktningar, m\u00f6jliga l\u00e4kemedelsinteraktioner eller f\u00f6rsiktighets\u00e5tg\u00e4rder. Information p\u00e5 sidan kan inte anv\u00e4ndas f\u00f6r sj\u00e4lvbehandling och sj\u00e4lvdiagnos. Alla specifika instruktioner f\u00f6r en viss patient b\u00f6r \u00f6verenskommas med din v\u00e5rdr\u00e5dgivare eller l\u00e4kare som \u00e4r ansvarig f\u00f6r \u00e4rendet. Vi fr\u00e5ns\u00e4ger oss tillf\u00f6rlitligheten av denna information och eventuella misstag den kan inneh\u00e5lla. Vi ansvarar inte f\u00f6r n\u00e5gon direkt, indirekt, speciell eller annan indirekt skada till f\u00f6ljd av n\u00e5gon anv\u00e4ndning av informationen p\u00e5 denna webbplats och \u00e4ven f\u00f6r konsekvenser av egenbehandling.<\/p>\n","protected":false},"excerpt":{"rendered":"<p>Nolvadex Generic kan orsaka \u00e4gglossning hos kvinnor. Hos m\u00e4n med oligospermi \u00f6kar koncentrationen av hormoner. Cancer behandling.<\/p>\n","protected":false},"featured_media":8734,"comment_status":"open","ping_status":"closed","template":"","meta":[],"product_brand":[],"product_cat":[585],"product_tag":[],"class_list":{"0":"post-8776","1":"product","2":"type-product","3":"status-publish","4":"has-post-thumbnail","6":"product_cat-kvinnors-halsa-sv","7":"pa_active_substance-tamoxifen","9":"first","10":"instock","11":"shipping-taxable","12":"product-type-simple"},"jetpack_sharing_enabled":true,"_links":{"self":[{"href":"https:\/\/www.pharmacy-content.com\/index.php?rest_route=\/wp\/v2\/product\/8776","targetHints":{"allow":["GET"]}}],"collection":[{"href":"https:\/\/www.pharmacy-content.com\/index.php?rest_route=\/wp\/v2\/product"}],"about":[{"href":"https:\/\/www.pharmacy-content.com\/index.php?rest_route=\/wp\/v2\/types\/product"}],"replies":[{"embeddable":true,"href":"https:\/\/www.pharmacy-content.com\/index.php?rest_route=%2Fwp%2Fv2%2Fcomments&post=8776"}],"wp:featuredmedia":[{"embeddable":true,"href":"https:\/\/www.pharmacy-content.com\/index.php?rest_route=\/wp\/v2\/media\/8734"}],"wp:attachment":[{"href":"https:\/\/www.pharmacy-content.com\/index.php?rest_route=%2Fwp%2Fv2%2Fmedia&parent=8776"}],"wp:term":[{"taxonomy":"product_brand","embeddable":true,"href":"https:\/\/www.pharmacy-content.com\/index.php?rest_route=%2Fwp%2Fv2%2Fproduct_brand&post=8776"},{"taxonomy":"product_cat","embeddable":true,"href":"https:\/\/www.pharmacy-content.com\/index.php?rest_route=%2Fwp%2Fv2%2Fproduct_cat&post=8776"},{"taxonomy":"product_tag","embeddable":true,"href":"https:\/\/www.pharmacy-content.com\/index.php?rest_route=%2Fwp%2Fv2%2Fproduct_tag&post=8776"}],"curies":[{"name":"wp","href":"https:\/\/api.w.org\/{rel}","templated":true}]}}