{"id":8752,"date":"2026-04-22T07:10:48","date_gmt":"2026-04-22T07:10:48","guid":{"rendered":""},"modified":"2026-04-22T07:10:57","modified_gmt":"2026-04-22T07:10:57","slug":"nolvadex-4","status":"publish","type":"product","link":"https:\/\/www.pharmacy-content.com\/?product=nolvadex-4&lang=it","title":{"rendered":"Nolvadex"},"content":{"rendered":"<p>Uso comune<\/p>\n<p>Nolvadex \u00e8 un antiestrogeno non steroideo che inibisce competitivamente i recettori degli estrogeni negli organi bersaglio e nei tumori in essi contenuti. Nolvadex \u00e8 usato per trattare il cancro al seno nelle donne e negli uomini (specialmente dopo la castrazione) e anche quando si \u00e8 diffuso in altre parti del corpo, cancro ai reni, melanomi e sarcomi dei tessuti molli con recettori degli estrogeni, cancro alle ovaie. L&#8217;effetto del farmaco pu\u00f2 durare diverse settimane dopo una singola dose. Nolvadex \u00e8 in grado di causare l&#8217;ovulazione nelle donne, stimolando la produzione di ormoni gonadotropici dell&#8217;ipofisi. Negli uomini con oligospermia aumenta la concentrazione di ormone luteinizzante e ormone follicolo-stimolante, testosterone ed estrogeni nel siero del sangue.<\/p>\n<p>Dosaggio e indicazioni<\/p>\n<p>Prendilo esattamente come raccomandato dal tuo medico poich\u00e9 il dosaggio dipende dalle tue condizioni. Si consiglia un trattamento prolungato (circa 2 anni). Assumere questo farmaco con del cibo e un grande bicchiere d&#8217;acqua in una dose singola o dividerlo in due (assunto al mattino e alla sera), non masticare o frantumare.<\/p>\n<p>Precauzioni<\/p>\n<p>Questo farmaco pu\u00f2 aumentare la possibilit\u00e0 di sviluppare un cancro dell&#8217;endometrio. Le pazienti trattate con Nolvadex devono essere monitorate per eventuali sanguinamenti vaginali anomali, cambiamenti nei periodi mestruali, cambiamenti nelle perdite vaginali o dolore o pressione pelvica.<\/p>\n<p>Controindicazioni<\/p>\n<p>Nolvadex \u00e8 controindicato in pazienti con ipersensibilit\u00e0 a questo farmaco e anche in donne che sono minacciate da terapia anticoagulante di tipo cumarinico o in donne con trombosi venosa profonda o embolia polmonare in anamnesi, donne incinte o che allattano.<br \/>\nSi deve usare cautela nei pazienti con malattie agli occhi (inclusa la cataratta), iperlipidemia, leucopenia, trombocitopenia, ipercalcemia, tromboflebite grave, tromboembolia (anche in anamnesi).<\/p>\n<p>Possibile effetto collaterale<\/p>\n<p>Gli effetti collaterali usuali causati da Nolvadex sono: vampate di calore, nausea, vomito, aumento di peso, mestruazioni anomale. Se cambiano da lievi a gravi, si deve informare immediatamente il medico.<br \/>\nNolvadex \u00e8 in grado di causare anomalie nei test del fegato e del sangue, quindi \u00e8 necessario un monitoraggio regolare degli effetti collaterali causati da Nolvadex. Se si presentano segni come ittero e sanguinamento, il paziente deve cercare immediatamente assistenza medica immediata.<\/p>\n<p>Interazione farmacologica<\/p>\n<p>Informa il tuo medico e il tuo farmacista di tutti i tuoi farmaci (da prescrizione o da banco, prodotti naturali, vitamine), anche se stai assumendo uno di questi farmaci: anastrozolo, letrozolo o warfarin, carbamazepina, fenobarbital, fenitoina, rifabutina, rifampicina o erba di San Giovanni.<\/p>\n<p>Dose dimenticata<\/p>\n<p>Se hai dimenticato di prendere la dose in tempo, fallo non appena te ne ricordi. Ma non prenderla se \u00e8 troppo tardi o quasi ora della dose successiva. Non prendere dosi doppie o extra. Prendi la dose abituale il giorno successivo nello stesso orario regolare.<\/p>\n<p>Sovradosaggio<\/p>\n<p>Nei pazienti con cancro metastatico trattati con le dosi massime tollerate di Nolvadex \u00e8 stata osservata neurotossicit\u00e0 acuta, manifestata da tremore, iperreflessia, andatura instabile e vertigini. Se si suppone di aver assunto una quantit\u00e0 eccessiva di questo farmaco, cercare immediatamente assistenza medica e contattare il medico.<\/p>\n<p>Conservazione<\/p>\n<p>Conservare a temperatura ambiente tra 20-25 \u00b0C (68-77 \u00b0F), proteggere dal calore e dalla luce. Tenere tutti i farmaci fuori dalla portata dei bambini e degli animali domestici.<\/p>\n","protected":false},"excerpt":{"rendered":"<p>Nolvadex (Tamoxifene) viene usato per il trattamento del cancro al seno.<\/p>\n","protected":false},"featured_media":8734,"comment_status":"open","ping_status":"closed","template":"","meta":[],"product_brand":[],"product_cat":[573],"product_tag":[],"class_list":{"0":"post-8752","1":"product","2":"type-product","3":"status-publish","4":"has-post-thumbnail","6":"product_cat-salute-delle-donne-it","7":"pa_active_substance-tamoxifen","9":"first","10":"instock","11":"shipping-taxable","12":"product-type-simple"},"jetpack_sharing_enabled":true,"_links":{"self":[{"href":"https:\/\/www.pharmacy-content.com\/index.php?rest_route=\/wp\/v2\/product\/8752","targetHints":{"allow":["GET"]}}],"collection":[{"href":"https:\/\/www.pharmacy-content.com\/index.php?rest_route=\/wp\/v2\/product"}],"about":[{"href":"https:\/\/www.pharmacy-content.com\/index.php?rest_route=\/wp\/v2\/types\/product"}],"replies":[{"embeddable":true,"href":"https:\/\/www.pharmacy-content.com\/index.php?rest_route=%2Fwp%2Fv2%2Fcomments&post=8752"}],"wp:featuredmedia":[{"embeddable":true,"href":"https:\/\/www.pharmacy-content.com\/index.php?rest_route=\/wp\/v2\/media\/8734"}],"wp:attachment":[{"href":"https:\/\/www.pharmacy-content.com\/index.php?rest_route=%2Fwp%2Fv2%2Fmedia&parent=8752"}],"wp:term":[{"taxonomy":"product_brand","embeddable":true,"href":"https:\/\/www.pharmacy-content.com\/index.php?rest_route=%2Fwp%2Fv2%2Fproduct_brand&post=8752"},{"taxonomy":"product_cat","embeddable":true,"href":"https:\/\/www.pharmacy-content.com\/index.php?rest_route=%2Fwp%2Fv2%2Fproduct_cat&post=8752"},{"taxonomy":"product_tag","embeddable":true,"href":"https:\/\/www.pharmacy-content.com\/index.php?rest_route=%2Fwp%2Fv2%2Fproduct_tag&post=8752"}],"curies":[{"name":"wp","href":"https:\/\/api.w.org\/{rel}","templated":true}]}}