{"id":8689,"date":"2026-04-22T07:10:33","date_gmt":"2026-04-22T07:10:33","guid":{"rendered":""},"modified":"2026-04-22T07:10:40","modified_gmt":"2026-04-22T07:10:40","slug":"diflucan-7","status":"publish","type":"product","link":"https:\/\/www.pharmacy-content.com\/pt\/product\/diflucan-7\/","title":{"rendered":"Diflucan"},"content":{"rendered":"<p>Uso comum<br \/>\nO Diflucano pertence a uma classe de antiinflamat\u00f3rios n\u00e3o esteroidais (AINEs). Este medicamento \u00e9 usado para reduzir a inflama\u00e7\u00e3o e, como analg\u00e9sico, para reduzir a dor em condi\u00e7\u00f5es como artrite ou les\u00f5es agudas. Tamb\u00e9m pode ser usado para diminuir dores menstruais e dismenorreia.<br \/>\nPosologia e orienta\u00e7\u00e3o<br \/>\nTome Voltaren por via oral com um copo de \u00e1gua, com ou sem alimentos. Evite cortar, esmagar ou mastigar este medicamento.<br \/>\nN\u00e3o tome o medicamento com mais frequ\u00eancia do que o prescrito. N\u00e3o desista de tom\u00e1-lo, exceto por recomenda\u00e7\u00e3o do seu m\u00e9dico.<br \/>\nPode ser necess\u00e1rio algum tempo para que o medicamento ajude.<br \/>\nConsulte o seu m\u00e9dico sobre a dose adequada para voc\u00ea.<br \/>\nPrecau\u00e7\u00f5es<br \/>\nAntes de tomar Voltarol, informe o seu m\u00e9dico ou farmac\u00eautico se voc\u00ea \u00e9 al\u00e9rgico a ele ou se tiver outras alergias.<br \/>\nVoltaren, como outros AINEs, pode inibir a excre\u00e7\u00e3o de s\u00f3dio e l\u00edtio. Tenha cuidado ao usar este medicamento junto com suplementos de l\u00edtio.<br \/>\nEvite beber \u00e1lcool e fumar enquanto estiver sendo tratado com este medicamento.<br \/>\nPessoas idosas podem ser mais sens\u00edveis aos efeitos colaterais do medicamento.<br \/>\nInforme o seu m\u00e9dico se voc\u00ea tem doen\u00e7a de Parkinson, doen\u00e7a renal ou doen\u00e7a hep\u00e1tica, hipertens\u00e3o arterial ou se estiver gr\u00e1vida ou amamentando.<br \/>\nContra-indica\u00e7\u00f5es<br \/>\nVoltaren n\u00e3o deve ser usado por pacientes com hipertens\u00e3o sens\u00edvel ao s\u00f3dio, bem como por pacientes que demonstraram rea\u00e7\u00e3o de hipersensibilidade a ele.<br \/>\nPoss\u00edvel efeito colateral<br \/>\nO os efeitos colaterais mais comuns s\u00e3o boca seca, tontura, irritabilidade, seda\u00e7\u00e3o, ins\u00f4nia, reten\u00e7\u00e3o urin\u00e1ria, etc.<br \/>\n Uso comum<br \/>\nDiflucan \u00e9 um antibi\u00f3tico antif\u00fangico usado para tratar infec\u00e7\u00f5es f\u00fangicas chamadas candid\u00edase. Este medicamento \u00e9 prescrito para o tratamento de tipos de infec\u00e7\u00f5es como infec\u00e7\u00f5es vaginais, de garganta e f\u00fangicas, infec\u00e7\u00f5es do trato urin\u00e1rio, peritonite e pneumonia. O Diflucan atua matando fungos sens\u00edveis, interferindo na forma\u00e7\u00e3o da membrana celular do fungo.<br \/>\nDosagem e orienta\u00e7\u00e3o<br \/>\nTome por via oral uma vez ao dia, com ou sem alimentos, usando a colher medidora. Tome-o \u00e0 mesma hora todos os dias se quiser obter o melhor resultado com um copo cheio de \u00e1gua. Diflucan faz voc\u00ea se sentir melhor ap\u00f3s 24 horas. No entanto, os sintomas desaparecem completamente ap\u00f3s alguns dias. Se n\u00e3o houver altera\u00e7\u00e3o na sua sa\u00fade ap\u00f3s alguns dias, consulte imediatamente o seu m\u00e9dico.<br \/>\nA dosagem para adultos varia de acordo com o tipo de infec\u00e7\u00e3o e consiste em:<br \/>\n1) Candid\u00edase genital &#8211; 150mg em dose \u00fanica<br \/>\n2) Candid\u00edase mucosa &#8211; a dose depende de onde a infec\u00e7\u00e3o est\u00e1 localizada, 50mg uma vez ao dia durante o m\u00eas.<br \/>\n3) Infec\u00e7\u00f5es f\u00fangicas da pele &#8211; 50mg uma vez ao dia durante 2-4 semanas;<br \/>\n4) Infec\u00e7\u00f5es f\u00fangicas internas &#8211; 400mg no primeiro dia, depois 200-400mg uma vez por dia durante 6-8 semanas ou mais, se necess\u00e1rio.<br \/>\n5) Para prevenir infec\u00e7\u00f5es f\u00fangicas &#8211; 50-400 mg uma vez por dia enquanto estiver em risco de contrair uma infec\u00e7\u00e3o;<br \/>\n6) Para evitar que uma infec\u00e7\u00e3o causada por Cryptococcus volte &#8211; 100 -200mg uma vez ao dia indefinidamente<br \/>\nA dosagem para crian\u00e7as de 4 semanas a 15 anos de idade tamb\u00e9m varia de acordo com o tipo de infec\u00e7\u00e3o e consiste em:<br \/>\n1) Infec\u00e7\u00f5es mucosas &#8211; 3mg\/kg uma vez ao dia;<br \/>\n2) Infec\u00e7\u00f5es f\u00fangicas internas &#8211; 6-12mg\/kg uma vez ao dia;<br \/>\n3) Preven\u00e7\u00e3o de infec\u00e7\u00f5es f\u00fangicas &#8211; 3-12 mg\/kg uma vez ao dia enquanto houver risco de contrair uma infec\u00e7\u00e3o.<br \/>\nPara crian\u00e7as de 2 a 4 semanas de idade, \u00e9 a mesma dose acima, mas administrada uma vez a cada 2 dias, com uma dose m\u00e1xima de 12 mg\/kg a cada 2 dias.<br \/>\nPara crian\u00e7as com menos de 2 semanas de idade, \u00e9 a mesma dose acima, mas administrada uma vez a cada 3 dias. N\u00e3o administre mais de 12mg\/kg a cada 3 dias.<br \/>\nNota: Esta instru\u00e7\u00e3o \u00e9 apresentada aqui apenas para revis\u00e3o. \u00c9 muito necess\u00e1rio consultar seu m\u00e9dico antes de usar. Ajuda voc\u00ea a obter os melhores resultados.<br \/>\nPrecau\u00e7\u00f5es<br \/>\nPara infec\u00e7\u00f5es vaginais por fungos, os m\u00e9dicos geralmente prescrevem uma dose \u00fanica de Diflucan. Se a infec\u00e7\u00e3o por fungos n\u00e3o melhorar ap\u00f3s 5 dias, contacte o seu m\u00e9dico o mais rapidamente poss\u00edvel. Tenha cuidado com este medicamento se seu hist\u00f3rico m\u00e9dico incluir doen\u00e7a hep\u00e1tica ou renal. Embora incomum, este medicamento pode causar tonturas, por isso tenha mais cuidado ao dirigir ou usar m\u00e1quinas. Limite a ingest\u00e3o de \u00e1lcool. Diflucan n\u00e3o deve ser usado durante a gravidez, durante a gravidez ou durante a amamenta\u00e7\u00e3o sem orienta\u00e7\u00e3o m\u00e9dica. N\u00e3o o use antes de amamentar sem orienta\u00e7\u00e3o m\u00e9dica.<br \/>\nContra-indica\u00e7\u00f5es<br \/>\nDiflucan n\u00e3o \u00e9 permitido para pessoas hipersens\u00edveis ao fluconazol ou outras prepara\u00e7\u00f5es antif\u00fangicas az\u00f3licas, por exemplo, clotrimazol, cetoconazol, itraconazol e outros. Al\u00e9m disso, Diflucan \u00e9 contraindicado em:<br \/>\n&#8211; Dist\u00farbios renais e hep\u00e1ticos;<br \/>\n&#8211; Doen\u00e7as cardiovasculares, incluindo doen\u00e7as card\u00edacas (dist\u00farbios da frequ\u00eancia card\u00edaca ou ritmo card\u00edaco);<br \/>\n&#8211; N\u00edveis sangu\u00edneos baixos de c\u00e1lcio, magn\u00e9sio ou pot\u00e1ssio.<br \/>\nPoss\u00edveis efeitos colaterais<br \/>\nEles podem incluir uma rea\u00e7\u00e3o al\u00e9rgica: urtic\u00e1ria; dificuldade ao respirar; incha\u00e7o do rosto, l\u00e1bios, l\u00edngua ou garganta. Al\u00e9m disso, os efeitos colaterais mais poss\u00edveis incluem:<br \/>\n&#8211; N\u00e1useas, dor de est\u00f4mago, febre baixa, perda de apetite, urina escura, fezes cor de argila, icter\u00edcia (amarelecimento da pele ou dos olhos);<br \/>\n&#8211; Febre, calafrios, corpo dores, sintomas de gripe;<br \/>\n&#8211; Bolhas intensas, descama\u00e7\u00e3o e erup\u00e7\u00e3o cut\u00e2nea vermelha;<br \/>\n&#8211; F\u00e1cil forma\u00e7\u00e3o de hematomas ou sangramento, fraqueza incomum; ou<br \/>\n&#8211; Convuls\u00f5es (convuls\u00f5es).<br \/>\nOs efeitos colaterais menos graves incluem:<br \/>\n&#8211; N\u00e1useas leves, v\u00f4mitos, diarr\u00e9ia ou dor de est\u00f4mago;<br \/>\n&#8211; Dor de cabe\u00e7a;<br \/>\n&#8211; Tonturas;<br \/>\n&#8211; Gosto incomum ou desagrad\u00e1vel em seu corpo. boca; ou<br \/>\n&#8211; Erup\u00e7\u00e3o cut\u00e2nea ou coceira.<br \/>\nSe voc\u00ea tiver algum deles, pare de usar Diflucan e informe o seu m\u00e9dico o mais r\u00e1pido poss\u00edvel. Al\u00e9m disso, consulte seu m\u00e9dico sobre qualquer efeito colateral que pare\u00e7a incomum.<br \/>\nIntera\u00e7\u00e3o medicamentosa<br \/>\nO Diflucan interage com medicamentos como:<br \/>\n&#8211; Um anticoagulante como a varfarina (Coumadin)<br \/>\n&#8211; Ciclosporina (Gengraf, Sandimmune, Neoral);<br \/>\n&#8211; Um medicamento oral para diabetes, como glipizida (Glucotrol), glibenclamida (Diabeta, Micronase, Glynase), tolbutamida (Orinase), tolazamida (Tolinase), clorpropamida (Diabinese) e outros;<br \/>\n&#8211; Rifabutina (Mycobutin) ou rifampicina ( Rifadin, Rifater, Rifamate, Rimactane);<br \/>\n&#8211; Um sedativo como diazepam (Valium), lorazepam (Ativan), alprazolam (Xanax) ou midazolam (Versed);<br \/>\n&#8211; Medicamentos para convuls\u00f5es, como fenito\u00edna (Dilantin) ou valpr\u00f3ico \u00e1cido (Depakene);<br \/>\n&#8211; Tacrolimus (Prograf);<br \/>\n&#8211; Teofilina (Theo-Dur, Theolair, Theochron, Elixophyllin, Slo-Phyllin, outros).<br \/>\nAl\u00e9m disso, observe que a intera\u00e7\u00e3o entre dois medicamentos nem sempre significa que voc\u00ea deve parar de tomar um deles. Como de costume, afeta o efeito dos medicamentos, portanto consulte seu m\u00e9dico sobre como essas intera\u00e7\u00f5es est\u00e3o sendo gerenciadas ou devem ser gerenciadas.<br \/>\nDose esquecida<br \/>\nSe voc\u00ea esqueceu de tomar sua dose a tempo, tome-o assim que lembrar. Mas n\u00e3o tome se for tarde demais ou estiver quase na hora da pr\u00f3xima dose. N\u00e3o tome doses duplas ou extras. Tome a sua dose habitual no dia seguinte \u00e0 mesma hora habitual.<br \/>\nSobredosagem<br \/>\nOs sintomas de sobredosagem com Diflucan podem incluir confus\u00e3o ou pensamentos ou comportamentos incomuns. Se voc\u00ea tiver um deles, ligue para seu m\u00e9dico imediatamente.<br \/>\nArmazenamento<br \/>\nArmazene em temperatura ambiente entre 15 e 25 graus C (59-77 graus F), longe da luz e umidade, de crian\u00e7as e animais de estima\u00e7\u00e3o. N\u00e3o use ap\u00f3s o prazo de validade.<br \/>\nIsen\u00e7\u00e3o de responsabilidade<br \/>\nFornecemos apenas informa\u00e7\u00f5es gerais sobre medicamentos, que n\u00e3o cobrem todas as instru\u00e7\u00f5es, poss\u00edveis intera\u00e7\u00f5es medicamentosas ou precau\u00e7\u00f5es. As informa\u00e7\u00f5es do site n\u00e3o podem ser utilizadas para autotratamento e autodiagn\u00f3stico. Quaisquer instru\u00e7\u00f5es espec\u00edficas para um determinado paciente devem ser acordadas com o seu conselheiro de sa\u00fade ou m\u00e9dico respons\u00e1vel pelo caso. N\u00f3s nos isentamos da confiabilidade desta informa\u00e7\u00e3o e de quaisquer erros que ela possa conter. N\u00e3o somos respons\u00e1veis por quaisquer danos diretos, indiretos, especiais ou outros danos indiretos resultantes de qualquer uso das informa\u00e7\u00f5es deste site e tamb\u00e9m pelas consequ\u00eancias do autotratamento.<\/p>\n","protected":false},"excerpt":{"rendered":"<p>Diflucan Generic \u00e9 um antibi\u00f3tico antif\u00fangico usado contra candid\u00edase de diferentes \u00f3rg\u00e3os, incluindo a \u00e1rea genital.<\/p>\n","protected":false},"featured_media":8623,"comment_status":"open","ping_status":"closed","template":"","meta":[],"product_brand":[],"product_cat":[582],"product_tag":[],"class_list":{"0":"post-8689","1":"product","2":"type-product","3":"status-publish","4":"has-post-thumbnail","6":"product_cat-saude-da-mulher-pt","7":"pa_active_substance-fluconazole","9":"first","10":"instock","11":"shipping-taxable","12":"product-type-variable"},"jetpack_sharing_enabled":true,"_links":{"self":[{"href":"https:\/\/www.pharmacy-content.com\/wp-json\/wp\/v2\/product\/8689","targetHints":{"allow":["GET"]}}],"collection":[{"href":"https:\/\/www.pharmacy-content.com\/wp-json\/wp\/v2\/product"}],"about":[{"href":"https:\/\/www.pharmacy-content.com\/wp-json\/wp\/v2\/types\/product"}],"replies":[{"embeddable":true,"href":"https:\/\/www.pharmacy-content.com\/wp-json\/wp\/v2\/comments?post=8689"}],"wp:featuredmedia":[{"embeddable":true,"href":"https:\/\/www.pharmacy-content.com\/wp-json\/wp\/v2\/media\/8623"}],"wp:attachment":[{"href":"https:\/\/www.pharmacy-content.com\/wp-json\/wp\/v2\/media?parent=8689"}],"wp:term":[{"taxonomy":"product_brand","embeddable":true,"href":"https:\/\/www.pharmacy-content.com\/wp-json\/wp\/v2\/product_brand?post=8689"},{"taxonomy":"product_cat","embeddable":true,"href":"https:\/\/www.pharmacy-content.com\/wp-json\/wp\/v2\/product_cat?post=8689"},{"taxonomy":"product_tag","embeddable":true,"href":"https:\/\/www.pharmacy-content.com\/wp-json\/wp\/v2\/product_tag?post=8689"}],"curies":[{"name":"wp","href":"https:\/\/api.w.org\/{rel}","templated":true}]}}