{"id":8678,"date":"2026-04-22T07:10:31","date_gmt":"2026-04-22T07:10:31","guid":{"rendered":""},"modified":"2026-04-22T07:10:40","modified_gmt":"2026-04-22T07:10:40","slug":"diflucan-6","status":"publish","type":"product","link":"https:\/\/www.pharmacy-content.com\/?product=diflucan-6&lang=pl","title":{"rendered":"Diflucan"},"content":{"rendered":"<p>Powszechne stosowanie<br \/>\nDiklofenak nale\u017cy do klasy niesteroidowych lek\u00f3w przeciwzapalnych (NLPZ). Lek ten stosuje si\u0119 w celu zmniejszenia stanu zapalnego i jako \u015brodek przeciwb\u00f3lowy w celu zmniejszenia b\u00f3lu w stanach takich jak zapalenie staw\u00f3w lub ostre urazy. Mo\u017cna go r\u00f3wnie\u017c stosowa\u0107 w celu z\u0142agodzenia b\u00f3lu menstruacyjnego i bolesnego miesi\u0105czkowania.<br \/>\nDawkowanie i spos\u00f3b stosowania<br \/>\nPrzyjmuj Voltaren doustnie, popijaj\u0105c szklank\u0105 wody, z posi\u0142kiem lub bez. Unikaj krojenia, kruszenia lub \u017cucia tego leku.<br \/>\nNie nale\u017cy stosowa\u0107 leku cz\u0119\u015bciej ni\u017c jest to przepisane. Nie nale\u017cy przerywa\u0107 jego stosowania, chyba \u017ce za rad\u0105 lekarza.<br \/>\nMo\u017ce min\u0105\u0107 troch\u0119 czasu, zanim lek zacznie dzia\u0142a\u0107.<br \/>\nSkonsultuj si\u0119 z lekarzem w sprawie w\u0142a\u015bciwej dla Ciebie dawki.<br \/>\n\u015arodki ostro\u017cno\u015bci<br \/>\nPrzed zastosowaniem leku Voltarol nale\u017cy powiedzie\u0107 lekarzowi lub farmaceucie, je\u015bli je\u015bli masz na niego alergi\u0119 lub masz inn\u0105 alergi\u0119.<br \/>\nVoltaren, podobnie jak inne NLPZ, mo\u017ce hamowa\u0107 wydalanie sodu i litu. Nale\u017cy zachowa\u0107 ostro\u017cno\u015b\u0107 podczas stosowania tego leku razem z suplementami litu.<br \/>\nUnikaj picia alkoholu i palenia podczas leczenia tym lekiem.<br \/>\nOsoby w podesz\u0142ym wieku mog\u0105 by\u0107 bardziej wra\u017cliwe na skutki uboczne leku.<br \/>\nPoinformuj swojego lekarza, je\u015bli cierpisz na chorob\u0119 Parkinsona, chorob\u0119 nerek lub choroby w\u0105troby, wysokie ci\u015bnienie krwi lub je\u015bli jeste\u015b w ci\u0105\u017cy lub karmisz piersi\u0105.<br \/>\nPrzeciwwskazania<br \/>\nVoltarenu nie nale\u017cy stosowa\u0107 u pacjent\u00f3w z nadci\u015bnieniem wra\u017cliwym na s\u00f3d, a tak\u017ce u pacjent\u00f3w, u kt\u00f3rych wyst\u0105pi\u0142a reakcja nadwra\u017cliwo\u015bci na ten lek.<br \/>\nMo\u017cliwe dzia\u0142anie niepo\u017c\u0105dane<br \/>\n najcz\u0119stszymi dzia\u0142aniami niepo\u017c\u0105danymi s\u0105 sucho\u015b\u0107 w ustach, zawroty g\u0142owy, dra\u017cliwo\u015b\u0107, uspokojenie, bezsenno\u015b\u0107, zatrzymanie moczu itp.<br \/>\n Powszechne stosowanie<br \/>\nDiflucan to antybiotyk przeciwgrzybiczy stosowany w leczeniu zaka\u017ce\u0144 grzybiczych zwanych kandydoz\u0105. Lek ten jest przepisywany w leczeniu takich infekcji, jak infekcje pochwy, gard\u0142a i grzybicze, infekcje dr\u00f3g moczowych, zapalenie otrzewnej i zapalenie p\u0142uc. Diflucan dzia\u0142a poprzez zabijanie wra\u017cliwych grzyb\u00f3w poprzez zak\u0142\u00f3canie tworzenia b\u0142ony kom\u00f3rkowej grzyb\u00f3w.<br \/>\nDawkowanie i spos\u00f3b stosowania<br \/>\nPrzyjmowa\u0107 doustnie raz dziennie, z jedzeniem lub bez, za pomoc\u0105 \u0142y\u017cki miarowej. Je\u015bli chcesz uzyska\u0107 najlepszy efekt, za\u017cywaj go codziennie o tej samej porze, popijaj\u0105c pe\u0142n\u0105 szklank\u0105 wody. Diflucan poprawia samopoczucie ju\u017c po 24 godzinach. Jednak objawy ust\u0119puj\u0105 ca\u0142kowicie ju\u017c po kilku dniach. Je\u015bli po kilku dniach stan zdrowia nie ulegnie zmianie, nale\u017cy natychmiast skonsultowa\u0107 si\u0119 z lekarzem.<br \/>\nDawkowanie u doros\u0142ych r\u00f3\u017cni si\u0119 w zale\u017cno\u015bci od rodzaju zaka\u017cenia i obejmuje:<br \/>\n1) Ple\u015bniawki narz\u0105d\u00f3w p\u0142ciowych \u2013 150 mg jednorazowo<br \/>\n2) Ple\u015bniawki b\u0142on \u015bluzowych \u2013 dawka zale\u017cy od umiejscowienia zaka\u017cenia, 50mg raz dziennie przez miesi\u0105c.<br \/>\n3) Grzybice sk\u00f3ry \u2013 50mg raz dziennie przez 2-4 tygodnie;<br \/>\n4) Grzybice wewn\u0119trzne \u2013 400mg pierwszego dnia, nast\u0119pnie 200-400mg raz dziennie przez 6-8 tygodni lub w razie potrzeby d\u0142u\u017cej.<br \/>\n5) Aby zapobiec infekcjom grzybiczym \u2013 50-400 mg raz dziennie, gdy jeste\u015b nara\u017cony na ryzyko infekcji;<br \/>\n6) Aby zapobiec nawrotowi infekcji wywo\u0142anej przez Cryptococcus \u2013 100 -200 mg raz na dob\u0119 przez czas nieokre\u015blony<br \/>\nDawka dla dzieci w wieku od 4 tygodni do 15 lat r\u00f3wnie\u017c r\u00f3\u017cni si\u0119 w zale\u017cno\u015bci od rodzaju zaka\u017cenia i obejmuje:<br \/>\n1) Zaka\u017cenia b\u0142on \u015bluzowych \u2013 3 mg\/kg raz na dob\u0119;<br \/>\n2) Wewn\u0119trzne zaka\u017cenia grzybicze \u2013 6-12 mg\/kg raz dziennie;<br \/>\n3) Zapobieganie infekcjom grzybiczym \u2013 3-12 mg\/kg raz dziennie w przypadku ryzyka infekcji.<br \/>\nDla dzieci w wieku 2-4 tygodni jest to taka sama dawka jak powy\u017cej, ale podawana raz na 2 dni, z maksymalna dawka wynosi 12 mg\/kg co 2 dni.<br \/>\nW przypadku dzieci w wieku poni\u017cej 2 tygodni jest to taka sama dawka jak powy\u017cej, ale podawana raz na 3 dni. Nie podawa\u0107 wi\u0119cej ni\u017c 12 mg\/kg co 3 dni.<br \/>\nUwaga: Niniejsza instrukcja zosta\u0142a przedstawiona tutaj wy\u0142\u0105cznie w celu przegl\u0105du. Przed u\u017cyciem koniecznie skonsultuj si\u0119 z lekarzem. Pomaga uzyska\u0107 najlepsze rezultaty.<br \/>\n\u015arodki ostro\u017cno\u015bci<br \/>\nW przypadku dro\u017cd\u017cakowych infekcji pochwy lekarze zazwyczaj przepisuj\u0105 pojedyncz\u0105 dawk\u0119 leku Diflucan. Je\u015bli infekcja dro\u017cd\u017cakowa nie ust\u0105pi po 5 dniach, nale\u017cy jak najszybciej skontaktowa\u0107 si\u0119 z lekarzem. Zachowaj ostro\u017cno\u015b\u0107 stosuj\u0105c ten lek, je\u015bli w Twojej historii medycznej wyst\u0119puj\u0105 choroby w\u0105troby lub nerek. Chocia\u017c rzadko, lek ten mo\u017ce powodowa\u0107 zawroty g\u0142owy, nale\u017cy zachowa\u0107 wi\u0119ksz\u0105 uwag\u0119 podczas prowadzenia pojazd\u00f3w lub obs\u0142ugiwania maszyn. Ogranicz spo\u017cycie alkoholu. Leku Diflucan nie nale\u017cy stosowa\u0107 w okresie ci\u0105\u017cy, zaj\u015bcia w ci\u0105\u017c\u0119 ani karmienia piersi\u0105 bez porady lekarza. Nie stosowa\u0107 przed karmieniem piersi\u0105 bez porady lekarza.<br \/>\nPrzeciwwskazania<br \/>\nDiflucan nie jest dozwolony u os\u00f3b, u kt\u00f3rych wyst\u0119puje nadwra\u017cliwo\u015b\u0107 na Flukonazol lub inne przeciwgrzybicze preparaty azolowe, np. klotrimazol, ketokonazol, itrakonazol i inne. Ponadto Diflucan jest przeciwwskazany w przypadku:<br \/>\n&#8211; chor\u00f3b nerek i w\u0105troby;<br \/>\n&#8211; chor\u00f3b uk\u0142adu kr\u0105\u017cenia, w tym chor\u00f3b serca (zaburzenia t\u0119tna lub rytmu);<br \/>\n&#8211; niskiego poziomu wapnia, magnezu lub potasu we krwi.<br \/>\nMo\u017cliwe skutki uboczne<br \/>\nMog\u0105 obejmowa\u0107 reakcj\u0119 alergiczn\u0105: pokrzywka; trudno\u015bci w oddychaniu; obrz\u0119k twarzy, warg, j\u0119zyka lub gard\u0142a. Ponadto najbardziej mo\u017cliwe dzia\u0142ania niepo\u017c\u0105dane obejmuj\u0105:<br \/>\n&#8211; Nudno\u015bci, b\u00f3l brzucha, nisk\u0105 gor\u0105czk\u0119, utrat\u0119 apetytu, ciemne zabarwienie moczu, gliniaste stolce, \u017c\u00f3\u0142taczk\u0119 (za\u017c\u00f3\u0142cenie sk\u00f3ry lub oczu);<br \/>\n&#8211; Gor\u0105czka, dreszcze, os\u0142abienie b\u00f3le, objawy grypy;<br \/>\n&#8211; Ci\u0119\u017ckie p\u0119cherze, \u0142uszczenie si\u0119 i czerwona wysypka sk\u00f3rna;<br \/>\n&#8211; \u0141atwe powstawanie siniak\u00f3w lub krwawie\u0144, niezwyk\u0142e os\u0142abienie; lub<br \/>\n&#8211; Napad drgawkowy (drgawki).<br \/>\nMniej powa\u017cne skutki uboczne obejmuj\u0105:<br \/>\n&#8211; \u0141agodne nudno\u015bci, wymioty, biegunk\u0119 lub rozstr\u00f3j \u017co\u0142\u0105dka;<br \/>\n&#8211; B\u00f3l g\u0142owy;<br \/>\n&#8211; Zawroty g\u0142owy;<br \/>\n&#8211; Niezwyk\u0142y lub nieprzyjemny smak w ustach usta; lub<br \/>\n&#8211; Wysypka lub sw\u0119dzenie sk\u00f3ry.<br \/>\nJe\u015bli u pacjenta wyst\u0105pi kt\u00f3rykolwiek z nich, nale\u017cy zaprzesta\u0107 stosowania leku Diflucan i jak najszybciej poinformowa\u0107 lekarza. Nale\u017cy tak\u017ce skonsultowa\u0107 si\u0119 z lekarzem w przypadku wszelkich nietypowych skutk\u00f3w ubocznych.<br \/>\nInterakcje lek\u00f3w<br \/>\nDiflucan wchodzi w interakcje z takimi lekami jak:<br \/>\n&#8211; Leki rozrzedzaj\u0105ce krew, takie jak warfaryna (Coumadin)<br \/>\n&#8211; Cyklosporyna (Gengraf, Sandimmune, Neoral);<br \/>\n&#8211; Doustny lek przeciwcukrzycowy, taki jak glipizyd (Glucotrol), gliburyd (Diabeta, Micronase, Glynase), tolbutamid (Orinase), tolazamid (Tolinaza), chlorpropamid (Diabinese) i inne;<br \/>\n&#8211; Ryfabutyna (Mycobutin) lub ryfampicyna ( Rifadin, Rifater, Rifamate, Rimactane);<br \/>\n&#8211; \u015arodek uspokajaj\u0105cy, taki jak diazepam (Valium), lorazepam (Ativan), alprazolam (Xanax) lub midazolam (Versed);<br \/>\n&#8211; Leki przeciwpadaczkowe, takie jak fenytoina (Dilantin) lub walproin kwas (Depaken);<br \/>\n&#8211; Takrolimus (Prograf);<br \/>\n&#8211; Teofilina (Theo-Dur, Theolair, Theochron, Elixophyllin, Slo-Phyllin, inne).<br \/>\n Nale\u017cy r\u00f3wnie\u017c pami\u0119ta\u0107, \u017ce interakcja mi\u0119dzy dwoma lekami nie zawsze oznacza, \u017ce musisz przesta\u0107 bra\u0107 jeden z nich. Jak zwykle wp\u0142ywa to na dzia\u0142anie lek\u00f3w, dlatego skonsultuj si\u0119 ze swoim lekarzem, w jaki spos\u00f3b nale\u017cy kontrolowa\u0107 lub nale\u017cy post\u0119powa\u0107 z tymi interakcjami.<br \/>\nPomini\u0119ta dawka<br \/>\nJe\u015bli zapomnia\u0142e\u015b przyj\u0105\u0107 dawk\u0119 na czas, zr\u00f3b to jak najszybciej. Nie nale\u017cy go jednak przyjmowa\u0107, je\u015bli jest ju\u017c za p\u00f3\u017ano lub zbli\u017ca si\u0119 pora przyj\u0119cia kolejnej dawki. Nie nale\u017cy stosowa\u0107 dawek podw\u00f3jnych ani dodatkowych. Nast\u0119pnego dnia o tej samej porze nale\u017cy przyj\u0105\u0107 zwyk\u0142\u0105 dawk\u0119.<br \/>\nPrzedawkowanie<br \/>\nObjawy przedawkowania leku Diflucan mog\u0105 obejmowa\u0107 spl\u0105tanie lub niezwyk\u0142e my\u015bli lub zachowanie. Je\u015bli do\u015bwiadczysz jednego z nich, natychmiast skontaktuj si\u0119 z lekarzem.<br \/>\nPrzechowywanie<br \/>\nPrzechowuj w temperaturze pokojowej 15-25 stopni C, z dala od \u015bwiat\u0142a i wilgoci, dzieci i zwierz\u0105t domowych. Nie stosowa\u0107 po up\u0142ywie terminu wa\u017cno\u015bci.<br \/>\nZastrze\u017cenie<br \/>\nPodajemy jedynie og\u00f3lne informacje na temat lek\u00f3w, kt\u00f3re nie obejmuj\u0105 wszystkich wskaz\u00f3wek, mo\u017cliwych interakcji lek\u00f3w ani \u015brodk\u00f3w ostro\u017cno\u015bci. Informacje zawarte na stronie nie mog\u0105 by\u0107 wykorzystywane do samodzielnego leczenia i autodiagnozy. Wszelkie szczeg\u00f3\u0142owe instrukcje dla konkretnego pacjenta nale\u017cy uzgodni\u0107 z doradc\u0105 ds. opieki zdrowotnej lub lekarzem prowadz\u0105cym dany przypadek. Zrzekamy si\u0119 wiarygodno\u015bci tych informacji i wszelkich b\u0142\u0119d\u00f3w, jakie mog\u0105 one zawiera\u0107. Nie ponosimy odpowiedzialno\u015bci za jakiekolwiek bezpo\u015brednie, po\u015brednie, specjalne lub inne po\u015brednie szkody powsta\u0142e w wyniku wykorzystania informacji zawartych na tej stronie, a tak\u017ce za konsekwencje samoleczenia.<\/p>\n","protected":false},"excerpt":{"rendered":"<p>Diflucan Generic jest antybiotykiem przeciwgrzybiczym stosowanym przeciwko kandydozie r\u00f3\u017cnych narz\u0105d\u00f3w, w tym okolicy narz\u0105d\u00f3w p\u0142ciowych.<\/p>\n","protected":false},"featured_media":8623,"comment_status":"open","ping_status":"closed","template":"","meta":[],"product_brand":[],"product_cat":[579],"product_tag":[],"class_list":{"0":"post-8678","1":"product","2":"type-product","3":"status-publish","4":"has-post-thumbnail","6":"product_cat-zdrowie-kobiet-pl","7":"pa_active_substance-fluconazole","9":"first","10":"instock","11":"shipping-taxable","12":"product-type-variable"},"jetpack_sharing_enabled":true,"_links":{"self":[{"href":"https:\/\/www.pharmacy-content.com\/index.php?rest_route=\/wp\/v2\/product\/8678","targetHints":{"allow":["GET"]}}],"collection":[{"href":"https:\/\/www.pharmacy-content.com\/index.php?rest_route=\/wp\/v2\/product"}],"about":[{"href":"https:\/\/www.pharmacy-content.com\/index.php?rest_route=\/wp\/v2\/types\/product"}],"replies":[{"embeddable":true,"href":"https:\/\/www.pharmacy-content.com\/index.php?rest_route=%2Fwp%2Fv2%2Fcomments&post=8678"}],"wp:featuredmedia":[{"embeddable":true,"href":"https:\/\/www.pharmacy-content.com\/index.php?rest_route=\/wp\/v2\/media\/8623"}],"wp:attachment":[{"href":"https:\/\/www.pharmacy-content.com\/index.php?rest_route=%2Fwp%2Fv2%2Fmedia&parent=8678"}],"wp:term":[{"taxonomy":"product_brand","embeddable":true,"href":"https:\/\/www.pharmacy-content.com\/index.php?rest_route=%2Fwp%2Fv2%2Fproduct_brand&post=8678"},{"taxonomy":"product_cat","embeddable":true,"href":"https:\/\/www.pharmacy-content.com\/index.php?rest_route=%2Fwp%2Fv2%2Fproduct_cat&post=8678"},{"taxonomy":"product_tag","embeddable":true,"href":"https:\/\/www.pharmacy-content.com\/index.php?rest_route=%2Fwp%2Fv2%2Fproduct_tag&post=8678"}],"curies":[{"name":"wp","href":"https:\/\/api.w.org\/{rel}","templated":true}]}}