{"id":8616,"date":"2026-04-22T07:10:17","date_gmt":"2026-04-22T07:10:17","guid":{"rendered":""},"modified":"2026-04-22T07:10:19","modified_gmt":"2026-04-22T07:10:19","slug":"orlistat-10","status":"publish","type":"product","link":"https:\/\/www.pharmacy-content.com\/cs\/product\/orlistat-10\/","title":{"rendered":"Orlistat"},"content":{"rendered":"<p>B\u011b\u017en\u00e9 pou\u017eit\u00ed<br \/>\nOrlijohn je inhibitor lip\u00e1zy, kter\u00fd se pou\u017e\u00edv\u00e1 k tomu, aby v\u00e1m pomohl zhubnout a tak\u00e9 zabr\u00e1nit jeho n\u00e1vratu. Orlijohn se p\u0159edepisuje ob\u00e9zn\u00edm jedinc\u016fm a lidem s nadv\u00e1hou, kte\u0159\u00ed maj\u00ed jin\u00e9 zdravotn\u00ed probl\u00e9my, jako je cukrovka, vysok\u00fd krevn\u00ed tlak nebo vysok\u00e1 hladina cholesterolu. Orlijohn blokuje vst\u0159eb\u00e1v\u00e1n\u00ed tuk\u016f z potravy do krevn\u00edho \u0159e\u010di\u0161t\u011b t\u00edm, \u017ee sni\u017euje po\u010det kalori\u00ed, kter\u00e9 z\u00edsk\u00e1te z j\u00eddla. M\u016f\u017eete pou\u017e\u00edt Orlijohn spole\u010dn\u011b s dietou a cvi\u010den\u00edm, abyste z\u00edskali v\u00edce v\u00fdhod. Tak\u00e9 si uv\u011bdomte, \u017ee pokud budete l\u00e9k u\u017e\u00edvat, budete m\u00edt v\u00fdsledky.<br \/>\nD\u00e1vkov\u00e1n\u00ed a sm\u011br<br \/>\nP\u0159ed pou\u017eit\u00edm se pora\u010fte se sv\u00fdm l\u00e9ka\u0159em. Nepou\u017e\u00edvejte v\u00edce, ne\u017e bylo p\u0159edeps\u00e1no. U\u017e\u00edvejte peror\u00e1ln\u011b, obvykle t\u0159ikr\u00e1t denn\u011b b\u011bhem (nebo a\u017e jednu hodinu po) ka\u017ed\u00e9ho hlavn\u00edho j\u00eddla, kter\u00e9 obsahuje tuk. M\u011bli byste u\u017e\u00edvat multivitaminov\u00fd dopln\u011bk v\u010detn\u011b vitam\u00edn\u016f A, D, E a K, abyste zajistili dobr\u00fd p\u0159\u00edsun. P\u0159\u00eddavek by se m\u011bl u\u017e\u00edt alespo\u0148 dv\u011b hodiny p\u0159ed nebo po u\u017eit\u00ed tohoto l\u00e9ku, nap\u0159\u00edklad p\u0159ed span\u00edm.<br \/>\nDoporu\u010den\u00e1 d\u00e1vka pro dosp\u011bl\u00e9 a d\u011bti do 12 let je jedna 120miligramov\u00e1 tobolka 3kr\u00e1t denn\u011b.<br \/>\nPozn\u00e1mka: tento n\u00e1vod zde uvedeno pouze pro recenzi. P\u0159ed pou\u017eit\u00edm je velmi nutn\u00e9 se poradit se sv\u00fdm l\u00e9ka\u0159em. Pom\u016f\u017ee v\u00e1m dos\u00e1hnout nejlep\u0161\u00edch v\u00fdsledk\u016f.<br \/>\nOpat\u0159en\u00ed<br \/>\nNeu\u017e\u00edvejte tento l\u00e9k bez rady l\u00e9ka\u0159e, pokud m\u00e1te chronick\u00fd malabsorp\u010dn\u00ed syndrom nebo probl\u00e9my se \u017elu\u010dn\u00edkem. Nepou\u017e\u00edvejte Orlijohn, pokud va\u0161e anamn\u00e9za zahrnuje ledvinov\u00e9 kameny, trp\u00edte anorexi\u00ed nebo bulimi\u00ed, m\u00e1te cukrovku, u\u017e\u00edv\u00e1te cyklosporin nebo u\u017e\u00edv\u00e1te jak\u00fdkoli jin\u00fd l\u00e9k na hubnut\u00ed. Hubnut\u00ed za\u010d\u00edn\u00e1 do dvou t\u00fddn\u016f a pokra\u010duje roky. \u00da\u010dinek u\u017e\u00edv\u00e1n\u00ed p\u0159\u00edpravku Orlijohn d\u00e9le ne\u017e 2 roky je st\u00e1le nezn\u00e1m\u00fd. Pokud m\u00e1te cukrovku, \u00fabytek hmotnosti pravd\u011bpodobn\u011b povede ke sn\u00ed\u017een\u00ed hladiny cukru v krvi. Pokud u\u017e\u00edv\u00e1te peror\u00e1ln\u00ed l\u00e9k na cukrovku nebo inzul\u00edn, pora\u010fte se se sv\u00fdm l\u00e9ka\u0159em o d\u00e1vkov\u00e1n\u00ed p\u0159\u00edpravku Orlijohn. Orlijohn by nem\u011bl b\u00fdt u\u017e\u00edv\u00e1n b\u011bhem t\u011bhotenstv\u00ed, ot\u011bhotn\u011bn\u00ed nebo laktace. Neu\u017e\u00edvejte p\u0159ed kojen\u00edm bez souhlasu l\u00e9ka\u0159e.<br \/>\nKontraindikace<br \/>\nOrlijohn je kontraindikov\u00e1n p\u0159i:<br \/>\nSlabsorpci<br \/>\nSn\u00ed\u017een\u00e9 funkci \u017elu\u010dn\u00edku (nap\u0159. po cholecystektomii)<br \/>\nT\u011bhotenstv\u00ed a kojen\u00ed<br \/>\nN\u011bkter\u00e9 probl\u00e9my s ledvinami<br \/>\nUpozor\u0148ujeme, \u017ee bezpe\u010dnost p\u0159\u00edpravku Orelijoffhn star\u0161\u00ed 12 let nebyly stanoveny.<br \/>\nMo\u017en\u00e9 vedlej\u0161\u00ed \u00fa\u010dinky<br \/>\nM\u016f\u017eou zahrnovat v\u0161echny typy alergick\u00e9 reakce. Okam\u017eit\u011b p\u0159esta\u0148te p\u0159\u00edpravek Orlijohn u\u017e\u00edvat, pokud m\u00e1te silnou bolest v horn\u00ed \u010d\u00e1sti b\u0159icha \u0161\u00ed\u0159\u00edc\u00ed se do zad, nevolnost a zvracen\u00ed a rychl\u00fd srde\u010dn\u00ed tep. Mezi nej\u010dast\u011bj\u0161\u00ed vedlej\u0161\u00ed \u00fa\u010dinky pat\u0159\u00ed tak\u00e9:<br \/>\n mastn\u00e9 skvrny ve spodn\u00edm pr\u00e1dle;<br \/>\n mastn\u00e1 nebo tukov\u00e1 stolice;<br \/>\n oran\u017eov\u00fd nebo hn\u011bd\u00fd olej ve stolici;<br \/>\n plynatost s v\u00fdtokem, mastn\u00fd v\u00fdtok;<br \/>\n \u0159\u00eddk\u00e1 stolice nebo nal\u00e9hav\u00e1 pot\u0159eba j\u00edt na z\u00e1chod, neschopnost kontrolovat pohyby st\u0159ev;<br \/>\n zv\u00fd\u0161en\u00fd po\u010det stolic;<br \/>\nbolesti \u017ealudku, nevolnost, zvracen\u00ed, pr\u016fjem, bolesti kone\u010dn\u00edku;<br \/>\nztr\u00e1ta chuti k j\u00eddlu, slabost, stolice zbarven\u00e1 j\u00edlem, tma mo\u010d, sv\u011bd\u011bn\u00ed nebo \u017eloutenka.<br \/>\nMen\u011b z\u00e1va\u017en\u00e9 zahrnuj\u00ed:<br \/>\nprobl\u00e9my se zuby nebo d\u00e1sn\u011bmi;<br \/>\np\u0159\u00edznaky nachlazen\u00ed, jako je ucpan\u00fd nos, k\u00fdch\u00e1n\u00ed, ka\u0161el;<br \/>\nhore\u010dka, zimnice, bolest v krku, p\u0159\u00edznaky ch\u0159ipky;<br \/>\nbolesti hlavy, zad;<br \/>\n m\u00edrn\u00e1 ko\u017en\u00ed vyr\u00e1\u017eka.<br \/>\nPokud zaznamen\u00e1te jeden z nich, p\u0159esta\u0148te Orlijohn pou\u017e\u00edvat a co nejd\u0159\u00edve to sd\u011blte sv\u00e9mu l\u00e9ka\u0159i. Tak\u00e9 se pora\u010fte se sv\u00fdm l\u00e9ka\u0159em o jak\u00fdchkoli ne\u017e\u00e1douc\u00edch \u00fa\u010dinc\u00edch, kter\u00e9 se zdaj\u00ed b\u00fdt neobvykl\u00e9.<br \/>\nL\u00e9kov\u00e9 interakce<br \/>\nOrlijohn interaguje s n\u00e1sleduj\u00edc\u00edmi l\u00e9ky: Cyklosporin a Warfarin. V\u0161imn\u011bte si tak\u00e9, \u017ee interakce mezi dv\u011bma l\u00e9ky nemus\u00ed v\u017edy znamenat, \u017ee mus\u00edte jeden z nich p\u0159estat u\u017e\u00edvat. Jako obvykle to ovliv\u0148uje \u00fa\u010dinek l\u00e9k\u016f, proto se pora\u010fte se sv\u00fdm l\u00e9ka\u0159em o tom, jak jsou nebo by m\u011bly b\u00fdt \u0159\u00edzeny jeho interakce.<br \/>\nVynechan\u00e1 d\u00e1vka<br \/>\nPokud jste zapomn\u011bli u\u017e\u00edt d\u00e1vku v\u010das, ud\u011blejte to pros\u00edm, jakmile si vzpomenete. Ale neu\u017e\u00edvejte, pokud je p\u0159\u00edli\u0161 pozd\u011b nebo je t\u00e9m\u011b\u0159 \u010das na dal\u0161\u00ed d\u00e1vku. Nezvy\u0161ujte doporu\u010denou d\u00e1vku. U\u017eijte svou obvyklou d\u00e1vku n\u00e1sleduj\u00edc\u00ed den ve stejnou pravidelnou dobu.<br \/>\nP\u0159ed\u00e1vkov\u00e1n\u00ed<br \/>\nP\u0159\u00edznaky p\u0159ed\u00e1vkov\u00e1n\u00ed p\u0159\u00edpravkem Orlijohn nejsou zn\u00e1my. Pokud v\u0161ak zaznamen\u00e1te n\u011bkter\u00fd z neobvykl\u00fdch p\u0159\u00edznak\u016f, okam\u017eit\u011b zavolejte sv\u00e9ho l\u00e9ka\u0159e.<br \/>\nSkladujte<br \/>\nSkladujte p\u0159i pokojov\u00e9 teplot\u011b 20-25 C (68-77 F).<br \/>\nOdm\u00edtnut\u00ed odpov\u011bdnosti<br \/>\nPoskytujeme pouze obecn\u00e9 informace o l\u00e9c\u00edch, kter\u00e9 nepokr\u00fdvaj\u00ed v\u0161echny sm\u011bry, mo\u017en\u00e9 integrace l\u00e9k\u016f nebo preventivn\u00ed opat\u0159en\u00ed. Informace na m\u00edst\u011b nelze pou\u017e\u00edt pro samol\u00e9\u010dbu a autodiagnostiku. Jak\u00e9koli specifick\u00e9 pokyny pro konkr\u00e9tn\u00edho pacienta by m\u011bly b\u00fdt dohodnuty se sv\u00fdm zdravotn\u00edm poradcem nebo l\u00e9ka\u0159em, kter\u00fd m\u00e1 na starosti dan\u00fd p\u0159\u00edpad. Odm\u00edt\u00e1me spolehlivost t\u011bchto informac\u00ed a chyby, kter\u00e9 by mohly obsahovat. Nejsme zodpov\u011bdn\u00ed za \u017e\u00e1dn\u00e9 p\u0159\u00edm\u00e9, nep\u0159\u00edm\u00e9, zvl\u00e1\u0161tn\u00ed nebo jin\u00e9 nep\u0159\u00edm\u00e9 \u0161kody v d\u016fsledku jak\u00e9hokoli pou\u017eit\u00ed informac\u00ed na t\u011bchto str\u00e1nk\u00e1ch a tak\u00e9 za n\u00e1sledky samol\u00e9\u010dby.<\/p>\n","protected":false},"excerpt":{"rendered":"<p>Orlijohn Generic je inhibitor lip\u00e1zy, kter\u00fd se pou\u017e\u00edv\u00e1 k tomu, aby v\u00e1m pomohl zhubnout a tak\u00e9 zabr\u00e1nit n\u00e1vratu.<\/p>\n","protected":false},"featured_media":8562,"comment_status":"open","ping_status":"closed","template":"","meta":[],"product_brand":[],"product_cat":[561],"product_tag":[],"class_list":{"0":"post-8616","1":"product","2":"type-product","3":"status-publish","4":"has-post-thumbnail","6":"product_cat-hubnuti-cs","7":"pa_active_substance-orlistat","9":"first","10":"instock","11":"shipping-taxable","12":"product-type-variable"},"jetpack_sharing_enabled":true,"_links":{"self":[{"href":"https:\/\/www.pharmacy-content.com\/wp-json\/wp\/v2\/product\/8616","targetHints":{"allow":["GET"]}}],"collection":[{"href":"https:\/\/www.pharmacy-content.com\/wp-json\/wp\/v2\/product"}],"about":[{"href":"https:\/\/www.pharmacy-content.com\/wp-json\/wp\/v2\/types\/product"}],"replies":[{"embeddable":true,"href":"https:\/\/www.pharmacy-content.com\/wp-json\/wp\/v2\/comments?post=8616"}],"wp:featuredmedia":[{"embeddable":true,"href":"https:\/\/www.pharmacy-content.com\/wp-json\/wp\/v2\/media\/8562"}],"wp:attachment":[{"href":"https:\/\/www.pharmacy-content.com\/wp-json\/wp\/v2\/media?parent=8616"}],"wp:term":[{"taxonomy":"product_brand","embeddable":true,"href":"https:\/\/www.pharmacy-content.com\/wp-json\/wp\/v2\/product_brand?post=8616"},{"taxonomy":"product_cat","embeddable":true,"href":"https:\/\/www.pharmacy-content.com\/wp-json\/wp\/v2\/product_cat?post=8616"},{"taxonomy":"product_tag","embeddable":true,"href":"https:\/\/www.pharmacy-content.com\/wp-json\/wp\/v2\/product_tag?post=8616"}],"curies":[{"name":"wp","href":"https:\/\/api.w.org\/{rel}","templated":true}]}}