{"id":8531,"date":"2026-04-22T07:09:55","date_gmt":"2026-04-22T07:09:55","guid":{"rendered":""},"modified":"2026-04-22T07:10:01","modified_gmt":"2026-04-22T07:10:01","slug":"baclofen-8","status":"publish","type":"product","link":"https:\/\/www.pharmacy-content.com\/?product=baclofen-8&lang=sv","title":{"rendered":"Baclofen"},"content":{"rendered":"<p>Vanlig anv\u00e4ndning<br \/>\nBaklofen anv\u00e4nds f\u00f6r att behandla spasmer i skelettmuskler, muskelklonus, kramp i muskler, stelhet, ryggm\u00e4rgsskada och sm\u00e4rta orsakad av sjukdomar som multipel skleros. Baklofen verkar genom att slappna av skelettmusklerna, musklerna som r\u00f6r skelettet (och kallas \u00e4ven tv\u00e4rstrimmiga muskler).<br \/>\nDosering och riktning<br \/>\nTa Baklofen exakt som det ordinerats av din l\u00e4kare. Ta inte medicinen i st\u00f6rre doser eller ta den under l\u00e5ng tid. Ta detta l\u00e4kemedel genom munnen med en drink vatten. Sv\u00e4lj det. Den vanliga initiala dosen av Baklofen f\u00f6r vuxna \u00e4r 5 mg tre g\u00e5nger dagligen. Dosen kan \u00f6kas med 15 mg var tredje dag till maximalt 80 mg\/dag i uppdelade doser.<br \/>\nF\u00f6rsiktighets\u00e5tg\u00e4rder<br \/>\nDin l\u00e4kare beh\u00f6ver k\u00e4nna till din sjukdomshistoria, s\u00e4rskilt om njursjukdom, diabetes, kramper, stroke, en ovanlig eller allergisk sjukdom reaktion p\u00e5 baklofen, andra l\u00e4kemedel, livsmedel, f\u00e4rg\u00e4mnen eller konserveringsmedel. Du b\u00f6r tala om f\u00f6r din l\u00e4kare om du \u00e4r gravid eller f\u00f6rs\u00f6ker bli gravid och om du ammar. Om du pl\u00f6tsligt slutar ta din medicin kan du utveckla en allvarlig reaktion. Dosen kommer l\u00e5ngsamt att s\u00e4nkas \u00f6ver tiden f\u00f6r att undvika biverkningar, och din l\u00e4kare m\u00e5ste kontrollera denna process. F\u00f6lj din l\u00e4kares r\u00e5d. Du kan bli d\u00e5sig eller yr n\u00e4r du f\u00f6rst b\u00f6rjar ta l\u00e4kemedlet eller \u00e4ndrar doser. Du b\u00f6r st\u00e5 eller sitta upp l\u00e5ngsamt. K\u00f6r inte bil, anv\u00e4nd inte maskiner eller g\u00f6r n\u00e5got som kan beh\u00f6va din uppm\u00e4rksamhet och som kan vara farligt. Sluta med den h\u00e4r typen av aktivitet tills du vet hur l\u00e4kemedlet p\u00e5verkar dig.<br \/>\nKontraindikationer<br \/>\nPatienter med allergi mot baklofen ska inte ta det. Innan du tar Baclosign, ber\u00e4tta f\u00f6r din l\u00e4kare om din allergi mot andra l\u00e4kemedel. Dessutom, om du har njursjukdom, epilepsi eller annan anfallssjukdom, eller en historia av stroke eller blodproppar, m\u00e5ste du diskutera det med din l\u00e4kare, och det \u00e4r m\u00f6jligt att du inte kommer att ta detta l\u00e4kemedel.<br \/>\nM\u00f6jliga biverkningar<br \/>\nDet finns \u00e4r en lista \u00f6ver biverkningar som du omedelbart b\u00f6r informera din l\u00e4kare eller sjukv\u00e5rdspersonal om. Det inkluderar allergiska reaktioner som hudutslag, kl\u00e5da eller n\u00e4sselfeber, svullnad av ansikte, l\u00e4ppar eller tunga, br\u00f6stsm\u00e4rtor, f\u00f6rstoppning, l\u00e5gt blodtryck, hallucinationer, kr\u00e4kningar, andningsdepression, of\u00f6rm\u00e5ga att sova och \u00f6kad urinretention, beslag. Det finns ocks\u00e5 en annan lista \u00f6ver biverkningar som vanligtvis inte kr\u00e4ver l\u00e4karv\u00e5rd, men du b\u00f6r tala om f\u00f6r din l\u00e4kare eller sjukv\u00e5rdspersonal om de forts\u00e4tter eller \u00e4r besv\u00e4rande. Det inkluderar f\u00f6rvirring.<br \/>\nL\u00e4kemedelsinteraktioner<br \/>\nBaklofen kan interagera med n\u00e4sta mediciner och produkter som alkohol, antihistaminer, mediciner mot depression, \u00e5ngest och andra psykiska tillst\u00e5nd, mediciner mot sm\u00e4rta som kodein, oxikodon, tramadol och propoxifen, mediciner f\u00f6r s\u00f6mn. , fenobarbital. Anv\u00e4ndning av Baklofen med andra l\u00e4kemedel kan leda till en ytterligare minskning av hj\u00e4rnans funktion. Till exempel kan anv\u00e4ndning av baklofen och tricykliska antidepressiva l\u00e4kemedel orsaka muskelsvaghet; anv\u00e4ndningen av baklofen och monoaminoxidash\u00e4mmare kan resultera i st\u00f6rre depression av hj\u00e4rnans funktion samt l\u00e5gt blodtryck.<br \/>\nMissad dos<br \/>\nOm du missar en dos, ta den s\u00e5 snart du kan. Om det n\u00e4stan \u00e4r dags f\u00f6r din n\u00e4sta dos, ta bara den dosen. Ta inte dubbla eller extra doser.<br \/>\n\u00d6verdosering<br \/>\nOm du tror att du har tagit f\u00f6r mycket av detta l\u00e4kemedel ska du omedelbart kontakta en giftcentral eller akutmottagning.<br \/>\nF\u00f6rvaring<br \/>\nF\u00f6rvaras i rumstemperatur mellan 15 och 30 grader C (59) och 86 grader F). F\u00f6rvara beh\u00e5llaren v\u00e4l tillsluten och utom r\u00e4ckh\u00e5ll f\u00f6r barn.<br \/>\nAnsvarsfriskrivning<br \/>\nVi tillhandah\u00e5ller endast allm\u00e4n information om mediciner, som inte t\u00e4cker alla riktningar, m\u00f6jliga l\u00e4kemedelsinteraktioner eller f\u00f6rsiktighets\u00e5tg\u00e4rder. Information p\u00e5 sidan kan inte anv\u00e4ndas f\u00f6r sj\u00e4lvbehandling och sj\u00e4lvdiagnos. Alla specifika instruktioner f\u00f6r en viss patient b\u00f6r \u00f6verenskommas med din v\u00e5rdr\u00e5dgivare eller l\u00e4kare som \u00e4r ansvarig f\u00f6r \u00e4rendet. Vi fr\u00e5ns\u00e4ger oss tillf\u00f6rlitligheten av denna information och eventuella misstag den kan inneh\u00e5lla. Vi \u00e4r inte ansvariga f\u00f6r n\u00e5gra direkta, indirekta, speciella eller andra indirekta skador till f\u00f6ljd av n\u00e5gon anv\u00e4ndning av informationen p\u00e5 denna webbplats, och \u00e4ven f\u00f6r konsekvenser av egenbehandling.<\/p>\n","protected":false},"excerpt":{"rendered":"<p>Baklofen Generisk anv\u00e4nds f\u00f6r att behandla spasmer i skelettmuskler, muskelklonus, kramp i muskler, stelhet, ryggm\u00e4rgsskada och sm\u00e4rta orsakad av sjukdomar som multipel skleros.<\/p>\n","protected":false},"featured_media":8461,"comment_status":"open","ping_status":"closed","template":"","meta":[],"product_brand":[],"product_cat":[525],"product_tag":[],"class_list":{"0":"post-8531","1":"product","2":"type-product","3":"status-publish","4":"has-post-thumbnail","6":"product_cat-smartlindring-sv","7":"pa_active_substance-baclofen","9":"first","10":"instock","11":"shipping-taxable","12":"product-type-variable"},"jetpack_sharing_enabled":true,"_links":{"self":[{"href":"https:\/\/www.pharmacy-content.com\/index.php?rest_route=\/wp\/v2\/product\/8531","targetHints":{"allow":["GET"]}}],"collection":[{"href":"https:\/\/www.pharmacy-content.com\/index.php?rest_route=\/wp\/v2\/product"}],"about":[{"href":"https:\/\/www.pharmacy-content.com\/index.php?rest_route=\/wp\/v2\/types\/product"}],"replies":[{"embeddable":true,"href":"https:\/\/www.pharmacy-content.com\/index.php?rest_route=%2Fwp%2Fv2%2Fcomments&post=8531"}],"wp:featuredmedia":[{"embeddable":true,"href":"https:\/\/www.pharmacy-content.com\/index.php?rest_route=\/wp\/v2\/media\/8461"}],"wp:attachment":[{"href":"https:\/\/www.pharmacy-content.com\/index.php?rest_route=%2Fwp%2Fv2%2Fmedia&parent=8531"}],"wp:term":[{"taxonomy":"product_brand","embeddable":true,"href":"https:\/\/www.pharmacy-content.com\/index.php?rest_route=%2Fwp%2Fv2%2Fproduct_brand&post=8531"},{"taxonomy":"product_cat","embeddable":true,"href":"https:\/\/www.pharmacy-content.com\/index.php?rest_route=%2Fwp%2Fv2%2Fproduct_cat&post=8531"},{"taxonomy":"product_tag","embeddable":true,"href":"https:\/\/www.pharmacy-content.com\/index.php?rest_route=%2Fwp%2Fv2%2Fproduct_tag&post=8531"}],"curies":[{"name":"wp","href":"https:\/\/api.w.org\/{rel}","templated":true}]}}