{"id":8511,"date":"2026-04-22T07:09:52","date_gmt":"2026-04-22T07:09:52","guid":{"rendered":""},"modified":"2026-04-22T07:10:01","modified_gmt":"2026-04-22T07:10:01","slug":"baclofen-6","status":"publish","type":"product","link":"https:\/\/www.pharmacy-content.com\/?product=baclofen-6&lang=pl","title":{"rendered":"Baclofen"},"content":{"rendered":"<p>Powszechne zastosowanie<br \/>\nBaklofen stosuje si\u0119 w leczeniu skurcz\u00f3w mi\u0119\u015bni szkieletowych, klonus\u00f3w mi\u0119\u015bni, skurcz\u00f3w mi\u0119\u015bni, sztywno\u015bci, uszkodze\u0144 rdzenia kr\u0119gowego i b\u00f3lu spowodowanego chorobami takimi jak stwardnienie rozsiane. Baklofen dzia\u0142a poprzez rozlu\u017anienie mi\u0119\u015bni szkieletowych, mi\u0119\u015bni poruszaj\u0105cych szkielet (zwanych r\u00f3wnie\u017c mi\u0119\u015bniami pr\u0105\u017ckowanymi).<br \/>\nDawkowanie i spos\u00f3b stosowania<br \/>\nPrzyjmuj Baclosign dok\u0142adnie zgodnie z zaleceniami lekarza. Nie nale\u017cy przyjmowa\u0107 leku w wi\u0119kszych dawkach ani przyjmowa\u0107 go przez d\u0142u\u017cszy czas. Lek nale\u017cy przyjmowa\u0107 doustnie, popijaj\u0105c wod\u0105. Po\u0142knij to. Zazwyczaj stosowana dawka pocz\u0105tkowa leku Baclosign u doros\u0142ych wynosi 5 mg, podawana trzy razy na dob\u0119. Dawk\u0119 mo\u017cna zwi\u0119ksza\u0107 o 15 mg co trzy dni do maksymalnie 80 mg\/dob\u0119 w dawkach podzielonych.<br \/>\n\u015arodki ostro\u017cno\u015bci<br \/>\nLekarz musi zna\u0107 histori\u0119 choroby, zw\u0142aszcza dotycz\u0105c\u0105 chor\u00f3b nerek, cukrzycy, drgawek, udaru, choroby nietypowej lub alergicznej reakcja na baklofen, inne leki, \u017cywno\u015b\u0107, barwniki lub konserwanty. Nale\u017cy powiedzie\u0107 lekarzowi, je\u015bli pacjentka jest w ci\u0105\u017cy lub stara si\u0119 zaj\u015b\u0107 w ci\u0105\u017c\u0119 oraz karmi piersi\u0105. W przypadku nag\u0142ego przerwania stosowania leku mo\u017ce wyst\u0105pi\u0107 ci\u0119\u017cka reakcja. Dawka b\u0119dzie stopniowo zmniejszana, aby unikn\u0105\u0107 dzia\u0142a\u0144 niepo\u017c\u0105danych, a lekarz musi kontrolowa\u0107 ten proces. Post\u0119puj zgodnie z rad\u0105 swojego lekarza. Na pocz\u0105tku stosowania leku lub po zmianie dawki mo\u017ce wyst\u0105pi\u0107 senno\u015b\u0107 lub zawroty g\u0142owy. Powiniene\u015b powoli wsta\u0107 lub usi\u0105\u015b\u0107. Nie nale\u017cy prowadzi\u0107 pojazd\u00f3w, obs\u0142ugiwa\u0107 maszyn ani wykonywa\u0107 innych czynno\u015bci, kt\u00f3re wymagaj\u0105 Twojej uwagi i mog\u0105 by\u0107 niebezpieczne. Zaprzesta\u0144 tego rodzaju aktywno\u015bci, dop\u00f3ki nie b\u0119dziesz wiedzia\u0142, jak lek na ciebie dzia\u0142a.<br \/>\nPrzeciwwskazania<br \/>\nNie powinni go przyjmowa\u0107 pacjenci z alergi\u0105 na baklofen. Przed zastosowaniem leku Baclosign nale\u017cy powiedzie\u0107 lekarzowi o alergii na inne leki. Ponadto, je\u015bli cierpisz na chorob\u0119 nerek, epilepsj\u0119 lub inne zaburzenie napadowe, lub mia\u0142e\u015b w przesz\u0142o\u015bci udar lub zakrzepy krwi, musisz om\u00f3wi\u0107 to ze swoim lekarzem, poniewa\u017c istnieje mo\u017cliwo\u015b\u0107, \u017ce nie b\u0119dziesz przyjmowa\u0107 tego leku.<br \/>\nMo\u017cliwe skutki uboczne<br \/>\nIstniej\u0105 to lista dzia\u0142a\u0144 niepo\u017c\u0105danych, o kt\u00f3rych nale\u017cy natychmiast poinformowa\u0107 lekarza lub pracownika s\u0142u\u017cby zdrowia. Obejmuje reakcje alergiczne, takie jak wysypka sk\u00f3rna, sw\u0119dzenie lub pokrzywka, obrz\u0119k twarzy, warg lub j\u0119zyka, b\u00f3l w klatce piersiowej, zaparcia, niskie ci\u015bnienie krwi, omamy, wymioty, depresja oddechowa, bezsenno\u015b\u0107 oraz zwi\u0119kszona cz\u0119sto\u015b\u0107 oddawania moczu lub zatrzymanie moczu, napad. Istnieje r\u00f3wnie\u017c inna lista dzia\u0142a\u0144 niepo\u017c\u0105danych, kt\u00f3re zwykle nie wymagaj\u0105 pomocy lekarskiej, ale je\u015bli utrzymuj\u0105 si\u0119 lub s\u0105 uci\u0105\u017cliwe, nale\u017cy powiedzie\u0107 o tym lekarzowi lub pracownikowi s\u0142u\u017cby zdrowia. Obejmuje to dezorientacj\u0119.<br \/>\nInterakcje lek\u00f3w<br \/>\nBaklofen mo\u017ce wchodzi\u0107 w interakcje z nast\u0119puj\u0105cymi lekami i produktami, takimi jak alkohol, leki przeciwhistaminowe, leki na depresj\u0119, stany l\u0119kowe i inne zaburzenia psychiczne, leki przeciwb\u00f3lowe, takie jak kodeina, oksykodon, tramadol i propoksyfen, leki na sen , fenobarbital. Stosowanie Baclosignu z innymi lekami mo\u017ce prowadzi\u0107 do dodatkowego pogorszenia funkcji m\u00f3zgu. Na przyk\u0142ad jednoczesne stosowanie baklofenu i tr\u00f3jpier\u015bcieniowych lek\u00f3w przeciwdepresyjnych mo\u017ce powodowa\u0107 os\u0142abienie mi\u0119\u015bni; stosowanie baklofenu i inhibitor\u00f3w monoaminooksydazy mo\u017ce skutkowa\u0107 wi\u0119kszym os\u0142abieniem funkcji m\u00f3zgu, a tak\u017ce niskim ci\u015bnieniem krwi.<br \/>\nPomini\u0119ta dawka<br \/>\nW przypadku pomini\u0119cia dawki nale\u017cy przyj\u0105\u0107 j\u0105 tak szybko, jak to mo\u017cliwe. Je\u017celi zbli\u017ca si\u0119 pora przyj\u0119cia kolejnej dawki, nale\u017cy przyj\u0105\u0107 tylko t\u0119 dawk\u0119. Nie nale\u017cy stosowa\u0107 dawek podw\u00f3jnych ani dodatkowych.<br \/>\nPrzedawkowanie<br \/>\nJe\u015bli uwa\u017casz, \u017ce za\u017cy\u0142e\u015b za du\u017co tego leku, powiniene\u015b natychmiast skontaktowa\u0107 si\u0119 z o\u015brodkiem zatru\u0107 lub pogotowiem.<br \/>\nPrzechowywanie<br \/>\nPrzechowywa\u0107 w temperaturze pokojowej od 15 do 30 stopni C (59 i 86 stopni F). Przechowuj pojemnik szczelnie zamkni\u0119ty i poza zasi\u0119giem dzieci.<br \/>\nZastrze\u017cenie<br \/>\nPodajemy jedynie og\u00f3lne informacje na temat lek\u00f3w, kt\u00f3re nie obejmuj\u0105 wszystkich wskaz\u00f3wek, mo\u017cliwych interakcji lek\u00f3w ani \u015brodk\u00f3w ostro\u017cno\u015bci. Informacje zawarte na stronie nie mog\u0105 by\u0107 wykorzystywane do samodzielnego leczenia i autodiagnozy. Wszelkie szczeg\u00f3\u0142owe instrukcje dla konkretnego pacjenta nale\u017cy uzgodni\u0107 z doradc\u0105 ds. opieki zdrowotnej lub lekarzem prowadz\u0105cym dany przypadek. Zrzekamy si\u0119 wiarygodno\u015bci tych informacji i wszelkich b\u0142\u0119d\u00f3w, jakie mog\u0105 one zawiera\u0107. Nie ponosimy odpowiedzialno\u015bci za jakiekolwiek bezpo\u015brednie, po\u015brednie, szczeg\u00f3lne lub inne po\u015brednie szkody powsta\u0142e w wyniku wykorzystania informacji zawartych na tej stronie, a tak\u017ce za konsekwencje samoleczenia.<\/p>\n","protected":false},"excerpt":{"rendered":"<p>Baklofen Generyczny stosuje si\u0119 w leczeniu skurcz\u00f3w mi\u0119\u015bni szkieletowych, klonus\u00f3w mi\u0119\u015bni, skurcz\u00f3w mi\u0119\u015bni, sztywno\u015bci, uszkodze\u0144 rdzenia kr\u0119gowego i b\u00f3lu spowodowanego chorobami takimi jak stwardnienie rozsiane.<\/p>\n","protected":false},"featured_media":8461,"comment_status":"open","ping_status":"closed","template":"","meta":[],"product_brand":[],"product_cat":[519],"product_tag":[],"class_list":{"0":"post-8511","1":"product","2":"type-product","3":"status-publish","4":"has-post-thumbnail","6":"product_cat-zlagodzenie-bolu-pl","7":"pa_active_substance-baclofen","9":"first","10":"instock","11":"shipping-taxable","12":"product-type-variable"},"jetpack_sharing_enabled":true,"_links":{"self":[{"href":"https:\/\/www.pharmacy-content.com\/index.php?rest_route=\/wp\/v2\/product\/8511","targetHints":{"allow":["GET"]}}],"collection":[{"href":"https:\/\/www.pharmacy-content.com\/index.php?rest_route=\/wp\/v2\/product"}],"about":[{"href":"https:\/\/www.pharmacy-content.com\/index.php?rest_route=\/wp\/v2\/types\/product"}],"replies":[{"embeddable":true,"href":"https:\/\/www.pharmacy-content.com\/index.php?rest_route=%2Fwp%2Fv2%2Fcomments&post=8511"}],"wp:featuredmedia":[{"embeddable":true,"href":"https:\/\/www.pharmacy-content.com\/index.php?rest_route=\/wp\/v2\/media\/8461"}],"wp:attachment":[{"href":"https:\/\/www.pharmacy-content.com\/index.php?rest_route=%2Fwp%2Fv2%2Fmedia&parent=8511"}],"wp:term":[{"taxonomy":"product_brand","embeddable":true,"href":"https:\/\/www.pharmacy-content.com\/index.php?rest_route=%2Fwp%2Fv2%2Fproduct_brand&post=8511"},{"taxonomy":"product_cat","embeddable":true,"href":"https:\/\/www.pharmacy-content.com\/index.php?rest_route=%2Fwp%2Fv2%2Fproduct_cat&post=8511"},{"taxonomy":"product_tag","embeddable":true,"href":"https:\/\/www.pharmacy-content.com\/index.php?rest_route=%2Fwp%2Fv2%2Fproduct_tag&post=8511"}],"curies":[{"name":"wp","href":"https:\/\/api.w.org\/{rel}","templated":true}]}}