{"id":8481,"date":"2026-04-22T07:09:48","date_gmt":"2026-04-22T07:09:48","guid":{"rendered":""},"modified":"2026-04-22T07:10:01","modified_gmt":"2026-04-22T07:10:01","slug":"baclofen-3","status":"publish","type":"product","link":"https:\/\/www.pharmacy-content.com\/fr\/product\/baclofen-3\/","title":{"rendered":"Baclofen"},"content":{"rendered":"<p>Usage g\u00e9n\u00e9ral<\/p>\n<p>Le Baclofen est utilis\u00e9 pour traiter les spasmes des muscles squelettiques, clonus musculaire, crampes musculaires, la rigidit\u00e9, l\u00e9sions de la moelle \u00e9pini\u00e8re et la douleur caus\u00e9es par des troubles tels que la scl\u00e9rose en plaques. Le Baclofen agit en relaxant les muscles du squelette, les muscles qui se d\u00e9placent le squelette (et aussi appel\u00e9 muscle stri\u00e9).<\/p>\n<p>Dosage et administration<\/p>\n<p>Prenez Baclofen exactement comme il a \u00e9t\u00e9 prescrit par votre m\u00e9decin. Ne pas prendre le m\u00e9dicament dans de plus grandes doses, soit de le faire depuis longtemps. Prenez ce m\u00e9dicament par voie orale avec un verre d&#8217;eau. Avalez-la. La dose initiale habituelle de Baclofen pour les adultes est de 5 mg trois fois par jour. La dose peut \u00eatre augment\u00e9e de 15 mg tous les trois jours \u00e0 un maximum de 80 mg \/ jour en doses fractionn\u00e9es.<\/p>\n<p>Pr\u00e9cautions<\/p>\n<p>Votre m\u00e9decin doit vous conna\u00eetre les ant\u00e9c\u00e9dents m\u00e9dicaux, en particulier sur les maladies r\u00e9nales, le diab\u00e8te, convulsions, accident vasculaire c\u00e9r\u00e9bral, une r\u00e9action inhabituelle ou allergique au Baclofen, d&#8217;autres m\u00e9dicaments, aliments, colorants, ni conservateurs. Vous devez informer votre m\u00e9decin si vous \u00eates enceinte ou essayez de tomber enceinte et si vous allaitez. Si vous arr\u00eatez brusquement de prendre votre m\u00e9dicament, vous pouvez d\u00e9velopper une r\u00e9action s\u00e9v\u00e8re. La dose peut \u00eatre diminu\u00e9e graduellement au fil du temps \u00e0 \u00e9viter les Effets secondaires possibles et le m\u00e9decin pour contr\u00f4ler ce processus. Suivez les conseils de votre m\u00e9decin. Vous pouvez devenir somnolent ou \u00e9tourdi lorsque vous commencez \u00e0 prendre les doses de m\u00e9dicaments ou de changement. Vous devriez \u00eatre debout ou s&#8217;asseoir lentement. Ne pas conduire ou utiliser des machines, ou faire tout ce qui peut-\u00eatre besoin de votre attention et peut \u00eatre dangereux. Arr\u00eatez ce genre d&#8217;activit\u00e9 jusqu&#8217;\u00e0 ce que vous savez comment le m\u00e9dicament vous affecte.<\/p>\n<p>Contre-indications<\/p>\n<p>Les patients souffrant d&#8217;une allergie au Baclofen ne doit pas le prendre. Avant de prendre le Baclofen, parlez-en \u00e0 votre m\u00e9decin de vos allergies \u00e0 d&#8217;autres m\u00e9dicaments. Aussi, si vous avez une maladie r\u00e9nale, l&#8217;\u00e9pilepsie ou d&#8217;autres troubles \u00e9pileptiques, ou des ant\u00e9c\u00e9dents de caillots de sang ou de course, vous devez discuter avec votre m\u00e9decin et il est possible que vous ne serez pas prendre ce m\u00e9dicament.<\/p>\n<p>Possible Effets secondaires possibles<\/p>\n<p>Il ya la liste des Effets secondaires possibles que vous devez informer imm\u00e9diatement votre m\u00e9decin ou professionnel de la sant\u00e9. Il comprend des r\u00e9actions allergiques comme une \u00e9ruption cutan\u00e9e, urticaire ou des d\u00e9mangeaisons, gonflement du visage, des l\u00e8vres ou la langue, douleur thoracique, constipation, hypotension art\u00e9rielle, des hallucinations, des vomissements, d\u00e9pression respiratoire, l&#8217;incapacit\u00e9 de dormir, et augmentation de la fr\u00e9quence urinaire ou r\u00e9tention urinaire, saisie. Il ya aussi une autre liste d&#8217;Effets secondaires possibles qui ne n\u00e9cessitent habituellement pas l&#8217;attention m\u00e9dicale, mais vous devez en informer votre m\u00e9decin ou votre professionnel de la sant\u00e9 s&#8217;ils continuent ou sont g\u00eanants. Il incluent la confusion.<\/p>\n<p>Interaction des m\u00e9dicaments<\/p>\n<p>Baclofen peut interagir avec les m\u00e9dicaments suivant et produits comme l&#8217;alcool, les antihistaminiques, m\u00e9dicaments pour la d\u00e9pression, l&#8217;anxi\u00e9t\u00e9 et autres troubles mentaux, les m\u00e9dicaments pour la douleur comme la cod\u00e9ine, l&#8217;oxycodone, le tramadol et le propoxyph\u00e8ne, les m\u00e9dicaments pour le sommeil, le ph\u00e9nobarbital. L&#8217;utilisation du Baclofen avec d&#8217;autres m\u00e9dicaments peut conduire \u00e0 une r\u00e9duction suppl\u00e9mentaire de la fonction c\u00e9r\u00e9brale. Par exemple, l&#8217;utilisation du Baclofen et les antid\u00e9presseurs tricycliques ensemble peut provoquer une faiblesse musculaire, l&#8217;utilisation de baclof\u00e8ne et les inhibiteurs de la monoamine-oxydase peut se traduire par une plus grande d\u00e9pression des fonctions c\u00e9r\u00e9brales ainsi que la pression art\u00e9rielle basse.<\/p>\n<p>Omission de dose<\/p>\n<p>Si vous manquez le dose de medicament, prenez-la d\u00e8s que vous vous rappellerez mais ne prenez pas si c&#8217;est presque le temp de prenez chez vos calendrier. Ne prenez pas extra dose si vous manquez le dose.<\/p>\n<p>Surdosage<\/p>\n<p>Si vous pensez que vous avez utilis\u00e9 trop de ce m\u00e9dicament chercher l&#8217;attention m\u00e9dicale d&#8217;urgence.<\/p>\n<p>Conservation<\/p>\n<p>Conservez Baclofen \u00e0 la temp\u00e9rature ambiante entre 15-30 C (59-86 F). Conservez-la au sec prot\u00e9ge de lumi\u00e8re et de humidit\u00e9. Ne recommande pas conservez-la \u00e0 la salle de bain et endroit accessible aux enfants et animales domestiques.<\/p>\n<p>Disclaimer (avis de non responsabilit\u00e9)<\/p>\n<p>Nous fournissons des renseignements \u00e0 caract\u00e8res uniquement g\u00e9n\u00e9raux sur les m\u00e9dicaments qui ne n\u2019englobent pas tous les domaines, les polyvalences possibles du m\u00e9dicament, ou les pr\u00e9cautions. Les renseignements sur le site ne peuvent \u00eatre utilis\u00e9s pour un traitement personnel et un diagnostic personnel. Toute instruction sp\u00e9cifique pour un patient particulier devrait \u00eatre consult\u00e9e avec votre conseiller de soins de sant\u00e9 ou votre m\u00e9decin responsable du cas. Nous refusons toute r\u00e9f\u00e9rence au caract\u00e8re ind\u00e9niable de ces renseignements et des erreurs qu&#8217;ils pourraient contenir. Nous ne sommes pas responsables de tout dommage direct ou indirect, sp\u00e9cial ou d\u2019autre dommage \u00e0 la suite de toute utilisation des renseignements sur ce site et \u00e9galement pour les cons\u00e9quences de l\u2019auto-traitement.<\/p>\n","protected":false},"excerpt":{"rendered":"<p>Le baclof\u00e8ne est utilis\u00e9 dans le traitement des spasmes musculo-squelettiques, du clonus musculaire, des crampes musculaires, des raideurs, des l\u00e9sions de la moelle \u00e9pini\u00e8re et de la douleur caus\u00e9e par des maladies comme la scl\u00e9rose en plaques.<\/p>\n","protected":false},"featured_media":8461,"comment_status":"open","ping_status":"closed","template":"","meta":[],"product_brand":[],"product_cat":[510],"product_tag":[],"class_list":{"0":"post-8481","1":"product","2":"type-product","3":"status-publish","4":"has-post-thumbnail","6":"product_cat-soulagement-de-la-douleur-fr","7":"pa_active_substance-baclofen","9":"first","10":"instock","11":"shipping-taxable","12":"product-type-variable"},"jetpack_sharing_enabled":true,"_links":{"self":[{"href":"https:\/\/www.pharmacy-content.com\/wp-json\/wp\/v2\/product\/8481","targetHints":{"allow":["GET"]}}],"collection":[{"href":"https:\/\/www.pharmacy-content.com\/wp-json\/wp\/v2\/product"}],"about":[{"href":"https:\/\/www.pharmacy-content.com\/wp-json\/wp\/v2\/types\/product"}],"replies":[{"embeddable":true,"href":"https:\/\/www.pharmacy-content.com\/wp-json\/wp\/v2\/comments?post=8481"}],"wp:featuredmedia":[{"embeddable":true,"href":"https:\/\/www.pharmacy-content.com\/wp-json\/wp\/v2\/media\/8461"}],"wp:attachment":[{"href":"https:\/\/www.pharmacy-content.com\/wp-json\/wp\/v2\/media?parent=8481"}],"wp:term":[{"taxonomy":"product_brand","embeddable":true,"href":"https:\/\/www.pharmacy-content.com\/wp-json\/wp\/v2\/product_brand?post=8481"},{"taxonomy":"product_cat","embeddable":true,"href":"https:\/\/www.pharmacy-content.com\/wp-json\/wp\/v2\/product_cat?post=8481"},{"taxonomy":"product_tag","embeddable":true,"href":"https:\/\/www.pharmacy-content.com\/wp-json\/wp\/v2\/product_tag?post=8481"}],"curies":[{"name":"wp","href":"https:\/\/api.w.org\/{rel}","templated":true}]}}