{"id":8448,"date":"2026-04-22T07:09:38","date_gmt":"2026-04-22T07:09:38","guid":{"rendered":""},"modified":"2026-04-22T07:09:41","modified_gmt":"2026-04-22T07:09:41","slug":"vermox-9","status":"publish","type":"product","link":"https:\/\/www.pharmacy-content.com\/?product=vermox-9&lang=nl","title":{"rendered":"Vermox"},"content":{"rendered":"<p>Algemeen gebruik<br \/>\nHet wordt gebruikt bij de behandeling van infecties veroorzaakt door draadworm, zweepworm, haakworm en rondworm. Het actieve bestanddeel, mebendazol, voorkomt dat wormen in uw lichaam groeien of zich vermenigvuldigen.<br \/>\nDosering en aanwijzingen<br \/>\nNeem Vermox precies zoals uw arts u heeft voorgeschreven met een vol glas water.<br \/>\nVoorzorgsmaatregelen<br \/>\nVolg alle instructies van uw arts met betrekking tot behandeling, wassen van beddengoed, kleding en handdoeken, aangezien pinworminfecties gemakkelijk van de ene persoon op de andere worden overgedragen.<br \/>\nContra-indicaties<br \/>\nBespreek met uw arts alle aandoeningen die u mogelijk heeft voordat u begint met het innemen van Vermox. Het wordt niet aanbevolen om het geneesmiddel in te nemen als u zwanger bent of zwanger kunt worden tijdens de behandeling. Het is niet bekend of Vermox in de moedermelk terechtkomt. Gebruik het niet zonder toestemming van de arts als u borstvoeding geeft. Kinderen jonger dan 2 jaar mogen mebendazol niet gebruiken.<br \/>\nMogelijke bijwerking<br \/>\nAls u allergische reacties ervaart zoals netelroos, zwelling van uw lippen, tong, sluiten van uw keel, kortademigheid, zoek dan onmiddellijk medische hulp.<br \/>\nOok minder Er kunnen ernstige bijwerkingen optreden, zoals buikpijn, diarree of koorts. Als u hier last van krijgt, ga dan door met het gebruik van Vermox en vertel het aan uw arts.<br \/>\nInteractie van geneesmiddelen<br \/>\nDe effecten van Vermox kunnen worden verminderd door geneesmiddelen tegen epileptische aanvallen, zoals ethoto\u00efne (Peganone), fenyto\u00efne (Dilantin), mefenyto\u00efne (Mesanto\u00efne) en carbamazepine. (Tegretol).<br \/>\nBespreek met uw arts voordat u voorgeschreven medicijnen of zelfzorggeneesmiddelen inneemt, waaronder vitamines, mineralen en kruidenproducten.<br \/>\nGemiste dosis<br \/>\nAls u een dosis heeft gemist, gebruik deze dan zodra u eraan denkt. Als het bijna tijd is voor de volgende dosis, sla dan de gemiste dosis over en hervat uw gebruikelijke doseringsschema. Verdubbel de dosis niet om de achterstand in te halen.<br \/>\nOverdosis<br \/>\nSymptomen van een overdosis Vermox zijn braken, misselijkheid, diarree en buikpijn. Zoek onmiddellijk medische hulp als een overdosis wordt vermoed.<br \/>\nBewaren<br \/>\nBewaren bij kamertemperatuur beneden 30 graden C (86 graden F), uit de buurt van licht en vocht. Niet in de badkamer bewaren. Houd alle medicijnen uit de buurt van kinderen en huisdieren.<br \/>\nDisclaimer<br \/>\nWe geven alleen algemene informatie over medicijnen, die niet alle richtingen, mogelijke interacties tussen geneesmiddelen of voorzorgsmaatregelen omvat. Informatie op de site kan niet worden gebruikt voor zelfbehandeling en zelfdiagnose. Eventuele specifieke instructies voor een bepaalde pati\u00ebnt dienen te worden overeengekomen met uw gezondheidszorgadviseur of de met de zaak belaste arts. Wij wijzen de betrouwbaarheid van deze informatie en eventuele fouten die deze zou kunnen bevatten, af. Wij zijn niet verantwoordelijk voor enige directe, indirecte, bijzondere of andere indirecte schade als gevolg van enig gebruik van de informatie op deze site, en ook niet voor de gevolgen van zelfbehandeling.<\/p>\n","protected":false},"excerpt":{"rendered":"<p>Het wordt gebruikt bij de behandeling van infecties veroorzaakt door draadworm, zweepworm, haakworm en rondworm. Generic.<\/p>\n","protected":false},"featured_media":8400,"comment_status":"open","ping_status":"closed","template":"","meta":[],"product_brand":[],"product_cat":[498],"product_tag":[],"class_list":{"0":"post-8448","1":"product","2":"type-product","3":"status-publish","4":"has-post-thumbnail","6":"product_cat-algemene-gezondheid-nl","7":"pa_active_substance-mebendazole","9":"first","10":"instock","11":"shipping-taxable","12":"product-type-variable"},"jetpack_sharing_enabled":true,"_links":{"self":[{"href":"https:\/\/www.pharmacy-content.com\/index.php?rest_route=\/wp\/v2\/product\/8448","targetHints":{"allow":["GET"]}}],"collection":[{"href":"https:\/\/www.pharmacy-content.com\/index.php?rest_route=\/wp\/v2\/product"}],"about":[{"href":"https:\/\/www.pharmacy-content.com\/index.php?rest_route=\/wp\/v2\/types\/product"}],"replies":[{"embeddable":true,"href":"https:\/\/www.pharmacy-content.com\/index.php?rest_route=%2Fwp%2Fv2%2Fcomments&post=8448"}],"wp:featuredmedia":[{"embeddable":true,"href":"https:\/\/www.pharmacy-content.com\/index.php?rest_route=\/wp\/v2\/media\/8400"}],"wp:attachment":[{"href":"https:\/\/www.pharmacy-content.com\/index.php?rest_route=%2Fwp%2Fv2%2Fmedia&parent=8448"}],"wp:term":[{"taxonomy":"product_brand","embeddable":true,"href":"https:\/\/www.pharmacy-content.com\/index.php?rest_route=%2Fwp%2Fv2%2Fproduct_brand&post=8448"},{"taxonomy":"product_cat","embeddable":true,"href":"https:\/\/www.pharmacy-content.com\/index.php?rest_route=%2Fwp%2Fv2%2Fproduct_cat&post=8448"},{"taxonomy":"product_tag","embeddable":true,"href":"https:\/\/www.pharmacy-content.com\/index.php?rest_route=%2Fwp%2Fv2%2Fproduct_tag&post=8448"}],"curies":[{"name":"wp","href":"https:\/\/api.w.org\/{rel}","templated":true}]}}