{"id":8442,"date":"2026-04-22T07:09:36","date_gmt":"2026-04-22T07:09:36","guid":{"rendered":""},"modified":"2026-04-22T07:09:41","modified_gmt":"2026-04-22T07:09:41","slug":"vermox-8","status":"publish","type":"product","link":"https:\/\/www.pharmacy-content.com\/?product=vermox-8&lang=sv","title":{"rendered":"Vermox"},"content":{"rendered":"<p>Vanlig anv\u00e4ndning<br \/>\nDet anv\u00e4nds vid behandling av infektioner orsakade av n\u00e5lmask, piskmask, hakmask och spolmask. Dess aktiva komponent, mebendazol, f\u00f6rhindrar maskar fr\u00e5n att v\u00e4xa eller f\u00f6r\u00f6ka sig i din kropp.<br \/>\nDosering och anvisningar<br \/>\nTa Vermox exakt som det ordinerats till dig av din l\u00e4kare med ett fullt glas vatten.<br \/>\nF\u00f6rsiktighets\u00e5tg\u00e4rder<br \/>\nF\u00f6lj alla instruktioner fr\u00e5n din l\u00e4kare ang\u00e5ende behandling, tv\u00e4tt av s\u00e4ngkl\u00e4der, kl\u00e4der och handdukar, eftersom infektioner med n\u00e5lmask l\u00e4tt sprids fr\u00e5n en person till en annan.<br \/>\nKontraindikationer<br \/>\nDiskutera med din l\u00e4kare om alla tillst\u00e5nd som du kan ha innan du b\u00f6rjar ta Vermox. Det rekommenderas inte att ta l\u00e4kemedlet om du \u00e4r gravid eller kan bli gravid under behandlingen. Det \u00e4r inte k\u00e4nt om Vermox g\u00e5r \u00f6ver i br\u00f6stmj\u00f6lk. Ta det inte utan l\u00e4karens godk\u00e4nnande om du ammar. Barn yngre \u00e4n 2 \u00e5r b\u00f6r inte ta mebendazol.<br \/>\nM\u00f6jliga biverkningar<br \/>\nOm du upplever allergiska reaktioner som n\u00e4sselfeber, svullnad av l\u00e4ppar, tunga, halsst\u00e4ngning, andn\u00f6d, s\u00f6k omedelbart l\u00e4kare.<br \/>\nOcks\u00e5 mindre allvarliga biverkningar kan uppst\u00e5, s\u00e5som buksm\u00e4rtor, diarr\u00e9 eller feber. Om du upplever dem, forts\u00e4tt att ta Vermox och ber\u00e4tta f\u00f6r din l\u00e4kare om dem.<br \/>\nL\u00e4kemedelsinteraktion<br \/>\nEffekterna av Vermox kan minskas av l\u00e4kemedel mot anfall, s\u00e5som etotoin (Peganone), fenytoin (Dilantin), mefenytoin (Mesantoin) och karbamazepin (Tegretol).<br \/>\nDiskutera med din l\u00e4kare innan du tar n\u00e5gra receptbelagda eller receptfria l\u00e4kemedel, inklusive vitaminer, mineraler och \u00f6rtprodukter.<br \/>\nMissad dos<br \/>\nOm du missar en dos, anv\u00e4nd den s\u00e5 snart du kommer ih\u00e5g. Om det \u00e4r n\u00e4ra tiden f\u00f6r n\u00e4sta dos, hoppa \u00f6ver den missade dosen och \u00e5teruppta ditt vanliga doseringsschema. F\u00f6rdubbla inte dosen f\u00f6r att komma ikapp.<br \/>\n\u00d6verdosering<br \/>\nSymtom p\u00e5 en \u00f6verdos av Vermox \u00e4r kr\u00e4kningar, illam\u00e5ende, diarr\u00e9 och buksm\u00e4rtor. S\u00f6k omedelbart l\u00e4kare om en \u00f6verdos misst\u00e4nks.<br \/>\nF\u00f6rvaring<br \/>\nF\u00f6rvaras i rumstemperatur under 30 grader C (86 grader F) borta fr\u00e5n ljus och fukt. F\u00f6rvara inte i badrummet. H\u00e5ll alla mediciner borta fr\u00e5n barn och husdjur.<br \/>\nAnsvarsfriskrivning<br \/>\nVi tillhandah\u00e5ller endast allm\u00e4n information om mediciner, som inte t\u00e4cker alla riktningar, m\u00f6jliga l\u00e4kemedelsinteraktioner eller f\u00f6rsiktighets\u00e5tg\u00e4rder. Information p\u00e5 sidan kan inte anv\u00e4ndas f\u00f6r sj\u00e4lvbehandling och sj\u00e4lvdiagnos. Alla specifika instruktioner f\u00f6r en viss patient b\u00f6r \u00f6verenskommas med din v\u00e5rdr\u00e5dgivare eller l\u00e4kare som \u00e4r ansvarig f\u00f6r \u00e4rendet. Vi fr\u00e5ns\u00e4ger oss tillf\u00f6rlitligheten av denna information och eventuella misstag den kan inneh\u00e5lla. Vi ansvarar inte f\u00f6r n\u00e5gra direkta, indirekta, speciella eller andra indirekta skador till f\u00f6ljd av n\u00e5gon anv\u00e4ndning av informationen p\u00e5 denna webbplats, och \u00e4ven f\u00f6r konsekvenserna av egenbehandling.<\/p>\n","protected":false},"excerpt":{"rendered":"<p>Det anv\u00e4nds vid behandling av infektioner orsakade av pinmask, piskmask, hakmask och spolmask. Generic.<\/p>\n","protected":false},"featured_media":8400,"comment_status":"open","ping_status":"closed","template":"","meta":[],"product_brand":[],"product_cat":[495],"product_tag":[],"class_list":{"0":"post-8442","1":"product","2":"type-product","3":"status-publish","4":"has-post-thumbnail","6":"product_cat-allman-halsa-sv","7":"pa_active_substance-mebendazole","9":"first","10":"instock","11":"shipping-taxable","12":"product-type-variable"},"jetpack_sharing_enabled":true,"_links":{"self":[{"href":"https:\/\/www.pharmacy-content.com\/index.php?rest_route=\/wp\/v2\/product\/8442","targetHints":{"allow":["GET"]}}],"collection":[{"href":"https:\/\/www.pharmacy-content.com\/index.php?rest_route=\/wp\/v2\/product"}],"about":[{"href":"https:\/\/www.pharmacy-content.com\/index.php?rest_route=\/wp\/v2\/types\/product"}],"replies":[{"embeddable":true,"href":"https:\/\/www.pharmacy-content.com\/index.php?rest_route=%2Fwp%2Fv2%2Fcomments&post=8442"}],"wp:featuredmedia":[{"embeddable":true,"href":"https:\/\/www.pharmacy-content.com\/index.php?rest_route=\/wp\/v2\/media\/8400"}],"wp:attachment":[{"href":"https:\/\/www.pharmacy-content.com\/index.php?rest_route=%2Fwp%2Fv2%2Fmedia&parent=8442"}],"wp:term":[{"taxonomy":"product_brand","embeddable":true,"href":"https:\/\/www.pharmacy-content.com\/index.php?rest_route=%2Fwp%2Fv2%2Fproduct_brand&post=8442"},{"taxonomy":"product_cat","embeddable":true,"href":"https:\/\/www.pharmacy-content.com\/index.php?rest_route=%2Fwp%2Fv2%2Fproduct_cat&post=8442"},{"taxonomy":"product_tag","embeddable":true,"href":"https:\/\/www.pharmacy-content.com\/index.php?rest_route=%2Fwp%2Fv2%2Fproduct_tag&post=8442"}],"curies":[{"name":"wp","href":"https:\/\/api.w.org\/{rel}","templated":true}]}}