{"id":8388,"date":"2026-04-22T07:09:22","date_gmt":"2026-04-22T07:09:22","guid":{"rendered":""},"modified":"2026-04-22T07:09:25","modified_gmt":"2026-04-22T07:09:25","slug":"antabuse-disulfiram-10","status":"publish","type":"product","link":"https:\/\/www.pharmacy-content.com\/?product=antabuse-disulfiram-10&lang=cs","title":{"rendered":"Antabuse (disulfiram)"},"content":{"rendered":"<p>B\u011b\u017en\u00e9 pou\u017eit\u00ed<br \/>\nAntabuse je l\u00e9k pou\u017e\u00edvan\u00fd k l\u00e9\u010db\u011b chronick\u00e9ho alkoholismu. Obsahuje \u00fa\u010dinnou l\u00e1tku disulfiram bis(diethylthiokarbamoyl), kter\u00e1 blokuje enzym alkoholdehydrogen\u00e1zu (ADH), zapojen\u00fd do metabolismu ethanolu. D\u016fsledkem toho se zvy\u0161uje koncentrace acetaldehydu v krvi, co\u017e zp\u016fsobuje nep\u0159\u00edjemn\u00e9 pocity jako zarudnut\u00ed, nevolnost, zvracen\u00ed, tachykardii, pokles krevn\u00edho tlaku atd. Konzumace alkoholick\u00fdch n\u00e1poj\u016f se b\u011bhem l\u00e9\u010dby Antabuse st\u00e1v\u00e1 extr\u00e9mn\u011b nep\u0159\u00edjemnou.<\/p>\n<p>D\u00e1vkov\u00e1n\u00ed a pokyny<br \/>\nU\u017e\u00edvejte peror\u00e1ln\u011b nejm\u00e9n\u011b 12 hodin po po\u017eit\u00ed alkoholu. P\u0159i u\u017e\u00edv\u00e1n\u00ed Antabuse se vyvarujte pit\u00ed alkoholick\u00fdch n\u00e1poj\u016f v jak\u00e9koli form\u011b: pivo, v\u00edno, ple\u0165ov\u00e9 vody po holen\u00ed, tekut\u00e9 l\u00e9ky, \u00fastn\u00ed vody, kol\u00ednsk\u00e9 vody. U\u017e\u00edvejte tabletu s plnou sklenic\u00ed vody.<\/p>\n<p>Opat\u0159en\u00ed<br \/>\nInformujte sv\u00e9ho l\u00e9ka\u0159e, pokud m\u00e1te probl\u00e9my se srdcem, \u017ealude\u010dn\u00ed nebo duoden\u00e1ln\u00ed v\u0159edy, poruchy mozkov\u00e9ho prokrven\u00ed a v anamn\u00e9ze disulfiramovou psych\u00f3zu. Opatrnost by m\u011bla b\u00fdt v\u011bnov\u00e1na u\u017e\u00edv\u00e1n\u00ed Antabuse u pacient\u016f star\u0161\u00edch 60 let.<\/p>\n<p>Kontraindikace<br \/>\nAntabuse nelze pou\u017e\u00edvat u pacient\u016f se z\u00e1va\u017en\u00fdmi onemocn\u011bn\u00edmi kardiovaskul\u00e1rn\u00edho syst\u00e9mu, neuritidou sluchov\u00e9ho nervu, glaukomem, optickou neuritidou, bronchialn\u00ed astmatem, emfyz\u00e9mem, plicn\u00ed tuberkul\u00f3zou, t\u011b\u017ek\u00fdm po\u0161kozen\u00edm jater, diabetem, hypertyre\u00f3zou, du\u0161evn\u00edmi nemocemi, akutn\u00edm peptick\u00fdm v\u0159edem, onemocn\u011bn\u00edm ledvin, zhoubn\u00fdm n\u00e1dorem, polyneuritidou, t\u011bhotn\u00fdmi a koj\u00edc\u00edmi \u017eenami, alergick\u00fdmi reakcemi na l\u00e9k.<\/p>\n<p>Mo\u017en\u00e9 vedlej\u0161\u00ed \u00fa\u010dinky<br \/>\nNej\u010dast\u011bj\u0161\u00ed vedlej\u0161\u00ed \u00fa\u010dinky zahrnuj\u00ed: neklid, bolesti hlavy, ospalost, ko\u017en\u00ed vyr\u00e1\u017eku, akn\u00e9, zm\u011bny ve vid\u011bn\u00ed, chu\u0165 jako \u010desnek. M\u00e9n\u011b \u010dast\u00e9, ale z\u00e1va\u017en\u00e9 ne\u017e\u00e1douc\u00ed reakce mohou zahrnovat: brn\u011bn\u00ed v rukou nebo nohou, \u00fanavu, slabost, siln\u00e9 bolesti b\u0159icha, ztr\u00e1tu chuti k j\u00eddlu, nevolnost, zvracen\u00ed, tmavou mo\u010d, \u017eloutnut\u00ed o\u010d\u00ed nebo pleti. Pokud se u v\u00e1s objev\u00ed z\u00e1va\u017en\u00e9 vedlej\u0161\u00ed \u00fa\u010dinky, kter\u00e9 jsou obt\u011b\u017euj\u00edc\u00ed a zhor\u0161uj\u00ed se, informujte sv\u00e9ho l\u00e9ka\u0159e a vyhledejte okam\u017eitou l\u00e9ka\u0159skou pomoc.<\/p>\n<p>Interakce s l\u00e9ky<br \/>\nInformujte sv\u00e9ho zdravotn\u00edho poradce o v\u0161ech l\u00e9c\u00edch a bylinn\u00fdch p\u0159\u00edpravc\u00edch, kter\u00e9 u\u017e\u00edv\u00e1te, zejm\u00e9na o tricyklick\u00fdch antidepresivech, jako je imipramin (Tofranil), amitriptylin (Elavil), doxepin (Sinequan), nortriptylin (Pamelor), izoniazid (Nydrazid), fenytoin (Dilantin), warfarin (Coumadin), metronidazol (Flagyl), teofylin (Theo-Dur), MAO inhibitory jako fenelzin (Nardil), izokarboxazid (Marplan) nebo tranylcypromin (Parnate); benzodiazepiny jako diazepam (Valium), alprazolam (Xanax), klorazep\u00e1t (Tranxene), temazepam (Restoril), chlordiazepoxid (Librium), triazolam (Halcion), lithium (Lithobid, Eskalith, dal\u0161\u00ed).<\/p>\n<p>Zme\u0161kan\u00e1 d\u00e1vka<br \/>\nNikdy neu\u017e\u00edvejte dvojn\u00e1sobnou d\u00e1vku tohoto l\u00e9ku. Pokud se bl\u00ed\u017e\u00ed \u010das na dal\u0161\u00ed d\u00e1vku, jednodu\u0161e vynechejte zme\u0161kanou d\u00e1vku a pokra\u010dujte v u\u017e\u00edv\u00e1n\u00ed l\u00e9ku podle pl\u00e1nu.<\/p>\n<p>P\u0159ed\u00e1vkov\u00e1n\u00ed<br \/>\nOkam\u017eit\u00e1 l\u00e9ka\u0159sk\u00e1 pomoc je pot\u0159ebn\u00e1 v p\u0159\u00edpad\u011b p\u0159ed\u00e1vkov\u00e1n\u00ed Antabusem, jeho\u017e p\u0159\u00edznaky zahrnuj\u00ed ztr\u00e1tu koordinace, nevolnost, zvracen\u00ed, z\u00e1vrat\u011b, znecitliv\u011bn\u00ed a brn\u011bn\u00ed, a z\u00e1chvaty.<\/p>\n<p>Skladov\u00e1n\u00ed<br \/>\nSkladujte p\u0159i pokojov\u00e9 teplot\u011b 59-86 \u00b0F (15-30 \u00b0C), daleko od vlhkosti a slune\u010dn\u00edho sv\u011btla. Chra\u0148te p\u0159ed vlhkost\u00ed (koupelna).<\/p>\n<p>Upozorn\u011bn\u00ed<br \/>\nPoskytujeme pouze obecn\u00e9 informace o l\u00e9c\u00edch, kter\u00e9 nepokr\u00fdvaj\u00ed v\u0161echny pokyny, mo\u017en\u00e9 l\u00e9kov\u00e9 interakce nebo opat\u0159en\u00ed. Informace na t\u00e9to str\u00e1nce nelze pou\u017e\u00edt k samol\u00e9\u010db\u011b a samodiagn\u00f3ze. Jak\u00e9koli konkr\u00e9tn\u00ed pokyny pro konkr\u00e9tn\u00edho pacienta by m\u011bly b\u00fdt dohodnuty s va\u0161\u00edm zdravotn\u00edm poradcem nebo l\u00e9ka\u0159em, kter\u00fd m\u00e1 na starosti v\u00e1\u0161 p\u0159\u00edpad. Odp\u00edr\u00e1me odpov\u011bdnost za spolehlivost t\u011bchto informac\u00ed a chyby, kter\u00e9 by mohly obsahovat. Nejsme odpov\u011bdn\u00ed za \u017e\u00e1dn\u00e9 p\u0159\u00edm\u00e9, nep\u0159\u00edm\u00e9, zvl\u00e1\u0161tn\u00ed nebo jin\u00e9 nep\u0159\u00edm\u00e9 \u0161kody v d\u016fsledku jak\u00e9hokoli pou\u017eit\u00ed informac\u00ed na t\u00e9to str\u00e1nce a tak\u00e9 za n\u00e1sledky samol\u00e9\u010dby.<\/p>\n","protected":false},"excerpt":{"rendered":"<p>Antabuse Generic se p\u0159edepisuje k l\u00e9\u010db\u011b chronick\u00e9ho alkoholismu. P\u016fsob\u00ed tak, \u017ee zasahuje do metabolismu alkoholu.<\/p>\n","protected":false},"featured_media":8289,"comment_status":"open","ping_status":"closed","template":"","meta":[],"product_brand":[],"product_cat":[501],"product_tag":[],"class_list":{"0":"post-8388","1":"product","2":"type-product","3":"status-publish","4":"has-post-thumbnail","6":"product_cat-vseobecne-zdravi-cs","7":"pa_active_substance-disulfiram","9":"first","10":"instock","11":"shipping-taxable","12":"product-type-variable"},"jetpack_sharing_enabled":true,"_links":{"self":[{"href":"https:\/\/www.pharmacy-content.com\/index.php?rest_route=\/wp\/v2\/product\/8388","targetHints":{"allow":["GET"]}}],"collection":[{"href":"https:\/\/www.pharmacy-content.com\/index.php?rest_route=\/wp\/v2\/product"}],"about":[{"href":"https:\/\/www.pharmacy-content.com\/index.php?rest_route=\/wp\/v2\/types\/product"}],"replies":[{"embeddable":true,"href":"https:\/\/www.pharmacy-content.com\/index.php?rest_route=%2Fwp%2Fv2%2Fcomments&post=8388"}],"wp:featuredmedia":[{"embeddable":true,"href":"https:\/\/www.pharmacy-content.com\/index.php?rest_route=\/wp\/v2\/media\/8289"}],"wp:attachment":[{"href":"https:\/\/www.pharmacy-content.com\/index.php?rest_route=%2Fwp%2Fv2%2Fmedia&parent=8388"}],"wp:term":[{"taxonomy":"product_brand","embeddable":true,"href":"https:\/\/www.pharmacy-content.com\/index.php?rest_route=%2Fwp%2Fv2%2Fproduct_brand&post=8388"},{"taxonomy":"product_cat","embeddable":true,"href":"https:\/\/www.pharmacy-content.com\/index.php?rest_route=%2Fwp%2Fv2%2Fproduct_cat&post=8388"},{"taxonomy":"product_tag","embeddable":true,"href":"https:\/\/www.pharmacy-content.com\/index.php?rest_route=%2Fwp%2Fv2%2Fproduct_tag&post=8388"}],"curies":[{"name":"wp","href":"https:\/\/api.w.org\/{rel}","templated":true}]}}