{"id":8344,"date":"2026-04-22T07:09:14","date_gmt":"2026-04-22T07:09:14","guid":{"rendered":""},"modified":"2026-04-22T07:09:25","modified_gmt":"2026-04-22T07:09:25","slug":"antabuse-disulfiram-6","status":"publish","type":"product","link":"https:\/\/www.pharmacy-content.com\/pl\/product\/antabuse-disulfiram-6\/","title":{"rendered":"Antabuse (disulfiram)"},"content":{"rendered":"<p>Powszechne zastosowanie<br \/>\nAntabuse to lek stosowany w leczeniu przewlek\u0142ego alkoholizmu. Zawiera substancj\u0119 czynn\u0105 disulfiram bis(dietylotiokarbamoil), kt\u00f3ra blokuje dehydrogenaz\u0119 alkoholow\u0105 (ADH), enzym bior\u0105cy udzia\u0142 w metabolizmie etanolu. W rezultacie wzrasta st\u0119\u017cenie aldehydu octowego we krwi i powoduje nieprzyjemne odczucia, takie jak zaczerwienienie, nudno\u015bci, wymioty, tachykardia, obni\u017cenie ci\u015bnienia krwi itp. Spo\u017cywanie napoj\u00f3w alkoholowych staje si\u0119 wyj\u0105tkowo nieprzyjemne podczas leczenia Antabuse.<br \/>\nDawkowanie i kierunek<br \/>\nPrzyjmuj przynajmniej doustnie 12 godzin po wypiciu alkoholu. Podczas stosowania leku Antabuse nale\u017cy unika\u0107 spo\u017cywania napoj\u00f3w alkoholowych pod jak\u0105kolwiek postaci\u0105: piwa, wina, p\u0142yn\u00f3w po goleniu, lek\u00f3w w p\u0142ynie, p\u0142yn\u00f3w do p\u0142ukania jamy ustnej, w\u00f3d kolo\u0144skich. Tabletk\u0119 nale\u017cy popi\u0107 pe\u0142n\u0105 szklank\u0105 wody.<br \/>\n\u015arodki ostro\u017cno\u015bci<br \/>\nPoinformuj lekarza, je\u015bli w przesz\u0142o\u015bci cierpia\u0142e\u015b na choroby serca, wrzody \u017co\u0142\u0105dka lub dwunastnicy, zaburzenia kr\u0105\u017cenia m\u00f3zgowego, a tak\u017ce psychoz\u0119 disulfiramow\u0105. Nale\u017cy zachowa\u0107 ostro\u017cno\u015b\u0107 stosuj\u0105c Antabuse u pacjent\u00f3w powy\u017cej 60. roku \u017cycia.<br \/>\nPrzeciwwskazania<br \/>\nAntabuse nie mo\u017cna stosowa\u0107 u pacjent\u00f3w z ci\u0119\u017ckimi chorobami uk\u0142adu sercowo-naczyniowego, zapaleniem nerwu s\u0142uchowego, jaskr\u0105, zapaleniem nerwu wzrokowego, astm\u0105 oskrzelow\u0105, rozedm\u0105 p\u0142uc, gru\u017alic\u0105 p\u0142uc , ci\u0119\u017cka niewydolno\u015b\u0107 w\u0105troby, cukrzyca, nadczynno\u015b\u0107 tarczycy, choroba psychiczna, ostry wrz\u00f3d trawienny, choroby nerek, nowotw\u00f3r z\u0142o\u015bliwy, zapalenie wielonerwowe, kobiety w ci\u0105\u017cy i karmi\u0105ce piersi\u0105, reakcje alergiczne na lek.<br \/>\nMo\u017cliwe skutki uboczne<br \/>\nNajcz\u0119stsze skutki uboczne to: niepok\u00f3j , b\u00f3l g\u0142owy, senno\u015b\u0107, wysypka sk\u00f3rna, tr\u0105dzik, zaburzenia widzenia, posmak czosnku. Mog\u0105 wyst\u0105pi\u0107 rzadziej, ale powa\u017cniejsze dzia\u0142ania niepo\u017c\u0105dane: mrowienie d\u0142oni lub st\u00f3p, zm\u0119czenie, os\u0142abienie, silne b\u00f3le brzucha, utrata apetytu, nudno\u015bci, wymioty, ciemne zabarwienie moczu, za\u017c\u00f3\u0142cenie oczu lub sk\u00f3ry. Je\u015bli wyst\u0105pi\u0105 powa\u017cne dzia\u0142ania niepo\u017c\u0105dane, staj\u0105 si\u0119 one uci\u0105\u017cliwe i nasilaj\u0105 si\u0119, nale\u017cy powiadomi\u0107 lekarza i natychmiast zwr\u00f3ci\u0107 si\u0119 o pomoc lekarsk\u0105.<br \/>\nInterakcje lek\u00f3w<br \/>\nPoinformuj swojego doradc\u0119 ds. zdrowia o wszystkich przyjmowanych lekach i produktach zio\u0142owych, szczeg\u00f3lnie o tr\u00f3jpier\u015bcieniowych lekach przeciwdepresyjnych, takich jak imipramina (Tofranil). , amitryptylina (Elavil), doksepina (Sinequan), nortryptylina (Pamelor), izoniazyd (Nydrazid), fenytoina (Dilantin), warfaryna (Coumadin), metronidazol (Flagyl), teofilina (Theo-Dur), inhibitory MAO, takie jak fenelzyna (Nardil ), izokarboksazyd (Marplan) lub tranylcypromina (Parnate); benzodiazepiny, takie jak diazepam (Valium), alprazolam (Xanax), klorazepat (Tranxene), temazepam (Restoril), chlordiazepoksyd (Librium), triazolam (Halcion), lit (Lithobid, Eskalith i inne).<br \/>\nPomini\u0119ta dawka<br \/>\nNigdy nie bierz podw\u00f3jnej dawki dawk\u0119 tego leku. Je\u015bli zbli\u017ca si\u0119 pora przyj\u0119cia kolejnej dawki, po prostu pomi\u0144 pomini\u0119t\u0105 porcj\u0119 i kontynuuj przyjmowanie leku zgodnie ze schematem.<br \/>\nPrzedawkowanie<br \/>\nW przypadku przedawkowania leku Antabuse, kt\u00f3rego objawy obejmuj\u0105 utrat\u0119 koordynacji, nudno\u015bci, wymioty, konieczna jest natychmiastowa pomoc lekarska , zawroty g\u0142owy, dr\u0119twienie i mrowienie oraz drgawki.<br \/>\nPrzechowywanie<br \/>\nPrzechowywa\u0107 w temperaturze pokojowej 59-86 F (15-30 C), z dala od wilgoci i \u015bwiat\u0142a s\u0142onecznego. Przechowywa\u0107 z dala od wilgoci (\u0142azienka).<br \/>\nZastrze\u017cenie<br \/>\nPodajemy jedynie og\u00f3lne informacje na temat lek\u00f3w, kt\u00f3re nie obejmuj\u0105 wszystkich wskaz\u00f3wek, mo\u017cliwych interakcji lek\u00f3w ani \u015brodk\u00f3w ostro\u017cno\u015bci. Informacje zawarte na stronie nie mog\u0105 by\u0107 wykorzystywane do samodzielnego leczenia i autodiagnozy. Wszelkie szczeg\u00f3\u0142owe instrukcje dla konkretnego pacjenta nale\u017cy uzgodni\u0107 z doradc\u0105 ds. opieki zdrowotnej lub lekarzem prowadz\u0105cym dany przypadek. Zrzekamy si\u0119 wiarygodno\u015bci tych informacji i wszelkich b\u0142\u0119d\u00f3w, jakie mog\u0105 one zawiera\u0107. Nie ponosimy odpowiedzialno\u015bci za jakiekolwiek bezpo\u015brednie, po\u015brednie, szczeg\u00f3lne lub inne po\u015brednie szkody powsta\u0142e w wyniku wykorzystania informacji zawartych na tej stronie, a tak\u017ce za konsekwencje samoleczenia.<\/p>\n","protected":false},"excerpt":{"rendered":"<p>Antabuse Generyczny jest przepisywany w celu leczenia przewlek\u0142ego alkoholizmu. Dzia\u0142a poprzez zak\u0142\u00f3canie metabolizmu alkoholu.<\/p>\n","protected":false},"featured_media":8289,"comment_status":"open","ping_status":"closed","template":"","meta":[],"product_brand":[],"product_cat":[489],"product_tag":[],"class_list":{"0":"post-8344","1":"product","2":"type-product","3":"status-publish","4":"has-post-thumbnail","6":"product_cat-zdrowie-ogolne-pl","7":"pa_active_substance-disulfiram","9":"first","10":"instock","11":"shipping-taxable","12":"product-type-variable"},"jetpack_sharing_enabled":true,"_links":{"self":[{"href":"https:\/\/www.pharmacy-content.com\/wp-json\/wp\/v2\/product\/8344","targetHints":{"allow":["GET"]}}],"collection":[{"href":"https:\/\/www.pharmacy-content.com\/wp-json\/wp\/v2\/product"}],"about":[{"href":"https:\/\/www.pharmacy-content.com\/wp-json\/wp\/v2\/types\/product"}],"replies":[{"embeddable":true,"href":"https:\/\/www.pharmacy-content.com\/wp-json\/wp\/v2\/comments?post=8344"}],"wp:featuredmedia":[{"embeddable":true,"href":"https:\/\/www.pharmacy-content.com\/wp-json\/wp\/v2\/media\/8289"}],"wp:attachment":[{"href":"https:\/\/www.pharmacy-content.com\/wp-json\/wp\/v2\/media?parent=8344"}],"wp:term":[{"taxonomy":"product_brand","embeddable":true,"href":"https:\/\/www.pharmacy-content.com\/wp-json\/wp\/v2\/product_brand?post=8344"},{"taxonomy":"product_cat","embeddable":true,"href":"https:\/\/www.pharmacy-content.com\/wp-json\/wp\/v2\/product_cat?post=8344"},{"taxonomy":"product_tag","embeddable":true,"href":"https:\/\/www.pharmacy-content.com\/wp-json\/wp\/v2\/product_tag?post=8344"}],"curies":[{"name":"wp","href":"https:\/\/api.w.org\/{rel}","templated":true}]}}