{"id":8311,"date":"2026-04-22T07:09:10","date_gmt":"2026-04-22T07:09:10","guid":{"rendered":""},"modified":"2026-04-22T07:09:24","modified_gmt":"2026-04-22T07:09:24","slug":"antabuse-disulfiram-3","status":"publish","type":"product","link":"https:\/\/www.pharmacy-content.com\/fr\/product\/antabuse-disulfiram-3\/","title":{"rendered":"Antabuse (disulfiram)"},"content":{"rendered":"<p>Utilisation courante<\/p>\n<p>Antabuse (disulfirame) peut aider les patients souffrant d&#8217;un probl\u00e8me d&#8217;alcool \u00e0 s&#8217;abstenir de consommer de l&#8217;alcool. Pris avec de l&#8217;alcool, ce m\u00e9dicament peut provoquer des effets ind\u00e9sirables. Ce m\u00e9dicament fait partie d&#8217;un programme de r\u00e9tablissement comprenant une surveillance m\u00e9dicale et des conseils. Ce m\u00e9dicament peut \u00eatre utilis\u00e9 \u00e0 d&#8217;autres fins ; renseignez-vous aupr\u00e8s de votre professionnel de sant\u00e9 ou de votre pharmacien en cas de question.<\/p>\n<p>Posologie et mode d&#8217;emploi<\/p>\n<p>Prendre ce m\u00e9dicament par voie orale avec un grand verre d&#8217;eau. Suivre les instructions figurant sur l&#8217;\u00e9tiquette. Ne jamais prendre ce m\u00e9dicament dans les 12 heures suivant une consommation d&#8217;alcool. Les comprim\u00e9s peuvent \u00eatre \u00e9cras\u00e9s et m\u00e9lang\u00e9s \u00e0 un liquide avant la prise. Prendre votre m\u00e9dicament \u00e0 intervalles r\u00e9guliers. Ne pas d\u00e9passer la fr\u00e9quence prescrite. N&#8217;interrompre le traitement que sur avis m\u00e9dical.<\/p>\n<p>Parlez \u00e0 votre p\u00e9diatre de l&#8217;utilisation de ce m\u00e9dicament chez l&#8217;enfant. Des pr\u00e9cautions particuli\u00e8res peuvent \u00eatre n\u00e9cessaires.<\/p>\n<p>Pr\u00e9cautions<\/p>\n<p>Ne prenez jamais ce m\u00e9dicament si vous avez consomm\u00e9 de l&#8217;alcool. Assurez-vous que les membres de votre famille ou les autres personnes de votre foyer connaissent ce m\u00e9dicament et sachent quoi faire en cas d&#8217;urgence. La prise de ce m\u00e9dicament avec de l&#8217;alcool, m\u00eame en faible quantit\u00e9, peut entra\u00eener des effets tr\u00e8s d\u00e9sagr\u00e9ables. Vous pourriez ressentir des maux de t\u00eate lancinants, des bouff\u00e9es vasomotrices, des vomissements, une faiblesse et des douleurs thoraciques. Des probl\u00e8mes respiratoires et cardiaques, des convulsions et la mort peuvent survenir. Ce m\u00e9dicament peut r\u00e9agir avec l&#8217;alcool m\u00eame 14 jours apr\u00e8s la derni\u00e8re prise.<\/p>\n<p>Ne consommez jamais de produits ni d&#8217;articles de toilette contenant de l&#8217;alcool. Lisez toujours attentivement les \u00e9tiquettes. De nombreux sirops contre la toux, analg\u00e9siques liquides, toniques, bains de bouche, lotions apr\u00e8s-rasage, eaux de Cologne, liniments, vinaigres et sauces contiennent de l&#8217;alcool.<\/p>\n<p>Contre-indications<\/p>\n<p>Si vous souffrez de l&#8217;une des affections suivantes :<\/p>\n<p>l\u00e9sions c\u00e9r\u00e9brales,<\/p>\n<p>diab\u00e8te,<\/p>\n<p>maladie cardiaque,<\/p>\n<p>maladie r\u00e9nale,<\/p>\n<p>maladie h\u00e9patique,<\/p>\n<p>trouble psychotique,<\/p>\n<p>exposition r\u00e9cente \u00e0 l&#8217;alcool ou \u00e0 tout produit contenant de l&#8217;alcool,<\/p>\n<p>convulsions,<\/p>\n<p>prise de m\u00e9tronidazole ou de parald\u00e9hyde,<\/p>\n<p>hypothyro\u00efdie,<\/p>\n<p>r\u00e9action inhabituelle ou allergique au disulfirame, aux pesticides ou aux produits \u00e0 base de caoutchouc, \u00e0 d&#8217;autres m\u00e9dicaments, aliments, colorants ou conservateurs,<\/p>\n<p>grossesse ou tentative de grossesse,<\/p>\n<p>allaitement.<\/p>\n<p>Effets secondaires possibles<\/p>\n<p>Effets secondaires \u00e0 signaler \u00e0 votre m\u00e9decin ou professionnel de sant\u00e9 d\u00e8s que possible :<\/p>\n<p>r\u00e9actions allergiques telles qu&#8217;\u00e9ruption cutan\u00e9e, d\u00e9mangeaisons ou urticaire, gonflement du visage, des l\u00e8vres ou de la langue,<\/p>\n<p>troubles de la vision,<\/p>\n<p>confusion, d\u00e9sorientation, irritabilit\u00e9,<\/p>\n<p>urines fonc\u00e9es,<\/p>\n<p>sensation de malaise g\u00e9n\u00e9ral ou sympt\u00f4mes grippaux,<\/p>\n<p>perte d&#8217;app\u00e9tit, naus\u00e9es,<\/p>\n<p>perte de contact avec la r\u00e9alit\u00e9,<\/p>\n<p>engourdissement, douleur ou picotements,<\/p>\n<p>douleur dans la partie sup\u00e9rieure droite du ventre,<\/p>\n<p>faiblesse ou fatigue inhabituelle,<\/p>\n<p>jaunissement des yeux ou de la peau.<\/p>\n<p>Effets secondaires ne n\u00e9cessitant g\u00e9n\u00e9ralement pas de soins m\u00e9dicaux (signalez-le \u00e0 votre m\u00e9decin ou professionnel de la sant\u00e9 s&#8217;ils persistent ou sont g\u00eanants) :<\/p>\n<p>modification de la libido ou des performances sexuelles,<\/p>\n<p>\u00e9tourdissements,<\/p>\n<p>somnolence, fatigue,<\/p>\n<p>maux de t\u00eate,<\/p>\n<p>go\u00fbt m\u00e9tallique ou d&#8217;ail,<\/p>\n<p>naus\u00e9es, vomissements.<\/p>\n<p>Interaction m\u00e9dicamenteuse<\/p>\n<p>Ne prenez pas ce m\u00e9dicament avec l&#8217;un des m\u00e9dicaments suivants :<\/p>\n<p>alcool ou tout produit contenant de l&#8217;alcool,<\/p>\n<p>ampr\u00e9navir,<\/p>\n<p>coca\u00efne,<\/p>\n<p>lopinavir ; ritonavir,<\/p>\n<p>m\u00e9tronidazole,<\/p>\n<p>solutions buvables de ritonavir ou de sertraline,<\/p>\n<p>paclitaxel,<\/p>\n<p>parald\u00e9hyde,<\/p>\n<p>tranylcypromine,<\/p>\n<p>isoniazide,<\/p>\n<p>m\u00e9dicaments qui traitent ou pr\u00e9viennent les caillots sanguins comme la warfarine,<\/p>\n<p>ph\u00e9nyto\u00efne.<\/p>\n<p>Cette liste peut ne pas d\u00e9crire toutes les interactions possibles. Veuillez fournir \u00e0 votre professionnel de sant\u00e9 la liste de tous les m\u00e9dicaments, plantes m\u00e9dicinales, m\u00e9dicaments sans ordonnance et compl\u00e9ments alimentaires que vous utilisez. Veuillez \u00e9galement l&#8217;informer si vous fumez, buvez de l&#8217;alcool ou consommez des drogues illicites. Certains m\u00e9dicaments peuvent interagir avec vos m\u00e9dicaments.<\/p>\n<p>Dose oubli\u00e9e<\/p>\n<p>Si vous oubliez une dose, prenez-la d\u00e8s que possible. S&#8217;il est presque l&#8217;heure de votre dose suivante, ne prenez que cette dose. Ne prenez pas de doses doubles ou suppl\u00e9mentaires.<\/p>\n<p>Surdosage<\/p>\n<p>Si vous pensez avoir pris une dose excessive de ce m\u00e9dicament, contactez imm\u00e9diatement un centre antipoison ou les urgences.<\/p>\n<p>Conservation<\/p>\n<p>Tenir hors de port\u00e9e des enfants.<\/p>\n<p>Conserver \u00e0 temp\u00e9rature ambiante entre 20 et 25 \u00b0C (68 et 77 \u00b0F). Conserver dans un r\u00e9cipient herm\u00e9tique et opaque. Jeter tout m\u00e9dicament non utilis\u00e9 apr\u00e8s la date de p\u00e9remption.<\/p>\n","protected":false},"excerpt":{"rendered":"<p>Antabuse est utilis\u00e9 dans le traitement de l\u2019alcoolisme.<\/p>\n","protected":false},"featured_media":8289,"comment_status":"open","ping_status":"closed","template":"","meta":[],"product_brand":[],"product_cat":[480],"product_tag":[],"class_list":{"0":"post-8311","1":"product","2":"type-product","3":"status-publish","4":"has-post-thumbnail","6":"product_cat-sante-generale-fr","7":"pa_active_substance-disulfiram","9":"first","10":"instock","11":"shipping-taxable","12":"product-type-variable"},"jetpack_sharing_enabled":true,"_links":{"self":[{"href":"https:\/\/www.pharmacy-content.com\/wp-json\/wp\/v2\/product\/8311","targetHints":{"allow":["GET"]}}],"collection":[{"href":"https:\/\/www.pharmacy-content.com\/wp-json\/wp\/v2\/product"}],"about":[{"href":"https:\/\/www.pharmacy-content.com\/wp-json\/wp\/v2\/types\/product"}],"replies":[{"embeddable":true,"href":"https:\/\/www.pharmacy-content.com\/wp-json\/wp\/v2\/comments?post=8311"}],"wp:featuredmedia":[{"embeddable":true,"href":"https:\/\/www.pharmacy-content.com\/wp-json\/wp\/v2\/media\/8289"}],"wp:attachment":[{"href":"https:\/\/www.pharmacy-content.com\/wp-json\/wp\/v2\/media?parent=8311"}],"wp:term":[{"taxonomy":"product_brand","embeddable":true,"href":"https:\/\/www.pharmacy-content.com\/wp-json\/wp\/v2\/product_brand?post=8311"},{"taxonomy":"product_cat","embeddable":true,"href":"https:\/\/www.pharmacy-content.com\/wp-json\/wp\/v2\/product_cat?post=8311"},{"taxonomy":"product_tag","embeddable":true,"href":"https:\/\/www.pharmacy-content.com\/wp-json\/wp\/v2\/product_tag?post=8311"}],"curies":[{"name":"wp","href":"https:\/\/api.w.org\/{rel}","templated":true}]}}