{"id":8258,"date":"2026-04-22T07:08:56","date_gmt":"2026-04-22T07:08:56","guid":{"rendered":""},"modified":"2026-04-22T07:09:02","modified_gmt":"2026-04-22T07:09:02","slug":"bimat-6","status":"publish","type":"product","link":"https:\/\/www.pharmacy-content.com\/?product=bimat-6&lang=pl","title":{"rendered":"Bimat"},"content":{"rendered":"<p>Powszechne zastosowanie<br \/>\nAktywnym sk\u0142adnikiem kropli do oczu Bimat jest Bimatoprost. Twoje oko zawiera wodnisty p\u0142yn, kt\u00f3ry od\u017cywia wn\u0119trze oka. P\u0142yn ten jest stale usuwany z oka i zast\u0119puje go \u015bwie\u017cym. Je\u015bli proces drena\u017cu nie jest wystarczaj\u0105co szybki, prowadzi to do wzrostu ci\u015bnienia wewn\u0105trzga\u0142kowego. Bimatoprost dzia\u0142a poprzez zmniejszenie poziomu p\u0142ynu i zwi\u0119kszenie ilo\u015bci p\u0142ynu wyp\u0142ywaj\u0105cego z oka, co powoduje spadek ci\u015bnienia wewn\u0105trzga\u0142kowego.<br \/>\nDawkowanie i spos\u00f3b stosowania<br \/>\nKrople do oczu Bimat nale\u017cy nak\u0142ada\u0107 do oka raz dziennie. Nie trzeba nak\u0142ada\u0107 go na oba oczy, wystarczy na oko wymagaj\u0105ce leczenia ze wzgl\u0119du na zdiagnozowan\u0105 jaskr\u0119 lub wysokie ci\u015bnienie wewn\u0105trzga\u0142kowe. Preferowan\u0105 por\u0105 stosowania leku jest wiecz\u00f3r. Je\u017celi krople do oczu Bimat stosuje si\u0119 z innym rodzajem leku do oczu, nale\u017cy odczeka\u0107 pi\u0119tna\u015bcie minut. Prawid\u0142owy spos\u00f3b aplikacji kropli do oczu Bimat polega na zdj\u0119ciu soczewek kontaktowych, a nast\u0119pnie wyci\u015bni\u0119ciu kilku kropli do oka. Po wykonaniu tej czynno\u015bci nale\u017cy rozprowadzi\u0107 p\u0142yn po ca\u0142ym oku, powoli je zamykaj\u0105c i otwieraj\u0105c.<br \/>\n\u015arodki ostro\u017cno\u015bci<br \/>\nZdecydowanie zaleca si\u0119, aby przed rozpocz\u0119ciem stosowania tego leku porozmawia\u0107 z lekarzem lub farmaceut\u0105. Poinformuj swojego lekarza o wszystkich rodzajach lek\u00f3w, kt\u00f3rych u\u017cywasz. Je\u015bli u\u017cywasz innych lek\u00f3w do oczu, pami\u0119taj o zachowaniu pi\u0119tnastominutowej przerwy pomi\u0119dzy ich podaniem. Nie dotykaj zakraplacza butelki bezpo\u015brednio r\u0119kami, poniewa\u017c mo\u017cesz go zanieczy\u015bci\u0107, co mo\u017ce prowadzi\u0107 do infekcji. Soczewki kontaktowe utrudniaj\u0105 podanie leku i mog\u0105 zak\u0142\u00f3ca\u0107 jego dzia\u0142anie, gdy\u017c mog\u0105 wch\u0142ania\u0107 lek. Je\u015bli niedawno dozna\u0142e\u015b urazu oka, przed zastosowaniem leku skontaktuj si\u0119 z lekarzem. Po zastosowaniu kropli do oczu Bimat nie nale\u017cy obs\u0142ugiwa\u0107 ci\u0119\u017ckich maszyn, gdy\u017c mog\u0105 one spowodowa\u0107 przej\u015bciowe zaburzenia widzenia.<br \/>\nPrzeciwwskazania<br \/>\nJe\u015bli jeste\u015b uczulony na substancj\u0119 czynn\u0105 zawart\u0105 w kroplach do oczu Bimat, nie stosuj tego leku. Mo\u017cliwe objawy reakcji alergicznej to trudno\u015bci w oddychaniu, trudno\u015bci w po\u0142ykaniu, obrz\u0119k, ucisk w klatce piersiowej, wysypki sk\u00f3rne. Aby uzyska\u0107 najlepsze rezultaty, nale\u017cy zawsze post\u0119powa\u0107 zgodnie z instrukcjami lekarza lub farmaceuty. Nie przegap dawki. Nale\u017cy powiedzie\u0107 lekarzowi, je\u015bli cierpisz na inne choroby, takie jak choroby nerek lub serca, lub je\u015bli jeste\u015b w ci\u0105\u017cy lub starasz si\u0119 zaj\u015b\u0107 w ci\u0105\u017c\u0119.<br \/>\nMo\u017cliwe skutki uboczne<br \/>\nNiekt\u00f3re z najcz\u0119stszych skutk\u00f3w ubocznych tego leku s\u0105 w wi\u0119kszo\u015bci nieszkodliwe i mog\u0105 obejmowa\u0107 podra\u017cnienie oczu, uczucie pieczenia, zaczerwienienie, k\u0142ucie, sw\u0119dzenie, \u0142zawienie oczu i czasami przebarwienie t\u0119cz\u00f3wki. Inne dzia\u0142ania niepo\u017c\u0105dane, kt\u00f3re s\u0105 powa\u017cniejsze, obejmuj\u0105 b\u00f3le g\u0142owy, nadwra\u017cliwo\u015b\u0107 na \u015bwiat\u0142o, \u015bwiat\u0142owstr\u0119t, sucho\u015b\u0107 oczu, niewyra\u017ane widzenie i obrz\u0119k powiek.<br \/>\nInterakcje lek\u00f3w<br \/>\nNie nale\u017cy stosowa\u0107 kropli do oczu Bimat, je\u015bli stosujesz ju\u017c jeden lub wi\u0119cej z nast\u0119puj\u0105cych lek\u00f3w: latanoprost do oczu, miejscowo z bimatoprostem lub je\u015bli stosujesz inne leki zawieraj\u0105ce substancj\u0119 czynn\u0105 Latisse lub Xalatan. Ponadto, je\u015bli cierpisz na zapalenie b\u0142ony naczyniowej oka, chorob\u0119 nerek lub w\u0105troby, obrz\u0119k plamki, nie stosuj tego leku.<br \/>\nPomini\u0119ta dawka<br \/>\n Zaleca si\u0119 przestrzeganie harmonogramu zaleconego przez lekarza, ale w przypadku pomini\u0119cia dawki, kontynuuj u\u017cywanie go tak jak zwykle; nie podwaja\u0107 dawki.<br \/>\nPrzedawkowanie<br \/>\nObjawy przedawkowania mog\u0105 obejmowa\u0107 nadwra\u017cliwo\u015b\u0107 na \u015bwiat\u0142o i r\u00f3\u017cowe oczy. W takim przypadku nale\u017cy natychmiast zwr\u00f3ci\u0107 si\u0119 o pomoc lekarsk\u0105.<br \/>\nPrzechowywanie<br \/>\nPrzechowywa\u0107 z dala od \u017ar\u00f3de\u0142 ciep\u0142a. Przechowuj go w ciemnym miejscu, unikaj\u0105c ciep\u0142a i wilgoci. Trzymaj go z dala od dzieci.<br \/>\nZastrze\u017cenie<br \/>\nPodajemy jedynie og\u00f3lne informacje na temat lek\u00f3w, kt\u00f3re nie obejmuj\u0105 wszystkich wskaz\u00f3wek, mo\u017cliwych interakcji lek\u00f3w ani \u015brodk\u00f3w ostro\u017cno\u015bci. Informacje zawarte na stronie nie mog\u0105 by\u0107 wykorzystywane do samodzielnego leczenia i autodiagnozy. Wszelkie szczeg\u00f3\u0142owe instrukcje dla konkretnego pacjenta nale\u017cy uzgodni\u0107 z doradc\u0105 ds. opieki zdrowotnej lub lekarzem prowadz\u0105cym dany przypadek. Zrzekamy si\u0119 wiarygodno\u015bci tych informacji i wszelkich b\u0142\u0119d\u00f3w, jakie mog\u0105 one zawiera\u0107. Nie ponosimy odpowiedzialno\u015bci za jakiekolwiek bezpo\u015brednie, po\u015brednie, specjalne lub inne po\u015brednie szkody powsta\u0142e w wyniku wykorzystania informacji zawartych na tej stronie, a tak\u017ce za konsekwencje samoleczenia.<\/p>\n","protected":false},"excerpt":{"rendered":"<p>Krople do oczu Bimat Generyczny stosuj\u0105 pacjenci, u kt\u00f3rych zdiagnozowano wysokie ci\u015bnienie wewn\u0105trzga\u0142kowe, kt\u00f3re mo\u017ce prowadzi\u0107 do jaskry. Nieleczona jaskra mo\u017ce prowadzi\u0107 do \u015blepoty. Zmniejszaj\u0105c ci\u015bnienie wewn\u0105trzga\u0142kowe, ryzyko \u015blepoty zwi\u0105zanej z t\u0105 chorob\u0105 jest drastycznie zmniejszone.<\/p>\n","protected":false},"featured_media":8228,"comment_status":"open","ping_status":"closed","template":"","meta":[],"product_brand":[],"product_cat":[459],"product_tag":[],"class_list":{"0":"post-8258","1":"product","2":"type-product","3":"status-publish","4":"has-post-thumbnail","6":"product_cat-krople-do-oczu-pl","7":"pa_active_substance-bimatoprost","9":"first","10":"instock","11":"shipping-taxable","12":"product-type-variable"},"jetpack_sharing_enabled":true,"_links":{"self":[{"href":"https:\/\/www.pharmacy-content.com\/index.php?rest_route=\/wp\/v2\/product\/8258","targetHints":{"allow":["GET"]}}],"collection":[{"href":"https:\/\/www.pharmacy-content.com\/index.php?rest_route=\/wp\/v2\/product"}],"about":[{"href":"https:\/\/www.pharmacy-content.com\/index.php?rest_route=\/wp\/v2\/types\/product"}],"replies":[{"embeddable":true,"href":"https:\/\/www.pharmacy-content.com\/index.php?rest_route=%2Fwp%2Fv2%2Fcomments&post=8258"}],"wp:featuredmedia":[{"embeddable":true,"href":"https:\/\/www.pharmacy-content.com\/index.php?rest_route=\/wp\/v2\/media\/8228"}],"wp:attachment":[{"href":"https:\/\/www.pharmacy-content.com\/index.php?rest_route=%2Fwp%2Fv2%2Fmedia&parent=8258"}],"wp:term":[{"taxonomy":"product_brand","embeddable":true,"href":"https:\/\/www.pharmacy-content.com\/index.php?rest_route=%2Fwp%2Fv2%2Fproduct_brand&post=8258"},{"taxonomy":"product_cat","embeddable":true,"href":"https:\/\/www.pharmacy-content.com\/index.php?rest_route=%2Fwp%2Fv2%2Fproduct_cat&post=8258"},{"taxonomy":"product_tag","embeddable":true,"href":"https:\/\/www.pharmacy-content.com\/index.php?rest_route=%2Fwp%2Fv2%2Fproduct_tag&post=8258"}],"curies":[{"name":"wp","href":"https:\/\/api.w.org\/{rel}","templated":true}]}}