{"id":8252,"date":"2026-04-22T07:08:55","date_gmt":"2026-04-22T07:08:55","guid":{"rendered":""},"modified":"2026-04-22T07:09:02","modified_gmt":"2026-04-22T07:09:02","slug":"bimat-5","status":"publish","type":"product","link":"https:\/\/www.pharmacy-content.com\/?product=bimat-5&lang=es","title":{"rendered":"Bimat"},"content":{"rendered":"<p>Uso com\u00fan<br \/>\nEl ingrediente activo del colirio Bimat es Bimatoprost. Su ojo contiene un l\u00edquido acuoso que sirve para alimentar el interior del ojo. Constantemente, este l\u00edquido se drena del ojo y lo reemplaza uno nuevo. Si el proceso de drenaje no es lo suficientemente r\u00e1pido, se produce un aumento de la presi\u00f3n intraocular. El bimatoprost act\u00faa reduciendo los niveles de l\u00edquido y aumentando la cantidad de l\u00edquido que se drena del ojo, lo que produce una ca\u00edda de la presi\u00f3n intraocular.<br \/>\nDosis y direcci\u00f3n<br \/>\nLas gotas para los ojos Bimat se deben aplicar una vez al d\u00eda en el ojo. No es necesario aplicarlo en ambos ojos, s\u00f3lo en el ojo que necesita tratamiento por un caso diagnosticado de glaucoma o presi\u00f3n intraocular alta. El momento preferido para aplicar el medicamento es por la noche. Si se utiliza el colirio Bimat con otro tipo de medicamento oftalmol\u00f3gico, el tiempo que se debe esperar entre ambos es de quince minutos. La forma correcta de aplicar las gotas para los ojos Bimat es quit\u00e1ndose primero las lentes de contacto y luego aplicando unas gotas en el ojo. Luego de haber hecho esto, es necesario proceder a esparcir el l\u00edquido por todo el ojo cerr\u00e1ndolo y abri\u00e9ndolo lentamente.<br \/>\nPrecauciones<br \/>\nSe recomienda encarecidamente que hable con su m\u00e9dico o farmac\u00e9utico antes de comenzar a tomar este medicamento. Informe a su m\u00e9dico sobre todos los tipos de medicamentos que est\u00e9 usando. Si est\u00e1 usando otros medicamentos para los ojos, aseg\u00farese de dejar un espacio de quince minutos entre la administraci\u00f3n de los dos. No toques el gotero del frasco directamente con las manos, ya que puedes contaminarlo y provocar una infecci\u00f3n. Las lentes de contacto dificultan la administraci\u00f3n del f\u00e1rmaco y pueden interferir con sus efectos, ya que pueden absorber el f\u00e1rmaco. Si ha tenido una lesi\u00f3n ocular reciente, comun\u00edquese con su m\u00e9dico antes de usar el medicamento. No opere maquinaria pesada despu\u00e9s de usar las gotas para los ojos Bimat, ya que pueden causar problemas de visi\u00f3n temporales.<br \/>\nContraindicaciones<br \/>\nSi es al\u00e9rgico al principio activo de las gotas para los ojos Bimat, no use este medicamento. Los posibles s\u00edntomas de una reacci\u00f3n al\u00e9rgica son dificultad para respirar, dificultad para tragar, hinchaz\u00f3n, opresi\u00f3n en el pecho y erupciones cut\u00e1neas. Siga siempre las instrucciones que le d\u00e9 su m\u00e9dico o farmac\u00e9utico para obtener mejores resultados. No te olvides de una dosis. Informe a su m\u00e9dico si padece otras enfermedades, como enfermedades renales o card\u00edacas, o si est\u00e1 embarazada o intentando quedar embarazada.<br \/>\nPosibles efectos secundarios<br \/>\nAlgunos de los efectos secundarios m\u00e1s comunes de este medicamento son en su mayor\u00eda inofensivos y pueden incluir irritaci\u00f3n en los ojos, sensaci\u00f3n de ardor, enrojecimiento, escozor, picaz\u00f3n, ojos llorosos y, a veces, decoloraci\u00f3n del iris. Otros efectos secundarios, que son m\u00e1s graves, incluyen dolores de cabeza, fotosensibilidad, fotofobia, ojos secos, visi\u00f3n borrosa y p\u00e1rpados hinchados.<br \/>\nInteracci\u00f3n con otros medicamentos<br \/>\nNo use gotas para los ojos Bimat si ya est\u00e1 usando uno o m\u00e1s de los siguientes medicamentos: latanoprost oft\u00e1lmico, bimatoprost t\u00f3pico o si est\u00e1 usando otros medicamentos que contienen los ingredientes activos Latisse o Xalatan. Adem\u00e1s, si padece uve\u00edtis, enfermedad renal o hep\u00e1tica o edema macular, no utilice este medicamento.<br \/>\nDosis omitida<br \/>\nEs preferible que siga el horario prescrito por su m\u00e9dico, pero en caso de que omita una dosis, contin\u00faa us\u00e1ndolo como lo haces normalmente; no duplique la dosis.<br \/>\nSobredosis<br \/>\nLos s\u00edntomas de una sobredosis pueden incluir sensibilidad a la luz y ojos rosados. Si este es el caso, busque atenci\u00f3n m\u00e9dica inmediata.<br \/>\nAlmacenamiento<br \/>\nMantener alejado del calor. Gu\u00e1rdalo en un lugar oscuro, evitando el calor y la humedad. Mant\u00e9ngalo alejado de los ni\u00f1os.<br \/>\nDescargo de responsabilidad<br \/>\nSolo proporcionamos informaci\u00f3n general sobre medicamentos, que no cubre todas las instrucciones, posibles interacciones entre medicamentos ni precauciones. La informaci\u00f3n contenida en el sitio no se puede utilizar para autotratamiento y autodiagn\u00f3stico. Cualquier instrucci\u00f3n espec\u00edfica para un paciente en particular debe acordarse con su asesor de atenci\u00f3n m\u00e9dica o m\u00e9dico a cargo del caso. Renunciamos a la fiabilidad de esta informaci\u00f3n y a cualquier error que pueda contener. No somos responsables de ning\u00fan da\u00f1o directo, indirecto, especial u otro da\u00f1o indirecto como resultado de cualquier uso de la informaci\u00f3n en este sitio y tampoco de las consecuencias del autotratamiento.<\/p>\n","protected":false},"excerpt":{"rendered":"<p>Bimat se utiliza para el glaucoma, la hipertensi\u00f3n ocular y otras afecciones, y tambi\u00e9n para alargar las pesta\u00f1as<\/p>\n","protected":false},"featured_media":8228,"comment_status":"open","ping_status":"closed","template":"","meta":[],"product_brand":[],"product_cat":[456],"product_tag":[],"class_list":{"0":"post-8252","1":"product","2":"type-product","3":"status-publish","4":"has-post-thumbnail","6":"product_cat-gotas-para-los-ojos-es","7":"pa_active_substance-bimatoprost","9":"first","10":"instock","11":"shipping-taxable","12":"product-type-variable"},"jetpack_sharing_enabled":true,"_links":{"self":[{"href":"https:\/\/www.pharmacy-content.com\/index.php?rest_route=\/wp\/v2\/product\/8252","targetHints":{"allow":["GET"]}}],"collection":[{"href":"https:\/\/www.pharmacy-content.com\/index.php?rest_route=\/wp\/v2\/product"}],"about":[{"href":"https:\/\/www.pharmacy-content.com\/index.php?rest_route=\/wp\/v2\/types\/product"}],"replies":[{"embeddable":true,"href":"https:\/\/www.pharmacy-content.com\/index.php?rest_route=%2Fwp%2Fv2%2Fcomments&post=8252"}],"wp:featuredmedia":[{"embeddable":true,"href":"https:\/\/www.pharmacy-content.com\/index.php?rest_route=\/wp\/v2\/media\/8228"}],"wp:attachment":[{"href":"https:\/\/www.pharmacy-content.com\/index.php?rest_route=%2Fwp%2Fv2%2Fmedia&parent=8252"}],"wp:term":[{"taxonomy":"product_brand","embeddable":true,"href":"https:\/\/www.pharmacy-content.com\/index.php?rest_route=%2Fwp%2Fv2%2Fproduct_brand&post=8252"},{"taxonomy":"product_cat","embeddable":true,"href":"https:\/\/www.pharmacy-content.com\/index.php?rest_route=%2Fwp%2Fv2%2Fproduct_cat&post=8252"},{"taxonomy":"product_tag","embeddable":true,"href":"https:\/\/www.pharmacy-content.com\/index.php?rest_route=%2Fwp%2Fv2%2Fproduct_tag&post=8252"}],"curies":[{"name":"wp","href":"https:\/\/api.w.org\/{rel}","templated":true}]}}