{"id":8240,"date":"2026-04-22T07:08:53","date_gmt":"2026-04-22T07:08:53","guid":{"rendered":""},"modified":"2026-04-22T07:09:02","modified_gmt":"2026-04-22T07:09:02","slug":"bimat-3","status":"publish","type":"product","link":"https:\/\/www.pharmacy-content.com\/?product=bimat-3&lang=fr","title":{"rendered":"Bimat"},"content":{"rendered":"<p>Usage courant<br \/>\nL&#8217;ingr\u00e9dient actif du collyre Bimat est le bimatoprost. Votre \u0153il contient un liquide aqueux qui sert \u00e0 nourrir l\u2019int\u00e9rieur de l\u2019\u0153il. Ce liquide est constamment \u00e9vacu\u00e9 de l\u2019\u0153il et remplac\u00e9 par un nouveau. Si le processus de drainage n\u2019est pas assez rapide, cela entra\u00eene une augmentation de la pression intraoculaire. Le bimatoprost agit en r\u00e9duisant les niveaux de liquide et en augmentant la quantit\u00e9 de liquide drain\u00e9 de l&#8217;\u0153il, ce qui entra\u00eene une baisse de la pression intraoculaire.<br \/>\nPosologie et administration<br \/>\nLe collyre Bimat doit \u00eatre appliqu\u00e9 une fois par jour sur l&#8217;\u0153il. Vous n&#8217;\u00eates pas oblig\u00e9 de l&#8217;appliquer sur les deux yeux, mais uniquement sur l&#8217;\u0153il qui n\u00e9cessite un traitement pour un cas diagnostiqu\u00e9 de glaucome ou de pression intraoculaire \u00e9lev\u00e9e. Le moment pr\u00e9f\u00e9r\u00e9 pour appliquer le m\u00e9dicament est le soir. Si le collyre Bimat est utilis\u00e9 avec un autre type de m\u00e9dicament pour les yeux, le temps d&#8217;attente entre les deux est de quinze minutes. La bonne fa\u00e7on d\u2019appliquer le collyre Bimat consiste \u00e0 retirer d\u2019abord vos lentilles de contact, puis \u00e0 en verser quelques gouttes dans votre \u0153il. Apr\u00e8s avoir fait cela, vous devez proc\u00e9der \u00e0 r\u00e9partir le liquide sur tout l&#8217;\u0153il en le fermant et en le rouvrant lentement.<br \/>\nPr\u00e9cautions<br \/>\nIl est fortement recommand\u00e9 de parler \u00e0 votre m\u00e9decin ou \u00e0 votre pharmacien avant de commencer \u00e0 prendre ce m\u00e9dicament. Informez votre m\u00e9decin de tous les types de m\u00e9dicaments que vous utilisez. Si vous utilisez d&#8217;autres m\u00e9dicaments pour les yeux, veillez \u00e0 laisser un intervalle de quinze minutes entre l&#8217;administration des deux. Ne touchez pas le compte-gouttes du flacon directement avec vos mains, car vous pourriez le contaminer, ce qui peut entra\u00eener une infection. Les lentilles de contact rendent l&#8217;administration du m\u00e9dicament difficile et peuvent interf\u00e9rer avec ses effets, car elles peuvent absorber le m\u00e9dicament. Si vous avez r\u00e9cemment subi une blessure aux yeux, contactez votre m\u00e9decin avant d&#8217;utiliser le m\u00e9dicament. N&#8217;utilisez pas de machines lourdes apr\u00e8s avoir utilis\u00e9 le collyre Bimat, car elles pourraient entra\u00eener une alt\u00e9ration temporaire de la vision.<br \/>\nContre-indications<br \/>\nSi vous \u00eates allergique au principe actif du collyre Bimat, n&#8217;utilisez pas ce m\u00e9dicament. Les sympt\u00f4mes possibles d&#8217;une r\u00e9action allergique sont des difficult\u00e9s respiratoires, des difficult\u00e9s \u00e0 avaler, un gonflement, une oppression thoracique et des \u00e9ruptions cutan\u00e9es. Suivez toujours les instructions donn\u00e9es par votre m\u00e9decin ou votre pharmacien pour obtenir les meilleurs r\u00e9sultats. Ne manquez pas une dose. Informez votre m\u00e9decin si vous souffrez d&#8217;autres maladies telles qu&#8217;une maladie r\u00e9nale ou cardiaque ou si vous \u00eates enceinte ou essayez de tomber enceinte.<br \/>\nEffets secondaires possibles<br \/>\nCertains des effets secondaires les plus courants de ce m\u00e9dicament sont pour la plupart inoffensifs et peuvent inclure une irritation de la peau. les yeux, une sensation de br\u00fblure, des rougeurs, des picotements, des d\u00e9mangeaisons, des larmoiements et parfois une d\u00e9coloration de l&#8217;iris. D&#8217;autres effets secondaires, plus graves, comprennent les maux de t\u00eate, la photosensibilit\u00e9, la photophobie, la s\u00e9cheresse oculaire, la vision floue et le gonflement des paupi\u00e8res.<br \/>\nInteraction m\u00e9dicamenteuse<br \/>\nN&#8217;utilisez pas le collyre Bimat si vous utilisez d\u00e9j\u00e0 un ou plusieurs des m\u00e9dicaments suivants : latanoprost ophtalmique, bimatoprost topique ou si vous utilisez d&#8217;autres m\u00e9dicaments contenant les ingr\u00e9dients actifs Latisse ou Xalatan. De plus, si vous souffrez d&#8217;uv\u00e9ite, de maladie r\u00e9nale ou h\u00e9patique, d&#8217;\u0153d\u00e8me maculaire, n&#8217;utilisez pas ce m\u00e9dicament.<br \/>\nDose oubli\u00e9e<br \/>\nIl est pr\u00e9f\u00e9rable de respecter le calendrier prescrit par votre m\u00e9decin, mais dans le cas o\u00f9 vous oubliez une dose, continuez \u00e0 l&#8217;utiliser comme vous le faites habituellement ; ne doublez pas la dose.<br \/>\nSurdosage<br \/>\nLes sympt\u00f4mes d&#8217;un surdosage peuvent inclure une sensibilit\u00e9 \u00e0 la lumi\u00e8re et des yeux roses. Si tel est le cas, consultez imm\u00e9diatement un m\u00e9decin.<br \/>\nStockage<br \/>\nConserver \u00e0 l&#8217;\u00e9cart de la chaleur. Conservez-le dans un endroit sombre, \u00e0 l\u2019abri de la chaleur et de l\u2019humidit\u00e9. Gardez-le hors de port\u00e9e des enfants.<br \/>\nAvertissement<br \/>\nNous fournissons uniquement des informations g\u00e9n\u00e9rales sur les m\u00e9dicaments, qui ne couvrent pas toutes les instructions, les interactions m\u00e9dicamenteuses possibles ou les pr\u00e9cautions. Les informations pr\u00e9sentes sur le site ne peuvent \u00eatre utilis\u00e9es \u00e0 des fins d&#8217;auto-traitement et d&#8217;autodiagnostic. Toute instruction sp\u00e9cifique pour un patient particulier doit \u00eatre convenue avec votre conseiller en soins de sant\u00e9 ou votre m\u00e9decin en charge du cas. Nous d\u00e9clinons la fiabilit\u00e9 de ces informations et des erreurs qu&#8217;elles pourraient contenir. Nous ne sommes pas responsables de tout dommage direct, indirect, sp\u00e9cial ou autre indirect r\u00e9sultant de toute utilisation des informations pr\u00e9sentes sur ce site ainsi que des cons\u00e9quences de l&#8217;auto-traitement.<\/p>\n","protected":false},"excerpt":{"rendered":"<p>Bimat est utilis\u00e9 dans le traitement du glaucome, de l&#8217;hypertension oculaire, de l&#8217;allongement des cils et d&#8217;autres maladies.<\/p>\n","protected":false},"featured_media":8228,"comment_status":"open","ping_status":"closed","template":"","meta":[],"product_brand":[],"product_cat":[450],"product_tag":[],"class_list":{"0":"post-8240","1":"product","2":"type-product","3":"status-publish","4":"has-post-thumbnail","6":"product_cat-gouttes-pour-les-yeux-fr","7":"pa_active_substance-bimatoprost","9":"first","10":"instock","11":"shipping-taxable","12":"product-type-variable"},"jetpack_sharing_enabled":true,"_links":{"self":[{"href":"https:\/\/www.pharmacy-content.com\/index.php?rest_route=\/wp\/v2\/product\/8240","targetHints":{"allow":["GET"]}}],"collection":[{"href":"https:\/\/www.pharmacy-content.com\/index.php?rest_route=\/wp\/v2\/product"}],"about":[{"href":"https:\/\/www.pharmacy-content.com\/index.php?rest_route=\/wp\/v2\/types\/product"}],"replies":[{"embeddable":true,"href":"https:\/\/www.pharmacy-content.com\/index.php?rest_route=%2Fwp%2Fv2%2Fcomments&post=8240"}],"wp:featuredmedia":[{"embeddable":true,"href":"https:\/\/www.pharmacy-content.com\/index.php?rest_route=\/wp\/v2\/media\/8228"}],"wp:attachment":[{"href":"https:\/\/www.pharmacy-content.com\/index.php?rest_route=%2Fwp%2Fv2%2Fmedia&parent=8240"}],"wp:term":[{"taxonomy":"product_brand","embeddable":true,"href":"https:\/\/www.pharmacy-content.com\/index.php?rest_route=%2Fwp%2Fv2%2Fproduct_brand&post=8240"},{"taxonomy":"product_cat","embeddable":true,"href":"https:\/\/www.pharmacy-content.com\/index.php?rest_route=%2Fwp%2Fv2%2Fproduct_cat&post=8240"},{"taxonomy":"product_tag","embeddable":true,"href":"https:\/\/www.pharmacy-content.com\/index.php?rest_route=%2Fwp%2Fv2%2Fproduct_tag&post=8240"}],"curies":[{"name":"wp","href":"https:\/\/api.w.org\/{rel}","templated":true}]}}