{"id":8234,"date":"2026-04-22T07:08:52","date_gmt":"2026-04-22T07:08:52","guid":{"rendered":""},"modified":"2026-04-22T07:09:02","modified_gmt":"2026-04-22T07:09:02","slug":"bimat-2","status":"publish","type":"product","link":"https:\/\/www.pharmacy-content.com\/?product=bimat-2&lang=de","title":{"rendered":"Bimat"},"content":{"rendered":"<p>Allgemeine Anwendung<br \/>\nDer Wirkstoff in Bimat-Augentropfen ist Bimatoprost. Ihr Auge enth\u00e4lt eine w\u00e4ssrige Fl\u00fcssigkeit, die dazu dient, das Innere des Auges zu ern\u00e4hren. St\u00e4ndig wird diese Fl\u00fcssigkeit aus dem Auge abgelassen und durch eine frische ersetzt. Erfolgt der Entleerungsprozess nicht schnell genug, f\u00fchrt dies zu einem Anstieg des Augeninnendrucks. Bimatoprost wirkt, indem es den Fl\u00fcssigkeitsspiegel senkt und die Fl\u00fcssigkeitsmenge erh\u00f6ht, die aus dem Auge abflie\u00dft, was zu einem Abfall des Augeninnendrucks f\u00fchrt.<br \/>\nDosierung und Anwendung<br \/>\nBimat-Augentropfen sollten einmal t\u00e4glich auf das Auge aufgetragen werden. Sie m\u00fcssen es nicht auf beide Augen auftragen, sondern nur auf das Auge, das bei einem diagnostizierten Glaukom oder hohem Augeninnendruck behandelt werden muss. Der bevorzugte Zeitpunkt f\u00fcr die Anwendung des Arzneimittels ist der Abend. Wenn Bimat-Augentropfen zusammen mit einem anderen Augenmedikament angewendet werden, sollten Sie zwischen den beiden Augentropfen f\u00fcnfzehn Minuten warten. Die richtige Art und Weise, die Bimat-Augentropfen anzuwenden, besteht darin, zuerst Ihre Kontaktlinsen zu entfernen und dann ein paar Tropfen in Ihr Auge zu tr\u00e4ufeln. Nachdem Sie dies getan haben, m\u00fcssen Sie damit fortfahren, die Fl\u00fcssigkeit im gesamten Auge zu verteilen, indem Sie es langsam schlie\u00dfen und wieder \u00f6ffnen.<br \/>\nVorsichtsma\u00dfnahmen<br \/>\nEs wird dringend empfohlen, dass Sie mit Ihrem Arzt oder Apotheker sprechen, bevor Sie mit der Einnahme dieses Arzneimittels beginnen. Informieren Sie Ihren Arzt \u00fcber alle Arten von Medikamenten, die Sie einnehmen. Wenn Sie andere Augenmedikamente verwenden, stellen Sie sicher, dass zwischen der Verabreichung der beiden Medikamente ein Abstand von f\u00fcnfzehn Minuten eingehalten wird. Ber\u00fchren Sie den Tropfer der Flasche nicht direkt mit Ihren H\u00e4nden, da er dadurch verunreinigt werden k\u00f6nnte, was zu einer Infektion f\u00fchren kann. Kontaktlinsen erschweren die Verabreichung des Medikaments und k\u00f6nnen dessen Wirkung beeintr\u00e4chtigen, da sie das Medikament absorbieren k\u00f6nnen. Wenn Sie k\u00fcrzlich eine Augenverletzung erlitten haben, wenden Sie sich vor der Anwendung des Arzneimittels an Ihren Arzt. Bedienen Sie nach der Anwendung von Bimat-Augentropfen keine schweren Maschinen, da diese zu vor\u00fcbergehenden Sehst\u00f6rungen f\u00fchren k\u00f6nnen.<br \/>\nGegenanzeigen<br \/>\nWenn Sie allergisch gegen den Wirkstoff in Bimat-Augentropfen sind, verwenden Sie dieses Arzneimittel nicht. M\u00f6gliche Symptome einer allergischen Reaktion sind Atembeschwerden, Schluckbeschwerden, Schwellungen, Engegef\u00fchl in der Brust und Hautausschl\u00e4ge. Befolgen Sie immer die Anweisungen Ihres Arztes oder Apothekers, um optimale Ergebnisse zu erzielen. Verpassen Sie keine Dosis. Informieren Sie Ihren Arzt, wenn Sie an anderen Erkrankungen wie Nieren- oder Herzerkrankungen leiden oder schwanger sind oder versuchen, schwanger zu werden.<br \/>\nM\u00f6gliche Nebenwirkungen<br \/>\nEinige der h\u00e4ufigsten Nebenwirkungen dieses Arzneimittels sind gr\u00f6\u00dftenteils harmlos und k\u00f6nnen Reizungen umfassen Augengef\u00fchl, Brennen, R\u00f6tung, Stechen, Juckreiz, tr\u00e4nende Augen und manchmal Verf\u00e4rbung der Iris. Andere schwerwiegendere Nebenwirkungen sind Kopfschmerzen, Lichtempfindlichkeit, Lichtscheu, trockene Augen, verschwommenes Sehen und geschwollene Augenlider.<br \/>\nWechselwirkungen mit anderen Arzneimitteln<br \/>\nVerwenden Sie Bimat-Augentropfen nicht, wenn Sie bereits eines oder mehrere der folgenden Arzneimittel einnehmen: Latanoprost ophthalmisch, Bimatoprost topisch oder wenn Sie andere Arzneimittel einnehmen, die die Wirkstoffe Latisse oder Xalatan enthalten. Auch wenn Sie an Uveitis, einer Nieren- oder Lebererkrankung oder einem Makula\u00f6dem leiden, sollten Sie dieses Arzneimittel nicht verwenden.<br \/>\nVerpasste Dosis<br \/>\nEs wird empfohlen, dass Sie sich an den von Ihrem Arzt verordneten Zeitplan halten, aber falls Sie eine Dosis vergessen haben, Verwenden Sie es weiterhin wie gewohnt; Verdoppeln Sie die Dosis nicht.<br \/>\n\u00dcberdosierung<br \/>\nSymptome einer \u00dcberdosierung k\u00f6nnen Lichtempfindlichkeit und rosafarbene Augen sein. Suchen Sie in diesem Fall sofort einen Arzt auf.<br \/>\nLagerung<br \/>\nVon Hitze fernhalten. Bewahren Sie es an einem dunklen Ort auf und vermeiden Sie Hitze und Feuchtigkeit. Bewahren Sie es au\u00dferhalb der Reichweite von Kindern auf.<br \/>\nHaftungsausschluss<br \/>\nWir stellen nur allgemeine Informationen zu Medikamenten zur Verf\u00fcgung, die nicht alle Anwendungsgebiete, m\u00f6gliche Wechselwirkungen mit anderen Arzneimitteln oder Vorsichtsma\u00dfnahmen abdecken. Die Informationen auf der Website k\u00f6nnen nicht zur Selbstbehandlung und Selbstdiagnose verwendet werden. Spezifische Anweisungen f\u00fcr einen bestimmten Patienten sollten mit Ihrem Gesundheitsberater oder dem f\u00fcr den Fall zust\u00e4ndigen Arzt vereinbart werden. Wir lehnen die Zuverl\u00e4ssigkeit dieser Informationen und etwaige darin enthaltene Fehler ab. Wir haften nicht f\u00fcr direkte, indirekte, besondere oder sonstige indirekte Sch\u00e4den, die sich aus der Nutzung der Informationen auf dieser Website ergeben und auch nicht f\u00fcr Folgen der Selbstbehandlung.<\/p>\n","protected":false},"excerpt":{"rendered":"<p>Bimat-Augentropfen Generisch werden von Patienten verwendet, bei denen ein Augeninnendruck diagnostiziert wurde, ein Zustand, der zu einem Glaukom f\u00fchren kann. Unbehandelt kann ein Glaukom zur Erblindung f\u00fchren. Durch die Senkung des Augeninnendrucks wird das mit dieser Erkrankung verbundene Erblindungsrisiko drastisch reduziert.<\/p>\n","protected":false},"featured_media":8228,"comment_status":"open","ping_status":"closed","template":"","meta":[],"product_brand":[],"product_cat":[447],"product_tag":[],"class_list":{"0":"post-8234","1":"product","2":"type-product","3":"status-publish","4":"has-post-thumbnail","6":"product_cat-augentropfen-de","7":"pa_active_substance-bimatoprost","9":"first","10":"instock","11":"shipping-taxable","12":"product-type-variable"},"jetpack_sharing_enabled":true,"_links":{"self":[{"href":"https:\/\/www.pharmacy-content.com\/index.php?rest_route=\/wp\/v2\/product\/8234","targetHints":{"allow":["GET"]}}],"collection":[{"href":"https:\/\/www.pharmacy-content.com\/index.php?rest_route=\/wp\/v2\/product"}],"about":[{"href":"https:\/\/www.pharmacy-content.com\/index.php?rest_route=\/wp\/v2\/types\/product"}],"replies":[{"embeddable":true,"href":"https:\/\/www.pharmacy-content.com\/index.php?rest_route=%2Fwp%2Fv2%2Fcomments&post=8234"}],"wp:featuredmedia":[{"embeddable":true,"href":"https:\/\/www.pharmacy-content.com\/index.php?rest_route=\/wp\/v2\/media\/8228"}],"wp:attachment":[{"href":"https:\/\/www.pharmacy-content.com\/index.php?rest_route=%2Fwp%2Fv2%2Fmedia&parent=8234"}],"wp:term":[{"taxonomy":"product_brand","embeddable":true,"href":"https:\/\/www.pharmacy-content.com\/index.php?rest_route=%2Fwp%2Fv2%2Fproduct_brand&post=8234"},{"taxonomy":"product_cat","embeddable":true,"href":"https:\/\/www.pharmacy-content.com\/index.php?rest_route=%2Fwp%2Fv2%2Fproduct_cat&post=8234"},{"taxonomy":"product_tag","embeddable":true,"href":"https:\/\/www.pharmacy-content.com\/index.php?rest_route=%2Fwp%2Fv2%2Fproduct_tag&post=8234"}],"curies":[{"name":"wp","href":"https:\/\/api.w.org\/{rel}","templated":true}]}}