{"id":8206,"date":"2026-04-22T07:08:40","date_gmt":"2026-04-22T07:08:40","guid":{"rendered":""},"modified":"2026-04-22T07:08:45","modified_gmt":"2026-04-22T07:08:45","slug":"rybelsus-8","status":"publish","type":"product","link":"https:\/\/www.pharmacy-content.com\/?product=rybelsus-8&lang=sv","title":{"rendered":"Rybelsus"},"content":{"rendered":"<p>Vanliga anv\u00e4ndningsomr\u00e5den<br \/>\nRybelsus kan erbjuda fler f\u00f6rdelar \u00e4n att bara st\u00f6dja fris\u00e4ttningen av insulin. Det hj\u00e4lper ocks\u00e5 till att bromsa matens r\u00f6relse genom magen. Aktiv anv\u00e4ndning av medicinen kan hj\u00e4lpa till att avv\u00e4rja m\u00e5nga sjukdomar och sjukdomar relaterade till typ 2-diabetes. N\u00e5gra av dessa inkluderar njurproblem, nervskador och hj\u00e4rtsjukdomar.<\/p>\n<p>Behandling med anv\u00e4ndning av Rybelsus kan hj\u00e4lpa typ 2-diabetiker att hantera sin sjukdom samtidigt som de f\u00f6rb\u00e4ttrar deras h\u00e4lsa i det l\u00e5nga loppet. L\u00e4kemedlet administreras vanligtvis oralt och tas en g\u00e5ng om dagen f\u00f6re mat.<\/p>\n<p>Dosering och riktning<br \/>\nRybelsus \u00e4r k\u00e4nt f\u00f6r att vara mest effektivt n\u00e4r en m\u00e5ltid intas minst 30 till 60 minuter efter att ha tagit medicinen. F\u00f6r att Rybelsus ska fungera korrekt p\u00e5 en konsekvent basis, b\u00f6r doserings- och administreringskraven f\u00f6ljas utan att misslyckas.<\/p>\n<p>Doseringen kommer att variera f\u00f6r varje patient baserat p\u00e5 l\u00e4karens rekommendation. I allm\u00e4nhet finns Rybelsus i 7 mg eller 14 mg tabletter och tas en g\u00e5ng om dagen.<\/p>\n<p>F\u00f6rsiktighets\u00e5tg\u00e4rder<br \/>\nInnan du dyker in i ett recept p\u00e5 Rybelsus finns det en hel del f\u00f6rsiktighets\u00e5tg\u00e4rder du vill \u00f6verv\u00e4ga och diskutera med din l\u00e4kare. Det f\u00f6rsta steget du vill ta \u00e4r att avsl\u00f6ja eventuella relaterade medicinska allergier du kan ha.<\/p>\n<p>Se till att \u00e4ven avsl\u00f6ja f\u00f6ljande information:<\/p>\n<p>Receptbelagda eller receptfria l\u00e4kemedel<br \/>\nVitaminer<br \/>\nV\u00e4rtbaserade produkter<br \/>\nKosttillskott<br \/>\nOm du har en historia av diabetisk retinopati, njursjukdom, pankreatit eller sjukdom i gallbl\u00e5san, kommer detta att vara viktig information som din l\u00e4kare kommer att vilja veta. F\u00f6r patienter som v\u00e4ntar en kommande operation b\u00f6r anv\u00e4ndningen av Rybelsus avsl\u00f6jas eftersom det kan orsaka komplikationer.<\/p>\n<p>Kroppsf\u00f6r\u00e4ndringar som vikt, infektioner, feber, sjukdomar och skador kan orsaka negativa effekter p\u00e5 Rybelsus effektivitet. Det finns m\u00e5nga livsstilsval som kan leda till fluktuationer i blodsockerniv\u00e5n och kan kr\u00e4va en f\u00f6r\u00e4ndring av doseringen av medicinen. Bortsett fr\u00e5n f\u00f6rsiktighets\u00e5tg\u00e4rder \u00e4r det viktigt att f\u00f6rst\u00e5 hela omfattningen av potentiella h\u00e4lsorisker n\u00e4r du tar Rybelsus.<\/p>\n<p>Moss\u00e4gelser<br \/>\nDet finns n\u00e5gra omst\u00e4ndigheter d\u00e4r du b\u00f6r undvika att ta Rybelsus. Om du har en historia av sjukdom i gallbl\u00e5san, medull\u00e4r sk\u00f6ldk\u00f6rtelcancer, pankreatit eller multipel endokrin neoplasi syndrom typ 2, ska Rybelsus inte administreras.<\/p>\n<p>M\u00f6jliga biverkningar<br \/>\nMed tanke p\u00e5 att denna medicin kan orsaka f\u00f6r\u00e4ndringar i blodsockerniv\u00e5n, n\u00e5gra f\u00e5 risker kan h\u00e4rr\u00f6ra fr\u00e5n dessa f\u00f6r\u00e4ndringar. Det b\u00f6r noteras att dessa risker inte \u00e4r en garanti utan har upplevts av vissa patienter tidigare. Vissa biverkningar n\u00e4r du tar Rybelsus inkluderar minskad aptit, kr\u00e4kningar, konsekvent rapning, f\u00f6rstoppning och buksm\u00e4rtor.<\/p>\n<p>Det finns en m\u00f6jlighet att du ocks\u00e5 kan st\u00f6ta p\u00e5 allvarligare biverkningar. N\u00e5gra av dessa kan inkludera f\u00f6r\u00e4ndringar i synkvalitet, utslag, p\u00e5g\u00e5ende buk- eller ryggsm\u00e4rtor, minskad urinering, andningssv\u00e5righeter, svullnad av f\u00f6tter, vrister eller ben och svullnad av olika omr\u00e5den i ansiktet.<\/p>\n<p>Oavsett vad sv\u00e5righetsgraden av vissa biverkningar, b\u00f6r du alltid informera din l\u00e4kare om du m\u00e4rker dem eller k\u00e4nner dig orolig. Det kan kr\u00e4va en justering av din dos, eller s\u00e5 kan din l\u00e4kare besluta att ta bort medicinen helt och h\u00e5llet.<\/p>\n<p>L\u00e4kemedelsinteraktioner<br \/>\nN\u00e4r du ordinerat Rybelsus vill du f\u00f6rs\u00e4kra dig om att du inte tar n\u00e5gon annan medicin tillsammans med det om inte annat anges av din l\u00e4kare. De flesta l\u00e4kemedelsinteraktioner du b\u00f6r undvika inkluderar receptfria l\u00e4kemedel.<\/p>\n<p>N\u00e5gra exempel inkluderar:<\/p>\n<p>Aspirin och andra sm\u00e4rtstillande l\u00e4kemedel<br \/>\nL\u00e4kemedel mot bih\u00e5leproblem<br \/>\nAlbuterol<br \/>\nL\u00e4kemedel f\u00f6r aptitkontroll<br \/>\nL\u00e4kemedel mot f\u00f6rkylningar<br \/>\nMissad dosering<br \/>\nN\u00e4r det g\u00e4ller om du av misstag missar en dos i ditt schema, \u00e4r detta inte alltf\u00f6r stor sak. Det \u00e4r dock viktigt att helt enkelt hoppa \u00f6ver dosen f\u00f6r den dagen och sedan \u00e5terg\u00e5 till ditt normala schema n\u00e4sta dag. Framf\u00f6r allt, se till att inte dubbla dosen p\u00e5 n\u00e5got s\u00e4tt. <\/p>\n<p>\u00d6verdosering<br \/>\nIntagsschemat f\u00f6r Rybelsus \u00e4r relativt enkelt, men det finns fortfarande risk f\u00f6r \u00f6verdosering, och det h\u00e4r \u00e4mnet b\u00f6r inte tas l\u00e4tt p\u00e5. Om en \u00f6verdos intr\u00e4ffar \u00e4r det viktigt att f\u00e5 tag i giftkontrollens hj\u00e4lplinje. F\u00f6r ett snabbare svar, tveka inte att ringa 911. Det skulle ocks\u00e5 vara klokt att ha n\u00e5gon med dig n\u00e4r du b\u00f6rjar med medicineringen i h\u00e4ndelse av n\u00e5gra ov\u00e4ntade biverkningar.<\/p>\n<p>F\u00f6rvaring<br \/>\nSom en tumregel b\u00f6r Rybelsus vara f\u00f6rvaras i sin ursprungliga s\u00e4kerhetsl\u00e5sbeh\u00e5llare och f\u00f6rvaras i rumstemperatur. Du vill ocks\u00e5 f\u00f6rvara den p\u00e5 en s\u00e4ker plats om du har n\u00e5gra husdjur eller barn. Om du beh\u00f6ver g\u00f6ra dig av med medicinen ska du inte bara sl\u00e4nga den i papperskorgen eller spola ner den i toaletten. F\u00f6r korrekt kassering kan du b\u00f6rja med att fr\u00e5ga din l\u00e4kare hur du ska hantera situationen.<\/p>\n<p>Friskrivning<br \/>\nVi tillhandah\u00e5ller endast allm\u00e4n information om mediciner som inte t\u00e4cker alla riktningar, m\u00f6jliga l\u00e4kemedelsintegrationer eller f\u00f6rsiktighets\u00e5tg\u00e4rder. Information p\u00e5 webbplatsen kan inte anv\u00e4ndas f\u00f6r sj\u00e4lvbehandling och sj\u00e4lvdiagnos. Eventuella specifika instruktioner f\u00f6r en viss patient b\u00f6r \u00f6verenskommas med din h\u00e4lsor\u00e5dgivare eller l\u00e4kare som \u00e4r ansvarig f\u00f6r \u00e4rendet. Vi fr\u00e5ns\u00e4ger oss tillf\u00f6rlitligheten av denna information och misstag den kan inneh\u00e5lla. Vi ansvarar inte f\u00f6r n\u00e5gra direkta, indirekta, speciella eller andra indirekta skador till f\u00f6ljd av n\u00e5gon anv\u00e4ndning av informationen p\u00e5 denna webbplats och \u00e4ven f\u00f6r konsekvenser av egenbehandling.<\/p>\n","protected":false},"excerpt":{"rendered":"<p>Rybelsus Generic anv\u00e4nds vanligtvis i kombination med tr\u00e4ning och kost, och hj\u00e4lper till att reglera blodsockret hos patienter med typ 2-diabetes. \u00c4ven om det finns m\u00e5nga mediciner som kan hj\u00e4lpa till att hantera diabetes, hj\u00e4lper Rybelsus Generic bukspottk\u00f6rteln att frig\u00f6ra r\u00e4tt m\u00e4ngd insulin. Detta \u00e4r s\u00e4rskilt anv\u00e4ndbart n\u00e4r blodsockerniv\u00e5erna \u00e4r h\u00f6ga, och det \u00e4r viktigt att notera att l\u00e4kemedlet inte \u00e4r effektivt f\u00f6r typ 1-diabetes.<\/p>\n","protected":false},"featured_media":8157,"comment_status":"open","ping_status":"closed","template":"","meta":[],"product_brand":[],"product_cat":[435],"product_tag":[],"class_list":{"0":"post-8206","1":"product","2":"type-product","3":"status-publish","4":"has-post-thumbnail","6":"product_cat-diabetes-sv","7":"pa_active_substance-semaglutide","9":"first","10":"instock","11":"shipping-taxable","12":"product-type-variable"},"jetpack_sharing_enabled":true,"_links":{"self":[{"href":"https:\/\/www.pharmacy-content.com\/index.php?rest_route=\/wp\/v2\/product\/8206","targetHints":{"allow":["GET"]}}],"collection":[{"href":"https:\/\/www.pharmacy-content.com\/index.php?rest_route=\/wp\/v2\/product"}],"about":[{"href":"https:\/\/www.pharmacy-content.com\/index.php?rest_route=\/wp\/v2\/types\/product"}],"replies":[{"embeddable":true,"href":"https:\/\/www.pharmacy-content.com\/index.php?rest_route=%2Fwp%2Fv2%2Fcomments&post=8206"}],"wp:featuredmedia":[{"embeddable":true,"href":"https:\/\/www.pharmacy-content.com\/index.php?rest_route=\/wp\/v2\/media\/8157"}],"wp:attachment":[{"href":"https:\/\/www.pharmacy-content.com\/index.php?rest_route=%2Fwp%2Fv2%2Fmedia&parent=8206"}],"wp:term":[{"taxonomy":"product_brand","embeddable":true,"href":"https:\/\/www.pharmacy-content.com\/index.php?rest_route=%2Fwp%2Fv2%2Fproduct_brand&post=8206"},{"taxonomy":"product_cat","embeddable":true,"href":"https:\/\/www.pharmacy-content.com\/index.php?rest_route=%2Fwp%2Fv2%2Fproduct_cat&post=8206"},{"taxonomy":"product_tag","embeddable":true,"href":"https:\/\/www.pharmacy-content.com\/index.php?rest_route=%2Fwp%2Fv2%2Fproduct_tag&post=8206"}],"curies":[{"name":"wp","href":"https:\/\/api.w.org\/{rel}","templated":true}]}}