{"id":8178,"date":"2026-04-22T07:08:36","date_gmt":"2026-04-22T07:08:36","guid":{"rendered":""},"modified":"2026-04-22T07:08:45","modified_gmt":"2026-04-22T07:08:45","slug":"rybelsus-4","status":"publish","type":"product","link":"https:\/\/www.pharmacy-content.com\/?product=rybelsus-4&lang=it","title":{"rendered":"Rybelsus"},"content":{"rendered":"<p>Funziona allo stesso modo delle iniezioni( Ozempic e Wegovy)?<\/p>\n<p>In breve, s\u00ec. Proprio come l&#8217;iniezione settimanale, imita un ormone naturale gi\u00e0 presente nel tuo corpo (GLP-1). Funziona in tre modi chiave per ridurre l&#8217;appetito.<\/p>\n<p>1) Blocca un ormone chiave della fame che dice al tuo cervello che hai fame, aiutando anche a ridurre la resistenza alla leptina (un ormone che pu\u00f2 aiutare a compensare l&#8217;aumento di peso aumentando la saziet\u00e0, ovvero la pienezza, e accelerando il metabolismo per aiutare a regolare i livelli di tessuto adiposo nel corpo). Questo aiuta anche a evitare che il peso ritorni indietro quando interrompi il jab.<\/p>\n<p>2) Rallenta il processo di svuotamento gastrico, il che significa che il tuo corpo impiega pi\u00f9 tempo per elaborare il cibo e si sente sazio pi\u00f9 a lungo. Ci\u00f2 significa che il tuo corpo non ha bisogno di tanto apporto quanto normalmente consuma il cibo che ha.<\/p>\n<p>3) Il farmaco aiuta ad accelerare il metabolismo e ad aumentare la combustione dei grassi riducendo il glucogeno e riducendo la resistenza all&#8217;insulina. Ci\u00f2 promuove i normali livelli di glucosio nel sangue, il metabolismo epatico del glucosio e aiuta il tessuto adiposo a bruciare i grassi in un metodo sicuro e controllato senza causare un crollo degli zuccheri. Ci\u00f2 evita la voglia di cibi zuccherati a soluzione rapida.<\/p>\n<p>Come lo uso?<\/p>\n<p>Questo si presenta come una compressa giornaliera. Sebbene sia lo stesso farmaco della vaccinazione settimanale, deve essere assunto quotidianamente poich\u00e9 il nostro corpo agisce molto pi\u00f9 velocemente nel metabolizzare i farmaci per via orale rispetto alle iniezioni.<\/p>\n<p>Eventuali effetti collaterali?<\/p>\n<p>Come ogni nuovo farmaco introdotto nel tuo corpo, il tuo corpo dovr\u00e0 adattarsi ad esso. Alcune persone manifestano effetti collaterali lievi, come mal di testa, nausea, secchezza delle fauci o stanchezza. Questi effetti collaterali sono generalmente lievi e transitori, il che significa che scompariranno dopo alcuni giorni una volta che il corpo si sar\u00e0 abituato.<\/p>\n<p>Alcuni clienti non riscontrano effetti collaterali, mentre la maggior parte dei nostri clienti sperimenta MENO effetti collaterali rispetto ai jab.<\/p>\n","protected":false},"excerpt":{"rendered":"<p>Rybelsus \u00e8 una pillola dimagrante rivoluzionaria del produttore che ha creato i farmaci iniettabili Ozempic e Wegovy. Questi farmaci hanno dimostrato di essere efficaci nel ridurre i livelli di zucchero nel sangue e possono aiutarti a perdere peso rapidamente.<\/p>\n","protected":false},"featured_media":8157,"comment_status":"open","ping_status":"closed","template":"","meta":[],"product_brand":[],"product_cat":[423],"product_tag":[],"class_list":{"0":"post-8178","1":"product","2":"type-product","3":"status-publish","4":"has-post-thumbnail","6":"product_cat-diabete-it","7":"pa_active_substance-semaglutide","9":"first","10":"instock","11":"shipping-taxable","12":"product-type-variable"},"jetpack_sharing_enabled":true,"_links":{"self":[{"href":"https:\/\/www.pharmacy-content.com\/index.php?rest_route=\/wp\/v2\/product\/8178","targetHints":{"allow":["GET"]}}],"collection":[{"href":"https:\/\/www.pharmacy-content.com\/index.php?rest_route=\/wp\/v2\/product"}],"about":[{"href":"https:\/\/www.pharmacy-content.com\/index.php?rest_route=\/wp\/v2\/types\/product"}],"replies":[{"embeddable":true,"href":"https:\/\/www.pharmacy-content.com\/index.php?rest_route=%2Fwp%2Fv2%2Fcomments&post=8178"}],"wp:featuredmedia":[{"embeddable":true,"href":"https:\/\/www.pharmacy-content.com\/index.php?rest_route=\/wp\/v2\/media\/8157"}],"wp:attachment":[{"href":"https:\/\/www.pharmacy-content.com\/index.php?rest_route=%2Fwp%2Fv2%2Fmedia&parent=8178"}],"wp:term":[{"taxonomy":"product_brand","embeddable":true,"href":"https:\/\/www.pharmacy-content.com\/index.php?rest_route=%2Fwp%2Fv2%2Fproduct_brand&post=8178"},{"taxonomy":"product_cat","embeddable":true,"href":"https:\/\/www.pharmacy-content.com\/index.php?rest_route=%2Fwp%2Fv2%2Fproduct_cat&post=8178"},{"taxonomy":"product_tag","embeddable":true,"href":"https:\/\/www.pharmacy-content.com\/index.php?rest_route=%2Fwp%2Fv2%2Fproduct_tag&post=8178"}],"curies":[{"name":"wp","href":"https:\/\/api.w.org\/{rel}","templated":true}]}}