{"id":8171,"date":"2026-04-22T07:08:35","date_gmt":"2026-04-22T07:08:35","guid":{"rendered":""},"modified":"2026-04-22T07:08:45","modified_gmt":"2026-04-22T07:08:45","slug":"rybelsus-3","status":"publish","type":"product","link":"https:\/\/www.pharmacy-content.com\/fr\/product\/rybelsus-3\/","title":{"rendered":"Rybelsus"},"content":{"rendered":"<p>Est-ce que \u00e7a marche de la m\u00eame mani\u00e8re que les injections( Ozempic et Wegovy)?<\/p>\n<p>Bref, oui. Tout comme l\u2019injection hebdomadaire, elle imite une hormone naturelle d\u00e9j\u00e0 pr\u00e9sente dans votre organisme (GLP-1). Il agit de trois mani\u00e8res principales pour r\u00e9duire votre app\u00e9tit.<\/p>\n<p>1) Il bloque une hormone cl\u00e9 de la faim qui indique \u00e0 votre cerveau que vous avez faim, tout en aidant \u00e9galement \u00e0 r\u00e9duire la r\u00e9sistance \u00e0 la leptine (une hormone qui peut aider \u00e0 compenser la prise de poids en augmentant la sati\u00e9t\u00e9, c&#8217;est-\u00e0-dire la sati\u00e9t\u00e9, et \u00e0 acc\u00e9l\u00e9rer votre m\u00e9tabolisme pour aider \u00e0 r\u00e9guler les niveaux). de tissu adipeux dans votre corps). Cela aide \u00e9galement \u00e0 emp\u00eacher le poids de revenir directement lorsque vous arr\u00eatez le vaccin.<\/p>\n<p>2) Cela ralentit le processus de vidange gastrique, ce qui signifie que votre corps met plus de temps \u00e0 traiter les aliments et qu\u2019il est rassasi\u00e9 plus longtemps. Cela signifie que votre corps n\u2019a pas besoin d\u2019autant d\u2019apports que d\u2019habitude, car il fonctionne gr\u00e2ce \u00e0 la nourriture dont il dispose.<\/p>\n<p>3) Le m\u00e9dicament aide \u00e0 acc\u00e9l\u00e9rer votre m\u00e9tabolisme et \u00e0 augmenter la combustion des graisses en r\u00e9duisant le glucog\u00e8ne et la r\u00e9sistance \u00e0 l\u2019insuline. Cela favorise une glyc\u00e9mie normale, le m\u00e9tabolisme h\u00e9patique du glucose et aide le tissu adipeux \u00e0 br\u00fbler les graisses de mani\u00e8re s\u00fbre et contr\u00f4l\u00e9e, sans provoquer de chute de sucre. Cela \u00e9vite les envies d\u2019aliments sucr\u00e9s rapides.<\/p>\n<p>Comment puis-je l&#8217;utiliser ?<\/p>\n<p>Cela se pr\u00e9sente sous forme de comprim\u00e9 quotidien. Bien qu\u2019il s\u2019agisse du m\u00eame m\u00e9dicament que le vaccin hebdomadaire, il doit \u00eatre pris quotidiennement car notre corps m\u00e9tabolise beaucoup plus rapidement les m\u00e9dicaments oraux que les injections.<\/p>\n<p>Des effets secondaires ?<\/p>\n<p>Comme tout nouveau m\u00e9dicament introduit dans votre corps, celui-ci devra s\u2019y adapter. Certaines personnes ressentent des effets secondaires l\u00e9gers, tels que des maux de t\u00eate, des naus\u00e9es, une bouche s\u00e8che ou de la fatigue. Ces effets secondaires sont g\u00e9n\u00e9ralement l\u00e9gers et transitoires, ce qui signifie qu\u2019ils dispara\u00eetront apr\u00e8s quelques jours une fois que votre corps s\u2019est adapt\u00e9.<\/p>\n<p>Certains clients ne ressentent aucun effet secondaire, tandis que la majorit\u00e9 de nos propres clients ressentent MOINS d\u2019effets secondaires que les injections.<\/p>\n","protected":false},"excerpt":{"rendered":"<p>Rybelsus est une pilule r\u00e9volutionnaire pour perdre du poids du fabricant qui a cr\u00e9\u00e9 les m\u00e9dicaments injectables Ozempic et Wegovy. Il a \u00e9t\u00e9 d\u00e9montr\u00e9 que ces m\u00e9dicaments sont efficaces pour abaisser le taux de sucre dans le sang et peuvent vous aider \u00e0 perdre du poids rapidement.<\/p>\n","protected":false},"featured_media":8157,"comment_status":"open","ping_status":"closed","template":"","meta":[],"product_brand":[],"product_cat":[420],"product_tag":[],"class_list":{"0":"post-8171","1":"product","2":"type-product","3":"status-publish","4":"has-post-thumbnail","6":"product_cat-diabete-fr","7":"pa_active_substance-semaglutide","9":"first","10":"instock","11":"shipping-taxable","12":"product-type-variable"},"jetpack_sharing_enabled":true,"_links":{"self":[{"href":"https:\/\/www.pharmacy-content.com\/wp-json\/wp\/v2\/product\/8171","targetHints":{"allow":["GET"]}}],"collection":[{"href":"https:\/\/www.pharmacy-content.com\/wp-json\/wp\/v2\/product"}],"about":[{"href":"https:\/\/www.pharmacy-content.com\/wp-json\/wp\/v2\/types\/product"}],"replies":[{"embeddable":true,"href":"https:\/\/www.pharmacy-content.com\/wp-json\/wp\/v2\/comments?post=8171"}],"wp:featuredmedia":[{"embeddable":true,"href":"https:\/\/www.pharmacy-content.com\/wp-json\/wp\/v2\/media\/8157"}],"wp:attachment":[{"href":"https:\/\/www.pharmacy-content.com\/wp-json\/wp\/v2\/media?parent=8171"}],"wp:term":[{"taxonomy":"product_brand","embeddable":true,"href":"https:\/\/www.pharmacy-content.com\/wp-json\/wp\/v2\/product_brand?post=8171"},{"taxonomy":"product_cat","embeddable":true,"href":"https:\/\/www.pharmacy-content.com\/wp-json\/wp\/v2\/product_cat?post=8171"},{"taxonomy":"product_tag","embeddable":true,"href":"https:\/\/www.pharmacy-content.com\/wp-json\/wp\/v2\/product_tag?post=8171"}],"curies":[{"name":"wp","href":"https:\/\/api.w.org\/{rel}","templated":true}]}}