{"id":8138,"date":"2026-04-22T07:08:24","date_gmt":"2026-04-22T07:08:24","guid":{"rendered":""},"modified":"2026-04-22T07:08:29","modified_gmt":"2026-04-22T07:08:29","slug":"glycoheal-8","status":"publish","type":"product","link":"https:\/\/www.pharmacy-content.com\/?product=glycoheal-8&lang=sv","title":{"rendered":"Glycoheal"},"content":{"rendered":"<p>Vanlig anv\u00e4ndning<br \/>\nGlycoheal \u00e4r ett oralt diabetesl\u00e4kemedel som anv\u00e4nds f\u00f6r att behandla typ 2-diabetes. Dess aktiva substans \u00e4r Metformin, som tillh\u00f6r biguanidklassen av substanser. Det minskar koncentrationen av glukos i blodet, undertrycker metabolismen av glukos i levern, minskar absorptionen av glukos fr\u00e5n mag-tarmkanalen och f\u00f6rb\u00e4ttrar dess anv\u00e4ndning i v\u00e4vnader. Glycoheal stabiliserar eller minskar kroppsvikten. Den terapeutiska effekten observeras inte i fr\u00e5nvaro av insulin i blodet. Det orsakar inte hypoglykemiska reaktioner. Det f\u00f6rb\u00e4ttrar blodets fibrinolytiska egenskaper. Det anv\u00e4nds f\u00f6r att behandla diabetes mellitus (typ 2) hos vuxna, s\u00e4rskilt i fall f\u00f6ljt av fetma, och \u00e4ven hos patienter f\u00f6r vilka behandling med sulfonylurea var ineffektiv.<br \/>\nDosering och anvisning<br \/>\nTa inte denna medicin om den inte har ordinerats till dig och \u00f6verskrid inte den rekommenderade dosen. Ta det med en m\u00e5ltid om din l\u00e4kare inte rekommenderade dig att ta det annorlunda. Glycoheal administreras f\u00f6r att ta tv\u00e5 g\u00e5nger dagligen med 500 mg eller 850 mg en g\u00e5ng dagligen f\u00f6r att behandla typ 2-diabetes hos vuxna. Baserat p\u00e5 glukosniv\u00e5erna i blodet kan dosen av Glycoheal \u00f6kas till den maximala dygnsdosen p\u00e5 2550 mg som ges i tre uppdelade doser.<br \/>\nF\u00f6rsiktighets\u00e5tg\u00e4rder<br \/>\nDetta l\u00e4kemedel kan orsaka ett livshotande tillst\u00e5nd hos vissa m\u00e4nniskor, k\u00e4nnetecknat av svaghet, \u00f6kad s\u00f6mnighet, l\u00e5ngsam hj\u00e4rtrytm, kall k\u00e4nsla, muskelsm\u00e4rta, buksm\u00e4rtor, andn\u00f6d, yrsel och svimning. Det kallas laktacidos. Om du upplever s\u00e5dana symtom ska du omedelbart upps\u00f6ka l\u00e4kare. Var ocks\u00e5 uppm\u00e4rksam p\u00e5 symtom p\u00e5 l\u00e5gt blodsocker, som inkluderar hunger, f\u00f6rvirring, irritabilitet, d\u00e5sighet, huvudv\u00e4rk, svaghet, snabba hj\u00e4rtslag, skakningar, svettning, kramper och ha alltid en sockerk\u00e4lla till hands. Undvik att dricka alkohol.<br \/>\nKontraindikationer<br \/>\n\u00d6verk\u00e4nslighet, hyperglykemisk koma, ketoacidos, njursvikt, leversjukdom, hj\u00e4rtsvikt, akut hj\u00e4rtinfarkt, andningssvikt, uttorkning, infektionssjukdomar, omfattande operationer och trauma, alkoholism, diet med reducerad kaloriinneh\u00e5ll (mindre \u00e4n 1000 kcal\/dag), laktacidos (inklusive en historia), graviditet, amning. L\u00e4kemedlet \u00e4r inte ordinerat att ta 2 dagar f\u00f6re operation, radioisotop- och r\u00f6ntgenunders\u00f6kningar, CAT-skanning (CT). Glycoheal \u00e4r kontraindicerat hos patienter \u00f6ver 60 \u00e5r eller som utf\u00f6r h\u00e5rt fysiskt arbete (risken f\u00f6r laktacidos \u00f6kar).<br \/>\nBiverkningar<br \/>\nF\u00f6ljande biverkningar \u00e4r vanligast och ganska allvarliga f\u00f6r att sluta ta medicinen: svullnad eller snabb vikt\u00f6kning, illam\u00e5ende, kr\u00e4kningar, gaser, uppbl\u00e5sthet, diarr\u00e9 och aptitl\u00f6shet. Vid laktacidos, f\u00e5 akut medicinsk hj\u00e4lp: svaghet, \u00f6kande d\u00e5sighet, l\u00e5ngsam hj\u00e4rtrytm, kall k\u00e4nsla, andn\u00f6d, buksm\u00e4rtor, muskelsm\u00e4rtor, yrsel och svimning. Allergiska reaktioner \u00e4r ocks\u00e5 m\u00f6jliga: n\u00e4sselutslag, svullnad, hudutslag.<br \/>\nL\u00e4kemedelsinteraktion<br \/>\nCimetidin (Tagamet) \u00f6kar blodniv\u00e5erna av Glycoheal, vilket p\u00e5verkar dess \u00e4mnesoms\u00e4ttning. Glycoheal \u00e4r inte kompatibel med alkohol. Samtidig administrering med indirekta antikoagulantia och Cimetidin b\u00f6r ske med f\u00f6rsiktighet. Glycoheal \u00f6kar metabolismen av furosemid. Derivat av sulfonylurea, insulin, akarbos, h\u00e4mmare av MAO, oxytetracyklin, cyklofosfamid och salicylater \u00f6kar effekten av Glycoheal. En minskning av den hypoglykemiska effekten av Glycoheal orsakas av samtidig administrering med sk\u00f6ldk\u00f6rtell\u00e4kemedel, p-piller och andra hormoner, epinefrin, glukagon, tiaziddiuretika, nikotinsyraderivat.<br \/>\nMissad dos<br \/>\nOm du har gl\u00f6mt att ta din dos i tid , g\u00f6r det s\u00e5 fort du kommer ih\u00e5g det. Men ta det inte om det \u00e4r f\u00f6r sent eller om du ska ta n\u00e4sta dos inom kort. Ta inte dubbla doser av detta l\u00e4kemedel eller extra doser av det. Ta din vanliga dos n\u00e4sta dag vid samma vanliga tidpunkt.<br \/>\n\u00d6verdosering<br \/>\nSymptom p\u00e5 \u00f6verdosering av Glycoheal \u00e4r de p\u00e5 l\u00e5gt blodsocker: hunger, f\u00f6rvirring, irritabilitet, d\u00e5sighet, huvudv\u00e4rk, svaghet, skakningar, svettning, snabba hj\u00e4rtslag och kramper. Om du upplever n\u00e5got av dem eller n\u00e5gra ovanliga symtom, kontakta din l\u00e4kare omedelbart.<br \/>\nF\u00f6rvaring<br \/>\nF\u00f6rvara i rumstemperatur mellan 20-25\u00b0C (68-77\u00b0F). F\u00f6rvaras \u00e5tskilt fr\u00e5n fukt, v\u00e4rme och solljus. Det rekommenderas inte att f\u00f6rvara det i ett badrum och p\u00e5 platser som \u00e4r tillg\u00e4ngliga f\u00f6r barn.<br \/>\nAnsvarsfriskrivning<br \/>\nVi tillhandah\u00e5ller endast allm\u00e4n information om mediciner, som inte t\u00e4cker alla riktningar, m\u00f6jliga l\u00e4kemedelsinteraktioner eller f\u00f6rsiktighets\u00e5tg\u00e4rder. Information p\u00e5 sidan kan inte anv\u00e4ndas f\u00f6r sj\u00e4lvbehandling och sj\u00e4lvdiagnos. Eventuella specifika instruktioner f\u00f6r en viss patient b\u00f6r \u00f6verenskommas med din v\u00e5rdr\u00e5dgivare eller den l\u00e4kare som \u00e4r ansvarig f\u00f6r \u00e4rendet. Vi fr\u00e5ns\u00e4ger oss tillf\u00f6rlitligheten av denna information och eventuella misstag den kan inneh\u00e5lla. Vi ansvarar inte f\u00f6r n\u00e5gon direkt, indirekt, speciell eller annan indirekt skada till f\u00f6ljd av n\u00e5gon anv\u00e4ndning av informationen p\u00e5 denna webbplats och \u00e4ven f\u00f6r konsekvenser av egenbehandling.<\/p>\n","protected":false},"excerpt":{"rendered":"<p>Glycoheal Generic \u00e4r sulfonylureal\u00e4kemedel, ett l\u00e4kemedel som anv\u00e4nds f\u00f6r att behandla typ 2 av diabetes.<\/p>\n","protected":false},"featured_media":8096,"comment_status":"open","ping_status":"closed","template":"","meta":[],"product_brand":[],"product_cat":[435],"product_tag":[],"class_list":{"0":"post-8138","1":"product","2":"type-product","3":"status-publish","4":"has-post-thumbnail","6":"product_cat-diabetes-sv","7":"pa_active_substance-metformin","9":"first","10":"instock","11":"shipping-taxable","12":"product-type-variable"},"jetpack_sharing_enabled":true,"_links":{"self":[{"href":"https:\/\/www.pharmacy-content.com\/index.php?rest_route=\/wp\/v2\/product\/8138","targetHints":{"allow":["GET"]}}],"collection":[{"href":"https:\/\/www.pharmacy-content.com\/index.php?rest_route=\/wp\/v2\/product"}],"about":[{"href":"https:\/\/www.pharmacy-content.com\/index.php?rest_route=\/wp\/v2\/types\/product"}],"replies":[{"embeddable":true,"href":"https:\/\/www.pharmacy-content.com\/index.php?rest_route=%2Fwp%2Fv2%2Fcomments&post=8138"}],"wp:featuredmedia":[{"embeddable":true,"href":"https:\/\/www.pharmacy-content.com\/index.php?rest_route=\/wp\/v2\/media\/8096"}],"wp:attachment":[{"href":"https:\/\/www.pharmacy-content.com\/index.php?rest_route=%2Fwp%2Fv2%2Fmedia&parent=8138"}],"wp:term":[{"taxonomy":"product_brand","embeddable":true,"href":"https:\/\/www.pharmacy-content.com\/index.php?rest_route=%2Fwp%2Fv2%2Fproduct_brand&post=8138"},{"taxonomy":"product_cat","embeddable":true,"href":"https:\/\/www.pharmacy-content.com\/index.php?rest_route=%2Fwp%2Fv2%2Fproduct_cat&post=8138"},{"taxonomy":"product_tag","embeddable":true,"href":"https:\/\/www.pharmacy-content.com\/index.php?rest_route=%2Fwp%2Fv2%2Fproduct_tag&post=8138"}],"curies":[{"name":"wp","href":"https:\/\/api.w.org\/{rel}","templated":true}]}}