{"id":8120,"date":"2026-04-22T07:08:21","date_gmt":"2026-04-22T07:08:21","guid":{"rendered":""},"modified":"2026-04-22T07:08:29","modified_gmt":"2026-04-22T07:08:29","slug":"glycoheal-5","status":"publish","type":"product","link":"https:\/\/www.pharmacy-content.com\/?product=glycoheal-5&lang=es","title":{"rendered":"Glycoheal"},"content":{"rendered":"<p>Uso com\u00fan<br \/>\nGlycoheal es un medicamento oral para la diabetes que se usa para tratar la diabetes tipo 2. Su principio activo es la metformina, que pertenece a la clase de sustancias de las biguanidas. Reduce la concentraci\u00f3n de glucosa en la sangre, suprimiendo el metabolismo de la glucosa en el h\u00edgado, reduciendo la absorci\u00f3n de glucosa en el tracto gastrointestinal y mejorando su utilizaci\u00f3n en los tejidos. El gluc\u00f3fago estabiliza o reduce el peso corporal. El efecto terap\u00e9utico no se observa en ausencia de insulina en la sangre. No provoca reacciones hipogluc\u00e9micas. Mejora las propiedades fibrinol\u00edticas de la sangre. Se utiliza para tratar la diabetes mellitus (tipo 2) en adultos, especialmente en casos seguidos de obesidad, y tambi\u00e9n en pacientes para quienes el tratamiento con sulfonilurea fue ineficaz.<br \/>\nDosificaci\u00f3n y direcci\u00f3n<br \/>\nNo tome este medicamento si no se lo recetaron. y no exceda la dosis recomendada. T\u00f3melo con una comida si su m\u00e9dico no le recomend\u00f3 tomarlo de otra manera. Glycoheal se administra dos veces al d\u00eda en 500 mg u 850 mg una vez al d\u00eda para tratar la diabetes tipo 2 en adultos. Seg\u00fan los niveles de glucosa en la sangre, la dosis de Glycoheal se puede aumentar hasta la dosis m\u00e1xima diaria de 2550 mg administrada en tres dosis divididas.<br \/>\nPrecauciones<br \/>\nEste medicamento puede causar una afecci\u00f3n potencialmente mortal en algunas personas, caracterizada por debilidad, aumento de la somnolencia, latidos card\u00edacos lentos, sensaci\u00f3n de fr\u00edo, dolor muscular, dolor abdominal, dificultad para respirar, sensaci\u00f3n de mareo y desmayos. Se llama acidosis l\u00e1ctica. Si experimenta tales s\u00edntomas, busque atenci\u00f3n m\u00e9dica inmediata. Adem\u00e1s, est\u00e9 atento a los s\u00edntomas de hipoglucemia, que incluyen hambre, confusi\u00f3n, irritabilidad, somnolencia, dolor de cabeza, debilidad, taquicardia, temblores, sudoraci\u00f3n, convulsiones y tenga siempre a mano una fuente de az\u00facar. Evite beber alcohol.<br \/>\nContraindicaciones<br \/>\nHipersensibilidad, coma hipergluc\u00e9mico, cetoacidosis, insuficiencia renal, enfermedad hep\u00e1tica, insuficiencia card\u00edaca, infarto agudo de miocardio, insuficiencia respiratoria, deshidrataci\u00f3n, enfermedades infecciosas, cirug\u00eda y traumatismos extensos, alcoholismo, dieta baja en calor\u00edas (menos de 1000 kcal\/d\u00eda), acidosis l\u00e1ctica (incluidos antecedentes), embarazo, lactancia. El medicamento no se prescribe para tomar 2 d\u00edas antes de la cirug\u00eda, ex\u00e1menes con radiois\u00f3topos y rayos X, exploraci\u00f3n por TAC (CT). Glycoheal est\u00e1 contraindicado en pacientes mayores de 60 a\u00f1os o que realizan trabajos f\u00edsicos intensos (aumenta el riesgo de acidosis l\u00e1ctica).<br \/>\nEfectos secundarios<br \/>\nLos siguientes efectos secundarios son los m\u00e1s comunes y bastante graves al suspender el medicamento: hinchaz\u00f3n o aumento r\u00e1pido de peso, n\u00e1useas, v\u00f3mitos, gases, hinchaz\u00f3n, diarrea y p\u00e9rdida de apetito. En caso de acidosis l\u00e1ctica, busque ayuda m\u00e9dica de emergencia: debilidad, aumento de la somnolencia, latidos card\u00edacos lentos, sensaci\u00f3n de fr\u00edo, dificultad para respirar, dolor abdominal, dolor muscular, aturdimiento y desmayos. Tambi\u00e9n son posibles reacciones al\u00e9rgicas: urticaria, hinchaz\u00f3n, sarpullido.<br \/>\nInteracci\u00f3n con otros medicamentos<br \/>\nLa cimetidina (Tagamet) aumenta los niveles sangu\u00edneos de Glycoheal, afectando su metabolismo. Glycoheal no es compatible con el alcohol. La administraci\u00f3n concomitante con anticoagulantes indirectos y cimetidina debe realizarse con precauci\u00f3n. Glycoheal mejora el metabolismo de la furosemida. Los derivados de sulfonilurea, insulina, acarbosa, inhibidores de la MAO, oxitetraciclina, ciclofosfamida y salicilatos aumentan los efectos de Glycoheal. Una disminuci\u00f3n en el efecto hipoglucemiante de Glycoheal es causada por la coadministraci\u00f3n con medicamentos para la tiroides, p\u00edldoras anticonceptivas y otras hormonas, epinefrina, glucag\u00f3n, diur\u00e9ticos tiaz\u00eddicos y derivados del \u00e1cido nicot\u00ednico.<br \/>\nDosis omitida<br \/>\nSi olvid\u00f3 tomar su dosis a tiempo , hazlo tan pronto como lo recuerdes. Pero no lo tome si es demasiado tarde o si le toca la siguiente dosis en breve. No tome dosis dobles de este medicamento ni dosis adicionales. Tome su dosis habitual al d\u00eda siguiente a la misma hora habitual.<br \/>\nSobredosis<br \/>\nLos s\u00edntomas de una sobredosis de Glycoheal son los de niveles bajos de az\u00facar en la sangre: hambre, confusi\u00f3n, irritabilidad, somnolencia, dolor de cabeza, debilidad, temblores, sudoraci\u00f3n, latidos card\u00edacos r\u00e1pidos y convulsiones. Si experimenta alguno de ellos o alg\u00fan s\u00edntoma inusual, llame a su m\u00e9dico de inmediato.<br \/>\nAlmacenamiento<br \/>\nConserve a temperatura ambiente entre 20 y 25 \u00b0C (68 y 77 \u00b0F). Almacenar lejos de la humedad, el calor y la luz solar. No se recomienda guardarlo en un ba\u00f1o ni en lugares accesibles a los ni\u00f1os.<br \/>\nDescargo de responsabilidad<br \/>\nSolo proporcionamos informaci\u00f3n general sobre los medicamentos, que no cubre todas las instrucciones, posibles interacciones entre medicamentos ni precauciones. La informaci\u00f3n contenida en el sitio no se puede utilizar para autotratamiento y autodiagn\u00f3stico. Cualquier instrucci\u00f3n espec\u00edfica para un paciente en particular debe acordarse con su asesor sanitario o el m\u00e9dico responsable del caso. Renunciamos a la fiabilidad de esta informaci\u00f3n y a cualquier error que pueda contener. No somos responsables de ning\u00fan da\u00f1o directo, indirecto, especial u otro da\u00f1o indirecto como resultado de cualquier uso de la informaci\u00f3n en este sitio y tampoco de las consecuencias del autotratamiento.<\/p>\n","protected":false},"excerpt":{"rendered":"<p>La Glycoheal Generic es una clase de medicamento de sulfonilurea, un medicamento que se usa para tratar la diabetes tipo 2.<\/p>\n","protected":false},"featured_media":8096,"comment_status":"open","ping_status":"closed","template":"","meta":[],"product_brand":[],"product_cat":[426],"product_tag":[],"class_list":{"0":"post-8120","1":"product","2":"type-product","3":"status-publish","4":"has-post-thumbnail","6":"product_cat-diabetes-es","7":"pa_active_substance-metformin","9":"first","10":"instock","11":"shipping-taxable","12":"product-type-variable"},"jetpack_sharing_enabled":true,"_links":{"self":[{"href":"https:\/\/www.pharmacy-content.com\/index.php?rest_route=\/wp\/v2\/product\/8120","targetHints":{"allow":["GET"]}}],"collection":[{"href":"https:\/\/www.pharmacy-content.com\/index.php?rest_route=\/wp\/v2\/product"}],"about":[{"href":"https:\/\/www.pharmacy-content.com\/index.php?rest_route=\/wp\/v2\/types\/product"}],"replies":[{"embeddable":true,"href":"https:\/\/www.pharmacy-content.com\/index.php?rest_route=%2Fwp%2Fv2%2Fcomments&post=8120"}],"wp:featuredmedia":[{"embeddable":true,"href":"https:\/\/www.pharmacy-content.com\/index.php?rest_route=\/wp\/v2\/media\/8096"}],"wp:attachment":[{"href":"https:\/\/www.pharmacy-content.com\/index.php?rest_route=%2Fwp%2Fv2%2Fmedia&parent=8120"}],"wp:term":[{"taxonomy":"product_brand","embeddable":true,"href":"https:\/\/www.pharmacy-content.com\/index.php?rest_route=%2Fwp%2Fv2%2Fproduct_brand&post=8120"},{"taxonomy":"product_cat","embeddable":true,"href":"https:\/\/www.pharmacy-content.com\/index.php?rest_route=%2Fwp%2Fv2%2Fproduct_cat&post=8120"},{"taxonomy":"product_tag","embeddable":true,"href":"https:\/\/www.pharmacy-content.com\/index.php?rest_route=%2Fwp%2Fv2%2Fproduct_tag&post=8120"}],"curies":[{"name":"wp","href":"https:\/\/api.w.org\/{rel}","templated":true}]}}