{"id":8108,"date":"2026-04-22T07:08:19","date_gmt":"2026-04-22T07:08:19","guid":{"rendered":""},"modified":"2026-04-22T07:08:28","modified_gmt":"2026-04-22T07:08:28","slug":"glycoheal-3","status":"publish","type":"product","link":"https:\/\/www.pharmacy-content.com\/?product=glycoheal-3&lang=fr","title":{"rendered":"Glycoheal"},"content":{"rendered":"<p>Usage g\u00e9n\u00e9ral<br \/>\nGlycoheal est un m\u00e9dicament oral contre le diab\u00e8te utilis\u00e9 pour traiter le diab\u00e8te de type 2. Son principe actif est la metformine, qui appartient \u00e0 la classe des substances biguanides. Il r\u00e9duit la concentration de glucose dans le sang, supprimant le m\u00e9tabolisme du glucose dans le foie, r\u00e9duisant l&#8217;absorption du glucose par le tractus gastro-intestinal et am\u00e9liorant son utilisation dans les tissus. Glycoheal stabilise ou r\u00e9duit le poids corporel. L&#8217;effet th\u00e9rapeutique n&#8217;est pas observ\u00e9 en l&#8217;absence d&#8217;insuline dans le sang. Il ne provoque pas de r\u00e9actions hypoglyc\u00e9miques. Il am\u00e9liore les propri\u00e9t\u00e9s fibrinolytiques du sang. Il est utilis\u00e9 pour traiter le diab\u00e8te sucr\u00e9 (type 2) chez l&#8217;adulte, notamment dans les cas suivis d&#8217;ob\u00e9sit\u00e9, ainsi que chez les patients pour lesquels le traitement par sulfamide hypoglyc\u00e9miant s&#8217;est r\u00e9v\u00e9l\u00e9 inefficace.<br \/>\nPosologie et administration<br \/>\nNe prenez pas ce m\u00e9dicament s&#8217;il ne vous a pas \u00e9t\u00e9 prescrit. , et ne d\u00e9passez pas la dose recommand\u00e9e. Prenez-le avec un repas si votre m\u00e9decin ne vous a pas recommand\u00e9 de le prendre diff\u00e9remment. Glycoheal est administr\u00e9 deux fois par jour \u00e0 raison de 500 mg ou 850 mg une fois par jour pour traiter le diab\u00e8te de type 2 chez l&#8217;adulte. En fonction des taux de glucose dans le sang, la dose de Glycoheal peut \u00eatre augment\u00e9e jusqu&#8217;\u00e0 la dose quotidienne maximale de 2 550 mg, administr\u00e9e en trois prises fractionn\u00e9es.<br \/>\nPr\u00e9cautions<br \/>\nCe m\u00e9dicament peut provoquer une maladie potentiellement mortelle chez certaines personnes, caract\u00e9ris\u00e9e par faiblesse, somnolence croissante, rythme cardiaque lent, sensation de froid, douleurs musculaires, douleurs abdominales, essoufflement, sensation de vertige et \u00e9vanouissement. C&#8217;est ce qu&#8217;on appelle l&#8217;acidose lactique. Si vous ressentez de tels sympt\u00f4mes, consultez imm\u00e9diatement un m\u00e9decin. Soyez \u00e9galement attentif aux sympt\u00f4mes d\u2019hypoglyc\u00e9mie, notamment la faim, la confusion, l\u2019irritabilit\u00e9, la somnolence, les maux de t\u00eate, la faiblesse, le rythme cardiaque rapide, les tremblements, la transpiration, les convulsions, et ayez toujours une source de sucre \u00e0 port\u00e9e de main. \u00c9vitez de boire de l&#8217;alcool.<br \/>\nContre-indications<br \/>\nHypersensibilit\u00e9, coma hyperglyc\u00e9mique, acidoc\u00e9tose, insuffisance r\u00e9nale, maladie du foie, insuffisance cardiaque, infarctus aigu du myocarde, insuffisance respiratoire, d\u00e9shydratation, maladies infectieuses, interventions chirurgicales et traumatismes importants, alcoolisme, r\u00e9gime hypocalorique (moins de 1 000 calories). kcal\/jour), acidose lactique (y compris ant\u00e9c\u00e9dents), grossesse, allaitement. Le m\u00e9dicament n&#8217;est pas prescrit pour \u00eatre pris 2 jours avant la chirurgie, les examens radio-isotopiques et radiologiques, la tomodensitom\u00e9trie (CT). Glycoheal est contre-indiqu\u00e9 chez les patients de plus de 60 ans ou effectuant un travail physique p\u00e9nible (le risque d&#8217;acidose lactique augmente).<br \/>\nEffets secondaires<br \/>\nLes effets secondaires suivants sont les plus fr\u00e9quents et assez graves \u00e0 l&#8217;arr\u00eat du m\u00e9dicament : gonflement ou prise de poids rapide, naus\u00e9es, vomissements, gaz, ballonnements, diarrh\u00e9e et perte d&#8217;app\u00e9tit. En cas d&#8217;acidose lactique, consultez un m\u00e9decin d&#8217;urgence : faiblesse, somnolence croissante, rythme cardiaque lent, sensation de froid, essoufflement, douleurs abdominales, douleurs musculaires, \u00e9tourdissements et \u00e9vanouissements. Des r\u00e9actions allergiques sont \u00e9galement possibles : urticaire, gonflement, \u00e9ruption cutan\u00e9e.<br \/>\nInteraction m\u00e9dicamenteuse<br \/>\nLa cim\u00e9tidine (Tagamet) augmente les taux sanguins de Glycoheal, affectant son m\u00e9tabolisme. Glycoheal n&#8217;est pas compatible avec l&#8217;alcool. L&#8217;administration concomitante d&#8217;anticoagulants indirects et de cim\u00e9tidine doit \u00eatre effectu\u00e9e avec prudence. Glycoheal am\u00e9liore le m\u00e9tabolisme du furos\u00e9mide. Les d\u00e9riv\u00e9s de sulfonylur\u00e9e, d&#8217;insuline, d&#8217;acarbose, d&#8217;inhibiteurs de MAO, d&#8217;oxyt\u00e9tracycline, de cyclophosphamide et de salicylates augmentent les effets de Glycoheal. Une diminution de l&#8217;effet hypoglyc\u00e9miant de Glycoheal est provoqu\u00e9e par la co-administration avec des m\u00e9dicaments pour la thyro\u00efde, des pilules contraceptives et d&#8217;autres hormones, de l&#8217;\u00e9pin\u00e9phrine, du glucagon, des diur\u00e9tiques thiazidiques, des d\u00e9riv\u00e9s de l&#8217;acide nicotinique.<br \/>\nDose oubli\u00e9e<br \/>\nSi vous avez oubli\u00e9 de prendre votre dose \u00e0 temps. , s&#8217;il vous pla\u00eet, faites-le d\u00e8s que vous vous en souvenez. Mais ne le prenez pas s\u2019il est trop tard ou si votre prochaine dose est pr\u00e9vue sous peu. Ne prenez pas de doubles doses de ce m\u00e9dicament ni de doses suppl\u00e9mentaires. Prenez votre dose habituelle le lendemain \u00e0 la m\u00eame heure habituelle.<br \/>\nSurdosage<br \/>\nLes sympt\u00f4mes d&#8217;un surdosage de Glycoheal sont ceux d&#8217;un faible taux de sucre dans le sang : faim, confusion, irritabilit\u00e9, somnolence, maux de t\u00eate, faiblesse, tremblements, transpiration, rythme cardiaque rapide et convulsions. Si vous ressentez l&#8217;un d&#8217;entre eux ou des sympt\u00f4mes inhabituels, appelez imm\u00e9diatement votre m\u00e9decin.<br \/>\nConservation<br \/>\nConserver \u00e0 temp\u00e9rature ambiante entre 20 et 25 \u00b0C (68 et 77 \u00b0F). Conserver \u00e0 l&#8217;abri de l&#8217;humidit\u00e9, de la chaleur et du soleil. Il n&#8217;est pas recommand\u00e9 de le conserver dans une salle de bain et dans des endroits accessibles aux enfants.<br \/>\nAvertissement<br \/>\nNous fournissons uniquement des informations g\u00e9n\u00e9rales sur les m\u00e9dicaments, qui ne couvrent pas toutes les directions, les interactions m\u00e9dicamenteuses possibles ou les pr\u00e9cautions. Les informations pr\u00e9sentes sur le site ne peuvent \u00eatre utilis\u00e9es \u00e0 des fins d&#8217;auto-traitement et d&#8217;autodiagnostic. Toute instruction sp\u00e9cifique pour un patient particulier doit \u00eatre convenue avec votre conseiller m\u00e9dical ou le m\u00e9decin en charge du dossier. Nous d\u00e9clinons la fiabilit\u00e9 de ces informations ainsi que les erreurs qu&#8217;elles pourraient contenir. Nous ne sommes pas responsables de tout dommage direct, indirect, sp\u00e9cial ou autre indirect r\u00e9sultant de toute utilisation des informations pr\u00e9sentes sur ce site ainsi que des cons\u00e9quences de l&#8217;auto-traitement.<\/p>\n","protected":false},"excerpt":{"rendered":"<p>La Glycoheal Generic appartient \u00e0 la classe des sulfonylur\u00e9es, un m\u00e9dicament utilis\u00e9 pour traiter le diab\u00e8te de type 2.<\/p>\n","protected":false},"featured_media":8096,"comment_status":"open","ping_status":"closed","template":"","meta":[],"product_brand":[],"product_cat":[420],"product_tag":[],"class_list":{"0":"post-8108","1":"product","2":"type-product","3":"status-publish","4":"has-post-thumbnail","6":"product_cat-diabete-fr","7":"pa_active_substance-metformin","9":"first","10":"instock","11":"shipping-taxable","12":"product-type-variable"},"jetpack_sharing_enabled":true,"_links":{"self":[{"href":"https:\/\/www.pharmacy-content.com\/index.php?rest_route=\/wp\/v2\/product\/8108","targetHints":{"allow":["GET"]}}],"collection":[{"href":"https:\/\/www.pharmacy-content.com\/index.php?rest_route=\/wp\/v2\/product"}],"about":[{"href":"https:\/\/www.pharmacy-content.com\/index.php?rest_route=\/wp\/v2\/types\/product"}],"replies":[{"embeddable":true,"href":"https:\/\/www.pharmacy-content.com\/index.php?rest_route=%2Fwp%2Fv2%2Fcomments&post=8108"}],"wp:featuredmedia":[{"embeddable":true,"href":"https:\/\/www.pharmacy-content.com\/index.php?rest_route=\/wp\/v2\/media\/8096"}],"wp:attachment":[{"href":"https:\/\/www.pharmacy-content.com\/index.php?rest_route=%2Fwp%2Fv2%2Fmedia&parent=8108"}],"wp:term":[{"taxonomy":"product_brand","embeddable":true,"href":"https:\/\/www.pharmacy-content.com\/index.php?rest_route=%2Fwp%2Fv2%2Fproduct_brand&post=8108"},{"taxonomy":"product_cat","embeddable":true,"href":"https:\/\/www.pharmacy-content.com\/index.php?rest_route=%2Fwp%2Fv2%2Fproduct_cat&post=8108"},{"taxonomy":"product_tag","embeddable":true,"href":"https:\/\/www.pharmacy-content.com\/index.php?rest_route=%2Fwp%2Fv2%2Fproduct_tag&post=8108"}],"curies":[{"name":"wp","href":"https:\/\/api.w.org\/{rel}","templated":true}]}}