{"id":8073,"date":"2026-04-22T07:08:07","date_gmt":"2026-04-22T07:08:07","guid":{"rendered":""},"modified":"2026-04-22T07:08:12","modified_gmt":"2026-04-22T07:08:12","slug":"glucophage-10","status":"publish","type":"product","link":"https:\/\/www.pharmacy-content.com\/?product=glucophage-10&lang=cs","title":{"rendered":"Glucophage"},"content":{"rendered":"<p>B\u011b\u017en\u00e9 pou\u017eit\u00ed<br \/>\nGlucophage je peror\u00e1ln\u00ed l\u00e9k na diabetes pou\u017e\u00edvan\u00fd k l\u00e9\u010db\u011b diabetu 2. typu. Jeho aktivn\u00ed slo\u017ekou je Metformin, kter\u00fd pat\u0159\u00ed do t\u0159\u00eddy biguanid\u016f. Sni\u017euje koncentraci gluk\u00f3zy v krvi potla\u010den\u00edm metabolismu gluk\u00f3zy v j\u00e1trech, sni\u017eov\u00e1n\u00edm absorpce gluk\u00f3zy z tr\u00e1vic\u00edho traktu a zvy\u0161ov\u00e1n\u00edm jej\u00edho vyu\u017eit\u00ed v tk\u00e1n\u00edch. Glucophage stabilizuje nebo sni\u017euje t\u011blesnou hmotnost. Terapeutick\u00fd \u00fa\u010dinek nen\u00ed pozorov\u00e1n p\u0159i absenci inzul\u00ednu v krvi. Nesp\u016fsobuje hypoglykemick\u00e9 reakce. Zlep\u0161uje fibrinolytick\u00e9 vlastnosti krve. Pou\u017e\u00edv\u00e1 se k l\u00e9\u010db\u011b diabetu mellitus (2. typ) u dosp\u011bl\u00fdch, zejm\u00e9na v p\u0159\u00edpadech prov\u00e1zen\u00fdch obezitou, a tak\u00e9 u pacient\u016f, u nich\u017e byla l\u00e9\u010dba sulfonylureou ne\u00fa\u010dinn\u00e1.<\/p>\n<p>D\u00e1vkov\u00e1n\u00ed a sm\u011brnice<br \/>\nTento l\u00e9k neu\u017e\u00edvejte, pokud v\u00e1m nebyl p\u0159edeps\u00e1n, a nep\u0159ekra\u010dujte doporu\u010denou d\u00e1vku. U\u017eijte ho s j\u00eddlem, pokud v\u00e1m l\u00e9ka\u0159 nedoporu\u010dil jinak. Glucophage se pod\u00e1v\u00e1 dvakr\u00e1t denn\u011b v d\u00e1vce 500 mg nebo 850 mg jednou denn\u011b k l\u00e9\u010db\u011b diabetu 2. typu u dosp\u011bl\u00fdch. Na z\u00e1klad\u011b hladin gluk\u00f3zy v krvi m\u016f\u017ee b\u00fdt d\u00e1vka Glucophage zv\u00fd\u0161ena na maxim\u00e1ln\u00ed denn\u00ed d\u00e1vku 2550 mg rozd\u011blenou do t\u0159\u00ed d\u00e1vek.<\/p>\n<p>Opat\u0159en\u00ed<br \/>\nTento l\u00e9k m\u016f\u017ee u n\u011bkter\u00fdch lid\u00ed zp\u016fsobit \u017eivot ohro\u017euj\u00edc\u00ed stav, kter\u00fd se projevuje slabost\u00ed, rostouc\u00ed ospalost\u00ed, pomal\u00fdm srde\u010dn\u00edm rytmem, pocitem chladu, bolestmi sval\u016f, bolestmi b\u0159icha, du\u0161nost\u00ed, pocitem z\u00e1vrat\u011b a omdlen\u00edm. Tento stav se naz\u00fdv\u00e1 lakt\u00e1tov\u00e1 acid\u00f3za. Pokud za\u017eijete takov\u00e9 p\u0159\u00edznaky, vyhledejte okam\u017eitou l\u00e9ka\u0159skou pomoc. D\u00e1le v\u011bnujte pozornost p\u0159\u00edznak\u016fm n\u00edzk\u00e9 hladiny cukru v krvi, kter\u00e9 zahrnuj\u00ed hlad, zmatenost, podr\u00e1\u017ed\u011bnost, ospalost, bolesti hlavy, slabost, rychl\u00fd srde\u010dn\u00ed tep, t\u0159es, pocen\u00ed, z\u00e1chvaty a v\u017edy m\u011bjte po ruce zdroj cukru. Vyvarujte se konzumace alkoholu.<\/p>\n<p>Kontraindikace<br \/>\nHypersenzitivita, hyperglykemick\u00e1 k\u00f3ma, ketoacid\u00f3za, selh\u00e1n\u00ed ledvin, onemocn\u011bn\u00ed jater, srde\u010dn\u00ed selh\u00e1n\u00ed, akutn\u00ed infarkt myokardu, respira\u010dn\u00ed selh\u00e1n\u00ed, dehydratace, infek\u010dn\u00ed onemocn\u011bn\u00ed, rozs\u00e1hl\u00e9 operace a trauma, alkoholismus, dieta s n\u00edzk\u00fdm kalorick\u00fdm p\u0159\u00edjmem (m\u00e9n\u011b ne\u017e 1000 kcal\/den), lakt\u00e1tov\u00e1 acid\u00f3za (v\u010detn\u011b historie), t\u011bhotenstv\u00ed, kojen\u00ed. L\u00e9k se nep\u0159edepisuje 2 dny p\u0159ed operac\u00ed, radioizotopov\u00fdmi a rentgenov\u00fdmi vy\u0161et\u0159en\u00edmi, CT skenov\u00e1n\u00edm. Glucophage je kontraindikov\u00e1n u pacient\u016f star\u0161\u00edch 60 let nebo p\u0159i t\u011b\u017ek\u00e9 fyzick\u00e9 pr\u00e1ci (riziko lakt\u00e1tov\u00e9 acid\u00f3zy se zvy\u0161uje).<\/p>\n<p>Vedlej\u0161\u00ed \u00fa\u010dinky<br \/>\nMezi nejb\u011b\u017en\u011bj\u0161\u00ed a pom\u011brn\u011b z\u00e1va\u017en\u00e9 vedlej\u0161\u00ed \u00fa\u010dinky, kter\u00e9 mohou vy\u017eadovat p\u0159eru\u0161en\u00ed u\u017e\u00edv\u00e1n\u00ed l\u00e9ku, pat\u0159\u00ed otoky nebo rychl\u00e9 p\u0159ib\u00fdv\u00e1n\u00ed na v\u00e1ze, nevolnost, zvracen\u00ed, nad\u00fdm\u00e1n\u00ed, pr\u016fjem a ztr\u00e1ta chuti k j\u00eddlu. V p\u0159\u00edpad\u011b lakt\u00e1tov\u00e9 acid\u00f3zy vyhledejte urgentn\u00ed l\u00e9ka\u0159skou pomoc: slabost, rostouc\u00ed ospalost, pomal\u00fd srde\u010dn\u00ed tep, pocit chladu, du\u0161nost, bolesti b\u0159icha, bolest sval\u016f, z\u00e1vrat\u011b a omdlen\u00ed. Tak\u00e9 jsou mo\u017en\u00e9 alergick\u00e9 reakce: kop\u0159ivka, otoky, vyr\u00e1\u017eka.<\/p>\n<p>Interakce s l\u00e9ky<br \/>\nCimetidin (Tagamet) zvy\u0161uje hladiny Glucophage v krvi, co\u017e ovliv\u0148uje jeho metabolismus. Glucophage nen\u00ed kompatibiln\u00ed s alkoholem. Sou\u010dasn\u00e9 u\u017e\u00edv\u00e1n\u00ed s nep\u0159\u00edm\u00fdmi antikoagulanty a Cimetidinem by m\u011blo b\u00fdt prov\u00e1d\u011bno opatrn\u011b. Glucophage zvy\u0161uje metabolismus Furosemidu. Deriv\u00e1ty sulfonylurey, inzul\u00edn, akarb\u00f3za, inhibitory MAO, oxytetracyklin, cyklofosfamid a salicyl\u00e1ty zvy\u0161uj\u00ed \u00fa\u010dinky Glucophage. Sn\u00ed\u017een\u00ed hypoglykemick\u00e9ho \u00fa\u010dinku Glucophage je zp\u016fsobeno soub\u011b\u017en\u00fdm u\u017e\u00edv\u00e1n\u00edm hormon\u00e1ln\u00edch l\u00e9k\u016f, antikoncep\u010dn\u00edch pilulek a dal\u0161\u00edch hormon\u016f, epinefrinu, glukagonu, thiazidov\u00fdch diuretik a deriv\u00e1t\u016f nikotinov\u00e9 kyseliny.<\/p>\n<p>Zme\u0161kan\u00e1 d\u00e1vka<br \/>\nPokud jste zapomn\u011bli u\u017e\u00edt svou d\u00e1vku v\u010das, u\u010di\u0148te tak hned, jak si vzpomenete. Ale neu\u017e\u00edvejte ji, pokud je ji\u017e p\u0159\u00edli\u0161 pozd\u011b nebo pokud se bl\u00ed\u017e\u00ed \u010das na dal\u0161\u00ed d\u00e1vku. Neu\u017e\u00edvejte dvojn\u00e1sobn\u00e9 d\u00e1vky tohoto l\u00e9ku ani dal\u0161\u00ed d\u00e1vky. Dal\u0161\u00ed den u\u017eijte obvyklou d\u00e1vku ve stejn\u00fd pravideln\u00fd \u010das.<\/p>\n<p>P\u0159ed\u00e1vkov\u00e1n\u00ed<br \/>\nP\u0159\u00edznaky p\u0159ed\u00e1vkov\u00e1n\u00ed Glucophage jsou p\u0159\u00edznaky n\u00edzk\u00e9 hladiny cukru v krvi: hlad, zmatenost, podr\u00e1\u017ed\u011bnost, ospalost, bolesti hlavy, slabost, t\u0159es, pocen\u00ed, rychl\u00fd srde\u010dn\u00ed tep a z\u00e1chvaty. Pokud za\u017eijete n\u011bkter\u00fd z t\u011bchto p\u0159\u00edznak\u016f nebo jak\u00e9koli neobvykl\u00e9 p\u0159\u00edznaky, okam\u017eit\u011b kontaktujte sv\u00e9ho l\u00e9ka\u0159e.<\/p>\n<p>Skladov\u00e1n\u00ed<br \/>\nUchov\u00e1vejte p\u0159i pokojov\u00e9 teplot\u011b mezi 20-25 \u00b0C (68-77 \u00b0F). Skladujte mimo vlhkost, teplo a slune\u010dn\u00ed sv\u011btlo. Nen\u00ed doporu\u010deno skladovat v koupeln\u011b a na m\u00edstech p\u0159\u00edstupn\u00fdch d\u011btem.<\/p>\n<p>Upozorn\u011bn\u00ed<br \/>\nPoskytujeme pouze obecn\u00e9 informace o l\u00e9c\u00edch, kter\u00e9 nezahrnuj\u00ed v\u0161echny pokyny, mo\u017en\u00e9 interakce s l\u00e9ky nebo opat\u0159en\u00ed. Informace na webu nelze pou\u017e\u00edt pro samol\u00e9\u010dbu a samodiagn\u00f3zu. Jak\u00e9koli specifick\u00e9 pokyny pro konkr\u00e9tn\u00edho pacienta by m\u011bly b\u00fdt dohodnuty s va\u0161\u00edm zdravotnick\u00fdm poradcem nebo l\u00e9ka\u0159em odpov\u011bdn\u00fdm za v\u00e1\u0161 p\u0159\u00edpad. Odpov\u011bdnost za spolehlivost t\u011bchto informac\u00ed a chyby, kter\u00e9 mohou obsahovat, vylu\u010dujeme. Nejsme odpov\u011bdn\u00ed za \u017e\u00e1dn\u00e9 p\u0159\u00edm\u00e9, nep\u0159\u00edm\u00e9, zvl\u00e1\u0161tn\u00ed nebo jin\u00e9 vedlej\u0161\u00ed \u0161kody v d\u016fsledku jak\u00e9hokoli pou\u017eit\u00ed informac\u00ed na t\u00e9to str\u00e1nce a tak\u00e9 za n\u00e1sledky samol\u00e9\u010dby.<\/p>\n","protected":false},"excerpt":{"rendered":"<p>Glucophage Generic (Metformin) je peror\u00e1ln\u00ed l\u00e9k na cukrovku pou\u017e\u00edvan\u00fd k l\u00e9\u010db\u011b cukrovky 2 typu.<\/p>\n","protected":false},"featured_media":7875,"comment_status":"open","ping_status":"closed","template":"","meta":[],"product_brand":[],"product_cat":[441],"product_tag":[],"class_list":{"0":"post-8073","1":"product","2":"type-product","3":"status-publish","4":"has-post-thumbnail","6":"product_cat-diabetes-cs","7":"pa_active_substance-metformin","9":"first","10":"instock","11":"shipping-taxable","12":"product-type-variable"},"jetpack_sharing_enabled":true,"_links":{"self":[{"href":"https:\/\/www.pharmacy-content.com\/index.php?rest_route=\/wp\/v2\/product\/8073","targetHints":{"allow":["GET"]}}],"collection":[{"href":"https:\/\/www.pharmacy-content.com\/index.php?rest_route=\/wp\/v2\/product"}],"about":[{"href":"https:\/\/www.pharmacy-content.com\/index.php?rest_route=\/wp\/v2\/types\/product"}],"replies":[{"embeddable":true,"href":"https:\/\/www.pharmacy-content.com\/index.php?rest_route=%2Fwp%2Fv2%2Fcomments&post=8073"}],"wp:featuredmedia":[{"embeddable":true,"href":"https:\/\/www.pharmacy-content.com\/index.php?rest_route=\/wp\/v2\/media\/7875"}],"wp:attachment":[{"href":"https:\/\/www.pharmacy-content.com\/index.php?rest_route=%2Fwp%2Fv2%2Fmedia&parent=8073"}],"wp:term":[{"taxonomy":"product_brand","embeddable":true,"href":"https:\/\/www.pharmacy-content.com\/index.php?rest_route=%2Fwp%2Fv2%2Fproduct_brand&post=8073"},{"taxonomy":"product_cat","embeddable":true,"href":"https:\/\/www.pharmacy-content.com\/index.php?rest_route=%2Fwp%2Fv2%2Fproduct_cat&post=8073"},{"taxonomy":"product_tag","embeddable":true,"href":"https:\/\/www.pharmacy-content.com\/index.php?rest_route=%2Fwp%2Fv2%2Fproduct_tag&post=8073"}],"curies":[{"name":"wp","href":"https:\/\/api.w.org\/{rel}","templated":true}]}}