{"id":7985,"date":"2026-04-22T07:07:54","date_gmt":"2026-04-22T07:07:54","guid":{"rendered":""},"modified":"2026-04-22T07:08:12","modified_gmt":"2026-04-22T07:08:12","slug":"glucophage-6","status":"publish","type":"product","link":"https:\/\/www.pharmacy-content.com\/pl\/product\/glucophage-6\/","title":{"rendered":"Glucophage"},"content":{"rendered":"<p>Powszechne zastosowanie<br \/>\nGlucophage to doustny lek przeciwcukrzycowy stosowany w leczeniu cukrzycy typu 2. Jego substancj\u0105 czynn\u0105 jest metformina, kt\u00f3ra nale\u017cy do klasy substancji biguanidowych. Obni\u017ca st\u0119\u017cenie glukozy we krwi, hamuj\u0105c metabolizm glukozy w w\u0105trobie, zmniejszaj\u0105c wch\u0142anianie glukozy z przewodu pokarmowego i zwi\u0119kszaj\u0105c jej wykorzystanie w tkankach. Glucophage stabilizuje lub zmniejsza mas\u0119 cia\u0142a. Efektu terapeutycznego nie obserwuje si\u0119 przy braku insuliny we krwi. Nie powoduje reakcji hipoglikemicznych. Poprawia w\u0142a\u015bciwo\u015bci fibrynolityczne krwi. Stosuje si\u0119 go w leczeniu cukrzycy (typu 2) u doros\u0142ych, zw\u0142aszcza w przypadkach, po kt\u00f3rych nast\u0119puje oty\u0142o\u015b\u0107, a tak\u017ce u pacjent\u00f3w, u kt\u00f3rych leczenie pochodn\u0105 sulfonylomocznika by\u0142o nieskuteczne.<br \/>\nDawkowanie i spos\u00f3b stosowania<br \/>\nNie nale\u017cy stosowa\u0107 tego leku, je\u015bli nie zosta\u0142 przepisany pacjentowi i nie przekracza\u0107 zalecanej dawki. Lek nale\u017cy przyjmowa\u0107 podczas posi\u0142ku, je\u015bli lekarz nie zaleci\u0142 innego sposobu jego stosowania. Glucophage podaje si\u0119 do przyjmowania dwa razy dziennie po 500 mg lub 850 mg raz dziennie w leczeniu cukrzycy typu 2 u doros\u0142ych. W oparciu o poziom glukozy we krwi dawk\u0119 Glucophage mo\u017cna zwi\u0119kszy\u0107 do maksymalnej dawki dobowej wynosz\u0105cej 2550 mg podawanej w trzech dawkach podzielonych.<br \/>\n\u015arodki ostro\u017cno\u015bci<br \/>\nLek ten mo\u017ce u niekt\u00f3rych os\u00f3b wywo\u0142a\u0107 stan zagra\u017caj\u0105cy \u017cyciu, charakteryzuj\u0105cy si\u0119: os\u0142abienie, nasilona senno\u015b\u0107, wolne bicie serca, uczucie zimna, b\u00f3l mi\u0119\u015bni, b\u00f3l brzucha, duszno\u015b\u0107, uczucie oszo\u0142omienia i omdlenia. Nazywa si\u0119 to kwasic\u0105 mleczanow\u0105. Je\u015bli wyst\u0105pi\u0105 takie objawy, nale\u017cy natychmiast uzyska\u0107 pomoc lekarsk\u0105. Uwa\u017caj tak\u017ce na objawy niskiego poziomu cukru we krwi, do kt\u00f3rych nale\u017c\u0105 g\u0142\u00f3d, dezorientacja, dra\u017cliwo\u015b\u0107, senno\u015b\u0107, b\u00f3l g\u0142owy, os\u0142abienie, szybkie bicie serca, dr\u017cenie, pocenie si\u0119, drgawki i zawsze miej pod r\u0119k\u0105 \u017ar\u00f3d\u0142o cukru. Unikaj picia alkoholu.<br \/>\nPrzeciwwskazania<br \/>\nNadwra\u017cliwo\u015b\u0107, \u015bpi\u0105czka hiperglikemiczna, kwasica ketonowa, niewydolno\u015b\u0107 nerek, choroby w\u0105troby, niewydolno\u015b\u0107 serca, ostry zawa\u0142 mi\u0119\u015bnia sercowego, niewydolno\u015b\u0107 oddechowa, odwodnienie, choroby zaka\u017ane, rozleg\u0142e operacje i urazy, alkoholizm, dieta o obni\u017conej kaloryczno\u015bci (poni\u017cej 1000 kcal\/dzie\u0144), kwasica mleczanowa (w tym w wywiadzie), ci\u0105\u017ca, karmienie piersi\u0105. Lek nie jest przepisywany na 2 dni przed operacj\u0105, badaniami radioizotopowymi i rentgenowskimi, tomografi\u0105 komputerow\u0105 (CT). Glucophage jest przeciwwskazany u pacjent\u00f3w powy\u017cej 60. roku \u017cycia lub wykonuj\u0105cych ci\u0119\u017ck\u0105 prac\u0119 fizyczn\u0105 (zwi\u0119ksza si\u0119 ryzyko kwasicy mleczanowej).<br \/>\nDzia\u0142ania niepo\u017c\u0105dane<br \/>\nNast\u0119puj\u0105ce dzia\u0142ania niepo\u017c\u0105dane s\u0105 najcz\u0119stsze i do\u015b\u0107 powa\u017cne, aby przerwa\u0107 przyjmowanie leku: obrz\u0119k lub szybki przyrost masy cia\u0142a, nudno\u015bci, wymioty, gazy, wzd\u0119cia, biegunka i utrata apetytu. W przypadku wyst\u0105pienia kwasicy mleczanowej nale\u017cy wezwa\u0107 dora\u017an\u0105 pomoc lekarsk\u0105: os\u0142abienie, narastaj\u0105ca senno\u015b\u0107, wolne bicie serca, uczucie zimna, duszno\u015b\u0107, b\u00f3le brzucha, b\u00f3le mi\u0119\u015bni, zawroty g\u0142owy i omdlenia. Mo\u017cliwe s\u0105 r\u00f3wnie\u017c reakcje alergiczne: pokrzywka, obrz\u0119k, wysypka.<br \/>\nInterakcje lek\u00f3w<br \/>\nCymetydyna (Tagamet) zwi\u0119ksza poziom Glucophage we krwi, wp\u0142ywaj\u0105c na jego metabolizm. Glucophage nie jest kompatybilny z alkoholem. Nale\u017cy zachowa\u0107 ostro\u017cno\u015b\u0107 podczas jednoczesnego stosowania po\u015brednich antykoagulant\u00f3w i cymetydyny. Glucophage wzmaga metabolizm furosemidu. Pochodne sulfonylomocznika, insuliny, akarbozy, inhibitory MAO, oksytetracykliny, cyklofosfamidu i salicylany nasilaj\u0105 dzia\u0142anie Glucophage. Zmniejszenie hipoglikemicznego dzia\u0142ania Glucophage jest spowodowane jednoczesnym podawaniem z lekami na tarczyc\u0119, pigu\u0142kami antykoncepcyjnymi i innymi hormonami, epinefryn\u0105, glukagonem, tiazydowymi lekami moczop\u0119dnymi, pochodnymi kwasu nikotynowego.<br \/>\nPomini\u0119ta dawka<br \/>\nJe\u015bli zapomnia\u0142e\u015b przyj\u0105\u0107 dawk\u0119 na czas , zr\u00f3b to jak tylko sobie przypomnisz. Nie nale\u017cy jednak go przyjmowa\u0107, je\u015bli jest ju\u017c za p\u00f3\u017ano lub je\u015bli wkr\u00f3tce przypada termin przyj\u0119cia kolejnej dawki. Nie nale\u017cy przyjmowa\u0107 podw\u00f3jnych dawek tego leku ani dodatkowych dawek. Nale\u017cy przyj\u0105\u0107 zwyk\u0142\u0105 dawk\u0119 nast\u0119pnego dnia o tej samej porze.<br \/>\nPrzedawkowanie<br \/>\nObjawami przedawkowania Glucophage s\u0105 niskie st\u0119\u017cenie cukru we krwi: g\u0142\u00f3d, dezorientacja, dra\u017cliwo\u015b\u0107, senno\u015b\u0107, b\u00f3l g\u0142owy, os\u0142abienie, dr\u017cenie, pocenie si\u0119, szybkie bicie serca i drgawki. Je\u015bli wyst\u0105pi kt\u00f3rykolwiek z nich lub jakiekolwiek nietypowe objawy, natychmiast skontaktuj si\u0119 z lekarzem.<br \/>\nPrzechowywanie<br \/>\nPrzechowuj w temperaturze pokojowej pomi\u0119dzy 20-25\u00b0C (68-77\u00b0F). Przechowywa\u0107 z dala od wilgoci, ciep\u0142a i \u015bwiat\u0142a s\u0142onecznego. Nie zaleca si\u0119 przechowywania go w \u0142azienkach i miejscach dost\u0119pnych dla dzieci.<br \/>\nZastrze\u017cenie<br \/>\nPodajemy jedynie og\u00f3lne informacje o lekach, kt\u00f3re nie obejmuj\u0105 wszystkich wskaz\u00f3wek, mo\u017cliwych interakcji lek\u00f3w ani \u015brodk\u00f3w ostro\u017cno\u015bci. Informacje zawarte na stronie nie mog\u0105 by\u0107 wykorzystywane do samodzielnego leczenia i autodiagnozy. Wszelkie szczeg\u00f3\u0142owe instrukcje dla konkretnego pacjenta nale\u017cy uzgodni\u0107 z doradc\u0105 ds. opieki zdrowotnej lub lekarzem prowadz\u0105cym dany przypadek. Zrzekamy si\u0119 wiarygodno\u015bci tych informacji i wszelkich b\u0142\u0119d\u00f3w, jakie mog\u0105 one zawiera\u0107. Nie ponosimy odpowiedzialno\u015bci za jakiekolwiek bezpo\u015brednie, po\u015brednie, specjalne lub inne po\u015brednie szkody powsta\u0142e w wyniku wykorzystania informacji zawartych na tej stronie, a tak\u017ce za konsekwencje samoleczenia.<\/p>\n","protected":false},"excerpt":{"rendered":"<p>Glucophage Generic (Metformin) to doustny lek przeciwcukrzycowy stosowany w leczeniu cukrzycy typu 2.<\/p>\n","protected":false},"featured_media":7875,"comment_status":"open","ping_status":"closed","template":"","meta":[],"product_brand":[],"product_cat":[429],"product_tag":[],"class_list":{"0":"post-7985","1":"product","2":"type-product","3":"status-publish","4":"has-post-thumbnail","6":"product_cat-cukrzyca-pl","7":"pa_active_substance-metformin","9":"first","10":"instock","11":"shipping-taxable","12":"product-type-variable"},"jetpack_sharing_enabled":true,"_links":{"self":[{"href":"https:\/\/www.pharmacy-content.com\/wp-json\/wp\/v2\/product\/7985","targetHints":{"allow":["GET"]}}],"collection":[{"href":"https:\/\/www.pharmacy-content.com\/wp-json\/wp\/v2\/product"}],"about":[{"href":"https:\/\/www.pharmacy-content.com\/wp-json\/wp\/v2\/types\/product"}],"replies":[{"embeddable":true,"href":"https:\/\/www.pharmacy-content.com\/wp-json\/wp\/v2\/comments?post=7985"}],"wp:featuredmedia":[{"embeddable":true,"href":"https:\/\/www.pharmacy-content.com\/wp-json\/wp\/v2\/media\/7875"}],"wp:attachment":[{"href":"https:\/\/www.pharmacy-content.com\/wp-json\/wp\/v2\/media?parent=7985"}],"wp:term":[{"taxonomy":"product_brand","embeddable":true,"href":"https:\/\/www.pharmacy-content.com\/wp-json\/wp\/v2\/product_brand?post=7985"},{"taxonomy":"product_cat","embeddable":true,"href":"https:\/\/www.pharmacy-content.com\/wp-json\/wp\/v2\/product_cat?post=7985"},{"taxonomy":"product_tag","embeddable":true,"href":"https:\/\/www.pharmacy-content.com\/wp-json\/wp\/v2\/product_tag?post=7985"}],"curies":[{"name":"wp","href":"https:\/\/api.w.org\/{rel}","templated":true}]}}