{"id":7622,"date":"2026-04-22T07:06:59","date_gmt":"2026-04-22T07:06:59","guid":{"rendered":""},"modified":"2026-04-22T07:07:35","modified_gmt":"2026-04-22T07:07:35","slug":"stromectol-2","status":"publish","type":"product","link":"https:\/\/www.pharmacy-content.com\/?product=stromectol-2&lang=de","title":{"rendered":"Stromectol"},"content":{"rendered":"<p>Allgemeine Anwendung<br \/>\nStromectol ist ein Anthelminthikum. Es wird zur Behandlung von Infektionen eingesetzt, die durch bestimmte Parasiten verursacht werden. Es t\u00f6tet empfindliche Parasiten ab.<\/p>\n<p>Dosierung und Anwendung<br \/>\nVerwenden Sie Stromectol gem\u00e4\u00df den Anweisungen Ihres Arztes. Nehmen Sie Stromectol oral auf n\u00fcchternen Magen mit Wasser ein. Einige Patienten, die Stromectol einnehmen, m\u00fcssen wiederholt nachuntersucht und erneut behandelt werden, um sicherzustellen, dass die Infektion vollst\u00e4ndig abgeklungen ist. Befolgen Sie die Anweisungen Ihres Arztes. Halten Sie unbedingt alle Arzt- und Labortermine ein.<\/p>\n<p>Vorsichtsma\u00dfnahmen<br \/>\nStromectol kann Schwindel und Schl\u00e4frigkeit verursachen. Diese Wirkungen k\u00f6nnen sich verschlimmern, wenn Sie es zusammen mit Alkohol oder bestimmten Arzneimitteln einnehmen. Verwenden Sie Stromectol mit Vorsicht. Fahren Sie kein Auto und f\u00fchren Sie keine anderen m\u00f6glicherweise unsicheren Aufgaben aus, bis Sie wissen, wie Sie darauf reagieren.<br \/>\nStromectol kann Schwindel, Benommenheit oder Ohnmacht verursachen; Alkohol, hei\u00dfes Wetter, k\u00f6rperliche Bet\u00e4tigung oder Fieber k\u00f6nnen diese Auswirkungen verst\u00e4rken. Um ihnen vorzubeugen, sollten Sie besonders morgens langsam aufstehen oder aufstehen. Setzen oder legen Sie sich beim ersten Anzeichen einer dieser Wirkungen hin.<br \/>\nIn seltenen F\u00e4llen entwickelten einige Patienten, die Stromectol einnahmen und gleichzeitig eine bestimmte andere Parasiteninfektion (Loiasis) hatten, ein schweres und manchmal t\u00f6dliches Gehirnproblem. Informieren Sie Ihren Arzt, wenn Sie an einer anderen Parasiteninfektion leiden. Informieren Sie Ihren Arzt, wenn Sie sich in einem Gebiet aufgehalten haben, in dem eine Infektion mit Loa loa wahrscheinlich ist (z. B. West- oder Zentralafrika). Informieren Sie sofort Ihren Arzt, wenn bei Ihnen Symptome wie ungew\u00f6hnliche R\u00fcckenschmerzen, Augenbluten, Kurzatmigkeit, mangelnde Kontrolle \u00fcber Blase oder Darm, Schwierigkeiten beim Gehen oder Stehen, geistige Ver\u00e4nderungen (z. B. Verwirrtheit), ungew\u00f6hnliche Schw\u00e4che oder Krampfanf\u00e4lle auftreten.<br \/>\nStromectol sollte bei KINDERN mit einem Gewicht unter 15 Kilogramm mit \u00e4u\u00dferster Vorsicht angewendet werden; Sicherheit und Wirksamkeit bei diesen Kindern wurden nicht best\u00e4tigt.<br \/>\nVerwenden Sie Stromectol nicht, wenn Sie schwanger sind. Wenn Sie glauben, schwanger zu sein, wenden Sie sich umgehend an Ihren Arzt. Stromectol kommt in der Muttermilch vor. Wenn Sie w\u00e4hrend der Anwendung von Stromectol stillen oder stillen werden, fragen Sie Ihren Arzt. Besprechen Sie m\u00f6gliche Risiken f\u00fcr Ihr Baby.<\/p>\n<p>Gegenanzeigen<br \/>\nVerwenden Sie dieses Arzneimittel nicht, wenn Sie gegen einen der Inhaltsstoffe von Stromectol allergisch sind.<\/p>\n<p>M\u00f6gliche Nebenwirkungen<br \/>\nDie h\u00e4ufigsten Nebenwirkungen sind Durchfall, Schwindel und \u00dcbelkeit.<br \/>\nSchwere Nebenwirkungen Dazu geh\u00f6ren schwere allergische Reaktionen (Hautausschlag, Nesselsucht, Juckreiz, Atembeschwerden, Engegef\u00fchl in der Brust, Schwellung von Mund, Gesicht, Lippen oder Zunge). Augenschmerzen, Schwellung oder R\u00f6tung; Ohnmacht; schneller Herzschlag; Fieber; Gelenkschmerzen; rote, geschwollene, blasige oder sich abl\u00f6sende Haut; Anf\u00e4lle; starker Schwindel oder Benommenheit; Schwellung der Haut, Arme, Beine, Kn\u00f6chel oder F\u00fc\u00dfe; empfindliche oder geschwollene Lymphdr\u00fcsen (z. B. im Nacken, in der Leistengegend, in den Achselh\u00f6hlen); Sehst\u00f6rungen; Gelbf\u00e4rbung der Augen oder der Haut.<\/p>\n<p>Arzneimittelwechselwirkung<br \/>\nInformieren Sie Ihren Arzt, wenn Sie andere Arzneimittel einnehmen, insbesondere eines der folgenden: Warfarin, da das Risiko seiner Nebenwirkungen durch Stromectol erh\u00f6ht werden kann.<\/p>\n<p>\u00dcbersehen Dosis<br \/>\nWenn Sie eine Dosis vergessen haben, nehmen Sie sie ein, sobald Sie sich daran erinnern. Wenn der Zeitpunkt der n\u00e4chsten Dosis naht, lassen Sie die vergessene Dosis aus und nehmen Sie Ihren gewohnten Einnahmeplan wieder ein. Verdoppeln Sie die Dosis nicht, um den R\u00fcckstand aufzuholen.<\/p>\n<p>\u00dcberdosierung<br \/>\nBei Verdacht auf eine \u00dcberdosierung wenden Sie sich sofort an eine \u00f6rtliche Giftnotrufzentrale oder Notaufnahme. Zu den Symptomen einer \u00dcberdosierung k\u00f6nnen Taubheitsgef\u00fchl, Kribbeln, Atembeschwerden, Koordinationsverlust und Krampfanf\u00e4lle geh\u00f6ren.<\/p>\n<p>Lagerung<br \/>\nBei Raumtemperatur unter 30 \u00b0C (86 \u00b0F) und vor Licht und Feuchtigkeit gesch\u00fctzt lagern. Nicht im Badezimmer aufbewahren. Halten Sie alle Medikamente von Kindern und Haustieren fern.<\/p>\n<p>Haftungsausschluss<br \/>\nWir stellen nur allgemeine Informationen zu Medikamenten zur Verf\u00fcgung, die nicht alle Anwendungsgebiete, m\u00f6gliche Wechselwirkungen mit anderen Medikamenten oder Vorsichtsma\u00dfnahmen abdecken. Die Informationen auf der Website k\u00f6nnen nicht zur Selbstbehandlung und Selbstdiagnose verwendet werden. Spezifische Anweisungen f\u00fcr einen bestimmten Patienten sollten mit Ihrem Gesundheitsberater oder dem f\u00fcr den Fall zust\u00e4ndigen Arzt vereinbart werden. Wir lehnen die Zuverl\u00e4ssigkeit dieser Informationen und die darin enthaltenen Fehler ab. Wir haften nicht f\u00fcr direkte, indirekte, besondere oder sonstige indirekte Sch\u00e4den, die sich aus der Nutzung der Informationen auf dieser Website ergeben und auch nicht f\u00fcr Folgen der Selbstbehandlung.<\/p>\n","protected":false},"excerpt":{"rendered":"<p>Stromectol ist ein orales Anthelminthikum zur Behandlung von Infektionen, die durch bestimmte parasit\u00e4re W\u00fcrmer verursacht werden.<\/p>\n","protected":false},"featured_media":7594,"comment_status":"open","ping_status":"closed","template":"","meta":[],"product_brand":[],"product_cat":[387],"product_tag":[],"class_list":{"0":"post-7622","1":"product","2":"type-product","3":"status-publish","4":"has-post-thumbnail","6":"product_cat-covid-19-de","7":"pa_active_substance-ivermectin","9":"first","10":"instock","11":"shipping-taxable","12":"product-type-variable"},"jetpack_sharing_enabled":true,"_links":{"self":[{"href":"https:\/\/www.pharmacy-content.com\/index.php?rest_route=\/wp\/v2\/product\/7622","targetHints":{"allow":["GET"]}}],"collection":[{"href":"https:\/\/www.pharmacy-content.com\/index.php?rest_route=\/wp\/v2\/product"}],"about":[{"href":"https:\/\/www.pharmacy-content.com\/index.php?rest_route=\/wp\/v2\/types\/product"}],"replies":[{"embeddable":true,"href":"https:\/\/www.pharmacy-content.com\/index.php?rest_route=%2Fwp%2Fv2%2Fcomments&post=7622"}],"wp:featuredmedia":[{"embeddable":true,"href":"https:\/\/www.pharmacy-content.com\/index.php?rest_route=\/wp\/v2\/media\/7594"}],"wp:attachment":[{"href":"https:\/\/www.pharmacy-content.com\/index.php?rest_route=%2Fwp%2Fv2%2Fmedia&parent=7622"}],"wp:term":[{"taxonomy":"product_brand","embeddable":true,"href":"https:\/\/www.pharmacy-content.com\/index.php?rest_route=%2Fwp%2Fv2%2Fproduct_brand&post=7622"},{"taxonomy":"product_cat","embeddable":true,"href":"https:\/\/www.pharmacy-content.com\/index.php?rest_route=%2Fwp%2Fv2%2Fproduct_cat&post=7622"},{"taxonomy":"product_tag","embeddable":true,"href":"https:\/\/www.pharmacy-content.com\/index.php?rest_route=%2Fwp%2Fv2%2Fproduct_tag&post=7622"}],"curies":[{"name":"wp","href":"https:\/\/api.w.org\/{rel}","templated":true}]}}