{"id":7577,"date":"2026-04-22T07:06:47","date_gmt":"2026-04-22T07:06:47","guid":{"rendered":""},"modified":"2026-04-22T07:06:51","modified_gmt":"2026-04-22T07:06:51","slug":"lipitor-10","status":"publish","type":"product","link":"https:\/\/www.pharmacy-content.com\/?product=lipitor-10&lang=cs","title":{"rendered":"Lipitor"},"content":{"rendered":"<p>B\u011b\u017en\u00e9 pou\u017eit\u00ed<br \/>\nLipitor je p\u0159\u00edpravek na sn\u00ed\u017een\u00ed cholesterolu, kter\u00fd se pou\u017e\u00edv\u00e1 k l\u00e9\u010db\u011b vysok\u00e9ho cholesterolu nebo ke sn\u00ed\u017een\u00ed rizika mrtvice, srde\u010dn\u00edho infarktu nebo jin\u00fdch srde\u010dn\u00edch komplikac\u00ed u pacient\u016f s ischemickou chorobou srde\u010dn\u00ed nebo diabetem druh\u00e9ho typu. Lipitor pom\u00e1h\u00e1 odstra\u0148ovat \u0161kodliv\u00fd cholesterol z lipoprotein\u016f s n\u00edzkou hustotou z krve a omezuje schopnost t\u011bla tvo\u0159it nov\u00fd LDL cholesterol. M\u016f\u017ee tak pomoci p\u0159edch\u00e1zet kornat\u011bn\u00ed tepen a srde\u010dn\u00edm chorob\u00e1m, stav\u016fm, kter\u00e9 mohou v\u00e9st k c\u00e9vn\u00edm onemocn\u011bn\u00edm, srde\u010dn\u00edmu infarktu, mrtvici.<br \/>\nD\u00e1vkov\u00e1n\u00ed a sm\u011br<br \/>\nU\u017e\u00edv\u00e1 se peror\u00e1ln\u011b jednou denn\u011b s j\u00eddlem nebo bez j\u00eddla. Lipitore by se m\u011bl u\u017e\u00edvat s plnou sklenic\u00ed vody.<br \/>\nObvykl\u00e1 d\u00e1vka pro dosp\u011bl\u00e9 je 10 mg jednou denn\u011b.<br \/>\nB\u011b\u017en\u00e1 d\u00e1vka pro d\u011bti ve v\u011bku 10 a\u017e 17 let je 10 mg jednou denn\u011b.<br \/>\nU\u017e\u00edv\u00e1n\u00ed Lipitoru u d\u011bt\u00ed mlad\u0161\u00edch 10 let v\u011bku se nedoporu\u010duje a d\u00e1vku mus\u00ed ur\u010dit v\u00e1\u0161 rodinn\u00fd l\u00e9ka\u0159.<br \/>\nPozn\u00e1mka: tento n\u00e1vod je zde uveden pouze pro kontrolu. P\u0159ed pou\u017eit\u00edm je velmi nutn\u00e9 se poradit se sv\u00fdm l\u00e9ka\u0159em. Pom\u016f\u017ee v\u00e1m dos\u00e1hnout nejlep\u0161\u00edch v\u00fdsledk\u016f.<br \/>\nOpat\u0159en\u00ed<br \/>\nLid\u00e9 s cukrovkou, nedostate\u010dnou funkc\u00ed \u0161t\u00edtn\u00e9 \u017el\u00e1zy, onemocn\u011bn\u00edm ledvin nebo svalov\u00fdm onemocn\u011bn\u00edm n\u011bkdy pot\u0159ebuj\u00ed p\u0159ed nebo b\u011bhem l\u00e9\u010dby Lipitorem dal\u0161\u00ed testy, proto\u017ee m\u016f\u017ee b\u00fdt nutn\u00e9 upravit d\u00e1vkov\u00e1n\u00ed. P\u0159i u\u017e\u00edv\u00e1n\u00ed tohoto l\u00e9ku nepou\u017e\u00edvejte velk\u00e9 mno\u017estv\u00ed alkoholu, proto\u017ee to m\u016f\u017ee zhor\u0161it ne\u017e\u00e1douc\u00ed \u00fa\u010dinky tohoto l\u00e9ku na j\u00e1tra. Lipitor by se nem\u011bl u\u017e\u00edvat b\u011bhem t\u011bhotenstv\u00ed, ot\u011bhotn\u011bn\u00ed nebo kojen\u00ed bez porady s l\u00e9ka\u0159em. Bez souhlasu l\u00e9ka\u0159e nepou\u017e\u00edvejte Lipitor p\u0159ed kojen\u00edm.<br \/>\nKontraindikace<br \/>\nLipitor nen\u00ed povolen osob\u00e1m, kter\u00e9 maj\u00ed jatern\u00ed probl\u00e9my nebo nevysv\u011btliteln\u00e9 abnorm\u00e1ln\u00ed jatern\u00ed testy. Neu\u017e\u00edvejte jej, pokud u\u017e\u00edv\u00e1te inhibitor HIV prote\u00e1zy (nap\u0159. ritonavir), itrakonazol nebo mibefradil. Lipitor je tak\u00e9 kontraindikov\u00e1n, pokud jste p\u0159ecitliv\u011bl\u00ed na kteroukoli slo\u017eku tohoto l\u00e9ku, v t\u011bhotenstv\u00ed nebo p\u0159i kojen\u00ed.<br \/>\nMo\u017en\u00e9 vedlej\u0161\u00ed \u00fa\u010dinky<br \/>\nM\u016f\u017eou zahrnovat v\u0161echny typy alergick\u00fdch reakc\u00ed. Mezi nej\u010dast\u011bj\u0161\u00ed vedlej\u0161\u00ed \u00fa\u010dinky pat\u0159\u00ed tak\u00e9:<br \/>\nbolest sval\u016f, citlivost nebo slabost s hore\u010dkou nebo p\u0159\u00edznaky ch\u0159ipky; nebo<br \/>\nnevolnost, j\u00edlovit\u011b zbarven\u00e1 stolice, bolest \u017ealudku, n\u00edzk\u00e1 hore\u010dka, \u017eloutenka, ztr\u00e1ta chuti k j\u00eddlu, tmav\u00e1 mo\u010d.<br \/>\nMen\u011b z\u00e1va\u017en\u00e9 zahrnuj\u00ed:<br \/>\nm\u00edrnou nevolnost nebo bolest \u017ealudku, \u017ealude\u010dn\u00ed nevolnost, p\u00e1len\u00ed \u017e\u00e1hy;<br \/>\nz\u00e1cpu, nad\u00fdm\u00e1n\u00ed, plynatost;<br \/>\ndu\u0161nost nos;sv\u011bd\u011bn\u00ed, ko\u017en\u00ed vyr\u00e1\u017eka;<br \/>\nbolesti hlavy.<br \/>\nPokud n\u011bkter\u00fd z nich zaznamen\u00e1te, p\u0159esta\u0148te Lipitor pou\u017e\u00edvat a co nejd\u0159\u00edve to sd\u011blte sv\u00e9mu l\u00e9ka\u0159i. Tak\u00e9 se pora\u010fte se sv\u00fdm l\u00e9ka\u0159em o jak\u00fdchkoli ne\u017e\u00e1douc\u00edch \u00fa\u010dinc\u00edch, kter\u00e9 se zdaj\u00ed b\u00fdt neobvykl\u00e9.<br \/>\nL\u00e9kov\u00e9 interakce<br \/>\nAtrovastatin interaguje s n\u00e1sleduj\u00edc\u00edmi l\u00e9ky: digoxin; erythromycin nebo klarithromycin; gemfibrozil nebo fenofibr\u00e1t; niacin; antifung\u00e1ln\u00ed l\u00e9\u010divo, jako je itrakonazol, flukonazol nebo ketokonazol; l\u00e9ky, kter\u00e9 oslabuj\u00ed v\u00e1\u0161 imunitn\u00ed syst\u00e9m, jako jsou l\u00e9ky na rakovinu nebo steroidy, cyklosporin, sirolimus, takrolimus a dal\u0161\u00ed; L\u00e9ky na HIV nebo AIDS, jako je indinavir, nelfinavir, ritonavir, lopinavir-ritonavir nebo saquinavir. V\u0161imn\u011bte si tak\u00e9, \u017ee interakce mezi dv\u011bma l\u00e9ky nemus\u00ed v\u017edy znamenat, \u017ee mus\u00edte jeden z nich p\u0159estat u\u017e\u00edvat. Jako obvykle to ovliv\u0148uje \u00fa\u010dinek l\u00e9k\u016f, proto se pora\u010fte se sv\u00fdm l\u00e9ka\u0159em o tom, jak jsou nebo by m\u011bly b\u00fdt \u0159\u00edzeny jeho interakce.<br \/>\nVynechan\u00e1 d\u00e1vka<br \/>\nPokud jste zapomn\u011bli u\u017e\u00edt d\u00e1vku v\u010das, ud\u011blejte to pros\u00edm, jakmile si vzpomenete. Ale neu\u017e\u00edvejte, pokud je p\u0159\u00edli\u0161 pozd\u011b nebo je t\u00e9m\u011b\u0159 \u010das na dal\u0161\u00ed d\u00e1vku. Nezvy\u0161ujte doporu\u010denou d\u00e1vku. U\u017eijte svou obvyklou d\u00e1vku n\u00e1sleduj\u00edc\u00ed den ve stejnou pravidelnou dobu.<br \/>\nP\u0159ed\u00e1vkov\u00e1n\u00ed<br \/>\nP\u0159\u00edznaky p\u0159\u00edpravku Lipitor nejsou dob\u0159e zn\u00e1my, ale mezi nejpravd\u011bpodobn\u011bj\u0161\u00ed pat\u0159\u00ed z\u00e1va\u017en\u00fd pokles krevn\u00edho tlaku a rychlej\u0161\u00ed srde\u010dn\u00ed tep. Pokud zaznamen\u00e1te jeden z nich nebo jak\u00e9koli neobvykl\u00e9 p\u0159\u00edznaky, okam\u017eit\u011b zavolejte sv\u00e9ho l\u00e9ka\u0159e.<br \/>\nSkladujte<br \/>\nSkladujte p\u0159i pokojov\u00e9 teplot\u011b 15-25 \u00b0C, mimo dosah sv\u011btla a vlhkosti, d\u011bt\u00ed a dom\u00e1c\u00edch zv\u00ed\u0159at. Nepou\u017e\u00edvejte po uplynut\u00ed doby pou\u017eitelnosti.<br \/>\nZ\u0159eknut\u00ed se odpov\u011bdnosti<br \/>\nPoskytujeme pouze obecn\u00e9 informace o l\u00e9c\u00edch, kter\u00e9 nepokr\u00fdvaj\u00ed v\u0161echny pokyny, mo\u017en\u00e9 integrace l\u00e9k\u016f nebo preventivn\u00ed opat\u0159en\u00ed. Informace na m\u00edst\u011b nelze pou\u017e\u00edt pro samol\u00e9\u010dbu a autodiagnostiku. Jak\u00e9koli specifick\u00e9 pokyny pro konkr\u00e9tn\u00edho pacienta by m\u011bly b\u00fdt dohodnuty se sv\u00fdm zdravotn\u00edm poradcem nebo l\u00e9ka\u0159em, kter\u00fd m\u00e1 na starosti dan\u00fd p\u0159\u00edpad. Odm\u00edt\u00e1me spolehlivost t\u011bchto informac\u00ed a chyby, kter\u00e9 by mohly obsahovat. Nejsme zodpov\u011bdn\u00ed za \u017e\u00e1dn\u00e9 p\u0159\u00edm\u00e9, nep\u0159\u00edm\u00e9, zvl\u00e1\u0161tn\u00ed nebo jin\u00e9 nep\u0159\u00edm\u00e9 \u0161kody v d\u016fsledku jak\u00e9hokoli pou\u017eit\u00ed informac\u00ed na t\u011bchto str\u00e1nk\u00e1ch a tak\u00e9 za n\u00e1sledky samol\u00e9\u010dby.<\/p>\n","protected":false},"excerpt":{"rendered":"<p>Lipitor Generic je statin, kter\u00fd se pou\u017e\u00edv\u00e1 jako l\u00e9k na sn\u00ed\u017een\u00ed hladiny cholesterolu a triglycerid\u016f.<\/p>\n","protected":false},"featured_media":7433,"comment_status":"open","ping_status":"closed","template":"","meta":[],"product_brand":[],"product_cat":[381],"product_tag":[],"class_list":{"0":"post-7577","1":"product","2":"type-product","3":"status-publish","4":"has-post-thumbnail","6":"product_cat-cholesterol-cs","7":"pa_active_substance-atorvastatin","9":"first","10":"instock","11":"shipping-taxable","12":"product-type-variable"},"jetpack_sharing_enabled":true,"_links":{"self":[{"href":"https:\/\/www.pharmacy-content.com\/index.php?rest_route=\/wp\/v2\/product\/7577","targetHints":{"allow":["GET"]}}],"collection":[{"href":"https:\/\/www.pharmacy-content.com\/index.php?rest_route=\/wp\/v2\/product"}],"about":[{"href":"https:\/\/www.pharmacy-content.com\/index.php?rest_route=\/wp\/v2\/types\/product"}],"replies":[{"embeddable":true,"href":"https:\/\/www.pharmacy-content.com\/index.php?rest_route=%2Fwp%2Fv2%2Fcomments&post=7577"}],"wp:featuredmedia":[{"embeddable":true,"href":"https:\/\/www.pharmacy-content.com\/index.php?rest_route=\/wp\/v2\/media\/7433"}],"wp:attachment":[{"href":"https:\/\/www.pharmacy-content.com\/index.php?rest_route=%2Fwp%2Fv2%2Fmedia&parent=7577"}],"wp:term":[{"taxonomy":"product_brand","embeddable":true,"href":"https:\/\/www.pharmacy-content.com\/index.php?rest_route=%2Fwp%2Fv2%2Fproduct_brand&post=7577"},{"taxonomy":"product_cat","embeddable":true,"href":"https:\/\/www.pharmacy-content.com\/index.php?rest_route=%2Fwp%2Fv2%2Fproduct_cat&post=7577"},{"taxonomy":"product_tag","embeddable":true,"href":"https:\/\/www.pharmacy-content.com\/index.php?rest_route=%2Fwp%2Fv2%2Fproduct_tag&post=7577"}],"curies":[{"name":"wp","href":"https:\/\/api.w.org\/{rel}","templated":true}]}}