{"id":7545,"date":"2026-04-22T07:06:42","date_gmt":"2026-04-22T07:06:42","guid":{"rendered":""},"modified":"2026-04-22T07:06:51","modified_gmt":"2026-04-22T07:06:51","slug":"lipitor-8","status":"publish","type":"product","link":"https:\/\/www.pharmacy-content.com\/?product=lipitor-8&lang=sv","title":{"rendered":"Lipitor"},"content":{"rendered":"<p>Vanlig anv\u00e4ndning<br \/>\nLipitor \u00e4r ett kolesterols\u00e4nkande som anv\u00e4nds f\u00f6r att behandla h\u00f6gt kolesterol eller f\u00f6r att minska risken f\u00f6r stroke, hj\u00e4rtinfarkt eller andra hj\u00e4rtkomplikationer hos patienter med kransk\u00e4rlssjukdom eller andra typ av diabetes. Lipitor hj\u00e4lper till att rensa ut skadligt l\u00e5gdensitetslipoproteinkolesterol ur blodet och genom att begr\u00e4nsa kroppens f\u00f6rm\u00e5ga att bilda nytt LDL-kolesterol. P\u00e5 s\u00e5 s\u00e4tt kan det hj\u00e4lpa till att f\u00f6rhindra f\u00f6rh\u00e5rdnader av art\u00e4rerna och hj\u00e4rtsjukdomar, tillst\u00e5nd som kan leda till k\u00e4rlsjukdomar, hj\u00e4rtinfarkt, stroke.<br \/>\nDosering och anvisning<br \/>\nTa det oralt en g\u00e5ng om dagen med eller utan mat. Lipitor ska tas med ett helt glas vatten.<br \/>\nDen vanliga dosen f\u00f6r vuxna \u00e4r 10 mg en g\u00e5ng dagligen.<br \/>\nDen vanliga dosen f\u00f6r barn 10 till 17 \u00e5r \u00e4r 10 mg en g\u00e5ng dagligen.<br \/>\nAnv\u00e4ndning av Lipitor till barn under 10 \u00e5r \u00e5lder rekommenderas inte och dosen m\u00e5ste best\u00e4mmas av din husl\u00e4kare.<br \/>\nObs: denna instruktion presenteras h\u00e4r bara f\u00f6r granskning. Det \u00e4r mycket n\u00f6dv\u00e4ndigt att r\u00e5dg\u00f6ra med din l\u00e4kare innan du anv\u00e4nder. Det hj\u00e4lper dig att f\u00e5 b\u00e4sta resultat.<br \/>\nF\u00f6rsiktighets\u00e5tg\u00e4rder<br \/>\nPersoner med diabetes, underaktiva sk\u00f6ldk\u00f6rtelk\u00f6rtlar, njursjukdom eller muskelsjukdom beh\u00f6ver ibland ytterligare tester f\u00f6re eller under Lipitorbehandling eftersom dosjusteringar kan beh\u00f6vas. Anv\u00e4nd inte stora m\u00e4ngder alkohol n\u00e4r du tar detta l\u00e4kemedel eftersom det kan f\u00f6rv\u00e4rra de negativa effekterna av detta l\u00e4kemedel p\u00e5 levern. Lipitor ska inte anv\u00e4ndas under graviditet, vid graviditet eller amning utan l\u00e4kares r\u00e5d. Anv\u00e4nd inte Lipitor f\u00f6re amning utan l\u00e4kares tillst\u00e5nd.<br \/>\nKontraindikationer<br \/>\nLipitor \u00e4r inte till\u00e5tet till personer som har leverproblem eller of\u00f6rklarliga onormala leverfunktionstester. Anv\u00e4nd det inte om du tar en hiv-proteash\u00e4mmare (t.ex. ritonavir), itrakonazol eller mibefradil. Lipitor \u00e4r ocks\u00e5 kontraindicerat om du \u00e4r \u00f6verk\u00e4nslig mot n\u00e5gon del av detta l\u00e4kemedel, graviditet eller amning.<br \/>\nM\u00f6jliga biverkningar<br \/>\nDe kan inkludera alla typer av allergiska reaktioner. De mest m\u00f6jliga biverkningarna inkluderar ocks\u00e5:<br \/>\nmuskelsm\u00e4rta, \u00f6mhet eller svaghet med feber eller influensasymptom; eller<br \/>\nillam\u00e5ende, lerf\u00e4rgad avf\u00f6ring, magsm\u00e4rtor, l\u00e5g feber, gulsot, aptitl\u00f6shet, m\u00f6rk urin.<br \/>\nMindre allvarliga inkluderar:<br \/>\nlindrigt illam\u00e5ende eller magsm\u00e4rtor, magbesv\u00e4r, halsbr\u00e4nna;<br \/>\nf\u00f6rstoppning, uppbl\u00e5sthet, gaser;<br \/>\nt\u00e4ppt n\u00e4sa;<br \/>\nkl\u00e5da, hudutslag;<br \/>\nhuvudv\u00e4rk.<br \/>\nOm du upplever n\u00e5gon av dem sluta anv\u00e4nda Lipitor och ber\u00e4tta f\u00f6r din l\u00e4kare s\u00e5 snart som m\u00f6jligt. R\u00e5dg\u00f6r ocks\u00e5 med din l\u00e4kare om eventuella biverkningar som verkar ovanliga.<br \/>\nL\u00e4kemedelsinteraktion<br \/>\nAtrovastatin interagerar med f\u00f6ljande l\u00e4kemedel: digoxin; erytromycin eller klaritromycin; gemfibrozil eller fenofibrat; niacin; ett antifungalt l\u00e4kemedel s\u00e5som itrakonazol, flukonazol eller ketokonazol; l\u00e4kemedel som f\u00f6rsvagar ditt immunf\u00f6rsvar s\u00e5som cancermedicin eller steroider, ciklosporin, sirolimus, takrolimus och andra; HIV- eller AIDS-l\u00e4kemedel s\u00e5som indinavir, nelfinavir, ritonavir, lopinavir-ritonavir eller saquinavir. Observera ocks\u00e5 att interaktion mellan tv\u00e5 mediciner inte alltid inneb\u00e4r att du m\u00e5ste sluta ta en av dem. Som vanligt p\u00e5verkar det effekten av l\u00e4kemedel, s\u00e5 r\u00e5dg\u00f6r med din l\u00e4kare om hur interaktionerna hanteras eller b\u00f6r hanteras.<br \/>\nMissad dos<br \/>\nOm du har gl\u00f6mt att ta din dos i tid, v\u00e4nligen g\u00f6r det s\u00e5 snart du kommer ih\u00e5g det. Men ta inte om det \u00e4r f\u00f6r sent eller n\u00e4stan dags f\u00f6r din n\u00e4sta dos. \u00d6ka inte din rekommenderade dos. Ta din vanliga dos n\u00e4sta dag p\u00e5 samma regelbundna tid.<br \/>\n\u00d6verdosering<br \/>\nSymptom p\u00e5 Lipitor \u00e4r inte v\u00e4lk\u00e4nda men de flesta m\u00f6jliga inkluderar ett kraftigt blodtrycksfall och snabbare hj\u00e4rtslag. Om du upplever n\u00e5got av dem eller n\u00e5gra ovanliga symtom, kontakta din l\u00e4kare omedelbart.<br \/>\nF\u00f6rvaring<br \/>\nF\u00f6rvara i rumstemperatur mellan 59-77 grader F (15-25 grader C) borta fr\u00e5n ljus och fukt, barn och husdjur. Anv\u00e4nd inte efter utg\u00e5ngstiden.<br \/>\nAnsvarsfriskrivning<br \/>\nVi tillhandah\u00e5ller endast allm\u00e4n information om mediciner som inte t\u00e4cker alla riktningar, m\u00f6jliga l\u00e4kemedelsintegrationer eller f\u00f6rsiktighets\u00e5tg\u00e4rder. Information p\u00e5 webbplatsen kan inte anv\u00e4ndas f\u00f6r sj\u00e4lvbehandling och sj\u00e4lvdiagnos. Alla specifika instruktioner f\u00f6r en viss patient b\u00f6r \u00f6verenskommas med din h\u00e4lsor\u00e5dgivare eller l\u00e4kare som \u00e4r ansvarig f\u00f6r \u00e4rendet. Vi fr\u00e5ns\u00e4ger oss tillf\u00f6rlitligheten av denna information och misstag den kan inneh\u00e5lla. Vi ansvarar inte f\u00f6r n\u00e5gra direkta, indirekta, speciella eller andra indirekta skador till f\u00f6ljd av n\u00e5gon anv\u00e4ndning av informationen p\u00e5 denna webbplats och \u00e4ven f\u00f6r konsekvenser av egenbehandling.<\/p>\n","protected":false},"excerpt":{"rendered":"<p>Lipitor Generic \u00e4r en statin som anv\u00e4nds som ett kolesterol- och triglycerids\u00e4nkande l\u00e4kemedel.<\/p>\n","protected":false},"featured_media":7433,"comment_status":"open","ping_status":"closed","template":"","meta":[],"product_brand":[],"product_cat":[375],"product_tag":[],"class_list":{"0":"post-7545","1":"product","2":"type-product","3":"status-publish","4":"has-post-thumbnail","6":"product_cat-kolesterol-sv","7":"pa_active_substance-atorvastatin","9":"first","10":"instock","11":"shipping-taxable","12":"product-type-variable"},"jetpack_sharing_enabled":true,"_links":{"self":[{"href":"https:\/\/www.pharmacy-content.com\/index.php?rest_route=\/wp\/v2\/product\/7545","targetHints":{"allow":["GET"]}}],"collection":[{"href":"https:\/\/www.pharmacy-content.com\/index.php?rest_route=\/wp\/v2\/product"}],"about":[{"href":"https:\/\/www.pharmacy-content.com\/index.php?rest_route=\/wp\/v2\/types\/product"}],"replies":[{"embeddable":true,"href":"https:\/\/www.pharmacy-content.com\/index.php?rest_route=%2Fwp%2Fv2%2Fcomments&post=7545"}],"wp:featuredmedia":[{"embeddable":true,"href":"https:\/\/www.pharmacy-content.com\/index.php?rest_route=\/wp\/v2\/media\/7433"}],"wp:attachment":[{"href":"https:\/\/www.pharmacy-content.com\/index.php?rest_route=%2Fwp%2Fv2%2Fmedia&parent=7545"}],"wp:term":[{"taxonomy":"product_brand","embeddable":true,"href":"https:\/\/www.pharmacy-content.com\/index.php?rest_route=%2Fwp%2Fv2%2Fproduct_brand&post=7545"},{"taxonomy":"product_cat","embeddable":true,"href":"https:\/\/www.pharmacy-content.com\/index.php?rest_route=%2Fwp%2Fv2%2Fproduct_cat&post=7545"},{"taxonomy":"product_tag","embeddable":true,"href":"https:\/\/www.pharmacy-content.com\/index.php?rest_route=%2Fwp%2Fv2%2Fproduct_tag&post=7545"}],"curies":[{"name":"wp","href":"https:\/\/api.w.org\/{rel}","templated":true}]}}