{"id":7529,"date":"2026-04-22T07:06:40","date_gmt":"2026-04-22T07:06:40","guid":{"rendered":""},"modified":"2026-04-22T07:06:51","modified_gmt":"2026-04-22T07:06:51","slug":"lipitor-7","status":"publish","type":"product","link":"https:\/\/www.pharmacy-content.com\/?product=lipitor-7&lang=pt","title":{"rendered":"Lipitor"},"content":{"rendered":"<p>Uso comum<br \/>\nA Lipitora \u00e9 um medicamento redutor de colesterol usado para tratar colesterol alto ou para diminuir o risco de acidente vascular cerebral, ataque card\u00edaco ou outras complica\u00e7\u00f5es card\u00edacas em pacientes com doen\u00e7a coronariana ou segundo tipo de diabetes. A Lipitora ajuda a eliminar o colesterol prejudicial da lipoprote\u00edna de baixa densidade do sangue e limita a capacidade do corpo de formar novo colesterol LDL. Assim, pode ajudar a prevenir o endurecimento das art\u00e9rias e doen\u00e7as card\u00edacas, condi\u00e7\u00f5es que podem levar a doen\u00e7as vasculares, ataque card\u00edaco, acidente vascular cerebral.<br \/>\nDosagem e orienta\u00e7\u00e3o<br \/>\nTome por via oral uma vez ao dia com ou sem alimentos. A Lipitora deve ser tomada com um copo cheio de \u00e1gua.<br \/>\nA dose habitual para adultos \u00e9 de 10 mg uma vez por dia.<br \/>\nA dose habitual para crian\u00e7as dos 10 aos 17 anos de idade \u00e9 de 10 mg uma vez por dia.<br \/>\nUso de Lipitora em crian\u00e7as com menos de 10 anos de idade n\u00e3o \u00e9 recomendado e a dose deve ser determinada pelo seu m\u00e9dico de fam\u00edlia.<br \/>\nNota: esta instru\u00e7\u00e3o apresentada aqui apenas para revis\u00e3o. \u00c9 muito necess\u00e1rio consultar seu m\u00e9dico antes de usar. Ele ajuda voc\u00ea a obter melhores resultados.<br \/>\nPrecau\u00e7\u00f5es<br \/>\nPessoas com diabetes, gl\u00e2ndula tireoide hipoativa, doen\u00e7a renal ou muscular \u00e0s vezes precisam de exames adicionais antes ou durante o tratamento com Lipitora, pois podem ser necess\u00e1rios ajustes de dose. N\u00e3o consuma grandes quantidades de \u00e1lcool enquanto estiver a tomar este medicamento, pois pode agravar os efeitos adversos deste medicamento no f\u00edgado. A Lipitora n\u00e3o deve ser usada durante a gravidez, engravidar ou amamentar sem orienta\u00e7\u00e3o m\u00e9dica. N\u00e3o use Lipitora antes de amamentar sem a permiss\u00e3o do m\u00e9dico.<br \/>\nContra-indica\u00e7\u00f5es<br \/>\nA Lipitora n\u00e3o \u00e9 permitida para pessoas que tenham problemas hep\u00e1ticos ou testes de fun\u00e7\u00e3o hep\u00e1tica anormais inexplic\u00e1veis. N\u00e3o o use se estiver tomando um inibidor da protease do HIV (por exemplo, ritonavir), itraconazol ou mibefradil. Tamb\u00e9m a Lipitora \u00e9 contra-indicada se voc\u00ea tiver hipersensibilidade a algum componente deste medicamento, gravidez ou amamenta\u00e7\u00e3o.<br \/>\nPoss\u00edveis efeitos colaterais<br \/>\nEles podem incluir todos os tipos de rea\u00e7\u00e3o al\u00e9rgica. Al\u00e9m disso, os efeitos colaterais mais poss\u00edveis incluem:<br \/>\ndor muscular, sensibilidade ou fraqueza com febre ou sintomas de gripe; ou<br \/>\nn\u00e1useas, fezes cor de argila, dor de est\u00f4mago, febre baixa, icter\u00edcia, perda de apetite, urina escura.<br \/>\nMenos graves incluem:<br \/>\nn\u00e1useas leves ou dor de est\u00f4mago, dor de est\u00f4mago, azia;<br \/>\nconstipa\u00e7\u00e3o, distens\u00e3o abdominal, gases;<br \/>\nentupimento nariz;<br \/>\ncoceira, erup\u00e7\u00e3o cut\u00e2nea;<br \/>\ndor de cabe\u00e7a.<br \/>\nSe voc\u00ea sentir um deles, pare de usar Lipitora e informe o seu m\u00e9dico o mais r\u00e1pido poss\u00edvel. Consulte tamb\u00e9m seu m\u00e9dico sobre qualquer efeito colateral que pare\u00e7a incomum.<br \/>\nIntera\u00e7\u00e3o medicamentosa<br \/>\nAtrovastatina interage com os seguintes medicamentos: digoxina; eritromicina ou claritromicina; gemfibrozil ou fenofibrato; niacina; um medicamento antif\u00fangico como itraconazol, fluconazol ou cetoconazol; medicamentos que enfraquecem o sistema imunol\u00f3gico, como medicamentos contra o c\u00e2ncer ou ester\u00f3ides, ciclosporina, sirolimus, tacrolimus e outros; Medicamentos para HIV ou AIDS, como indinavir, nelfinavir, ritonavir, lopinavir-ritonavir ou saquinavir. Observe tamb\u00e9m que a intera\u00e7\u00e3o entre dois medicamentos nem sempre significa que voc\u00ea deve parar de tomar um deles. Como de costume, afeta o efeito dos medicamentos, por isso consulte o seu m\u00e9dico sobre como as intera\u00e7\u00f5es est\u00e3o sendo gerenciadas ou devem ser gerenciadas.<br \/>\nDose esquecida<br \/>\nSe voc\u00ea esqueceu de tomar a dose a tempo, tome-o assim que lembrar. Mas n\u00e3o tome se for tarde demais ou estiver quase na hora da pr\u00f3xima dose. N\u00e3o aumente a dose recomendada. Tome a sua dose habitual no dia seguinte, \u00e0 mesma hora habitual.<br \/>\nSobredosagem<br \/>\nOs sintomas da Lipitora n\u00e3o s\u00e3o bem conhecidos, mas a maioria dos poss\u00edveis inclui uma queda grave da press\u00e3o arterial e batimentos card\u00edacos mais r\u00e1pidos. Se voc\u00ea sentir um deles ou qualquer sintoma incomum, ligue para seu m\u00e9dico imediatamente.<br \/>\nArmazenamento<br \/>\nArmazene em temperatura ambiente entre 15 e 25 graus C (59-77 graus F), longe da luz e umidade, de crian\u00e7as e animais de estima\u00e7\u00e3o. N\u00e3o use ap\u00f3s o prazo de validade.<br \/>\nIsen\u00e7\u00e3o de responsabilidade<br \/>\nFornecemos apenas informa\u00e7\u00f5es gerais sobre medicamentos que n\u00e3o cobrem todas as instru\u00e7\u00f5es, poss\u00edveis integra\u00e7\u00f5es de medicamentos ou precau\u00e7\u00f5es. As informa\u00e7\u00f5es do site n\u00e3o podem ser utilizadas para autotratamento e autodiagn\u00f3stico. Quaisquer instru\u00e7\u00f5es espec\u00edficas para um determinado paciente devem ser acordadas com o seu conselheiro de sa\u00fade ou m\u00e9dico respons\u00e1vel pelo caso. N\u00f3s nos isentamos da confiabilidade dessas informa\u00e7\u00f5es e dos erros que elas possam conter. N\u00e3o nos responsabilizamos por quaisquer danos diretos, indiretos, especiais ou outros danos indiretos resultantes de qualquer uso das informa\u00e7\u00f5es deste site e tamb\u00e9m pelas consequ\u00eancias do autotratamento.<\/p>\n","protected":false},"excerpt":{"rendered":"<p>Lipitor Generic \u00e9 uma estatina usada como medicamento para baixar o colesterol e os triglicer\u00eddeos.<\/p>\n","protected":false},"featured_media":7433,"comment_status":"open","ping_status":"closed","template":"","meta":[],"product_brand":[],"product_cat":[372],"product_tag":[],"class_list":{"0":"post-7529","1":"product","2":"type-product","3":"status-publish","4":"has-post-thumbnail","6":"product_cat-colesterol-pt","7":"pa_active_substance-atorvastatin","9":"first","10":"instock","11":"shipping-taxable","12":"product-type-variable"},"jetpack_sharing_enabled":true,"_links":{"self":[{"href":"https:\/\/www.pharmacy-content.com\/index.php?rest_route=\/wp\/v2\/product\/7529","targetHints":{"allow":["GET"]}}],"collection":[{"href":"https:\/\/www.pharmacy-content.com\/index.php?rest_route=\/wp\/v2\/product"}],"about":[{"href":"https:\/\/www.pharmacy-content.com\/index.php?rest_route=\/wp\/v2\/types\/product"}],"replies":[{"embeddable":true,"href":"https:\/\/www.pharmacy-content.com\/index.php?rest_route=%2Fwp%2Fv2%2Fcomments&post=7529"}],"wp:featuredmedia":[{"embeddable":true,"href":"https:\/\/www.pharmacy-content.com\/index.php?rest_route=\/wp\/v2\/media\/7433"}],"wp:attachment":[{"href":"https:\/\/www.pharmacy-content.com\/index.php?rest_route=%2Fwp%2Fv2%2Fmedia&parent=7529"}],"wp:term":[{"taxonomy":"product_brand","embeddable":true,"href":"https:\/\/www.pharmacy-content.com\/index.php?rest_route=%2Fwp%2Fv2%2Fproduct_brand&post=7529"},{"taxonomy":"product_cat","embeddable":true,"href":"https:\/\/www.pharmacy-content.com\/index.php?rest_route=%2Fwp%2Fv2%2Fproduct_cat&post=7529"},{"taxonomy":"product_tag","embeddable":true,"href":"https:\/\/www.pharmacy-content.com\/index.php?rest_route=%2Fwp%2Fv2%2Fproduct_tag&post=7529"}],"curies":[{"name":"wp","href":"https:\/\/api.w.org\/{rel}","templated":true}]}}