{"id":7513,"date":"2026-04-22T07:06:37","date_gmt":"2026-04-22T07:06:37","guid":{"rendered":""},"modified":"2026-04-22T07:06:51","modified_gmt":"2026-04-22T07:06:51","slug":"lipitor-6","status":"publish","type":"product","link":"https:\/\/www.pharmacy-content.com\/?product=lipitor-6&lang=pl","title":{"rendered":"Lipitor"},"content":{"rendered":"<p>Powszechnie stosowane<br \/>\nAtorwastatyna to lek obni\u017caj\u0105cy poziom cholesterolu, stosowany w leczeniu wysokiego poziomu cholesterolu lub w celu zmniejszenia ryzyka udaru, zawa\u0142u serca lub innych powik\u0142a\u0144 kardiologicznych u pacjent\u00f3w z chorob\u0105 niedokrwienn\u0105 serca lub cukrzyc\u0105 drugiego typu. Atorwastatyna pomaga usuwa\u0107 szkodliwy cholesterol lipoprotein o ma\u0142ej g\u0119sto\u015bci z krwi i ograniczaj\u0105c zdolno\u015b\u0107 organizmu do tworzenia nowego cholesterolu LDL. W ten spos\u00f3b mo\u017ce pom\u00f3c w zapobieganiu stwardnieniu t\u0119tnic i chorobom serca, stanom, kt\u00f3re mog\u0105 prowadzi\u0107 do chor\u00f3b naczyniowych, zawa\u0142u serca, udaru m\u00f3zgu.<br \/>\nDawkowanie i spos\u00f3b stosowania<br \/>\nPrzyjmuj doustnie raz dziennie z posi\u0142kiem lub bez. Atorwastatyn\u0119 nale\u017cy przyjmowa\u0107 popijaj\u0105c pe\u0142n\u0105 szklank\u0105 wody.<br \/>\nZwyk\u0142a dawka dla doros\u0142ych wynosi 10 mg raz na dob\u0119.<br \/>\nZwykle stosowana dawka dla dzieci w wieku od 10 do 17 lat to 10 mg raz na dob\u0119.<br \/>\nStosowanie atorwastatyny u dzieci w wieku poni\u017cej 10 lat roku \u017cycia nie jest zalecane, a dawk\u0119 musi ustali\u0107 lekarz rodzinny.<br \/>\nUwaga: niniejsza instrukcja zosta\u0142a przedstawiona tutaj wy\u0142\u0105cznie w celu przegl\u0105du. Przed u\u017cyciem koniecznie skonsultuj si\u0119 z lekarzem. Pomaga uzyska\u0107 najlepsze wyniki.<br \/>\n\u015arodki ostro\u017cno\u015bci<br \/>\nOsoby cierpi\u0105ce na cukrzyc\u0119, niedoczynno\u015b\u0107 tarczycy, choroby nerek lub choroby mi\u0119\u015bni czasami wymagaj\u0105 dodatkowych bada\u0144 przed leczeniem atorwastatyn\u0105 lub w jego trakcie, poniewa\u017c mo\u017ce by\u0107 konieczne dostosowanie dawkowania. Podczas stosowania tego leku nie nale\u017cy spo\u017cywa\u0107 du\u017cych ilo\u015bci alkoholu, poniewa\u017c mo\u017ce to nasili\u0107 niekorzystne dzia\u0142anie leku na w\u0105trob\u0119. Nie nale\u017cy stosowa\u0107 atorwastatyny w okresie ci\u0105\u017cy, zaj\u015bcia w ci\u0105\u017c\u0119 lub karmienia piersi\u0105 bez porady lekarza. Nie stosowa\u0107 atorwastatyny przed karmieniem piersi\u0105 bez zgody lekarza.<br \/>\nPrzeciwwskazania<br \/>\nAtorwastatyny nie wolno stosowa\u0107 u os\u00f3b, kt\u00f3re maj\u0105 problemy z w\u0105trob\u0105 lub niewyja\u015bnione nieprawid\u0142owe wyniki bada\u0144 czynno\u015bci w\u0105troby. Nie nale\u017cy go stosowa\u0107, je\u015bli pacjent przyjmuje inhibitor proteazy HIV (np. rytonawir), itrakonazol lub mibefradyl. Atorwastatyna jest r\u00f3wnie\u017c przeciwwskazana w przypadku nadwra\u017cliwo\u015bci na kt\u00f3rykolwiek sk\u0142adnik tego leku, ci\u0105\u017cy lub karmienia piersi\u0105.<br \/>\nMo\u017cliwe skutki uboczne<br \/>\nMog\u0105 obejmowa\u0107 wszystkie rodzaje reakcji alergicznych. Do najbardziej mo\u017cliwych skutk\u00f3w ubocznych nale\u017c\u0105:<br \/>\nb\u00f3l mi\u0119\u015bni, tkliwo\u015b\u0107 lub os\u0142abienie z gor\u0105czk\u0105 lub objawami grypy; lub<br \/>\nnu\u017cenie, gliniaste stolce, b\u00f3l brzucha, niska gor\u0105czka, \u017c\u00f3\u0142taczka, utrata apetytu, ciemny mocz.<br \/>\nDo mniej powa\u017cnych nale\u017c\u0105:<br \/>\n\u0142agodne nudno\u015bci lub b\u00f3l brzucha, rozstr\u00f3j \u017co\u0142\u0105dka, zgaga;<br \/>\nzaparcia, wzd\u0119cia, gazy;<br \/>\nduszno\u015b\u0107 nos;<br \/>\nsw\u0119dzenie, wysypka sk\u00f3rna;<br \/>\nb\u00f3l g\u0142owy.<br \/>\nJe\u015bli wyst\u0105pi kt\u00f3rykolwiek z nich, nale\u017cy zaprzesta\u0107 stosowania atorwastatyny i jak najszybciej powiedzie\u0107 lekarzowi. Skonsultuj si\u0119 tak\u017ce z lekarzem w przypadku wszelkich nietypowych skutk\u00f3w ubocznych.<br \/>\nInterakcje lek\u00f3w<br \/>\nAtrowastatyna wchodzi w interakcje z nast\u0119puj\u0105cymi lekami: digoksyna; erytromycyna lub klarytromycyna; gemfibrozyl lub fenofibrat; niacyna; lek przeciwgrzybiczy, taki jak itrakonazol, flukonazol lub ketokonazol; leki os\u0142abiaj\u0105ce uk\u0142ad odporno\u015bciowy, takie jak leki przeciwnowotworowe lub sterydy, cyklosporyna, syrolimus, takrolimus i inne; Leki na HIV lub AIDS, takie jak indynawir, nelfinawir, rytonawir, lopinawir-rytonawir lub sakwinawir. Nale\u017cy r\u00f3wnie\u017c pami\u0119ta\u0107, \u017ce interakcja mi\u0119dzy dwoma lekami nie zawsze oznacza, \u017ce nale\u017cy przerwa\u0107 przyjmowanie jednego z nich. Jak zwykle wp\u0142ywa to na dzia\u0142anie lek\u00f3w, dlatego skonsultuj si\u0119 ze swoim lekarzem, w jaki spos\u00f3b nale\u017cy kontrolowa\u0107 lub nale\u017cy post\u0119powa\u0107 z interakcjami.<br \/>\nPomini\u0119ta dawka<br \/>\nJe\u015bli zapomnia\u0142e\u015b przyj\u0105\u0107 dawk\u0119 na czas, zr\u00f3b to jak najszybciej. Nie nale\u017cy jednak przyjmowa\u0107 leku, je\u015bli jest ju\u017c za p\u00f3\u017ano lub zbli\u017ca si\u0119 pora przyj\u0119cia kolejnej dawki. Nie zwi\u0119kszaj zalecanej dawki. Nale\u017cy przyj\u0105\u0107 zwykle stosowan\u0105 dawk\u0119 nast\u0119pnego dnia o tej samej porze.<br \/>\nPrzedawkowanie<br \/>\nObjawy stosowania atorwastatyny nie s\u0105 dobrze znane, ale najbardziej mo\u017cliwe obejmuj\u0105 powa\u017cny spadek ci\u015bnienia krwi i szybsze bicie serca. Je\u015bli wyst\u0105pi jeden z nich lub wyst\u0105pi\u0105 jakiekolwiek nietypowe objawy, natychmiast skontaktuj si\u0119 z lekarzem.<br \/>\nPrzechowywanie<br \/>\nPrzechowywa\u0107 w temperaturze pokojowej 15-25 stopni C, z dala od \u015bwiat\u0142a i wilgoci, dzieci i zwierz\u0105t domowych. Nie stosowa\u0107 po up\u0142ywie terminu wa\u017cno\u015bci.<br \/>\nZastrze\u017cenie<br \/>\nPodajemy jedynie og\u00f3lne informacje na temat lek\u00f3w, kt\u00f3re nie obejmuj\u0105 wszystkich wskaz\u00f3wek, mo\u017cliwych po\u0142\u0105cze\u0144 lek\u00f3w ani \u015brodk\u00f3w ostro\u017cno\u015bci. Informacje zawarte na stronie nie mog\u0105 by\u0107 wykorzystywane do samodzielnego leczenia i autodiagnozy. Wszelkie szczeg\u00f3\u0142owe instrukcje dla konkretnego pacjenta nale\u017cy uzgodni\u0107 z doradc\u0105 ds. opieki zdrowotnej lub lekarzem prowadz\u0105cym dany przypadek. Zrzekamy si\u0119 wiarygodno\u015bci tych informacji i b\u0142\u0119d\u00f3w, jakie mog\u0105 one zawiera\u0107. Nie ponosimy odpowiedzialno\u015bci za jakiekolwiek bezpo\u015brednie, po\u015brednie, szczeg\u00f3lne lub inne po\u015brednie szkody powsta\u0142e w wyniku wykorzystania informacji zawartych na tej stronie, a tak\u017ce za konsekwencje samoleczenia.<\/p>\n","protected":false},"excerpt":{"rendered":"<p>Lipitor Generic jest statyn\u0105 stosowan\u0105 jako lek obni\u017caj\u0105cy poziom cholesterolu i tr\u00f3jgliceryd\u00f3w.<\/p>\n","protected":false},"featured_media":7433,"comment_status":"open","ping_status":"closed","template":"","meta":[],"product_brand":[],"product_cat":[369],"product_tag":[],"class_list":{"0":"post-7513","1":"product","2":"type-product","3":"status-publish","4":"has-post-thumbnail","6":"product_cat-cholesterol-pl","7":"pa_active_substance-atorvastatin","9":"first","10":"instock","11":"shipping-taxable","12":"product-type-variable"},"jetpack_sharing_enabled":true,"_links":{"self":[{"href":"https:\/\/www.pharmacy-content.com\/index.php?rest_route=\/wp\/v2\/product\/7513","targetHints":{"allow":["GET"]}}],"collection":[{"href":"https:\/\/www.pharmacy-content.com\/index.php?rest_route=\/wp\/v2\/product"}],"about":[{"href":"https:\/\/www.pharmacy-content.com\/index.php?rest_route=\/wp\/v2\/types\/product"}],"replies":[{"embeddable":true,"href":"https:\/\/www.pharmacy-content.com\/index.php?rest_route=%2Fwp%2Fv2%2Fcomments&post=7513"}],"wp:featuredmedia":[{"embeddable":true,"href":"https:\/\/www.pharmacy-content.com\/index.php?rest_route=\/wp\/v2\/media\/7433"}],"wp:attachment":[{"href":"https:\/\/www.pharmacy-content.com\/index.php?rest_route=%2Fwp%2Fv2%2Fmedia&parent=7513"}],"wp:term":[{"taxonomy":"product_brand","embeddable":true,"href":"https:\/\/www.pharmacy-content.com\/index.php?rest_route=%2Fwp%2Fv2%2Fproduct_brand&post=7513"},{"taxonomy":"product_cat","embeddable":true,"href":"https:\/\/www.pharmacy-content.com\/index.php?rest_route=%2Fwp%2Fv2%2Fproduct_cat&post=7513"},{"taxonomy":"product_tag","embeddable":true,"href":"https:\/\/www.pharmacy-content.com\/index.php?rest_route=%2Fwp%2Fv2%2Fproduct_tag&post=7513"}],"curies":[{"name":"wp","href":"https:\/\/api.w.org\/{rel}","templated":true}]}}