{"id":7399,"date":"2026-04-22T07:06:14","date_gmt":"2026-04-22T07:06:14","guid":{"rendered":""},"modified":"2026-04-22T07:06:23","modified_gmt":"2026-04-22T07:06:23","slug":"lasix-8","status":"publish","type":"product","link":"https:\/\/www.pharmacy-content.com\/?product=lasix-8&lang=sv","title":{"rendered":"Lasix"},"content":{"rendered":"<p>Vanlig anv\u00e4ndning<br \/>\nLasix \u00e4r ett loopdiuretikum som orsakar snabb och kort diures. Det har en natriuretisk effekt och minskar \u00e4ven niv\u00e5erna av Cl- i blodet, \u00f6kar uts\u00f6ndringen av K+, Ca2+, Mg2+. Penetrerar in i en njurtubuli i den stigande tjocka delen av Henles \u00f6gla och blockerar \u00e5terabsorption av Na+ och Cl-. P\u00e5 grund av \u00f6kad uts\u00f6ndring av Na+ sker sekund\u00e4r intensifierad uts\u00f6ndring av vatten samt \u00f6kad uts\u00f6ndring av K+ i den distala delen av njurtubuli. Samtidigt \u00f6kar uts\u00f6ndringen av Ca2+ och Mg2+. Lasix anv\u00e4nds f\u00f6r att behandla \u00f6demsyndrom hos patienter med kronisk hj\u00e4rtsvikt (grad II och III), cirros, njursjukdomar, akut hj\u00e4rtsvikt (lung\u00f6dem), hj\u00e4rn\u00f6dem, hypertensiv kris, arteriell hypertoni och andra.<br \/>\nDosering och riktning<br \/>\nTa exakt som det har ordinerats av din l\u00e4kare.<br \/>\nF\u00f6rsiktighets\u00e5tg\u00e4rder<br \/>\nInnan du anv\u00e4nder Lasix, r\u00e5dfr\u00e5ga din l\u00e4kare om du lider av njursjukdom, leversjukdom, gikt, lupus, diabetes eller allergi mot sulfa-l\u00e4kemedel. Undvik att bli uttorkad eftersom Lasix g\u00f6r att du kissar oftare. Sluta inte ta l\u00e4kemedlet \u00e4ven om du m\u00e5r bra eftersom h\u00f6gt blodtryck ofta inte har n\u00e5gra symtom. Undvik att ta l\u00e4kemedlet om du \u00e4r gravid eller ammar.<br \/>\nKontraindikationer<br \/>\n\u00d6verk\u00e4nslighet, akut njursvikt med anuri, allvarlig leversvikt, leverkoma och prekom, stenois av urinr\u00f6ret, akut glomerulonefrit, urinv\u00e4gsobstruktion, prekoma, hyperglykemisk coma, arteriell koma, hypotoni, hj\u00e4rtinfarkt, pankreatit och andra.<br \/>\nM\u00f6jliga biverkningar<br \/>\nKontakta din l\u00e4kare f\u00f6r l\u00e4karv\u00e5rd om du har tecken p\u00e5 allergi eller n\u00e5got av f\u00f6ljande tillst\u00e5nd: muntorrhet, t\u00f6rst, illam\u00e5ende, kr\u00e4kningar; svaghet, d\u00e5sighet, rastl\u00f6s eller yr i huvudet, snabba eller oj\u00e4mna hj\u00e4rtslag, muskelsm\u00e4rtor, mindre \u00e4n vanligt urinering eller fr\u00e5nvaro av urinering, l\u00e4tta bl\u00e5m\u00e4rken eller bl\u00f6dningar, r\u00f6da bl\u00e5sor p\u00e5 huden, h\u00e5ravfall.<br \/>\nL\u00e4kemedelsinteraktion<br \/>\nH\u00f6rselskador kan uppst\u00e5 om Lasix administreras med aminoglykosidantibiotika (gentamicin och andra) eller Edecrin &#8211; ett annat diuretikum. Samtidig anv\u00e4ndning av Lasix och acetylsalicylsyra kan orsaka h\u00f6ga blodniv\u00e5er av aspirin och aspirintoxicitet. Lasix kan minska uts\u00f6ndringen av litium i njurarna. Sukralfat (karafat) minskar effekten av Lasix. Intag av f\u00f6rt\u00e4ring av Lasix och sukralfat b\u00f6r separeras med tv\u00e5 timmar.<br \/>\nMissad dos<br \/>\nL\u00e4kemedlet ges ibland f\u00f6r eng\u00e5ngsbruk s\u00e5 du beh\u00f6ver inte ett doseringsschema. Om du tar Lasix regelbundet och gl\u00f6mt att ta en dos, ta den s\u00e5 snart du kommer ih\u00e5g det. Hoppa \u00f6ver den missade dosen om det n\u00e4stan \u00e4r dags f\u00f6r n\u00e4sta intag. \u00c5teruppta ditt vanliga schema. Kompensera inte den missade dosen genom att ta en extra dos.<br \/>\n\u00d6verdosering<br \/>\nI h\u00e4ndelse av aptitl\u00f6shet, ringningar i \u00f6ronen, sv\u00e5r svaghet, yrsel, f\u00f6rvirring, yrsel eller svimning, s\u00f6k omedelbar l\u00e4kares uppm\u00e4rksamhet.<br \/>\nF\u00f6rvaring<br \/>\nF\u00f6rvaras borta fr\u00e5n barn i rumstemperatur p\u00e5 en torr och m\u00f6rk plats.<br \/>\nAnsvarsfriskrivning<br \/>\nVi tillhandah\u00e5ller endast allm\u00e4n information om mediciner som inte t\u00e4cker alla riktningar, m\u00f6jliga l\u00e4kemedelsintegrationer eller f\u00f6rsiktighets\u00e5tg\u00e4rder. Information p\u00e5 webbplatsen kan inte anv\u00e4ndas f\u00f6r sj\u00e4lvbehandling och sj\u00e4lvdiagnos. Eventuella specifika instruktioner f\u00f6r en viss patient b\u00f6r \u00f6verenskommas med din h\u00e4lsor\u00e5dgivare eller l\u00e4kare som \u00e4r ansvarig f\u00f6r \u00e4rendet. Vi fr\u00e5ns\u00e4ger oss tillf\u00f6rlitligheten av denna information och misstag den kan inneh\u00e5lla. Vi ansvarar inte f\u00f6r n\u00e5gra direkta, indirekta, speciella eller andra indirekta skador till f\u00f6ljd av n\u00e5gon anv\u00e4ndning av informationen p\u00e5 denna webbplats och \u00e4ven f\u00f6r konsekvenser av egenbehandling.<\/p>\n","protected":false},"excerpt":{"rendered":"<p>Lasix Generic tillh\u00f6r en klass av diuretika, det ordineras till patienter med svullnad orsakad av kongestiv hj\u00e4rtsvikt.<\/p>\n","protected":false},"featured_media":7322,"comment_status":"open","ping_status":"closed","template":"","meta":[],"product_brand":[],"product_cat":[345],"product_tag":[],"class_list":{"0":"post-7399","1":"product","2":"type-product","3":"status-publish","4":"has-post-thumbnail","6":"product_cat-blodtryck-sv","7":"pa_active_substance-furosemide","9":"first","10":"instock","11":"shipping-taxable","12":"product-type-simple"},"jetpack_sharing_enabled":true,"_links":{"self":[{"href":"https:\/\/www.pharmacy-content.com\/index.php?rest_route=\/wp\/v2\/product\/7399","targetHints":{"allow":["GET"]}}],"collection":[{"href":"https:\/\/www.pharmacy-content.com\/index.php?rest_route=\/wp\/v2\/product"}],"about":[{"href":"https:\/\/www.pharmacy-content.com\/index.php?rest_route=\/wp\/v2\/types\/product"}],"replies":[{"embeddable":true,"href":"https:\/\/www.pharmacy-content.com\/index.php?rest_route=%2Fwp%2Fv2%2Fcomments&post=7399"}],"wp:featuredmedia":[{"embeddable":true,"href":"https:\/\/www.pharmacy-content.com\/index.php?rest_route=\/wp\/v2\/media\/7322"}],"wp:attachment":[{"href":"https:\/\/www.pharmacy-content.com\/index.php?rest_route=%2Fwp%2Fv2%2Fmedia&parent=7399"}],"wp:term":[{"taxonomy":"product_brand","embeddable":true,"href":"https:\/\/www.pharmacy-content.com\/index.php?rest_route=%2Fwp%2Fv2%2Fproduct_brand&post=7399"},{"taxonomy":"product_cat","embeddable":true,"href":"https:\/\/www.pharmacy-content.com\/index.php?rest_route=%2Fwp%2Fv2%2Fproduct_cat&post=7399"},{"taxonomy":"product_tag","embeddable":true,"href":"https:\/\/www.pharmacy-content.com\/index.php?rest_route=%2Fwp%2Fv2%2Fproduct_tag&post=7399"}],"curies":[{"name":"wp","href":"https:\/\/api.w.org\/{rel}","templated":true}]}}