{"id":7377,"date":"2026-04-22T07:06:10","date_gmt":"2026-04-22T07:06:10","guid":{"rendered":""},"modified":"2026-04-22T07:06:23","modified_gmt":"2026-04-22T07:06:23","slug":"lasix-6","status":"publish","type":"product","link":"https:\/\/www.pharmacy-content.com\/?product=lasix-6&lang=pl","title":{"rendered":"Lasix"},"content":{"rendered":"<p>Powszechnie stosowane<br \/>\nLasix jest lekiem moczop\u0119dnym p\u0119tlowym powoduj\u0105cym szybk\u0105 i kr\u00f3tk\u0105 diurez\u0119. Ma dzia\u0142anie natriuretyczne, a tak\u017ce obni\u017ca poziom Cl- we krwi, zwi\u0119ksza wydalanie K+, Ca2+, Mg2+. Wnikaj\u0105c do kanalik\u00f3w nerkowych w wst\u0119puj\u0105cym grubym odnodze p\u0119tli Henlego, blokuje reabsorpcj\u0119 Na+ i Cl-. W wyniku zwi\u0119kszonego wydalania Na+ dochodzi do wt\u00f3rnego wzmo\u017cenia wydalania wody i zwi\u0119kszonego wydzielania K+ w dystalnej cz\u0119\u015bci kanalik\u00f3w nerkowych. Jednocze\u015bnie wzrasta wydalanie Ca2+ i Mg2+. Lasix stosuje si\u0119 w leczeniu zespo\u0142u obrz\u0119kowego u pacjent\u00f3w z przewlek\u0142\u0105 niewydolno\u015bci\u0105 serca (II i III stopnia), marsko\u015bci\u0105 w\u0105troby, chorobami nerek, ostr\u0105 niewydolno\u015bci\u0105 serca (obrz\u0119k p\u0142uc), obrz\u0119kiem m\u00f3zgu, prze\u0142omem nadci\u015bnieniowym, nadci\u015bnieniem t\u0119tniczym i innymi.<br \/>\nDawkowanie i kierunek<br \/>\nPrzyjmuj dok\u0142adnie tak, jak zaleci\u0142 lekarz.<br \/>\n\u015arodki ostro\u017cno\u015bci<br \/>\nPrzed zastosowaniem Lasixu skonsultuj si\u0119 z lekarzem, je\u015bli cierpisz na chorob\u0119 nerek, w\u0105troby, dn\u0119 moczanow\u0105, tocze\u0144, cukrzyc\u0119 lub alergi\u0119 na leki sulfonamidowe. Unikaj odwodnienia, poniewa\u017c Lasix powoduje cz\u0119stsze oddawanie moczu. Nie nale\u017cy przerywa\u0107 stosowania leku, nawet je\u015bli czujesz si\u0119 dobrze, poniewa\u017c wysokie ci\u015bnienie krwi cz\u0119sto nie daje \u017cadnych objaw\u00f3w. Nale\u017cy unika\u0107 stosowania leku, je\u015bli jeste\u015b w ci\u0105\u017cy lub karmisz piersi\u0105.<br \/>\nPrzeciwwskazania<br \/>\nNadwra\u017cliwo\u015b\u0107, ostra niewydolno\u015b\u0107 nerek z bezmoczem, ci\u0119\u017cka niewydolno\u015b\u0107 w\u0105troby, \u015bpi\u0105czka i przed\u015bpi\u0105czka w\u0105trobowa, zw\u0119\u017cenie cewki moczowej, ostre k\u0142\u0119buszkowe zapalenie nerek, niedro\u017cno\u015b\u0107 dr\u00f3g moczowych, przed\u015bpi\u0105czka, \u015bpi\u0105czka hiperglikemiczna, dna moczanowa, t\u0119tnicze niedoci\u015bnienie, zawa\u0142 serca, zapalenie trzustki i inne.<br \/>\nMo\u017cliwe skutki uboczne<br \/>\nSkontaktuj si\u0119 z lekarzem w celu uzyskania pomocy lekarskiej, je\u015bli masz objawy alergii lub nast\u0119puj\u0105ce stany: sucho\u015b\u0107 w ustach, pragnienie, nudno\u015bci, wymioty; os\u0142abienie, senno\u015b\u0107, niepok\u00f3j lub zawroty g\u0142owy, szybkie lub nier\u00f3wne bicie serca, b\u00f3l mi\u0119\u015bni, rzadsze ni\u017c zwykle oddawanie moczu lub brak oddawania moczu, \u0142atwe powstawanie siniak\u00f3w lub krwawie\u0144, czerwona p\u0119cherzowa wysypka sk\u00f3rna, wypadanie w\u0142os\u00f3w.<br \/>\nInterakcja lek\u00f3w<br \/>\nMo\u017ce wyst\u0105pi\u0107 uszkodzenie s\u0142uchu, je\u015bli Lasix podaje si\u0119 z antybiotykami aminoglikozydowymi (gentamycyn\u0105 i innymi) lub Edecrinem \u2013 innym lekiem moczop\u0119dnym. Jednoczesne stosowanie Lasixu i aspiryny mo\u017ce powodowa\u0107 wysokie st\u0119\u017cenie aspiryny we krwi i toksyczno\u015b\u0107 aspiryny. Lasix mo\u017ce zmniejsza\u0107 wydalanie litu przez nerki. Sukralfat (karafat) zmniejsza dzia\u0142anie Lasixu. Przyjmowanie Lasixu i sukralfatu powinno odbywa\u0107 si\u0119 w odst\u0119pie dw\u00f3ch godzin.<br \/>\nPomini\u0119ta dawka<br \/>\nLek jest czasami podawany jednorazowo, wi\u0119c nie b\u0119dzie potrzebny schemat dawkowania. Je\u015bli regularnie za\u017cywasz Lasix i zapomnia\u0142e\u015b o przyj\u0119ciu dawki, za\u017cyj j\u0105 tak szybko, jak tylko sobie o tym przypomnisz. Je\u015bli zbli\u017ca si\u0119 pora przyj\u0119cia kolejnej dawki, nale\u017cy pomin\u0105\u0107 pomini\u0119t\u0105 dawk\u0119. Wzn\u00f3w sw\u00f3j zwyk\u0142y harmonogram. Nie uzupe\u0142niaj pomini\u0119tej dawki przyj\u0119ciem dodatkowej.<br \/>\nPrzedawkowanie<br \/>\nW przypadku utraty apetytu, dzwonienia w uszach, silnego os\u0142abienia, zawrot\u00f3w g\u0142owy, dezorientacji, zawrot\u00f3w g\u0142owy lub omdlenia, nale\u017cy natychmiast zg\u0142osi\u0107 si\u0119 do lekarza.<br \/>\nPrzechowywanie<br \/>\nPrzechowywa\u0107 z dala od dzieciom w temperaturze pokojowej, w suchym i ciemnym miejscu.<br \/>\nZastrze\u017cenie<br \/>\nPodajemy jedynie og\u00f3lne informacje na temat lek\u00f3w, kt\u00f3re nie obejmuj\u0105 wszystkich wskaz\u00f3wek, mo\u017cliwych po\u0142\u0105cze\u0144 lek\u00f3w ani \u015brodk\u00f3w ostro\u017cno\u015bci. Informacje zawarte na stronie nie mog\u0105 by\u0107 wykorzystywane do samodzielnego leczenia i autodiagnozy. Wszelkie szczeg\u00f3\u0142owe instrukcje dla konkretnego pacjenta nale\u017cy uzgodni\u0107 z doradc\u0105 ds. opieki zdrowotnej lub lekarzem prowadz\u0105cym dany przypadek. Zrzekamy si\u0119 wiarygodno\u015bci tych informacji i b\u0142\u0119d\u00f3w, jakie mog\u0105 one zawiera\u0107. Nie ponosimy odpowiedzialno\u015bci za jakiekolwiek bezpo\u015brednie, po\u015brednie, szczeg\u00f3lne lub inne po\u015brednie szkody powsta\u0142e w wyniku wykorzystania informacji zawartych na tej stronie, a tak\u017ce za konsekwencje samoleczenia.<\/p>\n","protected":false},"excerpt":{"rendered":"<p>Lasix Generic nale\u017cy do grupy lek\u00f3w moczop\u0119dnych, jest przepisywany pacjentom z obrz\u0119kami spowodowanymi zastoinow\u0105 niewydolno\u015bci\u0105 serca.<\/p>\n","protected":false},"featured_media":7322,"comment_status":"open","ping_status":"closed","template":"","meta":[],"product_brand":[],"product_cat":[339],"product_tag":[],"class_list":{"0":"post-7377","1":"product","2":"type-product","3":"status-publish","4":"has-post-thumbnail","6":"product_cat-cisnienie-krwi-pl","7":"pa_active_substance-furosemide","9":"first","10":"instock","11":"shipping-taxable","12":"product-type-simple"},"jetpack_sharing_enabled":true,"_links":{"self":[{"href":"https:\/\/www.pharmacy-content.com\/index.php?rest_route=\/wp\/v2\/product\/7377","targetHints":{"allow":["GET"]}}],"collection":[{"href":"https:\/\/www.pharmacy-content.com\/index.php?rest_route=\/wp\/v2\/product"}],"about":[{"href":"https:\/\/www.pharmacy-content.com\/index.php?rest_route=\/wp\/v2\/types\/product"}],"replies":[{"embeddable":true,"href":"https:\/\/www.pharmacy-content.com\/index.php?rest_route=%2Fwp%2Fv2%2Fcomments&post=7377"}],"wp:featuredmedia":[{"embeddable":true,"href":"https:\/\/www.pharmacy-content.com\/index.php?rest_route=\/wp\/v2\/media\/7322"}],"wp:attachment":[{"href":"https:\/\/www.pharmacy-content.com\/index.php?rest_route=%2Fwp%2Fv2%2Fmedia&parent=7377"}],"wp:term":[{"taxonomy":"product_brand","embeddable":true,"href":"https:\/\/www.pharmacy-content.com\/index.php?rest_route=%2Fwp%2Fv2%2Fproduct_brand&post=7377"},{"taxonomy":"product_cat","embeddable":true,"href":"https:\/\/www.pharmacy-content.com\/index.php?rest_route=%2Fwp%2Fv2%2Fproduct_cat&post=7377"},{"taxonomy":"product_tag","embeddable":true,"href":"https:\/\/www.pharmacy-content.com\/index.php?rest_route=%2Fwp%2Fv2%2Fproduct_tag&post=7377"}],"curies":[{"name":"wp","href":"https:\/\/api.w.org\/{rel}","templated":true}]}}