{"id":7366,"date":"2026-04-22T07:06:10","date_gmt":"2026-04-22T07:06:10","guid":{"rendered":""},"modified":"2026-04-22T07:06:23","modified_gmt":"2026-04-22T07:06:23","slug":"lasix-5","status":"publish","type":"product","link":"https:\/\/www.pharmacy-content.com\/?product=lasix-5&lang=es","title":{"rendered":"Lasix"},"content":{"rendered":"<p>Propiedades<\/p>\n<p>Furosemide es un diur\u00e9tico de asa que causa una dieresis r\u00e1pida y breve. Se caracteriza de un efecto natriur\u00e9tica y adem\u00e1s baja los niveles del Cl- en la sangre, eleva la excreci\u00f3n del K+, Ca2+, Mg2+. Penetrando en el tubo renal en el miembro grueso ascendente del asa de Henle \u00e9ste bloquea la absorpci\u00f3n repetida del Na+ y Cl-. Debido a la excreci\u00f3n elevada del Na+ toma lugar la secundaria excreci\u00f3n intensificada del agua tanto como la secreci\u00f3n elevada del K+ en la parte distal del tubo renal. Al mismo tiempo aumenta la excreci\u00f3n del Ca2+ y Mg2+. Lasix se emplea en el tratamiento del s\u00edndrome de edema en los pacientes con la disfunci\u00f3n cr\u00f3nica card\u00edaca (grado II y III), la cirrosis, las enfermedades renales, la insuficiencia card\u00edaca aguda (edema pulmonar), edema cerebral, la crisis hipertensiva, la hipertensi\u00f3n arterial y dem\u00e1s.<\/p>\n<p>Posolog\u00eda y m\u00e9todo de administraci\u00f3n<\/p>\n<p>En la administraci\u00f3n cumpla exactamente con las prescripciones de su m\u00e9dico.<\/p>\n<p>Precauciones<\/p>\n<p>Antes de tomar el Lasix avise a su m\u00e9dico si sufre o no las enfermedades renales, enfermedades hep\u00e1ticas, la gota, lupus, diabetes, o una allerg\u00eda a las drogas sulfa. Cu\u00eddese de la dehidrataci\u00f3n ya que el Lasix le hace orinar m\u00e1s frecuentemente. No pare tomar la droga incluso si se siente bien porque la tensi\u00f3n elevada de la sangre no produce ningunos s\u00edntomas a menudo. Evite tomar la droga si est\u00e1 pre\u00f1ida o durante la lactaci\u00f3n.<\/p>\n<p>Contraindicaciones<\/p>\n<p>La hipersensitividad, la insuficiencia renal aguda con anuria, una insuficiencia hep\u00e1tica grave, coma y precoma hep\u00e1tico, la estenosis de uretra, glomerulonefritis aguda, tracto urinario obstruido, el precoma, el coma hiperglic\u00e9mico, la gota, la hipotensi\u00f3n arterial, asalto card\u00edaco, pancreatitis y otros.<\/p>\n<p>Reacciones adversas posibles<\/p>\n<p>Contacte a su terap\u00e9utico para asistencia m\u00e9dica si se le desarrollan unas se\u00f1ales al\u00e9rgicas o uno de los estados siguientes: boca resecada, la sed, los n\u00e1useas, el v\u00f3mito; la debilidad, so\u00f1olencia, agitaci\u00f3n, o estar mareado, palpitaciones aceleradas o irregulares, dolor muscular, orinaci\u00f3n en las cantidades menores de lo habitual, o la falta de orinaci\u00f3n, una formaci\u00f3n f\u00e1cil de equimosis y las hemorragias, la erupci\u00f3n con los abscesos, la p\u00e9rdida de pelo.<\/p>\n<p>Interacci\u00f3n con otras drogas<\/p>\n<p>Se puede ocurrir una p\u00e9rdida de o\u00eddo si el Lasix se administra junto con los antibi\u00f3ticos aminoglic\u00f3sidos (gentamicin y otros) o Edecrin \u2013 otro diur\u00e9tico. La concomitaci\u00f3n del Lasix y la aspirina puede llevar a los niveles elevados de la concentraci\u00f3n aspirina en la sangre y la toxidad aspirina. Lasix es capable de reducer la excreci\u00f3n del litio por los ri\u00f1ones. El Sucralfato (Carafato) reduce el efecto del Lasix. La toma y digestion del Lasix y Sucralfato deben separarse por dos horas.<\/p>\n<p>Dosis omitida<\/p>\n<p>La medicaci\u00f3n a veces se administra para una sola vez as\u00ed que seguir una cierta posolog\u00eda no es relevante. En el caso de toma regular del Lasix y se le olvida de tomar una dosis, t\u00f3mela en cuanto lo recuerde. Descarte la omitida si ya es casi la hora para la pr\u00f3xima dosis. Vuelva a su horario habitual. En ningun caso no trate de compensar la dosis omitida por tomar las extras.<\/p>\n<p>Sobredosis<\/p>\n<p>Si pierde el apetito, se siente el zumbido, una debilidad grave, los mareos, pensamientos confundidos, exaltaci\u00f3n, o queda desmayado, busque una atenci\u00f3n urgente del m\u00e9dico.<\/p>\n<p>Almacenamiento<\/p>\n<p>Guarde la medicaci\u00f3n fuera del alcance de los ni\u00f1os a la temperatura ambiental en un lugar seco y oscurecido.<\/p>\n<p>Descargo de responsabilidades<\/p>\n<p>Proveemos una informaci\u00f3n del car\u00e1cter general sobre los medicamentos sin intentar cubrir todas las recomendaciones, totalidad de los casos de interacci\u00f3n con otros medicamentos, tampoco todas las precauciones existentes. La informaci\u00f3n de la presente p\u00e1gina web no puede ser de utilidad en el autotratamiento ni el autodiagn\u00f3stico. Todas las recomendaciones espec\u00edficas para cada paciente individual deben arreglarse con el coordinador designado de la salud p\u00fablica o con el m\u00e9dico encargado del caso cl\u00ednico. Renunciamos de todas las responsabilidades por la fiabilidad del material provisto ni por errores que contenga. Nos descargamos de responsabilidad por los da\u00f1os, sean que sean directos, indirectos, espec\u00edficos o dem\u00e1s da\u00f1os que resulten de la aplicaci\u00f3n del contenido de la presente p\u00e1gina web ni que sean consecuencias del autotratamiento.<\/p>\n","protected":false},"excerpt":{"rendered":"<p>Lasix pertenece la clase de medicamentos denominados diur\u00e9ticos y se prescribe en pacientes con inflamaci\u00f3n causada por una insuficiencia card\u00edaca congestiva.<\/p>\n","protected":false},"featured_media":7322,"comment_status":"open","ping_status":"closed","template":"","meta":[],"product_brand":[],"product_cat":[336],"product_tag":[],"class_list":{"0":"post-7366","1":"product","2":"type-product","3":"status-publish","4":"has-post-thumbnail","6":"product_cat-presion-arterial-es","7":"pa_active_substance-furosemide","9":"first","10":"instock","11":"shipping-taxable","12":"product-type-simple"},"jetpack_sharing_enabled":true,"_links":{"self":[{"href":"https:\/\/www.pharmacy-content.com\/index.php?rest_route=\/wp\/v2\/product\/7366","targetHints":{"allow":["GET"]}}],"collection":[{"href":"https:\/\/www.pharmacy-content.com\/index.php?rest_route=\/wp\/v2\/product"}],"about":[{"href":"https:\/\/www.pharmacy-content.com\/index.php?rest_route=\/wp\/v2\/types\/product"}],"replies":[{"embeddable":true,"href":"https:\/\/www.pharmacy-content.com\/index.php?rest_route=%2Fwp%2Fv2%2Fcomments&post=7366"}],"wp:featuredmedia":[{"embeddable":true,"href":"https:\/\/www.pharmacy-content.com\/index.php?rest_route=\/wp\/v2\/media\/7322"}],"wp:attachment":[{"href":"https:\/\/www.pharmacy-content.com\/index.php?rest_route=%2Fwp%2Fv2%2Fmedia&parent=7366"}],"wp:term":[{"taxonomy":"product_brand","embeddable":true,"href":"https:\/\/www.pharmacy-content.com\/index.php?rest_route=%2Fwp%2Fv2%2Fproduct_brand&post=7366"},{"taxonomy":"product_cat","embeddable":true,"href":"https:\/\/www.pharmacy-content.com\/index.php?rest_route=%2Fwp%2Fv2%2Fproduct_cat&post=7366"},{"taxonomy":"product_tag","embeddable":true,"href":"https:\/\/www.pharmacy-content.com\/index.php?rest_route=%2Fwp%2Fv2%2Fproduct_tag&post=7366"}],"curies":[{"name":"wp","href":"https:\/\/api.w.org\/{rel}","templated":true}]}}