{"id":7355,"date":"2026-04-22T07:06:08","date_gmt":"2026-04-22T07:06:08","guid":{"rendered":""},"modified":"2026-04-22T07:06:23","modified_gmt":"2026-04-22T07:06:23","slug":"lasix-4","status":"publish","type":"product","link":"https:\/\/www.pharmacy-content.com\/?product=lasix-4&lang=it","title":{"rendered":"Lasix"},"content":{"rendered":"<p>Uso commune<\/p>\n<p>Furosemide \u00e8 un diuretico provocando diuresi e veloce brevi. Possiede effetto natriuretico e diminuisce anche i livelli di Cl- nel sangue, aumenta excreation di K, Ca2, Mg2. Penetrando in un tubulo renale in ordine crescente arto spessa di Henle si ri-blocca l\u2019assorbimento di Na \u00c9 Cl-. Grazie alla maggiore secrezione di escrezione Na secondaria intensificato di acqua e si verifica cos\u00ec come aumento della secrezione di K nella parte distale del tubulo renale. Allo stesso tempo aumenta l\u2019escrezione di Ca2 e Mg2. Lasix \u00e8 utilizzato per trattare la sindrome di edema in pazienti con insufficienza cardiaca cronica (grado II e III), cirrosi, malattie del rene, insufficienza cardiaca acuta (edema polmonare), edema cerebrale, crisi ipertensiva, ipertensione arteriosa e altri.<\/p>\n<p>Dosaggio e direzioni<\/p>\n<p>Prendere esattamente come \u00e8 stato prescritto dal medico.<\/p>\n<p>Precauzioni<\/p>\n<p>Prima di utilizzare Lasix, consultare il medico se si soffre di malattie renali, malattie epatiche, gotta, il lupus, diabete, o un\u2019allergia ai sulfamidici. Evitare di diventare disidratati come Lasix ti fa urinare pi\u00f9 spesso. Non smetta di prendere il farmaco anche se si sente bene come la pressione alta spesso non ha sintomi. Evitare di assumere il farmaco in caso di gravidanza o l\u2019allattamento.<\/p>\n<p>Controindicazioni<\/p>\n<p>Ipersensibilit\u00e0, insufficienza renale acuta con anuria, insufficienza epatica grave, coma epatici e precoma, stenois dell\u2019uretra, glomerulonefrite acuta, ostruzione delle vie urinarie, precoma, coma iperglicemico, gotta, ipotensione arteriosa, infarto cardiaco, pancreatite ed altri.<\/p>\n<p>Possibili effetti collaterali<\/p>\n<p>Rivolgersi al proprio medico per un medico se si hanno segni di allergia o di qualsiasi delle seguenti condizioni: secchezza delle fauci, sete, nausea, vomito, debolezza, sonnolenza, irrequieto, o di testa leggera, veloce o battito cardiaco irregolare, dolore muscolare, meno del solito o la minzione assenza di minzione, ecchimosi o sanguinamento, eruzione cutanea rossa pelle vescicole, perdita di capelli.<\/p>\n<p>Interazione farmacologica<\/p>\n<p>danneggiare l\u2019udito, se viene somministrato Lasix con antibiotici aminoglicosidici (gentamicina e altri) o Edecrin &#8211; un altro diuretico. L\u2019uso concomitante di Lasix e aspirina pu\u00f2 causare alti livelli ematici di aspirina e aspirina tossicit\u00e0. Lasix \u00e8 in grado di ridurre l\u2019escrezione di litio da parte dei reni. Sucralfato (Carafate) riduce l\u2019azione di Lasix. L\u2019assunzione di ingestione di Lasix e sucralfato devono essere separati da due ore.<\/p>\n<p>Dose saltata<\/p>\n<p>Il farmaco \u00e8 somministrato a volte per uso singolo in modo non avrete bisogno di un programma di dosaggio. Se si prende Lasix regolarmente e si \u00e8 dimenticato di prendere una dose, la prenda appena se ne ricorda. Saltare la dose se \u00e8 quasi ora per la dose successiva. Riprendi il dosaggio normale. Non compensare la dose dimenticata di prendere un extra.<\/p>\n<p>Overdose<\/p>\n<p>In caso di perdita di appetito, fischi nelle orecchie, una grave debolezza, vertigini, confusione, vertigini, svenimenti, cercare l\u2019attenzione del medico immediato.<\/p>\n<p>Conservazione<\/p>\n<p>Tenere lontano dalla portata dei bambini, a temperatura ambiente in un luogo asciutto e buio.<\/p>\n<p>Declinazione della responsabilita<\/p>\n<p>Noi forniamo solo informazioni di carattere generale su farmaci che non copre tutte le direzioni, integrazioni farmacologiche, o precauzioni. Informazioni presso il sito non pu\u00f2 essere utilizzato per l\u2019auto-trattamento e di auto-diagnosi. Eventuali istruzioni specifiche per un particolare paziente deve essere concordato con il proprio consulente sanitario o medico incaricato del caso. Decliniamo l\u2019affidabilit\u00e0 di queste informazioni e potrebbe contenere errori. Noi non siamo responsabili per qualsiasi danno diretto, indiretto, speciale o altre indiretta, a seguito di qualsiasi uso delle informazioni su questo sito e anche per le conseguenze di auto-trattamento.<\/p>\n","protected":false},"excerpt":{"rendered":"<p>Lasix appartiene a una classe di farmaci chiamati diuretici e viene prescritto ai pazienti con ritenzione idrica associata a insufficienza cardiaca congestizia.<\/p>\n","protected":false},"featured_media":7322,"comment_status":"open","ping_status":"closed","template":"","meta":[],"product_brand":[],"product_cat":[333],"product_tag":[],"class_list":{"0":"post-7355","1":"product","2":"type-product","3":"status-publish","4":"has-post-thumbnail","6":"product_cat-pressione-sanguigna-it","7":"pa_active_substance-furosemide","9":"first","10":"instock","11":"shipping-taxable","12":"product-type-simple"},"jetpack_sharing_enabled":true,"_links":{"self":[{"href":"https:\/\/www.pharmacy-content.com\/index.php?rest_route=\/wp\/v2\/product\/7355","targetHints":{"allow":["GET"]}}],"collection":[{"href":"https:\/\/www.pharmacy-content.com\/index.php?rest_route=\/wp\/v2\/product"}],"about":[{"href":"https:\/\/www.pharmacy-content.com\/index.php?rest_route=\/wp\/v2\/types\/product"}],"replies":[{"embeddable":true,"href":"https:\/\/www.pharmacy-content.com\/index.php?rest_route=%2Fwp%2Fv2%2Fcomments&post=7355"}],"wp:featuredmedia":[{"embeddable":true,"href":"https:\/\/www.pharmacy-content.com\/index.php?rest_route=\/wp\/v2\/media\/7322"}],"wp:attachment":[{"href":"https:\/\/www.pharmacy-content.com\/index.php?rest_route=%2Fwp%2Fv2%2Fmedia&parent=7355"}],"wp:term":[{"taxonomy":"product_brand","embeddable":true,"href":"https:\/\/www.pharmacy-content.com\/index.php?rest_route=%2Fwp%2Fv2%2Fproduct_brand&post=7355"},{"taxonomy":"product_cat","embeddable":true,"href":"https:\/\/www.pharmacy-content.com\/index.php?rest_route=%2Fwp%2Fv2%2Fproduct_cat&post=7355"},{"taxonomy":"product_tag","embeddable":true,"href":"https:\/\/www.pharmacy-content.com\/index.php?rest_route=%2Fwp%2Fv2%2Fproduct_tag&post=7355"}],"curies":[{"name":"wp","href":"https:\/\/api.w.org\/{rel}","templated":true}]}}