{"id":7273,"date":"2026-04-22T07:05:50","date_gmt":"2026-04-22T07:05:50","guid":{"rendered":""},"modified":"2026-04-22T07:06:00","modified_gmt":"2026-04-22T07:06:00","slug":"zithromax-8","status":"publish","type":"product","link":"https:\/\/www.pharmacy-content.com\/sv\/product\/zithromax-8\/","title":{"rendered":"Zithromax"},"content":{"rendered":"<p>Vanlig anv\u00e4ndning<br \/>\nZithromax \u00e4r ett semisyntetiskt makrolidantibiotikum som \u00e4r kemiskt besl\u00e4ktat med erytromycin, som \u00e4r aktivt mot de flesta arter av grampositiva och gramnegativa mikroorganismer, s\u00e5som sl\u00e4ktet Staphylococcus; S. aureus, S. pneumoniae, S. pyogenes, S. agalactiae, Haemophilus influenzae och parainfluenzae, Moraxela catarrhalis, Bacteroides fragilis, Escherichia coli, Bordetella spp., Borrelia burgdorferi, Haemophilus chrhoeeiii, N trahassermat, N trahaeii. In vitro visade den aktivitet mot Legionella pneumophila, Mycoplasma pneumoniae hominis, Helicobacter pylori, Toxoplasma gondii, Ureaplasma urealyticum. Som ett makrolidantibiotikum h\u00e4mmar Zithromax bakteriell proteinsyntes och f\u00f6rhindrar bakterier fr\u00e5n tillv\u00e4xt och f\u00f6r\u00f6kning. Det anv\u00e4nds f\u00f6r att behandla infektioner i \u00f6vre och nedre luftv\u00e4garna (tonsillit, otit, bih\u00e5leinflammation, lunginflammation), urogenitala infektioner (uretrit, prostatit, cervicit, adnexit orsakad av klamydia, gonorr\u00e9, tidig syfilis), tarminfektioner, mags\u00e5r och mags\u00e5r. tolvfingertarmen.<\/p>\n<p>Dosering och anvisningar<br \/>\nTa exakt som f\u00f6reskrivet och avbryt inte behandlingen \u00e4ven om du m\u00e5r bra och dina symtom f\u00f6rb\u00e4ttras utan tillst\u00e5nd fr\u00e5n din l\u00e4kare. Ta Zithromax tabletter med ett stort glas vatten. F\u00f6r att f\u00f6rbereda en flytande suspension, bilda ett dospaket, blanda ett paket med 2 uns vatten, skaka och drick p\u00e5 en g\u00e5ng. Anv\u00e4nd inte suspensionen om den bereddes f\u00f6r mer \u00e4n 12 timmar sedan. Tabletter och suspension kan tas med eller utan mat, medan kapslar ska tas p\u00e5 fastande mage 2 timmar f\u00f6re eller efter en m\u00e5ltid.<\/p>\n<p>F\u00f6rsiktighets\u00e5tg\u00e4rder<br \/>\nDet finns inga bevis f\u00f6r att Zithromax p\u00e5verkar ett of\u00f6tt barn eller uts\u00f6ndras i br\u00f6stmj\u00f6lk. Detta l\u00e4kemedel b\u00f6r endast anv\u00e4ndas till gravida och ammande kvinnor om den f\u00f6rv\u00e4ntade f\u00f6rdelen \u00f6verv\u00e4ger den potentiella risken f\u00f6r barnet.<\/p>\n<p>Kontraindikationer<br \/>\n\u00d6verk\u00e4nslighet mot Zithromax och relaterade l\u00e4kemedel som azitromycin eller erytromycin.<\/p>\n<p>M\u00f6jliga biverkningar<br \/>\nBland biverkningar kan vara diarr\u00e9 eller l\u00f6s avf\u00f6ring, illam\u00e5ende, buksm\u00e4rtor, kr\u00e4kningar, oj\u00e4mna hj\u00e4rtslag, aptitl\u00f6shet, m\u00f6rk urin, lerf\u00e4rgad avf\u00f6ring, gulsot, feber, utslag, r\u00f6d hud, huvudv\u00e4rk. Du b\u00f6r ringa din l\u00e4kare och informera om s\u00e5dana symtom eller omedelbart upps\u00f6ka l\u00e4kare.<\/p>\n<p>L\u00e4kemedelsinteraktion<br \/>\nZithromax rekommenderas inte att ta med aluminium- eller magnesiumbaserade antacida, s\u00e5som Mylanta eller Maalox, eftersom de minskar dess absorption i tarm.<\/p>\n<p>Missad dos<br \/>\nTa den missade dosen n\u00e4r du kommer ih\u00e5g. Om det n\u00e4stan \u00e4r dags f\u00f6r n\u00e4sta intag \u00e4r det bara att hoppa \u00f6ver det och \u00e5terg\u00e5 till ditt schema.<\/p>\n<p>\u00d6verdosering<br \/>\nSymtom p\u00e5 \u00f6verdosering kan upptr\u00e4da som illam\u00e5ende, kr\u00e4kningar, diarr\u00e9 och magbesv\u00e4r. S\u00f6k i s\u00e5 fall omedelbar l\u00e4karv\u00e5rd.<\/p>\n<p>F\u00f6rvaring<br \/>\nF\u00f6rvara i rumstemperatur mellan 15-25\u00b0C (59-77\u00b0F) borta fr\u00e5n ljus och fukt, barn och husdjur. F\u00f6rvara inte v\u00e4tskan l\u00e4ngre \u00e4n 10 dagar.<\/p>\n<p>Ansvarsfriskrivning<br \/>\nVi tillhandah\u00e5ller endast allm\u00e4n information om mediciner, som inte t\u00e4cker alla riktningar, m\u00f6jliga l\u00e4kemedelsinteraktioner eller f\u00f6rsiktighets\u00e5tg\u00e4rder. Information p\u00e5 sidan kan inte anv\u00e4ndas f\u00f6r sj\u00e4lvbehandling och sj\u00e4lvdiagnos. Eventuella specifika instruktioner f\u00f6r en viss patient b\u00f6r \u00f6verenskommas med din h\u00e4lsor\u00e5dgivare eller l\u00e4kare som \u00e4r ansvarig f\u00f6r \u00e4rendet. Vi fr\u00e5ns\u00e4ger oss tillf\u00f6rlitligheten av denna information och eventuella misstag den kan inneh\u00e5lla. Vi ansvarar inte f\u00f6r n\u00e5gra direkta, indirekta, speciella eller andra indirekta skador till f\u00f6ljd av n\u00e5gon anv\u00e4ndning av informationen p\u00e5 denna webbplats och \u00e4ven f\u00f6r konsekvenser av egenbehandling.<\/p>\n","protected":false},"excerpt":{"rendered":"<p>Zithromax Generic \u00e4r ett makrolidantibiotikum f\u00f6r att behandla infektioner i \u00f6vre och nedre luftv\u00e4garna, s\u00e4rskilt \u00f6roninfektioner, lunginflammation.<\/p>\n","protected":false},"featured_media":7161,"comment_status":"open","ping_status":"closed","template":"","meta":[],"product_brand":[],"product_cat":[315],"product_tag":[],"class_list":{"0":"post-7273","1":"product","2":"type-product","3":"status-publish","4":"has-post-thumbnail","6":"product_cat-antibiotika-sv","7":"pa_active_substance-azithromycin","9":"first","10":"instock","11":"shipping-taxable","12":"product-type-variable"},"jetpack_sharing_enabled":true,"_links":{"self":[{"href":"https:\/\/www.pharmacy-content.com\/wp-json\/wp\/v2\/product\/7273","targetHints":{"allow":["GET"]}}],"collection":[{"href":"https:\/\/www.pharmacy-content.com\/wp-json\/wp\/v2\/product"}],"about":[{"href":"https:\/\/www.pharmacy-content.com\/wp-json\/wp\/v2\/types\/product"}],"replies":[{"embeddable":true,"href":"https:\/\/www.pharmacy-content.com\/wp-json\/wp\/v2\/comments?post=7273"}],"wp:featuredmedia":[{"embeddable":true,"href":"https:\/\/www.pharmacy-content.com\/wp-json\/wp\/v2\/media\/7161"}],"wp:attachment":[{"href":"https:\/\/www.pharmacy-content.com\/wp-json\/wp\/v2\/media?parent=7273"}],"wp:term":[{"taxonomy":"product_brand","embeddable":true,"href":"https:\/\/www.pharmacy-content.com\/wp-json\/wp\/v2\/product_brand?post=7273"},{"taxonomy":"product_cat","embeddable":true,"href":"https:\/\/www.pharmacy-content.com\/wp-json\/wp\/v2\/product_cat?post=7273"},{"taxonomy":"product_tag","embeddable":true,"href":"https:\/\/www.pharmacy-content.com\/wp-json\/wp\/v2\/product_tag?post=7273"}],"curies":[{"name":"wp","href":"https:\/\/api.w.org\/{rel}","templated":true}]}}