{"id":7257,"date":"2026-04-22T07:05:48","date_gmt":"2026-04-22T07:05:48","guid":{"rendered":""},"modified":"2026-04-22T07:06:00","modified_gmt":"2026-04-22T07:06:00","slug":"zithromax-7","status":"publish","type":"product","link":"https:\/\/www.pharmacy-content.com\/?product=zithromax-7&lang=pt","title":{"rendered":"Zithromax"},"content":{"rendered":"<p>Uso comum<br \/>\nZithromax \u00e9 um antibi\u00f3tico macr\u00f3lido semissint\u00e9tico quimicamente relacionado \u00e0 eritromicina, que \u00e9 ativo contra a maioria das esp\u00e9cies de microrganismos gram-positivos e gram-negativos, como o g\u00eanero Staphylococcus; S. aureus, S. pneumoniae, S. pyogenes, S. agalactiae, Haemophilus influenzae e parainfluenzae, Moraxela catarrhalis, Bacteroides fragilis, Escherichia coli, Bordetella spp., Borrelia burgdorferi, Haemophilus ducreui, Nisseria gonorrhoeae, Chlamidia trachomati. In vitro, apresentou atividade contra Legionella pneumophila, Mycoplasma pneumoniae hominis, Helicobacter pylori, Toxoplasma gondii, Ureaplasma urealyticum. Como um antibi\u00f3tico macr\u00f3lido, o Zithromax inibe a s\u00edntese de prote\u00ednas bacterianas e impede o crescimento e a propaga\u00e7\u00e3o de bact\u00e9rias. \u00c9 utilizado no tratamento de infec\u00e7\u00f5es dos \u00f3rg\u00e3os respirat\u00f3rios superiores e inferiores (amigdalite, otite, sinusite, pneumonia), infec\u00e7\u00f5es urogenitais (uretrite, prostatite, cervicite, anexite causada por clam\u00eddia, gonorreia, s\u00edfilis precoce), infec\u00e7\u00f5es intestinais, \u00falceras estomacais e duodeno.<\/p>\n<p>Posologia e instru\u00e7\u00f5es<br \/>\nTome exatamente como prescrito e n\u00e3o interrompa o tratamento, mesmo que voc\u00ea se sinta bem e seus sintomas tenham melhorado sem a permiss\u00e3o do seu m\u00e9dico. Tome os comprimidos de Zithromax com um copo grande de \u00e1gua. Para preparar uma suspens\u00e3o l\u00edquida, forme um pacote de dose, misture um pacote com 60 ml de \u00e1gua, agite e beba de uma vez. N\u00e3o utilize a suspens\u00e3o se tiver sido preparada h\u00e1 mais de 12 horas. Os comprimidos e a suspens\u00e3o podem ser tomados com ou sem alimentos, enquanto as c\u00e1psulas devem ser tomadas com o est\u00f4mago vazio, 2 horas antes ou depois da refei\u00e7\u00e3o.<\/p>\n<p>Precau\u00e7\u00f5es<br \/>\nN\u00e3o h\u00e1 evid\u00eancias de que o Zithromax afete o feto ou seja excretado no leite materno. Este medicamento deve ser usado em mulheres gr\u00e1vidas e lactantes somente se o benef\u00edcio esperado prevalecer sobre o risco potencial para o beb\u00ea.<\/p>\n<p>Contra-indica\u00e7\u00f5es<br \/>\nHipersensibilidade ao Zithromax e medicamentos relacionados, como azitromicina ou eritromicina.<\/p>\n<p>Poss\u00edveis efeitos colaterais<br \/>\nEntre os os efeitos colaterais podem ser diarreia ou fezes moles, n\u00e1useas, dor abdominal, v\u00f4mitos, batimentos card\u00edacos irregulares, perda de apetite, urina escura, fezes cor de argila, icter\u00edcia, febre, erup\u00e7\u00e3o cut\u00e2nea, pele vermelha, dor de cabe\u00e7a. Voc\u00ea deve ligar para seu m\u00e9dico e informar sobre esses sintomas ou procurar atendimento m\u00e9dico imediato.<\/p>\n<p>Intera\u00e7\u00e3o medicamentosa<br \/>\nZithromax n\u00e3o \u00e9 recomendado para tomar com anti\u00e1cidos \u00e0 base de alum\u00ednio ou magn\u00e9sio, como Mylanta ou Maalox, pois diminuem sua absor\u00e7\u00e3o no intestino.<\/p>\n<p>Dose esquecida<br \/>\nTome a dose esquecida quando se lembrar. Se estiver quase na hora da pr\u00f3xima ingest\u00e3o, ignore-a e retorne \u00e0 sua programa\u00e7\u00e3o.<\/p>\n<p>Sobredosagem<br \/>\nOs sintomas de sobredosagem podem aparecer como n\u00e1useas, v\u00f3mitos, diarreia e desconforto estomacal. Nesse caso, procure atendimento m\u00e9dico imediato.<\/p>\n<p>Armazenamento<br \/>\nArmazene em temperatura ambiente entre 15 e 25 \u00b0C (59-77 \u00b0F), longe da luz e da umidade, de crian\u00e7as e animais de estima\u00e7\u00e3o. N\u00e3o armazene o l\u00edquido por mais de 10 dias.<\/p>\n<p>Isen\u00e7\u00e3o de responsabilidade<br \/>\nFornecemos apenas informa\u00e7\u00f5es gerais sobre medicamentos, que n\u00e3o cobrem todas as instru\u00e7\u00f5es, poss\u00edveis intera\u00e7\u00f5es medicamentosas ou precau\u00e7\u00f5es. As informa\u00e7\u00f5es do site n\u00e3o podem ser utilizadas para autotratamento e autodiagn\u00f3stico. Quaisquer instru\u00e7\u00f5es espec\u00edficas para um determinado paciente devem ser acordadas com o seu conselheiro de sa\u00fade ou m\u00e9dico respons\u00e1vel pelo caso. N\u00f3s nos isentamos da confiabilidade desta informa\u00e7\u00e3o e de quaisquer erros que ela possa conter. N\u00e3o somos respons\u00e1veis por quaisquer danos diretos, indiretos, especiais ou outros danos indiretos resultantes de qualquer uso das informa\u00e7\u00f5es deste site e tamb\u00e9m pelas consequ\u00eancias do autotratamento.<\/p>\n","protected":false},"excerpt":{"rendered":"<p>Zithromax Generic \u00e9 um antibi\u00f3tico macr\u00f3lido para tratar infec\u00e7\u00f5es do trato respirat\u00f3rio superior e inferior, especialmente infec\u00e7\u00f5es de ouvido e pneumonia.<\/p>\n","protected":false},"featured_media":7161,"comment_status":"open","ping_status":"closed","template":"","meta":[],"product_brand":[],"product_cat":[312],"product_tag":[],"class_list":{"0":"post-7257","1":"product","2":"type-product","3":"status-publish","4":"has-post-thumbnail","6":"product_cat-antibioticos-pt","7":"pa_active_substance-azithromycin","9":"first","10":"instock","11":"shipping-taxable","12":"product-type-variable"},"jetpack_sharing_enabled":true,"_links":{"self":[{"href":"https:\/\/www.pharmacy-content.com\/index.php?rest_route=\/wp\/v2\/product\/7257","targetHints":{"allow":["GET"]}}],"collection":[{"href":"https:\/\/www.pharmacy-content.com\/index.php?rest_route=\/wp\/v2\/product"}],"about":[{"href":"https:\/\/www.pharmacy-content.com\/index.php?rest_route=\/wp\/v2\/types\/product"}],"replies":[{"embeddable":true,"href":"https:\/\/www.pharmacy-content.com\/index.php?rest_route=%2Fwp%2Fv2%2Fcomments&post=7257"}],"wp:featuredmedia":[{"embeddable":true,"href":"https:\/\/www.pharmacy-content.com\/index.php?rest_route=\/wp\/v2\/media\/7161"}],"wp:attachment":[{"href":"https:\/\/www.pharmacy-content.com\/index.php?rest_route=%2Fwp%2Fv2%2Fmedia&parent=7257"}],"wp:term":[{"taxonomy":"product_brand","embeddable":true,"href":"https:\/\/www.pharmacy-content.com\/index.php?rest_route=%2Fwp%2Fv2%2Fproduct_brand&post=7257"},{"taxonomy":"product_cat","embeddable":true,"href":"https:\/\/www.pharmacy-content.com\/index.php?rest_route=%2Fwp%2Fv2%2Fproduct_cat&post=7257"},{"taxonomy":"product_tag","embeddable":true,"href":"https:\/\/www.pharmacy-content.com\/index.php?rest_route=%2Fwp%2Fv2%2Fproduct_tag&post=7257"}],"curies":[{"name":"wp","href":"https:\/\/api.w.org\/{rel}","templated":true}]}}