{"id":7116,"date":"2026-04-22T07:05:22","date_gmt":"2026-04-22T07:05:22","guid":{"rendered":""},"modified":"2026-04-22T07:05:30","modified_gmt":"2026-04-22T07:05:30","slug":"flagyl-7","status":"publish","type":"product","link":"https:\/\/www.pharmacy-content.com\/?product=flagyl-7&lang=pt","title":{"rendered":"Flagyl"},"content":{"rendered":"<p>Uso comum<br \/>\nFlagyl \u00e9 um antibi\u00f3tico usado contra bact\u00e9rias anaer\u00f3bicas Peptostreptococcus, Clostridium sp., Bacteroides sp., Prevotella, Fusobacterium, Veillonella e certos parasitas como Trichomonas vaginalis (vaginite), Giardia intestinalis (lambliose intestinal e hep\u00e1tica), Entamoeba histolytica . Este medicamento \u00e9 usado para tratar tais condi\u00e7\u00f5es: peritonite bacteriana, abscessos hep\u00e1ticos, abscessos nos ov\u00e1rios e nas trompas de Fal\u00f3pio.<\/p>\n<p>Posologia e instru\u00e7\u00f5es<br \/>\nSua dose deve ser administrada pelo seu m\u00e9dico dependendo da sua condi\u00e7\u00e3o, doen\u00e7a e idade. Flagyl pode ser tomado por via oral com ou sem alimentos. No hospital, \u00e0s vezes, Flagyl \u00e9 prescrito por via intravenosa para tratar infec\u00e7\u00f5es graves. Tome os comprimidos de libera\u00e7\u00e3o prolongada de Flagyl pelo menos 1-2 horas antes ou depois de uma refei\u00e7\u00e3o (com o est\u00f4mago vazio). N\u00e3o mastigue, quebre ou esmague as pastilhas de libera\u00e7\u00e3o prolongada e engula-as inteiras. N\u00e3o pare de tomar este medicamento mesmo que voc\u00ea se sinta bem e seus sintomas tenham desaparecido, a menos que seu m\u00e9dico o recomende.<\/p>\n<p>Precau\u00e7\u00f5es<br \/>\nO tratamento longo requer um hemograma completo regularmente. Evite beber \u00e1lcool. A ingest\u00e3o de Flagyl em pacientes n\u00e3o \u00e9 recomendada durante o primeiro trimestre de gravidez. Informe o seu m\u00e9dico se estiver gr\u00e1vida ou planear engravidar, se tiver doen\u00e7a hep\u00e1tica, uma doen\u00e7a g\u00e1strica ou intestinal, como a doen\u00e7a de Crohn, uma doen\u00e7a das c\u00e9lulas sangu\u00edneas, como anemia ou leucopenia, epilepsia ou outras convuls\u00f5es e dist\u00farbios nervosos.<\/p>\n<p>Contra-indica\u00e7\u00f5es<br \/>\nHipersensibilidade.<\/p>\n<p>Poss\u00edvel efeito colateral<br \/>\nN\u00e1usea, gosto de metal na boca, anorexia, dor abdominal, v\u00f4mito, diarr\u00e9ia, dor de cabe\u00e7a, tontura, alergia (erup\u00e7\u00e3o cut\u00e2nea, urtic\u00e1ria), leucopenia e cor marrom-avermelhada da urina em pacientes tratado por muito tempo com este medicamento. Os efeitos colaterais graves incluem convuls\u00f5es e danos aos nervos, resultando em dorm\u00eancia e formigamento nas extremidades. Se sentir isso, voc\u00ea precisar\u00e1 de ajuda imediata do seu m\u00e9dico.<\/p>\n<p>Intera\u00e7\u00e3o medicamentosa<br \/>\nFlagyl \u00e9 compat\u00edvel com sulfanilamidas e antibi\u00f3ticos. Sua combina\u00e7\u00e3o com dissulfiram, inibidores da coagula\u00e7\u00e3o de a\u00e7\u00e3o indireta e certos miorrelaxantes n\u00e3o \u00e9 desejada. N\u00e3o compat\u00edvel com bebidas alco\u00f3licas. Flagyl aumenta os n\u00edveis de l\u00edtio no soro sangu\u00edneo. Flagyl n\u00e3o deve ser coadministrado com amprenavir no tratamento da doen\u00e7a da imunodefici\u00eancia humana.<\/p>\n<p>Dose esquecida<br \/>\nSe voc\u00ea esqueceu uma dose, tome-a assim que se lembrar. Se estiver quase na hora da pr\u00f3xima dose, simplesmente pule-a e retorne ao seu hor\u00e1rio normal. Nunca duplique a dose deste medicamento.<\/p>\n<p>Sobredosagem<br \/>\nEm caso de n\u00e1useas graves e persistentes, v\u00f3mitos, tonturas, perda de equil\u00edbrio ou coordena\u00e7\u00e3o, dorm\u00eancia e formigueiro ou convuls\u00f5es, consulte o seu m\u00e9dico sobre cuidados m\u00e9dicos.<\/p>\n<p>Armazenamento<br \/>\nArmazenar em temperatura ambiente entre 59-77 graus F (15-25 graus C), longe da luz e umidade, crian\u00e7as e animais de estima\u00e7\u00e3o. N\u00e3o use ap\u00f3s o prazo de validade.<\/p>\n<p>Isen\u00e7\u00e3o de responsabilidade<br \/>\nFornecemos apenas informa\u00e7\u00f5es gerais sobre medicamentos, que n\u00e3o cobrem todas as instru\u00e7\u00f5es, poss\u00edveis intera\u00e7\u00f5es medicamentosas ou precau\u00e7\u00f5es. As informa\u00e7\u00f5es do site n\u00e3o podem ser utilizadas para autotratamento e autodiagn\u00f3stico. Quaisquer instru\u00e7\u00f5es espec\u00edficas para um determinado paciente devem ser acordadas com o seu conselheiro de sa\u00fade ou m\u00e9dico respons\u00e1vel pelo caso. N\u00f3s nos isentamos da confiabilidade desta informa\u00e7\u00e3o e de quaisquer erros que ela possa conter. N\u00e3o somos respons\u00e1veis por quaisquer danos diretos, indiretos, especiais ou outros danos indiretos resultantes de qualquer uso das informa\u00e7\u00f5es deste site e tamb\u00e9m pelas consequ\u00eancias do autotratamento.<\/p>\n","protected":false},"excerpt":{"rendered":"<p>Flagyl Generic \u00e9 um medicamento antiprotozo\u00e1rio e antibacteriano para tratar infec\u00e7\u00f5es causadas por bact\u00e9rias anaer\u00f3bicas e certos parasitas como gi\u00e1rdia e ameba.<\/p>\n","protected":false},"featured_media":7050,"comment_status":"open","ping_status":"closed","template":"","meta":[],"product_brand":[],"product_cat":[312],"product_tag":[],"class_list":{"0":"post-7116","1":"product","2":"type-product","3":"status-publish","4":"has-post-thumbnail","6":"product_cat-antibioticos-pt","7":"pa_active_substance-metronidazole","9":"first","10":"instock","11":"shipping-taxable","12":"product-type-variable"},"jetpack_sharing_enabled":true,"_links":{"self":[{"href":"https:\/\/www.pharmacy-content.com\/index.php?rest_route=\/wp\/v2\/product\/7116","targetHints":{"allow":["GET"]}}],"collection":[{"href":"https:\/\/www.pharmacy-content.com\/index.php?rest_route=\/wp\/v2\/product"}],"about":[{"href":"https:\/\/www.pharmacy-content.com\/index.php?rest_route=\/wp\/v2\/types\/product"}],"replies":[{"embeddable":true,"href":"https:\/\/www.pharmacy-content.com\/index.php?rest_route=%2Fwp%2Fv2%2Fcomments&post=7116"}],"wp:featuredmedia":[{"embeddable":true,"href":"https:\/\/www.pharmacy-content.com\/index.php?rest_route=\/wp\/v2\/media\/7050"}],"wp:attachment":[{"href":"https:\/\/www.pharmacy-content.com\/index.php?rest_route=%2Fwp%2Fv2%2Fmedia&parent=7116"}],"wp:term":[{"taxonomy":"product_brand","embeddable":true,"href":"https:\/\/www.pharmacy-content.com\/index.php?rest_route=%2Fwp%2Fv2%2Fproduct_brand&post=7116"},{"taxonomy":"product_cat","embeddable":true,"href":"https:\/\/www.pharmacy-content.com\/index.php?rest_route=%2Fwp%2Fv2%2Fproduct_cat&post=7116"},{"taxonomy":"product_tag","embeddable":true,"href":"https:\/\/www.pharmacy-content.com\/index.php?rest_route=%2Fwp%2Fv2%2Fproduct_tag&post=7116"}],"curies":[{"name":"wp","href":"https:\/\/api.w.org\/{rel}","templated":true}]}}