{"id":7105,"date":"2026-04-22T07:05:19","date_gmt":"2026-04-22T07:05:19","guid":{"rendered":""},"modified":"2026-04-22T07:05:30","modified_gmt":"2026-04-22T07:05:30","slug":"flagyl-6","status":"publish","type":"product","link":"https:\/\/www.pharmacy-content.com\/?product=flagyl-6&lang=pl","title":{"rendered":"Flagyl"},"content":{"rendered":"<p>Powszechnie stosowane<br \/>\nFlagyl to antybiotyk stosowany przeciwko bakteriom beztlenowym Peptostreptococcus, Clostridium sp., Bacteroides sp., Prevotella, Fusobacterium, Veillonella i niekt\u00f3rym paso\u017cytom, takim jak Trichomonas pochwylis (zapalenie pochwy), Giardia jelitowe (lamblioza jelit i w\u0105troby), Entamoeba histolytica . Lek ten stosuje si\u0119 w leczeniu takich schorze\u0144 jak: bakteryjne zapalenie otrzewnej, ropnie w\u0105troby, ropnie jajnik\u00f3w i jajowod\u00f3w.<\/p>\n<p>Dawkowanie i wskaz\u00f3wki<br \/>\nDawk\u0119 powinien ustali\u0107 lekarz w zale\u017cno\u015bci od stanu zdrowia, choroby i wieku. Flagyl mo\u017cna przyjmowa\u0107 doustnie z posi\u0142kiem lub bez posi\u0142ku. Czasami w szpitalu Flagyl jest przepisywany do\u017cylnie w celu leczenia powa\u017cnych infekcji. Tabletki Flagyl o przed\u0142u\u017conym uwalnianiu nale\u017cy przyjmowa\u0107 co najmniej 1-2 godziny przed lub po posi\u0142ku (na pusty \u017co\u0142\u0105dek). Nie nale\u017cy \u017cu\u0107, \u0142ama\u0107 ani kruszy\u0107 tabletek o przed\u0142u\u017conym uwalnianiu i po\u0142yka\u0107 je w ca\u0142o\u015bci. Nie nale\u017cy przerywa\u0107 stosowania tego leku, nawet je\u015bli czujesz si\u0119 dobrze, a objawy ust\u0105pi\u0142y, chyba \u017ce zaleci\u0142 to lekarz.<\/p>\n<p>\u015arodki ostro\u017cno\u015bci<br \/>\nD\u0142ugie leczenie wymaga regularnego wykonywania pe\u0142nej morfologii krwi. Unikaj picia alkoholu. Nie zaleca si\u0119 stosowania leku Flagyl u pacjentek w pierwszym trymestrze ci\u0105\u017cy. Poinformuj swojego lekarza, je\u015bli jeste\u015b w ci\u0105\u017cy lub planujesz zaj\u015b\u0107 w ci\u0105\u017c\u0119, masz chorob\u0119 w\u0105troby, chorob\u0119 \u017co\u0142\u0105dka lub jelit, tak\u0105 jak choroba Le\u015bniowskiego-Crohna, zaburzenia krwinek, takie jak niedokrwisto\u015b\u0107 lub leukopenia, epilepsj\u0119 lub inne drgawki i zaburzenia nerwowe.<\/p>\n<p>Przeciwwskazania<br \/>\nNadwra\u017cliwo\u015b\u0107.<\/p>\n<p>Mo\u017cliwe skutki uboczne<br \/>\nNudno\u015bci, smak metalu w ustach, anoreksja, b\u00f3l brzucha, wymioty, biegunka, b\u00f3l g\u0142owy, zawroty g\u0142owy, alergia (wysypka, pokrzywka), leukopenia i br\u0105zowo-czerwone zabarwienie moczu u pacjent\u00f3w d\u0142ugo leczony tym lekiem. Powa\u017cne skutki uboczne obejmuj\u0105 drgawki i uszkodzenie nerw\u00f3w powoduj\u0105ce dr\u0119twienie i mrowienie ko\u0144czyn. Je\u015bli je do\u015bwiadczysz, nale\u017cy natychmiast zwr\u00f3ci\u0107 si\u0119 o pomoc do lekarza.<\/p>\n<p>Interakcje lek\u00f3w<br \/>\nFlagyl jest kompatybilny z sulfanilamidami i antybiotykami. Jego po\u0142\u0105czenie z disulfiramem, po\u015brednio dzia\u0142aj\u0105cymi inhibitorami krzepni\u0119cia i niekt\u00f3rymi \u015brodkami miorelaksacyjnymi nie jest po\u017c\u0105dane. Niekompatybilny z napojami alkoholowymi. Flagyl zwi\u0119ksza st\u0119\u017cenie litu w surowicy krwi. Flagyl nie powinien by\u0107 podawany jednocze\u015bnie z amprenawirem w leczeniu ludzkiego niedoboru odporno\u015bci.<\/p>\n<p>Pomini\u0119ta dawka<br \/>\nW przypadku pomini\u0119cia dawki nale\u017cy przyj\u0105\u0107 j\u0105 tak szybko, jak tylko sobie o tym przypomnisz. Je\u015bli zbli\u017ca si\u0119 czas przyj\u0119cia kolejnej dawki, po prostu j\u0105 pomi\u0144 i wr\u00f3\u0107 do zwyk\u0142ego harmonogramu. Nigdy nie dawkuj dwukrotnie tego leku.<\/p>\n<p>Przedawkowanie<br \/>\nW przypadku powa\u017cnych i utrzymuj\u0105cych si\u0119 nudno\u015bci, wymiot\u00f3w, zawrot\u00f3w g\u0142owy, utraty r\u00f3wnowagi lub koordynacji, dr\u0119twienia i mrowienia lub drgawek, skonsultuj si\u0119 z lekarzem w sprawie pomocy lekarskiej.<\/p>\n<p>Przechowywanie<br \/>\nPrzechowywa\u0107 w temperatura pokojowa pomi\u0119dzy 59-77 stopni F (15-25 stopni C) z dala od \u015bwiat\u0142a i wilgoci, dzieci i zwierz\u0105t domowych. Nie stosowa\u0107 po up\u0142ywie terminu wa\u017cno\u015bci.<\/p>\n<p>Zastrze\u017cenie<br \/>\nPodajemy jedynie og\u00f3lne informacje na temat lek\u00f3w, kt\u00f3re nie obejmuj\u0105 wszystkich wskaz\u00f3wek, mo\u017cliwych interakcji lek\u00f3w ani \u015brodk\u00f3w ostro\u017cno\u015bci. Informacje zawarte na stronie nie mog\u0105 by\u0107 wykorzystywane do samodzielnego leczenia i autodiagnozy. Wszelkie szczeg\u00f3\u0142owe instrukcje dla konkretnego pacjenta nale\u017cy uzgodni\u0107 z doradc\u0105 ds. opieki zdrowotnej lub lekarzem prowadz\u0105cym dany przypadek. Zrzekamy si\u0119 wiarygodno\u015bci tych informacji i wszelkich b\u0142\u0119d\u00f3w, jakie mog\u0105 one zawiera\u0107. Nie ponosimy odpowiedzialno\u015bci za jakiekolwiek bezpo\u015brednie, po\u015brednie, szczeg\u00f3lne lub inne po\u015brednie szkody powsta\u0142e w wyniku wykorzystania informacji zawartych na tej stronie, a tak\u017ce za konsekwencje samodzielnego leczenia.<\/p>\n","protected":false},"excerpt":{"rendered":"<p>Flagyl Generic to lek przeciwpierwotniakowy i przeciwbakteryjny stosowany w leczeniu infekcji wywo\u0142anych przez bakterie beztlenowe i niekt\u00f3re paso\u017cyty, takie jak giardia i ameba.<\/p>\n","protected":false},"featured_media":7050,"comment_status":"open","ping_status":"closed","template":"","meta":[],"product_brand":[],"product_cat":[309],"product_tag":[],"class_list":{"0":"post-7105","1":"product","2":"type-product","3":"status-publish","4":"has-post-thumbnail","6":"product_cat-antybiotyki-pl","7":"pa_active_substance-metronidazole","9":"first","10":"instock","11":"shipping-taxable","12":"product-type-variable"},"jetpack_sharing_enabled":true,"_links":{"self":[{"href":"https:\/\/www.pharmacy-content.com\/index.php?rest_route=\/wp\/v2\/product\/7105","targetHints":{"allow":["GET"]}}],"collection":[{"href":"https:\/\/www.pharmacy-content.com\/index.php?rest_route=\/wp\/v2\/product"}],"about":[{"href":"https:\/\/www.pharmacy-content.com\/index.php?rest_route=\/wp\/v2\/types\/product"}],"replies":[{"embeddable":true,"href":"https:\/\/www.pharmacy-content.com\/index.php?rest_route=%2Fwp%2Fv2%2Fcomments&post=7105"}],"wp:featuredmedia":[{"embeddable":true,"href":"https:\/\/www.pharmacy-content.com\/index.php?rest_route=\/wp\/v2\/media\/7050"}],"wp:attachment":[{"href":"https:\/\/www.pharmacy-content.com\/index.php?rest_route=%2Fwp%2Fv2%2Fmedia&parent=7105"}],"wp:term":[{"taxonomy":"product_brand","embeddable":true,"href":"https:\/\/www.pharmacy-content.com\/index.php?rest_route=%2Fwp%2Fv2%2Fproduct_brand&post=7105"},{"taxonomy":"product_cat","embeddable":true,"href":"https:\/\/www.pharmacy-content.com\/index.php?rest_route=%2Fwp%2Fv2%2Fproduct_cat&post=7105"},{"taxonomy":"product_tag","embeddable":true,"href":"https:\/\/www.pharmacy-content.com\/index.php?rest_route=%2Fwp%2Fv2%2Fproduct_tag&post=7105"}],"curies":[{"name":"wp","href":"https:\/\/api.w.org\/{rel}","templated":true}]}}