{"id":7072,"date":"2026-04-22T07:05:15","date_gmt":"2026-04-22T07:05:15","guid":{"rendered":""},"modified":"2026-04-22T07:05:29","modified_gmt":"2026-04-22T07:05:29","slug":"flagyl-3","status":"publish","type":"product","link":"https:\/\/www.pharmacy-content.com\/?product=flagyl-3&lang=fr","title":{"rendered":"Flagyl"},"content":{"rendered":"<p>Usage courant<br \/>\nFlagyl est un antibiotique utilis\u00e9 contre les bact\u00e9ries ana\u00e9robies Peptostreptococcus, Clostridium sp., Bacteroides sp., Prevotella, Fusobacterium, Veillonella et certains parasites tels que Trichomonas vaginalis (vaginite), Giardia intestinalis (lambliose des intestins et du foie), Entamoeba histolytica. . Ce m\u00e9dicament est utilis\u00e9 pour traiter les affections suivantes : p\u00e9ritonite bact\u00e9rienne, abc\u00e8s du foie, abc\u00e8s des ovaires et des trompes de Fallope.<\/p>\n<p>Posologie et instructions<br \/>\nVotre dose doit \u00eatre administr\u00e9e par votre m\u00e9decin en fonction de votre \u00e9tat, de votre maladie et de votre \u00e2ge. Flagyl peut \u00eatre pris par voie orale avec ou sans nourriture. \u00c0 l\u2019h\u00f4pital, Flagyl est parfois prescrit par voie intraveineuse pour traiter des infections graves. Prenez les comprim\u00e9s \u00e0 lib\u00e9ration prolong\u00e9e de Flagyl au moins 1 \u00e0 2 heures avant ou apr\u00e8s un repas (\u00e0 jeun). Ne m\u00e2chez pas, ne cassez pas et n\u2019\u00e9crasez pas les comprim\u00e9s \u00e0 lib\u00e9ration prolong\u00e9e et ne les avalez pas entiers. N&#8217;arr\u00eatez pas de prendre ce m\u00e9dicament m\u00eame si vous vous sentez bien et que vos sympt\u00f4mes ont disparu, \u00e0 moins que votre m\u00e9decin ne vous le recommande.<\/p>\n<p>Pr\u00e9cautions<br \/>\nUn traitement prolong\u00e9 n\u00e9cessite une formule sanguine compl\u00e8te de fa\u00e7on r\u00e9guli\u00e8re. \u00c9vitez de boire de l&#8217;alcool. La prise de Flagyl chez les patientes est d\u00e9conseill\u00e9e pendant le premier trimestre de la grossesse. Informez votre m\u00e9decin si vous \u00eates enceinte ou envisagez de le devenir, si vous souffrez d&#8217;une maladie du foie, d&#8217;une maladie de l&#8217;estomac ou des intestins comme la maladie de Crohn, d&#8217;un trouble des cellules sanguines comme l&#8217;an\u00e9mie ou la leucop\u00e9nie, d&#8217;\u00e9pilepsie ou d&#8217;autres troubles convulsifs et nerveux.<\/p>\n<p>Contre-indications<br \/>\nHypersensibilit\u00e9.<\/p>\n<p>Effets secondaires possibles<br \/>\nNaus\u00e9es, go\u00fbt de m\u00e9tal dans la bouche, anorexie, douleurs abdominales, vomissements, diarrh\u00e9e, maux de t\u00eate, \u00e9tourdissements, allergies (\u00e9ruption cutan\u00e9e, urticaire), leucop\u00e9nie et couleur brun-rouge des urines chez les patients trait\u00e9 depuis longtemps avec ce m\u00e9dicament. Les effets secondaires graves incluent des convulsions et des l\u00e9sions nerveuses entra\u00eenant un engourdissement et des picotements des extr\u00e9mit\u00e9s. Si vous ressentez cela, vous avez besoin de l&#8217;aide imm\u00e9diate de votre m\u00e9decin.<\/p>\n<p>Interaction m\u00e9dicamenteuse<br \/>\nFlagyl est compatible avec les sulfanilamides et les antibiotiques. Son association avec le disulfirame, des inhibiteurs de la coagulation \u00e0 action indirecte, et certains myorelaxants n&#8217;est pas souhait\u00e9e. Non compatible avec les boissons alcoolis\u00e9es. Flagyl augmente les niveaux de lithium dans le s\u00e9rum sanguin. Flagyl ne doit pas \u00eatre co-administr\u00e9 avec l&#8217;ampr\u00e9navir pour traiter l&#8217;immunod\u00e9ficience humaine.<\/p>\n<p>Dose oubli\u00e9e<br \/>\nSi vous avez oubli\u00e9 une dose, prenez-la d\u00e8s que vous vous en souvenez. S\u2019il est presque l\u2019heure de votre prochaine dose, sautez-la et revenez \u00e0 votre horaire habituel. Ne doublez jamais la dose de ce m\u00e9dicament.<\/p>\n<p>Surdosage<br \/>\nEn cas de naus\u00e9es, de vomissements, d&#8217;\u00e9tourdissements, de perte d&#8217;\u00e9quilibre ou de coordination, d&#8217;engourdissements et de picotements ou de convulsions graves et persistants, consultez votre m\u00e9decin pour obtenir des soins m\u00e9dicaux.<\/p>\n<p>Conservation<br \/>\nConserver \u00e0 temp\u00e9rature ambiante entre 59 et 77 degr\u00e9s F (15 et 25 degr\u00e9s C), \u00e0 l&#8217;abri de la lumi\u00e8re et de l&#8217;humidit\u00e9, des enfants et des animaux domestiques. Ne pas utiliser apr\u00e8s la date d&#8217;expiration.<\/p>\n<p>Avertissement<br \/>\nNous fournissons uniquement des informations g\u00e9n\u00e9rales sur les m\u00e9dicaments, qui ne couvrent pas toutes les directions, les interactions m\u00e9dicamenteuses possibles ou les pr\u00e9cautions. Les informations pr\u00e9sentes sur le site ne peuvent \u00eatre utilis\u00e9es \u00e0 des fins d&#8217;auto-traitement et d&#8217;autodiagnostic. Toute instruction sp\u00e9cifique pour un patient particulier doit \u00eatre convenue avec votre conseiller en soins de sant\u00e9 ou votre m\u00e9decin en charge du cas. Nous d\u00e9clinons la fiabilit\u00e9 de ces informations ainsi que les erreurs qu&#8217;elles pourraient contenir. Nous ne sommes pas responsables de tout dommage direct, indirect, sp\u00e9cial ou autre indirect r\u00e9sultant de toute utilisation des informations pr\u00e9sentes sur ce site ainsi que des cons\u00e9quences d&#8217;un auto-traitement.<\/p>\n","protected":false},"excerpt":{"rendered":"<p>Flagyl Generic est un m\u00e9dicament antiprotozoaire et antibact\u00e9rien destin\u00e9 \u00e0 traiter les infections caus\u00e9es par des bact\u00e9ries ana\u00e9robies et certains parasites comme la giardia et l&#8217;amibe.<\/p>\n","protected":false},"featured_media":7050,"comment_status":"open","ping_status":"closed","template":"","meta":[],"product_brand":[],"product_cat":[300],"product_tag":[],"class_list":{"0":"post-7072","1":"product","2":"type-product","3":"status-publish","4":"has-post-thumbnail","6":"product_cat-antibiotiques-fr","7":"pa_active_substance-metronidazole","9":"first","10":"instock","11":"shipping-taxable","12":"product-type-variable"},"jetpack_sharing_enabled":true,"_links":{"self":[{"href":"https:\/\/www.pharmacy-content.com\/index.php?rest_route=\/wp\/v2\/product\/7072","targetHints":{"allow":["GET"]}}],"collection":[{"href":"https:\/\/www.pharmacy-content.com\/index.php?rest_route=\/wp\/v2\/product"}],"about":[{"href":"https:\/\/www.pharmacy-content.com\/index.php?rest_route=\/wp\/v2\/types\/product"}],"replies":[{"embeddable":true,"href":"https:\/\/www.pharmacy-content.com\/index.php?rest_route=%2Fwp%2Fv2%2Fcomments&post=7072"}],"wp:featuredmedia":[{"embeddable":true,"href":"https:\/\/www.pharmacy-content.com\/index.php?rest_route=\/wp\/v2\/media\/7050"}],"wp:attachment":[{"href":"https:\/\/www.pharmacy-content.com\/index.php?rest_route=%2Fwp%2Fv2%2Fmedia&parent=7072"}],"wp:term":[{"taxonomy":"product_brand","embeddable":true,"href":"https:\/\/www.pharmacy-content.com\/index.php?rest_route=%2Fwp%2Fv2%2Fproduct_brand&post=7072"},{"taxonomy":"product_cat","embeddable":true,"href":"https:\/\/www.pharmacy-content.com\/index.php?rest_route=%2Fwp%2Fv2%2Fproduct_cat&post=7072"},{"taxonomy":"product_tag","embeddable":true,"href":"https:\/\/www.pharmacy-content.com\/index.php?rest_route=%2Fwp%2Fv2%2Fproduct_tag&post=7072"}],"curies":[{"name":"wp","href":"https:\/\/api.w.org\/{rel}","templated":true}]}}