{"id":7043,"date":"2026-04-22T07:05:06","date_gmt":"2026-04-22T07:05:06","guid":{"rendered":""},"modified":"2026-04-22T07:05:08","modified_gmt":"2026-04-22T07:05:08","slug":"doxycycline-10","status":"publish","type":"product","link":"https:\/\/www.pharmacy-content.com\/?product=doxycycline-10&lang=cs","title":{"rendered":"Doxycycline"},"content":{"rendered":"<p>B\u011b\u017en\u00e9 pou\u017eit\u00ed<br \/>\nDoxycyklin je syntetick\u00fd \u0161irokospektr\u00e1ln\u00ed antibiotikum odvozen\u00e9 od tetracyklinu a pou\u017e\u00edv\u00e1 se k l\u00e9\u010db\u011b mnoha r\u016fzn\u00fdch bakteri\u00e1ln\u00edch infekc\u00ed, jako jsou infekce mo\u010dov\u00fdch cest, akn\u00e9, kapavka, chlamydi\u00f3za, parodontitida (onemocn\u011bn\u00ed d\u00e1sn\u00ed), nedokonalosti, hrbolky a akn\u00e9 podobn\u00e9 l\u00e9ze zp\u016fsoben\u00e9 rosaceou.<\/p>\n<p>D\u00e1vkov\u00e1n\u00ed a sm\u011bry<br \/>\nTento l\u00e9k by m\u011bl b\u00fdt u\u017e\u00edv\u00e1n po j\u00eddle s velk\u00fdm sklenic\u00ed vody, aby se sn\u00ed\u017eilo podr\u00e1\u017ed\u011bn\u00ed j\u00edcnu. Denn\u00ed d\u00e1vka by m\u011bla b\u00fdt u\u017eita jako jednor\u00e1zov\u00e1 d\u00e1vka nebo rozd\u011blen\u00e1 na dv\u011b (12 hodin mezi ka\u017edou). Neu\u017e\u00edvejte ve v\u011bt\u0161\u00edch mno\u017estv\u00edch ani neprodlu\u017eujte u\u017e\u00edv\u00e1n\u00ed po p\u0159edepsan\u00e9 dob\u011b. N\u011bkter\u00e9 zna\u010dky tohoto l\u00e9ku nelze pou\u017e\u00edvat s ml\u00e9\u010dn\u00fdmi v\u00fdrobky. Nemyjte, nerozpalujte ani neotv\u00edrejte kapsli s odd\u00e1len\u00fdm uvoln\u011bn\u00edm; polkn\u011bte tabletku celou. Pokud se jedn\u00e1 o or\u00e1ln\u00ed suspenzi, p\u0159ed pou\u017eit\u00edm ji prot\u0159epejte a odm\u011b\u0159te pomoc\u00ed speci\u00e1ln\u00ed odm\u011brky. Nikdy neu\u017e\u00edvejte tento l\u00e9k, pokud je pro\u0161l\u00fd, proto\u017ee m\u016f\u017ee po\u0161kodit va\u0161e ledviny.<\/p>\n<p>Opat\u0159en\u00ed<br \/>\nU\u017e\u00edv\u00e1n\u00ed doxycyklinu b\u011bhem r\u016fstu zub\u016f m\u016f\u017ee v\u00e9st k jejich trval\u00e9 zm\u011bn\u011b barvy. Infekce zp\u016fsoben\u00e9 stafylokokem, Escherichia, Shigella, jsou mo\u017en\u00e9 pouze po stanoven\u00ed citlivosti na l\u00e9k. Vyhn\u011bte se vystaven\u00ed va\u0161eho t\u011bla dlouhodob\u00e9mu UV z\u00e1\u0159en\u00ed b\u011bhem l\u00e9\u010dby a 4-5 dn\u00ed po n\u00ed. Pokud je p\u0159edeps\u00e1na dlouh\u00e1 l\u00e9\u010dba t\u00edmto l\u00e9kem, pravideln\u011b sledujte obsah perifern\u00edch krevn\u00edch bun\u011bk, testy funkce jater a ur\u010dete hladiny dus\u00edku a mo\u010doviny v s\u00e9ru.<\/p>\n<p>Kontraindikace<br \/>\nHypersenzitivita na doxycyklin a tetracykliny, t\u011bhotenstv\u00ed (druh\u00e1 polovina term\u00ednu), kojen\u00ed, d\u011btstv\u00ed (pro d\u011bti mlad\u0161\u00ed 9 let), leukopenie, porfyrie, t\u011b\u017ek\u00e9 selh\u00e1n\u00ed jater.<\/p>\n<p>Mo\u017en\u00e9 vedlej\u0161\u00ed \u00fa\u010dinky<br \/>\nVedlej\u0161\u00ed \u00fa\u010dinky zp\u016fsoben\u00e9 doxycyklinem se mohou projevit jako bolesti hlavy, z\u00e1vrat\u011b, rozmazan\u00e9 vid\u011bn\u00ed, hore\u010dka, zimnice, bolest t\u011bla, \u010derven\u00e1 ko\u017en\u00ed vyr\u00e1\u017eka, bled\u00e1 nebo na\u017eloutl\u00e1 k\u016f\u017ee, tmav\u00e1 mo\u010d, siln\u00e1 bolest v horn\u00ed \u010d\u00e1sti b\u0159icha, ztr\u00e1ta chuti k j\u00eddlu, \u017eloutenka, snadn\u00e9 podlitiny nebo krv\u00e1cen\u00ed. Kontaktujte sv\u00e9ho l\u00e9ka\u0159e, pokud za\u017eijete v\u00e1\u017en\u00e9 v\u00fd\u0161e uveden\u00e9 \u00fa\u010dinky.<\/p>\n<p>Interakce s l\u00e9ky<br \/>\nSou\u010dasn\u00e9 u\u017e\u00edv\u00e1n\u00ed l\u00e9k\u016f obsahuj\u00edc\u00edch hlin\u00edk, ho\u0159\u010d\u00edk nebo v\u00e1pn\u00edk nen\u00ed doporu\u010deno, proto\u017ee m\u016f\u017ee zpomalit vst\u0159eb\u00e1v\u00e1n\u00ed doxycyklinu. Miner\u00e1ly (jako v\u00e1pn\u00edk nebo \u017eelezo) nebo bismut subsalicyl\u00e1t maj\u00ed stejn\u00fd \u00fa\u010dinek. Uv\u00e1d\u00ed se, \u017ee doxycyklin zvy\u0161uje aktivitu warfarinu. Fenytoin (Dilantin), karbamazepin (Tegretol) a barbitur\u00e1ty (jako fenobarbital) mohou zvy\u0161ovat metabolismus doxycyklinu.<\/p>\n<p>Zme\u0161kan\u00e1 d\u00e1vka<br \/>\nNikdy neu\u017e\u00edvejte dvojn\u00e1sobnou d\u00e1vku tohoto l\u00e9ku. Pokud se bl\u00ed\u017e\u00ed \u010das na dal\u0161\u00ed d\u00e1vku, jednodu\u0161e vynechejte zme\u0161kanou \u010d\u00e1st a pokra\u010dujte v u\u017e\u00edv\u00e1n\u00ed l\u00e9ku podle pl\u00e1nu.<\/p>\n<p>P\u0159ed\u00e1vkov\u00e1n\u00ed<br \/>\nV p\u0159\u00edpad\u011b v\u00e1\u017en\u00e9 a p\u0159etrv\u00e1vaj\u00edc\u00ed nevolnosti, zvracen\u00ed a pr\u016fjmu se pora\u010fte se sv\u00fdm l\u00e9ka\u0159em.<\/p>\n<p>Skladov\u00e1n\u00ed<br \/>\nSkladujte p\u0159i pokojov\u00e9 teplot\u011b mezi 59-77 stupni Fahrenheita (15-25 stup\u0148\u016f Celsia), mimo sv\u011btlo, vlhkost, d\u011bti a dom\u00e1c\u00ed zv\u00ed\u0159ata. Nepou\u017e\u00edvejte po datu expirace.<\/p>\n<p>Odm\u00edtnut\u00ed odpov\u011bdnosti<br \/>\nPoskytujeme pouze obecn\u00e9 informace o l\u00e9c\u00edch, kter\u00e9 nepokryj\u00ed v\u0161echna sm\u011brov\u00e1n\u00ed, mo\u017en\u00e9 interakce l\u00e9k\u016f nebo opat\u0159en\u00ed. Informace na str\u00e1nk\u00e1ch nelze pou\u017e\u00edt k samol\u00e9\u010db\u011b a sebediagn\u00f3ze. Jak\u00e9koli konkr\u00e9tn\u00ed pokyny pro konkr\u00e9tn\u00edho pacienta by m\u011bly b\u00fdt projedn\u00e1ny s va\u0161\u00edm zdravotnick\u00fdm poradcem nebo l\u00e9ka\u0159em odpov\u011bdn\u00fdm za p\u0159\u00edpad. Odpov\u011bdnost za tyto informace a chyby, kter\u00e9 by mohly obsahovat, odm\u00edt\u00e1me. Neodpov\u00edd\u00e1me za \u017e\u00e1dn\u00e9 p\u0159\u00edm\u00e9, nep\u0159\u00edm\u00e9, zvl\u00e1\u0161tn\u00ed nebo jin\u00e9 nep\u0159\u00edm\u00e9 \u0161kody jako d\u016fsledek jak\u00e9hokoli pou\u017eit\u00ed informac\u00ed na t\u00e9to str\u00e1nce a tak\u00e9 za n\u00e1sledky samol\u00e9\u010dby.<\/p>\n","protected":false},"excerpt":{"rendered":"<p>Doxycycline Generic je tetracyklinov\u00e9 antibiotikum pou\u017e\u00edvan\u00e9 k l\u00e9\u010db\u011b infekc\u00ed mo\u010dov\u00fdch cest, akn\u00e9, kapavky, chlamydi\u00f3zy, paradent\u00f3zy atd.<\/p>\n","protected":false},"featured_media":6989,"comment_status":"open","ping_status":"closed","template":"","meta":[],"product_brand":[],"product_cat":[321],"product_tag":[],"class_list":{"0":"post-7043","1":"product","2":"type-product","3":"status-publish","4":"has-post-thumbnail","6":"product_cat-antibiotika-cs","7":"pa_active_substance-doxycycline","9":"first","10":"instock","11":"shipping-taxable","12":"product-type-variable"},"jetpack_sharing_enabled":true,"_links":{"self":[{"href":"https:\/\/www.pharmacy-content.com\/index.php?rest_route=\/wp\/v2\/product\/7043","targetHints":{"allow":["GET"]}}],"collection":[{"href":"https:\/\/www.pharmacy-content.com\/index.php?rest_route=\/wp\/v2\/product"}],"about":[{"href":"https:\/\/www.pharmacy-content.com\/index.php?rest_route=\/wp\/v2\/types\/product"}],"replies":[{"embeddable":true,"href":"https:\/\/www.pharmacy-content.com\/index.php?rest_route=%2Fwp%2Fv2%2Fcomments&post=7043"}],"wp:featuredmedia":[{"embeddable":true,"href":"https:\/\/www.pharmacy-content.com\/index.php?rest_route=\/wp\/v2\/media\/6989"}],"wp:attachment":[{"href":"https:\/\/www.pharmacy-content.com\/index.php?rest_route=%2Fwp%2Fv2%2Fmedia&parent=7043"}],"wp:term":[{"taxonomy":"product_brand","embeddable":true,"href":"https:\/\/www.pharmacy-content.com\/index.php?rest_route=%2Fwp%2Fv2%2Fproduct_brand&post=7043"},{"taxonomy":"product_cat","embeddable":true,"href":"https:\/\/www.pharmacy-content.com\/index.php?rest_route=%2Fwp%2Fv2%2Fproduct_cat&post=7043"},{"taxonomy":"product_tag","embeddable":true,"href":"https:\/\/www.pharmacy-content.com\/index.php?rest_route=%2Fwp%2Fv2%2Fproduct_tag&post=7043"}],"curies":[{"name":"wp","href":"https:\/\/api.w.org\/{rel}","templated":true}]}}