{"id":7031,"date":"2026-04-22T07:05:01","date_gmt":"2026-04-22T07:05:01","guid":{"rendered":""},"modified":"2026-04-22T07:05:08","modified_gmt":"2026-04-22T07:05:08","slug":"doxycycline-8","status":"publish","type":"product","link":"https:\/\/www.pharmacy-content.com\/sv\/product\/doxycycline-8\/","title":{"rendered":"Doxycycline"},"content":{"rendered":"<p>Vanlig anv\u00e4ndning<br \/>\nDoxycyklin \u00e4r ett syntetiskt bredspektrumantibiotikum som h\u00e4rr\u00f6r fr\u00e5n tetracyklin och anv\u00e4nds f\u00f6r att behandla m\u00e5nga olika bakterieinfektioner, s\u00e5som urinv\u00e4gsinfektioner, akne, gonorr\u00e9, klamydios, parodontit (tandk\u00f6ttssjukdom), fl\u00e4ckar, kn\u00f6lar och akne- som lesioner orsakade av rosacea.<\/p>\n<p>Dosering och anvisningar<br \/>\nDenna medicin b\u00f6r tas efter en m\u00e5ltid med ett stort glas vatten f\u00f6r att minska irritationen i matstrupen. Den dagliga dosen ska tas som en eng\u00e5ngsdos eller delas i tv\u00e5 (12 timmar mellan varje dos). Ta det inte i st\u00f6rre m\u00e4ngder eller forts\u00e4tt att ta det efter den administrerade perioden. Vissa m\u00e4rken av detta l\u00e4kemedel kan inte anv\u00e4ndas med mejeriprodukter. Krossa, bryt eller \u00f6ppna inte en kapsel med f\u00f6rdr\u00f6jd fris\u00e4ttning; \u00e4ta p-piller hel. Om det \u00e4r en oral suspension, skaka den f\u00f6re anv\u00e4ndning och m\u00e4ta med en speciell m\u00e4tsked. Ta aldrig detta l\u00e4kemedel om det har g\u00e5tt ut, eftersom det kan skada dina njurar.<\/p>\n<p>F\u00f6rsiktighets\u00e5tg\u00e4rder<br \/>\nAnv\u00e4ndning av Doxycyklin under t\u00e4ndernas tillv\u00e4xt kan resultera i permanent f\u00e4rgf\u00f6r\u00e4ndring. Infektioner orsakade av stafylokocker, Escherichia, Shigella \u00e4r m\u00f6jliga f\u00f6rst efter att k\u00e4nsligheten f\u00f6r medicinen har best\u00e4mts. Undvik att din kropp uts\u00e4tts f\u00f6r l\u00e5ngvarig UV-str\u00e5lning under behandlingen och 4-5 dagar efter den. Om l\u00e5ng behandling med denna medicin ordineras, \u00f6vervaka regelbundet inneh\u00e5llet i perifera blodkroppar, leverfunktionstester och best\u00e4m kv\u00e4ve och urea i serumet.<\/p>\n<p>Kontraindikationer<br \/>\n\u00d6verk\u00e4nslighet mot doxycyklin och tetracykliner, graviditet (andra halvan av terminen), amning , sp\u00e4dbarn (f\u00f6r barn yngre \u00e4n 9 \u00e5r), leukopeni, porfyri, allvarlig leversvikt.<\/p>\n<p>M\u00f6jliga biverkningar<br \/>\nBiverkningar orsakade av Doxycyklin kan upptr\u00e4da som huvudv\u00e4rk, yrsel, dimsyn, feber, frossa, v\u00e4rk i kroppen, r\u00f6d hudutslag, blek eller gulnad hud, m\u00f6rkf\u00e4rgad urin, sv\u00e5r sm\u00e4rta i \u00f6vre magen, aptitl\u00f6shet, gulsot, l\u00e4tta bl\u00e5m\u00e4rken eller bl\u00f6dningar. Kontakta din l\u00e4kare om du upplever allvarliga biverkningar som anges ovan.<\/p>\n<p>L\u00e4kemedelsinteraktion<br \/>\nSamadministrering med aluminium-, magnesium- eller kalciumbaserade antacida rekommenderas inte, eftersom absorptionen av doxycyklin kan bromsas. Mineraler (som kalcium eller j\u00e4rn) eller vismutsubsalicylat har samma effekt. Doxycyklin har rapporterats \u00f6ka warfarins aktivitet. Fenytoin (Dilantin), karbamazepin (Tegretol) och barbiturater (som fenobarbital) kan \u00f6ka metabolismen av doxycyklin.<\/p>\n<p>Missad dos<br \/>\nTa aldrig en dubbel dos av detta l\u00e4kemedel. Om det n\u00e4stan \u00e4r dags f\u00f6r n\u00e4sta dos \u00e4r det bara att hoppa \u00f6ver den missade portionen och forts\u00e4tta att ta l\u00e4kemedlet enligt schemat.<\/p>\n<p>\u00d6verdosering<br \/>\nKontakta din l\u00e4kare vid allvarligt och ih\u00e5llande illam\u00e5ende, kr\u00e4kningar och diarr\u00e9.<\/p>\n<p>F\u00f6rvaring<br \/>\nF\u00f6rvara i rumstemperatur mellan 59-77 grader Fahrenheit (15-25 grader Celsius), borta fr\u00e5n ljus, fukt, barn och husdjur. Anv\u00e4nd inte efter utg\u00e5ngsdatum.<\/p>\n<p>Ansvarsfriskrivning<br \/>\nVi tillhandah\u00e5ller endast allm\u00e4n information om mediciner, som inte t\u00e4cker alla riktningar, m\u00f6jliga l\u00e4kemedelsinteraktioner eller f\u00f6rsiktighets\u00e5tg\u00e4rder. Information p\u00e5 sidan kan inte anv\u00e4ndas f\u00f6r sj\u00e4lvbehandling och sj\u00e4lvdiagnos. Alla specifika instruktioner f\u00f6r en viss patient b\u00f6r \u00f6verenskommas med din v\u00e5rdr\u00e5dgivare eller l\u00e4kare som \u00e4r ansvarig f\u00f6r \u00e4rendet. Vi fr\u00e5ns\u00e4ger oss tillf\u00f6rlitligheten av denna information och eventuella misstag den kan inneh\u00e5lla. Vi ansvarar inte f\u00f6r n\u00e5gra direkta, indirekta, speciella eller andra indirekta skador till f\u00f6ljd av n\u00e5gon anv\u00e4ndning av informationen p\u00e5 denna webbplats och \u00e4ven f\u00f6r konsekvenser av egenbehandling.<\/p>\n","protected":false},"excerpt":{"rendered":"<p>Doxycyklin Generic \u00e4r ett tetracyklinantibiotikum som anv\u00e4nds f\u00f6r att behandla infektioner i urinv\u00e4garna, akne, gonorr\u00e9, klamydios, parodontit, etc.<\/p>\n","protected":false},"featured_media":6989,"comment_status":"open","ping_status":"closed","template":"","meta":[],"product_brand":[],"product_cat":[315],"product_tag":[],"class_list":{"0":"post-7031","1":"product","2":"type-product","3":"status-publish","4":"has-post-thumbnail","6":"product_cat-antibiotika-sv","7":"pa_active_substance-doxycycline","9":"first","10":"instock","11":"shipping-taxable","12":"product-type-variable"},"jetpack_sharing_enabled":true,"_links":{"self":[{"href":"https:\/\/www.pharmacy-content.com\/wp-json\/wp\/v2\/product\/7031","targetHints":{"allow":["GET"]}}],"collection":[{"href":"https:\/\/www.pharmacy-content.com\/wp-json\/wp\/v2\/product"}],"about":[{"href":"https:\/\/www.pharmacy-content.com\/wp-json\/wp\/v2\/types\/product"}],"replies":[{"embeddable":true,"href":"https:\/\/www.pharmacy-content.com\/wp-json\/wp\/v2\/comments?post=7031"}],"wp:featuredmedia":[{"embeddable":true,"href":"https:\/\/www.pharmacy-content.com\/wp-json\/wp\/v2\/media\/6989"}],"wp:attachment":[{"href":"https:\/\/www.pharmacy-content.com\/wp-json\/wp\/v2\/media?parent=7031"}],"wp:term":[{"taxonomy":"product_brand","embeddable":true,"href":"https:\/\/www.pharmacy-content.com\/wp-json\/wp\/v2\/product_brand?post=7031"},{"taxonomy":"product_cat","embeddable":true,"href":"https:\/\/www.pharmacy-content.com\/wp-json\/wp\/v2\/product_cat?post=7031"},{"taxonomy":"product_tag","embeddable":true,"href":"https:\/\/www.pharmacy-content.com\/wp-json\/wp\/v2\/product_tag?post=7031"}],"curies":[{"name":"wp","href":"https:\/\/api.w.org\/{rel}","templated":true}]}}