{"id":7025,"date":"2026-04-22T07:05:00","date_gmt":"2026-04-22T07:05:00","guid":{"rendered":""},"modified":"2026-04-22T07:05:07","modified_gmt":"2026-04-22T07:05:07","slug":"doxycycline-7","status":"publish","type":"product","link":"https:\/\/www.pharmacy-content.com\/pt\/product\/doxycycline-7\/","title":{"rendered":"Doxycycline"},"content":{"rendered":"<p>Uso comum<br \/>\nA doxiciclina \u00e9 um antibi\u00f3tico sint\u00e9tico de amplo espectro derivado da tetraciclina e usado para tratar muitas infec\u00e7\u00f5es bacterianas diferentes, como infec\u00e7\u00f5es do trato urin\u00e1rio, acne, gonorr\u00e9ia, clamidiose, periodontite (doen\u00e7a gengival), manchas, incha\u00e7os e acne- como les\u00f5es causadas pela ros\u00e1cea.<\/p>\n<p>Posologia e instru\u00e7\u00f5es<br \/>\nEste medicamento deve ser tomado ap\u00f3s uma refei\u00e7\u00e3o com um copo grande de \u00e1gua para diminuir a irrita\u00e7\u00e3o do es\u00f4fago. A dose di\u00e1ria deve ser tomada em dose \u00fanica ou dividida em duas (12 horas entre cada uma). N\u00e3o tome em grandes quantidades nem continue tomando ap\u00f3s o per\u00edodo administrado. Certas marcas deste medicamento n\u00e3o podem ser usadas com latic\u00ednios. N\u00e3o esmague, quebre ou abra uma c\u00e1psula de libera\u00e7\u00e3o retardada; coma a p\u00edlula inteira. Se for uma suspens\u00e3o oral, agite antes de usar e me\u00e7a com uma colher medidora especial. Nunca tome este medicamento se ele estiver vencido, pois pode causar danos aos rins.<\/p>\n<p>Precau\u00e7\u00f5es<br \/>\nO uso de doxiciclina durante o crescimento dos dentes pode resultar na mudan\u00e7a permanente de cor. Infec\u00e7\u00f5es causadas por estafilococos, Escherichia, Shigella, s\u00f3 s\u00e3o poss\u00edveis ap\u00f3s a determina\u00e7\u00e3o da sensibilidade ao medicamento. Evite a exposi\u00e7\u00e3o prolongada do seu corpo \u00e0 radia\u00e7\u00e3o UV durante o tratamento e 4-5 dias ap\u00f3s o mesmo. Se for prescrito tratamento prolongado com este medicamento, monitore regularmente o conte\u00fado de c\u00e9lulas do sangue perif\u00e9rico, testes de fun\u00e7\u00e3o hep\u00e1tica e determine nitrog\u00eanio e ur\u00e9ia no soro.<\/p>\n<p>Contra-indica\u00e7\u00f5es<br \/>\nHipersensibilidade \u00e0 doxiciclina e tetraciclinas, gravidez (segunda metade do per\u00edodo), amamenta\u00e7\u00e3o , inf\u00e2ncia (para crian\u00e7as menores de 9 anos), leucopenia, porfiria, insufici\u00eancia hep\u00e1tica grave.<\/p>\n<p>Poss\u00edveis efeitos colaterais<br \/>\nOs efeitos colaterais causados pela doxiciclina podem aparecer como dor de cabe\u00e7a, tontura, vis\u00e3o turva, febre, calafrios, dores no corpo, vermelhid\u00e3o erup\u00e7\u00e3o cut\u00e2nea, pele p\u00e1lida ou amarelada, urina de cor escura, dor intensa na parte superior do est\u00f4mago, perda de apetite, icter\u00edcia, f\u00e1cil forma\u00e7\u00e3o de hematomas ou sangramento. Contacte o seu m\u00e9dico se sentir os efeitos graves listados acima.<\/p>\n<p>Intera\u00e7\u00e3o medicamentosa<br \/>\nA coadministra\u00e7\u00e3o com anti\u00e1cidos \u00e0 base de alum\u00ednio, magn\u00e9sio ou c\u00e1lcio n\u00e3o \u00e9 recomendada, pois a absor\u00e7\u00e3o da doxiciclina pode ser retardada. Minerais (como c\u00e1lcio ou ferro) ou subsalicilato de bismuto t\u00eam o mesmo efeito. Foi relatado que a doxiciclina aumenta a atividade da varfarina. Fenito\u00edna (Dilantin), carbamazepina (Tegretol) e barbit\u00faricos (como fenobarbital) podem aumentar o metabolismo da Doxiciclina.<\/p>\n<p>Dose esquecida<br \/>\nNunca tome uma dose dupla deste medicamento. Se estiver quase na hora da pr\u00f3xima dose, basta pular a dose esquecida e continuar a tomar o medicamento de acordo com o cronograma.<\/p>\n<p>Sobredosagem<br \/>\nEm caso de n\u00e1useas, v\u00f4mitos e diarreia graves e persistentes, consulte seu m\u00e9dico.<\/p>\n<p>Armazenamento<br \/>\nArmazene em temperatura ambiente entre 15 e 25 graus Celsius (59-77 graus Fahrenheit), longe da luz, umidade, crian\u00e7as e animais de estima\u00e7\u00e3o. N\u00e3o use ap\u00f3s a data de validade.<\/p>\n<p>Isen\u00e7\u00e3o de responsabilidade<br \/>\nFornecemos apenas informa\u00e7\u00f5es gerais sobre medicamentos, que n\u00e3o cobrem todas as instru\u00e7\u00f5es, poss\u00edveis intera\u00e7\u00f5es medicamentosas ou precau\u00e7\u00f5es. As informa\u00e7\u00f5es do site n\u00e3o podem ser utilizadas para autotratamento e autodiagn\u00f3stico. Quaisquer instru\u00e7\u00f5es espec\u00edficas para um determinado paciente devem ser acordadas com o seu conselheiro de sa\u00fade ou m\u00e9dico respons\u00e1vel pelo caso. N\u00f3s nos isentamos da confiabilidade desta informa\u00e7\u00e3o e de quaisquer erros que ela possa conter. N\u00e3o somos respons\u00e1veis por quaisquer danos diretos, indiretos, especiais ou outros danos indiretos resultantes de qualquer uso das informa\u00e7\u00f5es deste site e tamb\u00e9m pelas consequ\u00eancias do autotratamento.<\/p>\n","protected":false},"excerpt":{"rendered":"<p>A doxiciclina Generic \u00e9 um antibi\u00f3tico tetraciclina usado para tratar infec\u00e7\u00f5es do trato urin\u00e1rio, acne, gonorr\u00e9ia, clamidiose, periodontite, etc.<\/p>\n","protected":false},"featured_media":6989,"comment_status":"open","ping_status":"closed","template":"","meta":[],"product_brand":[],"product_cat":[312],"product_tag":[],"class_list":{"0":"post-7025","1":"product","2":"type-product","3":"status-publish","4":"has-post-thumbnail","6":"product_cat-antibioticos-pt","7":"pa_active_substance-doxycycline","9":"first","10":"instock","11":"shipping-taxable","12":"product-type-variable"},"jetpack_sharing_enabled":true,"_links":{"self":[{"href":"https:\/\/www.pharmacy-content.com\/wp-json\/wp\/v2\/product\/7025","targetHints":{"allow":["GET"]}}],"collection":[{"href":"https:\/\/www.pharmacy-content.com\/wp-json\/wp\/v2\/product"}],"about":[{"href":"https:\/\/www.pharmacy-content.com\/wp-json\/wp\/v2\/types\/product"}],"replies":[{"embeddable":true,"href":"https:\/\/www.pharmacy-content.com\/wp-json\/wp\/v2\/comments?post=7025"}],"wp:featuredmedia":[{"embeddable":true,"href":"https:\/\/www.pharmacy-content.com\/wp-json\/wp\/v2\/media\/6989"}],"wp:attachment":[{"href":"https:\/\/www.pharmacy-content.com\/wp-json\/wp\/v2\/media?parent=7025"}],"wp:term":[{"taxonomy":"product_brand","embeddable":true,"href":"https:\/\/www.pharmacy-content.com\/wp-json\/wp\/v2\/product_brand?post=7025"},{"taxonomy":"product_cat","embeddable":true,"href":"https:\/\/www.pharmacy-content.com\/wp-json\/wp\/v2\/product_cat?post=7025"},{"taxonomy":"product_tag","embeddable":true,"href":"https:\/\/www.pharmacy-content.com\/wp-json\/wp\/v2\/product_tag?post=7025"}],"curies":[{"name":"wp","href":"https:\/\/api.w.org\/{rel}","templated":true}]}}