{"id":6977,"date":"2026-04-22T07:04:46","date_gmt":"2026-04-22T07:04:46","guid":{"rendered":""},"modified":"2026-04-22T07:04:49","modified_gmt":"2026-04-22T07:04:49","slug":"cipro-10","status":"publish","type":"product","link":"https:\/\/www.pharmacy-content.com\/?product=cipro-10&lang=cs","title":{"rendered":"Cipro"},"content":{"rendered":"<p>B\u011b\u017en\u00e9 pou\u017eit\u00ed<br \/>\nCipro je antimikrobi\u00e1ln\u00ed \u0161irokospektr\u00e1ln\u00ed antibiotikum pat\u0159\u00edc\u00ed do skupiny fluorochinolon\u016f. Tento l\u00e9k inhibuje DNA-gyr\u00e1zu, enzym bakteri\u00ed odpov\u011bdn\u00fd za replikaci DNA a synt\u00e9zu bakteri\u00e1ln\u00edch bun\u011b\u010dn\u00fdch protein\u016f, co\u017e zp\u016fsobuje jejich smrt a vykon\u00e1v\u00e1 baktericidn\u00ed aktivitu. Cipro je aktivn\u00ed proti rostouc\u00edm bakteri\u00edm i v klidov\u00e9m stavu. Cipro se pou\u017e\u00edv\u00e1 k l\u00e9\u010db\u011b r\u016fzn\u00fdch stav\u016f a onemocn\u011bn\u00ed zp\u016fsoben\u00fdch bakteri\u00e1ln\u00ed infekc\u00ed d\u00fdchac\u00edho syst\u00e9mu, ledvin a urogenit\u00e1ln\u00edho syst\u00e9mu, gastrointestin\u00e1ln\u00edho syst\u00e9mu (\u00fasta, zuby, \u010delisti, mo\u010dov\u00fd m\u011bch\u00fd\u0159 a \u017elu\u010dov\u00e9 cesty), k\u016f\u017ee, sliznic, m\u011bkk\u00fdch tk\u00e1n\u00ed a dal\u0161\u00edch. Je \u00fa\u010dinn\u00fd proti mnoha r\u016fzn\u00fdm gramnegativn\u00edm aer\u00f3bn\u00edm a grampozitivn\u00edm bakteri\u00edm, jako jsou Salmonella, Shigella, Proteus, Chlamydia, Streptococcus a n\u011bkter\u00e9 druhy rodu Staphylococcus.<\/p>\n<p>D\u00e1vkov\u00e1n\u00ed a pokyny<br \/>\nU\u017e\u00edvejte Cipro p\u0159esn\u011b podle pokyn\u016f sv\u00e9ho l\u00e9ka\u0159e s velkou sklenic\u00ed vody, s j\u00eddlem nebo bez n\u011bj, v pravideln\u00fdch intervalech. Pijte b\u011bhem l\u00e9\u010dby t\u00edmto l\u00e9kem v\u00edce vody ne\u017e obvykle. Nepou\u017e\u00edvejte ho spolu s \u017e\u00e1dn\u00fdmi ml\u00e9\u010dn\u00fdmi v\u00fdrobky, proto\u017ee sni\u017euj\u00ed \u00fa\u010dinnost Ciprou. Ne\u017edibejte, nekousejte ani nel\u00e1mejte tabletu s prodlou\u017een\u00fdm uvol\u0148ov\u00e1n\u00edm; tabletu polkn\u011bte celou. P\u0159i u\u017e\u00edv\u00e1n\u00ed or\u00e1ln\u00edho roztoku ji spolkn\u011bte, ani\u017e byste ji \u017ev\u00fdkali.<\/p>\n<p>Opat\u0159en\u00ed<br \/>\nP\u0159ed u\u017eit\u00edm Ciprou se pora\u010fte se sv\u00fdm l\u00e9ka\u0159em, pokud trp\u00edte n\u011bjak\u00fdm onemocn\u011bn\u00edm ledvin nebo jater, myasthenia gravis, probl\u00e9my se klouby, diabetem, histori\u00ed z\u00e1chvat\u016f, n\u00edzk\u00fdmi hladinami drasl\u00edku v krvi nebo poruchou srde\u010dn\u00edho rytmu. Vyhn\u011bte se dlouh\u00e9mu vystaven\u00ed UV z\u00e1\u0159en\u00ed.<\/p>\n<p>Kontraindikace<br \/>\nT\u011bhotenstv\u00ed, kojen\u00ed, epilepsie, kojenci a teenage\u0159i mlad\u0161\u00ed 18 let, hypersenzitivita na Cipro a jin\u00e9 l\u00e9ky skupiny fluorochinolon\u016f.<\/p>\n<p>Mo\u017en\u00e9 vedlej\u0161\u00ed \u00fa\u010dinky<br \/>\nVedlej\u0161\u00ed \u00fa\u010dinky mohou zahrnovat nevolnost, zvracen\u00ed, pr\u016fjem, bolesti b\u0159icha, vyr\u00e1\u017eku, bolesti hlavy, neklid, zmatenost, halucinace, bledou nebo \u017elutou ple\u0165, tmav\u011b zbarvenou mo\u010d, snadn\u00e9 mod\u0159iny nebo krv\u00e1cen\u00ed. Pokud m\u00e1te n\u011bkter\u00e9 z v\u00fd\u0161e uveden\u00fdch p\u0159\u00edznak\u016f, p\u0159esta\u0148te u\u017e\u00edvat Cipro a kontaktujte sv\u00e9ho l\u00e9ka\u0159e.<\/p>\n<p>Interakce s l\u00e9ky<br \/>\nCipro se nedoporu\u010duje u\u017e\u00edvat s l\u00e9ky sni\u017euj\u00edc\u00edmi kyselost v \u017ealudku a jak\u00fdmikoliv alkalick\u00fdmi miner\u00e1ln\u00edmi vodami, a tak\u00e9 s l\u00e9ky, kter\u00e9 obsahuj\u00ed ionty hlin\u00edku, zinku, \u017eeleza nebo ho\u0159\u010d\u00edku, proto\u017ee mohou sni\u017eovat vst\u0159eb\u00e1v\u00e1n\u00ed Ciprou.<\/p>\n<p>Vynechan\u00e1 d\u00e1vka<br \/>\nNikdy neu\u017e\u00edvejte dvojn\u00e1sobnou d\u00e1vku tohoto l\u00e9ku. Pokud se bl\u00ed\u017e\u00ed \u010das na dal\u0161\u00ed d\u00e1vku, jednodu\u0161e vynechejte vynechanou \u010d\u00e1st a pokra\u010dujte v u\u017e\u00edv\u00e1n\u00ed l\u00e9ku podle pl\u00e1nu.<\/p>\n<p>P\u0159ed\u00e1vkov\u00e1n\u00ed<br \/>\nP\u0159\u00edznaky p\u0159ed\u00e1vkov\u00e1n\u00ed mohou zahrnovat z\u00e1chvaty, pot\u00ed\u017ee s mo\u010den\u00edm, slabost nebo kombinaci modr\u00fdch rt\u016f a bled\u00e9 pleti. Pokud se domn\u00edv\u00e1te, \u017ee jste u\u017eili p\u0159\u00edli\u0161 mnoho tohoto l\u00e9ku, kontaktujte sv\u00e9ho l\u00e9ka\u0159e o pomoc.<\/p>\n<p>Skladov\u00e1n\u00ed<br \/>\nSkladujte p\u0159i pokojov\u00e9 teplot\u011b mezi 15-25 stupni C (59-77 stup\u0148\u016f F), mimo sv\u011btlo a vlhkost, d\u011bti a dom\u00e1c\u00ed zv\u00ed\u0159ata v uzav\u0159en\u00e9 n\u00e1dob\u011b.<\/p>\n<p>Z\u0159eknut\u00ed se odpov\u011bdnosti<br \/>\nPoskytujeme pouze obecn\u00e9 informace o l\u00e9c\u00edch, kter\u00e9 nepokr\u00fdvaj\u00ed v\u0161echny pokyny, mo\u017en\u00e9 interakce l\u00e9k\u016f nebo opat\u0159en\u00ed. Informace na t\u00e9to str\u00e1nce nelze pou\u017e\u00edt k samol\u00e9\u010db\u011b a sebediagn\u00f3ze. Jak\u00e9koli specifick\u00e9 pokyny pro konkr\u00e9tn\u00edho pacienta by m\u011bly b\u00fdt dohodnuty s va\u0161\u00edm zdravotn\u00edm poradcem nebo l\u00e9ka\u0159em odpov\u011bdn\u00fdm za p\u0159\u00edpad. Z\u0159\u00edk\u00e1me se spolehlivosti t\u011bchto informac\u00ed a jak\u00fdchkoli chyb, kter\u00e9 by mohly obsahovat. Neodpov\u00edd\u00e1me za jak\u00e9koli p\u0159\u00edm\u00e9, nep\u0159\u00edm\u00e9, zvl\u00e1\u0161tn\u00ed nebo jin\u00e9 nep\u0159\u00edm\u00e9 \u0161kody vznikl\u00e9 v d\u016fsledku jak\u00e9hokoli pou\u017eit\u00ed informac\u00ed na t\u00e9to str\u00e1nce a tak\u00e9 za n\u00e1sledky samol\u00e9\u010dby.<\/p>\n","protected":false},"excerpt":{"rendered":"<p>Cipro je fluorochinolonov\u00e9 antibiotikum pou\u017e\u00edvan\u00e9 k l\u00e9\u010db\u011b infekc\u00ed mo\u010dov\u00fdch cest (akutn\u00ed nekomplikovan\u00e1 cystitida, pyelonefritida a chronick\u00e1 bakteri\u00e1ln\u00ed prostatitida).<\/p>\n","protected":false},"featured_media":6878,"comment_status":"open","ping_status":"closed","template":"","meta":[],"product_brand":[],"product_cat":[321],"product_tag":[],"class_list":{"0":"post-6977","1":"product","2":"type-product","3":"status-publish","4":"has-post-thumbnail","6":"product_cat-antibiotika-cs","7":"pa_active_substance-ciprofloxacin","9":"first","10":"instock","11":"shipping-taxable","12":"product-type-variable"},"jetpack_sharing_enabled":true,"_links":{"self":[{"href":"https:\/\/www.pharmacy-content.com\/index.php?rest_route=\/wp\/v2\/product\/6977","targetHints":{"allow":["GET"]}}],"collection":[{"href":"https:\/\/www.pharmacy-content.com\/index.php?rest_route=\/wp\/v2\/product"}],"about":[{"href":"https:\/\/www.pharmacy-content.com\/index.php?rest_route=\/wp\/v2\/types\/product"}],"replies":[{"embeddable":true,"href":"https:\/\/www.pharmacy-content.com\/index.php?rest_route=%2Fwp%2Fv2%2Fcomments&post=6977"}],"wp:featuredmedia":[{"embeddable":true,"href":"https:\/\/www.pharmacy-content.com\/index.php?rest_route=\/wp\/v2\/media\/6878"}],"wp:attachment":[{"href":"https:\/\/www.pharmacy-content.com\/index.php?rest_route=%2Fwp%2Fv2%2Fmedia&parent=6977"}],"wp:term":[{"taxonomy":"product_brand","embeddable":true,"href":"https:\/\/www.pharmacy-content.com\/index.php?rest_route=%2Fwp%2Fv2%2Fproduct_brand&post=6977"},{"taxonomy":"product_cat","embeddable":true,"href":"https:\/\/www.pharmacy-content.com\/index.php?rest_route=%2Fwp%2Fv2%2Fproduct_cat&post=6977"},{"taxonomy":"product_tag","embeddable":true,"href":"https:\/\/www.pharmacy-content.com\/index.php?rest_route=%2Fwp%2Fv2%2Fproduct_tag&post=6977"}],"curies":[{"name":"wp","href":"https:\/\/api.w.org\/{rel}","templated":true}]}}