{"id":6933,"date":"2026-04-22T07:04:39","date_gmt":"2026-04-22T07:04:39","guid":{"rendered":""},"modified":"2026-04-22T07:04:49","modified_gmt":"2026-04-22T07:04:49","slug":"cipro-6","status":"publish","type":"product","link":"https:\/\/www.pharmacy-content.com\/?product=cipro-6&lang=pl","title":{"rendered":"Cipro"},"content":{"rendered":"<p>Powszechne zastosowanie<br \/>\nCipro to antybiotyk przeciwdrobnoustrojowy o szerokim spektrum dzia\u0142ania, nale\u017c\u0105cy do grupy fluorochinolon\u00f3w. Lek ten hamuje gyraz\u0119 DNA, enzym bakterii odpowiedzialny za replikacj\u0119 DNA i syntez\u0119 bia\u0142ek kom\u00f3rkowych bakterii, powoduj\u0105c ich \u015bmier\u0107 i wykazuj\u0105c dzia\u0142anie bakteriob\u00f3jcze. Cipro dzia\u0142a przeciwko namna\u017caj\u0105cym si\u0119 bakteriom oraz gdy s\u0105 one w stanie spoczynku. Cipro stosuje si\u0119 w leczeniu r\u00f3\u017cnych stan\u00f3w i chor\u00f3b spowodowanych infekcj\u0105 bakteryjn\u0105 uk\u0142adu oddechowego, nerek i uk\u0142adu moczowo-p\u0142ciowego, uk\u0142adu pokarmowego (jamy ustnej, wgniece\u0144, szcz\u0119k, p\u0119cherza moczowego i dr\u00f3g \u017c\u00f3\u0142ciowych), sk\u00f3ry, b\u0142on \u015bluzowych, tkanek mi\u0119kkich i innych. Jest aktywny przeciwko wielu r\u00f3\u017cnym bakteriom Gram-ujemnym tlenowym i Gram-dodatnim, takim jak Salmonella, Shigella, Proteus, Chlamydia, Streptococcus i niekt\u00f3re gatunki z rodzaju Sraphybcoccus.<br \/>\nDawkowanie i spos\u00f3b u\u017cycia<br \/>\nPrzyjmuj Cipro dok\u0142adnie zgodnie z zaleceniami lekarza, z du\u017c\u0105 szklank\u0119 wody z jedzeniem lub bez, w r\u00f3wnych odst\u0119pach czasu. Podczas leczenia tym lekiem pij wi\u0119cej wody ni\u017c zwykle. Nie nale\u017cy go \u0142\u0105czy\u0107 z \u017cadnymi produktami mlecznymi, gdy\u017c zmniejsza to dzia\u0142anie leku Cipro. Nie kruszy\u0107, nie \u017cu\u0107 ani nie \u0142ama\u0107 tabletki o przed\u0142u\u017conym uwalnianiu; po\u0142kn\u0105\u0107 tabletk\u0119 w ca\u0142o\u015bci. P\u0142yn doustny nale\u017cy po\u0142yka\u0107, nie rozgryzaj\u0105c leku.<br \/>\n\u015arodki ostro\u017cno\u015bci<br \/>\nPrzed przyj\u0119ciem leku Cipro nale\u017cy om\u00f3wi\u0107 z lekarzem, je\u015bli u pacjenta wyst\u0119puje choroba nerek lub w\u0105troby, miastenia, problemy ze stawami, cukrzyca, drgawki w wywiadzie, niski poziom potasu we krwi lub zaburzenia rytmu serca. Unikaj d\u0142ugotrwa\u0142ej ekspozycji cia\u0142a na promieniowanie UV.<br \/>\nPrzeciwwskazania<br \/>\nCi\u0105\u017ca, karmienie piersi\u0105, epilepsja, niemowl\u0119ta i m\u0142odzie\u017c poni\u017cej 18 roku \u017cycia, nadwra\u017cliwo\u015b\u0107 na Cipro i inne leki z grupy fluorochinolon\u00f3w.<br \/>\nMo\u017cliwe skutki uboczne<br \/>\nDzia\u0142aniami ubocznymi mog\u0105 by\u0107 md\u0142o\u015bci, wymioty, biegunka, b\u00f3l brzucha, wysypka, b\u00f3l g\u0142owy, niepok\u00f3j, spl\u0105tanie, omamy, blada lub za\u017c\u00f3\u0142cona sk\u00f3ra, ciemne zabarwienie moczu, \u0142atwe powstawanie siniak\u00f3w lub krwawie\u0144. W przypadku wyst\u0105pienia powy\u017cszych objaw\u00f3w nale\u017cy zaprzesta\u0107 stosowania leku Cipro i skontaktowa\u0107 si\u0119 z lekarzem.<br \/>\nInterakcje lek\u00f3w<br \/>\nNie zaleca si\u0119 stosowania leku Cipro z lekami zmniejszaj\u0105cymi kwa\u015bno\u015b\u0107 soku \u017co\u0142\u0105dkowego i wszelkimi alkalicznymi wodami mineralnymi, a tak\u017ce lekami zawieraj\u0105cymi jony glinu, cynku, \u017celaza lub magnez ze wzgl\u0119du na ich zdolno\u015b\u0107 do zmniejszania wch\u0142aniania leku Cipro.<br \/>\nPomini\u0119ta dawka<br \/>\nNigdy nie nale\u017cy stosowa\u0107 podw\u00f3jnej dawki tego leku. Je\u015bli zbli\u017ca si\u0119 pora przyj\u0119cia kolejnej dawki, po prostu pomi\u0144 pomini\u0119t\u0105 porcj\u0119 i kontynuuj przyjmowanie leku zgodnie ze schematem.<br \/>\nPrzedawkowanie<br \/>\nObjawy przedawkowania mog\u0105 obejmowa\u0107 drgawki, trudno\u015bci w oddawaniu moczu, os\u0142abienie lub po\u0142\u0105czenie zasinienia i blado\u015bci ust sk\u00f3ra. Je\u015bli podejrzewasz, \u017ce za\u017cy\u0142e\u015b za du\u017co tego leku, skontaktuj si\u0119 z lekarzem w celu uzyskania pomocy.<br \/>\nPrzechowywanie<br \/>\nPrzechowuj w temperaturze pokojowej pomi\u0119dzy 15-25 stopni C, z dala od \u015bwiat\u0142a i wilgoci, dzieci i zwierz\u0105t domowych. Nie zamra\u017caj leku Cipro, je\u015bli przyjmujesz go w postaci p\u0142ynu i przechowujesz w lod\u00f3wce.<br \/>\nZastrze\u017cenie<br \/>\nPodajemy jedynie og\u00f3lne informacje o lekach, kt\u00f3re nie obejmuj\u0105 wszystkich wskaz\u00f3wek, mo\u017cliwych interakcji lek\u00f3w ani \u015brodk\u00f3w ostro\u017cno\u015bci. Informacje zawarte na stronie nie mog\u0105 by\u0107 wykorzystywane do samodzielnego leczenia i autodiagnozy. Wszelkie szczeg\u00f3\u0142owe instrukcje dla konkretnego pacjenta nale\u017cy uzgodni\u0107 z doradc\u0105 ds. opieki zdrowotnej lub lekarzem prowadz\u0105cym dany przypadek. Zrzekamy si\u0119 wiarygodno\u015bci tych informacji i wszelkich b\u0142\u0119d\u00f3w, jakie mog\u0105 one zawiera\u0107. Nie ponosimy odpowiedzialno\u015bci za jakiekolwiek bezpo\u015brednie, po\u015brednie, szczeg\u00f3lne lub inne po\u015brednie szkody powsta\u0142e w wyniku wykorzystania informacji zawartych na tej stronie, a tak\u017ce za konsekwencje samodzielnego leczenia.<\/p>\n","protected":false},"excerpt":{"rendered":"<p>Cipro to antybiotyk fluorochinolonowy stosowany w leczeniu zaka\u017ce\u0144 dr\u00f3g moczowych (ostre niepowik\u0142ane zapalenie p\u0119cherza moczowego, odmiedniczkowe zapalenie nerek i przewlek\u0142e bakteryjne zapalenie gruczo\u0142u krokowego).<\/p>\n","protected":false},"featured_media":6878,"comment_status":"open","ping_status":"closed","template":"","meta":[],"product_brand":[],"product_cat":[309],"product_tag":[],"class_list":{"0":"post-6933","1":"product","2":"type-product","3":"status-publish","4":"has-post-thumbnail","6":"product_cat-antybiotyki-pl","7":"pa_active_substance-ciprofloxacin","9":"first","10":"instock","11":"shipping-taxable","12":"product-type-variable"},"jetpack_sharing_enabled":true,"_links":{"self":[{"href":"https:\/\/www.pharmacy-content.com\/index.php?rest_route=\/wp\/v2\/product\/6933","targetHints":{"allow":["GET"]}}],"collection":[{"href":"https:\/\/www.pharmacy-content.com\/index.php?rest_route=\/wp\/v2\/product"}],"about":[{"href":"https:\/\/www.pharmacy-content.com\/index.php?rest_route=\/wp\/v2\/types\/product"}],"replies":[{"embeddable":true,"href":"https:\/\/www.pharmacy-content.com\/index.php?rest_route=%2Fwp%2Fv2%2Fcomments&post=6933"}],"wp:featuredmedia":[{"embeddable":true,"href":"https:\/\/www.pharmacy-content.com\/index.php?rest_route=\/wp\/v2\/media\/6878"}],"wp:attachment":[{"href":"https:\/\/www.pharmacy-content.com\/index.php?rest_route=%2Fwp%2Fv2%2Fmedia&parent=6933"}],"wp:term":[{"taxonomy":"product_brand","embeddable":true,"href":"https:\/\/www.pharmacy-content.com\/index.php?rest_route=%2Fwp%2Fv2%2Fproduct_brand&post=6933"},{"taxonomy":"product_cat","embeddable":true,"href":"https:\/\/www.pharmacy-content.com\/index.php?rest_route=%2Fwp%2Fv2%2Fproduct_cat&post=6933"},{"taxonomy":"product_tag","embeddable":true,"href":"https:\/\/www.pharmacy-content.com\/index.php?rest_route=%2Fwp%2Fv2%2Fproduct_tag&post=6933"}],"curies":[{"name":"wp","href":"https:\/\/api.w.org\/{rel}","templated":true}]}}