{"id":6900,"date":"2026-04-22T07:04:34","date_gmt":"2026-04-22T07:04:34","guid":{"rendered":""},"modified":"2026-04-22T07:04:49","modified_gmt":"2026-04-22T07:04:49","slug":"cipro-3","status":"publish","type":"product","link":"https:\/\/www.pharmacy-content.com\/?product=cipro-3&lang=fr","title":{"rendered":"Cipro"},"content":{"rendered":"<p>Quel est ce m\u00e9dicament?<\/p>\n<p>CIPROFLOXACINE est un antibiotique quinolone. Il peut d\u00e9truire les bact\u00e9ries ou arr\u00eater leur croissance. Il est utilis\u00e9 pour traiter plusieurs types d&#8217;infections, telles que les infections urinaires, respiratoires, de la peau, gastro-intestinales, et des os. Il ne fonctionne pas pour les rhumes, la grippe, ou les autres infections virales.<\/p>\n<p>Que devrais-je mentionner \u00e0 mon professionnel de la sant\u00e9 avant de prendre ce m\u00e9dicament?<\/p>\n<p>Il doit savoir si vous avez l\u2019une des conditions suivantes:<br \/>\nenfant avec des probl\u00e8mes d&#8217;articulation<br \/>\ncondition cardiaque<br \/>\nmaladie des reins<br \/>\nmaladie du foie<br \/>\ntrouble de convulsions<br \/>\nune r\u00e9action inhabituelle ou allergique \u00e0 la ciprofloxacine, \u00e0 d&#8217;autres antibiotiques ou m\u00e9dicaments, \u00e0 des aliments, colorants, ou pr\u00e9servatifs<br \/>\nsi vous \u00eates enceinte ou que vous essayez de tomber enceinte<br \/>\nsi vous allaitez<\/p>\n<p>Comment devrais-je prendre ce m\u00e9dicament?<\/p>\n<p>Prenez ce m\u00e9dicament par voie orale avec un verre d\u2019eau. Prenez vos doses \u00e0 intervalles r\u00e9guliers. Ne prenez pas vos m\u00e9dicaments plus souvent qu\u2019on ne vous l\u2019indique. Ne sautez pas de doses et n\u2019arr\u00eatez pas votre traitement plus t\u00f4t que pr\u00e9vu, m\u00eame si vous vous sentez mieux.<\/p>\n<p>Vous pouvez prendre ce m\u00e9dicament avec de la nourriture ou l&#8217;estomac vide. Il peut \u00eatre pris avec un repas contenant des produilts laitiers ou du calcium, mais ne le prenez pas seul avec un produit laitier, comme le lait, le yogourt ou du jus fortifi\u00e9 en calcium.<\/p>\n<p>Parlez \u00e0 votre p\u00e9diatre si ce m\u00e9dicament doit \u00eatre utilis\u00e9 pour des enfants. Une attention sp\u00e9ciale peut \u00eatre requise.<\/p>\n<p>Surdosage:<\/p>\n<p>Si vous croyez avoir pris une dose excessive de ce m\u00e9dicament, contactez un centre anti-poison ou une urgence d\u2019h\u00f4pital le plus t\u00f4t possible.<\/p>\n<p>NOTE:<\/p>\n<p>Ce m\u00e9dicament est uniquement pour vous, ne le partagez pas avec autrui<\/p>\n<p>Que dois-je faire si j\u2019oublie de prendre une dose?<\/p>\n<p>Si vous oubliez de prendre une dose, prenez-la le plus t\u00f4t possible. Si le temps est presque venu de prendre votre prochaine dose, prenez seulement cette dose. Ne prenez pas de dose en double ou de doses suppl\u00e9mentaires.<\/p>\n<p>Qu\u2019est-ce qui peut interagir avec ce m\u00e9dicament?<\/p>\n<p>Ne prenez pas ce m\u00e9dicament avec un des \u00e9l\u00e9ments suivants:<br \/>\ncisapride<br \/>\ndrop\u00e9ridol<br \/>\nterf\u00e9nadine<br \/>\ntizanidine<\/p>\n<p>Ce m\u00e9dicament peut \u00e9galement interagir avec les \u00e9l\u00e9ments suivants:<br \/>\nanti-acides<br \/>\ncaf\u00e9ine<br \/>\ncyclosporine<br \/>\ncomprim\u00e9s ou poudre tamponn\u00e9s de didanosine (ddI)<br \/>\nles m\u00e9dicaments pour le diab\u00e8te<br \/>\nles m\u00e9dicaments pour la douleur et l&#8217;inflammation comme l\u2019ibuprof\u00e8ne et le naprox\u00e8ne<br \/>\nm\u00e9thotrexate<br \/>\nmultivitamines<br \/>\nom\u00e9prazole<br \/>\nph\u00e9nyto\u00efne<br \/>\nprob\u00e9n\u00e9cide<br \/>\nsucralfate<br \/>\nth\u00e9ophylline<br \/>\nwarfarine<\/p>\n<p>Cette liste n\u2019est pas exhaustive. Fournissez \u00e0 vos professionnels de la sant\u00e9 une liste de tous les m\u00e9dicaments, herbes, m\u00e9dicaments sans prescription et suppl\u00e9ments alimentaires que vous utilisez. Mentionnez-leur \u00e9galement si vous fumez, buvez de l\u2019alcool ou utilisez des drogues ill\u00e9gales. Certains de ces \u00e9l\u00e9ments peuvent interagir avec vos m\u00e9dicaments.<\/p>\n<p>\u00c0 quels \u00e9l\u00e9ments devrais-je \u00eatre vigilant pendant la prise de ce m\u00e9dicament?<\/p>\n<p>Avertissez votre m\u00e9decin ou professionnel de la sant\u00e9 si vos sympt\u00f4mes ne s\u2019am\u00e9liorent pas.<\/p>\n<p>Ne soignez pas la diarrh\u00e9e avec des produits sans prescription. Contactez votre m\u00e9decin si vous avez de la diarrh\u00e9e qui dure plus de 2 jours ou si elle est s\u00e9v\u00e8re et contient beaucoup d\u2019eau.<\/p>\n<p>Vous pourriez vous sentir \u00e9tourdi ou somnolent. Ne pas conduire, utiliser de machinerie, ou accomplir des t\u00e2ches qui exigent d\u2019\u00eatre alerte avant que vous ne sachiez comment ce m\u00e9dicament vous affecte. Afin de r\u00e9duire les risques d\u2019\u00e9tourdissements et d\u2019\u00e9vanouissements, ne vous assoyez pas et ne vous levez pas rapidement, surtout si vous \u00eates un patient plus \u00e2g\u00e9.<\/p>\n<p>Ce m\u00e9dicament peut augmenter votre sensibilit\u00e9 au soleil. \u00c9vitez l\u2019exposition au soleil. Si vous ne pouvez pas \u00e9viter l\u2019exposition au soleil, portez des v\u00eatements protecteurs et utilisez un \u00e9cran solaire. N\u2019utilisez pas de lampe solaire, de lit bronzant ou de cabine bronzante. Contactez votre m\u00e9decin si vous avez un coup de soleil.<\/p>\n<p>\u00c9vitez de prendre des anti-acides, de l&#8217;aluminium, du calcium, du fer, du magn\u00e9sium ou du zinc pour 6 heures pr\u00e9c\u00e9dant et 2 heures suivant la prise de ce m\u00e9dicament.<\/p>\n<p>Quels sont les effets secondaires que je pourrais observer lors de l\u2019utilisation de ce m\u00e9dicament?<\/p>\n<p>Voici les effets secondaires que vous devriez mentionner \u00e0 votre m\u00e9decin ou professionnel de la sant\u00e9 le plus t\u00f4t possible:<br \/>\nr\u00e9actions allergiques telles qu\u2019une irritation de la peau, des d\u00e9mangeaisons de la peau, de l\u2019urticaire, de l\u2019enflure au visage, aux l\u00e8vres, ou \u00e0 la langue<br \/>\nprobl\u00e8mes respiratoires<br \/>\nconfusion, cauchemars ou hallucinations<br \/>\nsentiment de faiblesse, chutes<br \/>\npouls irr\u00e9gulier<br \/>\ndouleur ou enflure aux articulations, aux muscles ou aux tendons<br \/>\ndouleur \u00e0 uriner, difficult\u00e9 \u00e0 uriner<br \/>\nrougeur, formation d\u2019ampoule, desquamation ou rel\u00e2chement de la peau, incluant \u00e0 l\u2019int\u00e9rieur de la bouche<br \/>\nconvulsions<br \/>\ndouleur, engourdissement, picotement ou faiblesse inhabituels<\/p>\n<p>Voici les effets secondaires qui ne n\u00e9cessitent habituellement pas d\u2019attention m\u00e9dicale (informez-en votre m\u00e9decin ou professionnel de la sant\u00e9 si les sympt\u00f4mes persistent ou sont d\u00e9sagr\u00e9ables):<br \/>\ndiarrh\u00e9e<br \/>\nnaus\u00e9e ou maux d&#8217;estomac<br \/>\ntaches blanches ou plaies dans la bouche<\/p>\n<p>Cette liste n\u2019est pas exhaustive.<\/p>\n<p>O\u00f9 puis-je conserver ce m\u00e9dicament?<\/p>\n<p>Garder hors de la port\u00e9e des enfants.<\/p>\n<p>Entreposer \u00e0 la temp\u00e9rature ambiante sous les 30 degr\u00e9s Celsius (86 degr\u00e9s Fahrenheit). Garder le contenant bien ferm\u00e9. Jeter toutes doses non utilis\u00e9es apr\u00e8s la date d\u2019expiration.<\/p>\n","protected":false},"excerpt":{"rendered":"<p>Cipro est un antibiotique faisant partie du groupe des fluoroquinolones. Il est indiqu\u00e9 pour traiter diff\u00e9rents types d&#8217;infections bact\u00e9riennes, comme l\u2019inflammation de la vessie.<\/p>\n","protected":false},"featured_media":6878,"comment_status":"open","ping_status":"closed","template":"","meta":[],"product_brand":[],"product_cat":[300],"product_tag":[],"class_list":{"0":"post-6900","1":"product","2":"type-product","3":"status-publish","4":"has-post-thumbnail","6":"product_cat-antibiotiques-fr","7":"pa_active_substance-ciprofloxacin","9":"first","10":"instock","11":"shipping-taxable","12":"product-type-variable"},"jetpack_sharing_enabled":true,"_links":{"self":[{"href":"https:\/\/www.pharmacy-content.com\/index.php?rest_route=\/wp\/v2\/product\/6900","targetHints":{"allow":["GET"]}}],"collection":[{"href":"https:\/\/www.pharmacy-content.com\/index.php?rest_route=\/wp\/v2\/product"}],"about":[{"href":"https:\/\/www.pharmacy-content.com\/index.php?rest_route=\/wp\/v2\/types\/product"}],"replies":[{"embeddable":true,"href":"https:\/\/www.pharmacy-content.com\/index.php?rest_route=%2Fwp%2Fv2%2Fcomments&post=6900"}],"wp:featuredmedia":[{"embeddable":true,"href":"https:\/\/www.pharmacy-content.com\/index.php?rest_route=\/wp\/v2\/media\/6878"}],"wp:attachment":[{"href":"https:\/\/www.pharmacy-content.com\/index.php?rest_route=%2Fwp%2Fv2%2Fmedia&parent=6900"}],"wp:term":[{"taxonomy":"product_brand","embeddable":true,"href":"https:\/\/www.pharmacy-content.com\/index.php?rest_route=%2Fwp%2Fv2%2Fproduct_brand&post=6900"},{"taxonomy":"product_cat","embeddable":true,"href":"https:\/\/www.pharmacy-content.com\/index.php?rest_route=%2Fwp%2Fv2%2Fproduct_cat&post=6900"},{"taxonomy":"product_tag","embeddable":true,"href":"https:\/\/www.pharmacy-content.com\/index.php?rest_route=%2Fwp%2Fv2%2Fproduct_tag&post=6900"}],"curies":[{"name":"wp","href":"https:\/\/api.w.org\/{rel}","templated":true}]}}