{"id":6889,"date":"2026-04-22T07:04:33","date_gmt":"2026-04-22T07:04:33","guid":{"rendered":""},"modified":"2026-04-22T07:04:49","modified_gmt":"2026-04-22T07:04:49","slug":"cipro-2","status":"publish","type":"product","link":"https:\/\/www.pharmacy-content.com\/?product=cipro-2&lang=de","title":{"rendered":"Cipro"},"content":{"rendered":"<p>Allgemeine Anwendung<br \/>\nCipro ist ein antimikrobielles Breitbandantibiotikum, das zur Gruppe der Fluorchinolone geh\u00f6rt. Dieses Medikament hemmt die DNA-Gyrase, das Enzym von Bakterien, das f\u00fcr die DNA-Replikation und die Synthese bakterieller Zellproteine verantwortlich ist, was zu deren Tod f\u00fchrt und eine bakterizide Wirkung entfaltet. Cipro wirkt gegen sich vermehrende Bakterien und im Ruhezustand. Cipro wird zur Behandlung verschiedener Beschwerden und Erkrankungen eingesetzt, die durch bakterielle Infektionen des Lungensystems, der Nieren und des Urogenitalsystems, des Magen-Darm-Systems (Mund, Zahnfleisch, Kiefer, Blase und Gallenwege), der Haut, der Schleimh\u00e4ute, des Weichgewebes und anderer Erkrankungen verursacht werden. Es wirkt gegen viele verschiedene gramnegative aerobe und grampositive Bakterien wie Salmonellen, Shigellen, Proteus, Chlamydien, Streptokokken und einige Arten der Gattung Sraphybcoccus.<br \/>\nDosierung und Anwendung<br \/>\nNehmen Sie Cipro genau nach der Anweisung Ihres Arztes ein gro\u00dfes Glas Wasser mit oder ohne Essen, in gleichm\u00e4\u00dfigen Zeitabst\u00e4nden. Trinken Sie w\u00e4hrend der Behandlung mit diesem Medikament mehr Wasser als gew\u00f6hnlich. Nehmen Sie es nicht zusammen mit Milchprodukten ein, da dies die Wirkung von Cipro verringert. Zerdr\u00fccken, kauen oder zerbrechen Sie die Retardtablette nicht; Schlucken Sie die Tablette im Ganzen. Wenn Sie die Fl\u00fcssigkeit zum Einnehmen einnehmen, schlucken Sie sie, ohne das Arzneimittel zu kauen.<br \/>\nVorsichtsma\u00dfnahmen<br \/>\nBesprechen Sie vor der Einnahme von Cipro mit Ihrem Arzt, ob Sie an einer Nieren- oder Lebererkrankung, Myasthenia gravis, Gelenkproblemen, Diabetes, Krampfanf\u00e4llen in der Vorgeschichte oder niedrigen Blutzuckerspiegeln leiden Kalium in Ihrem Blut oder eine Herzrhythmusst\u00f6rung. Vermeiden Sie eine l\u00e4ngere Einwirkung von UV-Strahlung auf Ihren K\u00f6rper.<br \/>\nKontraindikationen<br \/>\nSchwangerschaft, Stillzeit, Epilepsie, S\u00e4uglinge und Jugendliche unter 18 Jahren, \u00dcberempfindlichkeit gegen Cipro und andere Arzneimittel der Fluorchinolon-Gruppe.<br \/>\nM\u00f6gliche Nebenwirkungen<br \/>\nZu den Nebenwirkungen k\u00f6nnen \u00dcbelkeit, Erbrechen, Durchfall, Bauchschmerzen, Hautausschlag, Kopfschmerzen, Unruhe, Verwirrtheit, Halluzinationen, blasse oder gelbliche Haut, dunkler Urin, leichte Bluterg\u00fcsse oder Blutungen. Wenn bei Ihnen die oben genannten Anzeichen auftreten, brechen Sie die Einnahme von Cipro ab und wenden Sie sich an Ihren Arzt.<br \/>\nWechselwirkungen mit anderen Arzneimitteln<br \/>\nEs wird nicht empfohlen, Cipro zusammen mit Medikamenten einzunehmen, die den S\u00e4uregehalt in Ihrem Magen senken, sowie mit alkalischen Mineralw\u00e4ssern und auch mit Medikamenten, die Ionen von Aluminium, Zink und Eisen enthalten , oder Magnesium aufgrund ihrer F\u00e4higkeit, die Absorption von Cipro zu verringern.<br \/>\nVerpasste Dosis<br \/>\nNehmen Sie niemals die doppelte Dosis dieses Medikaments ein. Wenn es fast Zeit f\u00fcr die n\u00e4chste Dosis ist, lassen Sie einfach die vergessene Portion aus und nehmen Sie das Arzneimittel gem\u00e4\u00df dem Zeitplan weiter ein.<br \/>\n\u00dcberdosierung<br \/>\nAnzeichen einer \u00dcberdosierung k\u00f6nnen Anf\u00e4lle, Probleme beim Wasserlassen, Schw\u00e4che oder eine Kombination aus blauen und blassen Lippen sein Haut. Wenn Sie vermuten, dass Sie zu viel von diesem Medikament eingenommen haben, wenden Sie sich an Ihren Arzt.<br \/>\nLagerung<br \/>\nBei Raumtemperatur zwischen 15 und 25 \u00b0C lagern, vor Licht und Feuchtigkeit sowie vor Kindern und Haustieren sch\u00fctzen. Frieren Sie Cipro nicht ein, wenn Sie es in fl\u00fcssiger Form einnehmen und im K\u00fchlschrank aufbewahren.<br \/>\nHaftungsausschluss<br \/>\nWir stellen nur allgemeine Informationen zu Medikamenten zur Verf\u00fcgung, die nicht alle Anweisungen, m\u00f6gliche Wechselwirkungen mit anderen Arzneimitteln oder Vorsichtsma\u00dfnahmen abdecken. Die Informationen auf der Website k\u00f6nnen nicht zur Selbstbehandlung und Selbstdiagnose verwendet werden. Spezifische Anweisungen f\u00fcr einen bestimmten Patienten sollten mit Ihrem Gesundheitsberater oder dem f\u00fcr den Fall zust\u00e4ndigen Arzt vereinbart werden. Wir lehnen die Zuverl\u00e4ssigkeit dieser Informationen und etwaige darin enthaltene Fehler ab. Wir haften nicht f\u00fcr direkte, indirekte, besondere oder sonstige indirekte Sch\u00e4den, die sich aus der Nutzung der Informationen auf dieser Website ergeben, sowie f\u00fcr die Folgen einer Selbstbehandlung.<\/p>\n","protected":false},"excerpt":{"rendered":"<p>Cipro ist ein Fluorchinolon-Antibiotikum zur Behandlung von Harnwegsinfektionen (akute unkomplizierte Zystitis, Pyelonephritis und chronische bakterielle Prostatitis).<\/p>\n","protected":false},"featured_media":6878,"comment_status":"open","ping_status":"closed","template":"","meta":[],"product_brand":[],"product_cat":[297],"product_tag":[],"class_list":{"0":"post-6889","1":"product","2":"type-product","3":"status-publish","4":"has-post-thumbnail","6":"product_cat-antibiotika-de","7":"pa_active_substance-ciprofloxacin","9":"first","10":"instock","11":"shipping-taxable","12":"product-type-variable"},"jetpack_sharing_enabled":true,"_links":{"self":[{"href":"https:\/\/www.pharmacy-content.com\/index.php?rest_route=\/wp\/v2\/product\/6889","targetHints":{"allow":["GET"]}}],"collection":[{"href":"https:\/\/www.pharmacy-content.com\/index.php?rest_route=\/wp\/v2\/product"}],"about":[{"href":"https:\/\/www.pharmacy-content.com\/index.php?rest_route=\/wp\/v2\/types\/product"}],"replies":[{"embeddable":true,"href":"https:\/\/www.pharmacy-content.com\/index.php?rest_route=%2Fwp%2Fv2%2Fcomments&post=6889"}],"wp:featuredmedia":[{"embeddable":true,"href":"https:\/\/www.pharmacy-content.com\/index.php?rest_route=\/wp\/v2\/media\/6878"}],"wp:attachment":[{"href":"https:\/\/www.pharmacy-content.com\/index.php?rest_route=%2Fwp%2Fv2%2Fmedia&parent=6889"}],"wp:term":[{"taxonomy":"product_brand","embeddable":true,"href":"https:\/\/www.pharmacy-content.com\/index.php?rest_route=%2Fwp%2Fv2%2Fproduct_brand&post=6889"},{"taxonomy":"product_cat","embeddable":true,"href":"https:\/\/www.pharmacy-content.com\/index.php?rest_route=%2Fwp%2Fv2%2Fproduct_cat&post=6889"},{"taxonomy":"product_tag","embeddable":true,"href":"https:\/\/www.pharmacy-content.com\/index.php?rest_route=%2Fwp%2Fv2%2Fproduct_tag&post=6889"}],"curies":[{"name":"wp","href":"https:\/\/api.w.org\/{rel}","templated":true}]}}