{"id":6864,"date":"2026-04-22T07:04:22","date_gmt":"2026-04-22T07:04:22","guid":{"rendered":""},"modified":"2026-04-22T07:04:26","modified_gmt":"2026-04-22T07:04:26","slug":"bactrim-10","status":"publish","type":"product","link":"https:\/\/www.pharmacy-content.com\/?product=bactrim-10&lang=cs","title":{"rendered":"Bactrim"},"content":{"rendered":"<p>B\u011b\u017en\u00e9 pou\u017eit\u00ed<br \/>\nBactrim se skl\u00e1d\u00e1 ze dvou l\u00e9k\u016f: sulfamethoxazolu a trimethoprimu. Prvn\u00ed inhibuje synt\u00e9zu dihydrofol\u00e1tov\u00e9 kyseliny (l\u00e1tky d\u016fle\u017eit\u00e9 pro metabolismus \u010dlov\u011bka a bakteri\u00ed), zat\u00edmco druh\u00fd blokuje dal\u0161\u00ed f\u00e1zi jej\u00ed biochemick\u00e9 dr\u00e1hy: tvorbu tetrahydrofol\u00e1tov\u00e9 kyseliny, kter\u00e1 se vyskytuje pouze v mikroorganizmech. Tento l\u00e9k je \u00fa\u010dinn\u00fd proti streptokok\u016fm, stafylokok\u016fm, pneumokok\u016fm, Bacillus dysenteriae, tyfu, E. coli, Proteus, a ne\u00fa\u010dinn\u00fd proti Mycobacterium tuberculosis, spirochet\u00e1m, Pseudomonas aeruginosa. Bactrim se pou\u017e\u00edv\u00e1 k l\u00e9\u010db\u011b pneumonie a dal\u0161\u00edch onemocn\u011bn\u00ed d\u00fdchac\u00edho a tr\u00e1vic\u00edho syst\u00e9mu, urogenit\u00e1ln\u00edch syst\u00e9m\u016f zp\u016fsoben\u00fdch bakteri\u00e1ln\u00edmi infekcemi, kter\u00e9 se vyv\u00edjej\u00ed po chirurgick\u00fdch z\u00e1kroc\u00edch, a dal\u0161\u00edch.<br \/>\nD\u00e1vkov\u00e1n\u00ed a pokyny<br \/>\nBactrim lze u\u017e\u00edvat dvakr\u00e1t nebo t\u0159ikr\u00e1t denn\u011b s j\u00eddlem nebo bez n\u011bj. D\u00e1vkov\u00e1n\u00ed z\u00e1vis\u00ed na typu a z\u00e1va\u017enosti infekce. U\u017e\u00edvejte s sklenic\u00ed vody. Pacienti s t\u011b\u017ek\u00fdm selh\u00e1n\u00edm ledvin pot\u0159ebuj\u00ed \u00fapravu d\u00e1vky Bactrimu.<br \/>\nOpat\u0159en\u00ed<br \/>\nVyvarujte se slune\u010dn\u00edmu z\u00e1\u0159en\u00ed nebo opalov\u00e1n\u00ed. Antibiotika mohou zp\u016fsobit pr\u016fjem; informujte sv\u00e9ho l\u00e9ka\u0159e, pokud k n\u011bmu dojde, proto\u017ee to m\u016f\u017ee maskovat jin\u00e9 infekce. Upozorn\u011bte sv\u00e9ho l\u00e9ka\u0159e, pokud trp\u00edte astmatem nebo m\u00e1te z\u00e1va\u017en\u00e9 poruchy ledvin \u010di jater.<br \/>\nKontraindikace<br \/>\nBactrim neu\u017e\u00edvejte, pokud jste alergi\u010dt\u00ed na slo\u017eky l\u00e9ku, jste t\u011bhotn\u00ed, koj\u00edte nebo m\u00e1te an\u00e9mii zp\u016fsobenou nedostatkem kyseliny listov\u00e9. Tento l\u00e9k by nem\u011bl b\u00fdt pod\u00e1v\u00e1n p\u0159ed\u010dasn\u011b narozen\u00fdm d\u011btem a novorozenc\u016fm.<br \/>\nMo\u017en\u00e9 vedlej\u0161\u00ed \u00fa\u010dinky<br \/>\nPokud se u v\u00e1s objev\u00ed p\u0159\u00edznaky alergick\u00e9 reakce, jako jsou kop\u0159ivka, pot\u00ed\u017ee s d\u00fdch\u00e1n\u00edm, otok obli\u010deje, rt\u016f, jazyka nebo hrdla, nebo z\u00e1va\u017en\u011bj\u0161\u00ed p\u0159\u00edznaky \u0161patn\u00e9ho zdravotn\u00edho stavu, jako je hore\u010dka, bolest v krku, bolest hlavy s t\u011b\u017ek\u00fdm puch\u00fd\u0159ov\u00e1n\u00edm, bled\u00e1 ple\u0165, snadn\u00e9 mod\u0159iny nebo krv\u00e1cen\u00ed, vodnat\u00fd nebo krvav\u00fd pr\u016fjem, halucinace, zpomalen\u00fd srde\u010dn\u00ed tep, slab\u00fd puls, nevolnost, bolest b\u0159icha, m\u00e9n\u011b \u010dast\u00e9 mo\u010den\u00ed nebo \u017e\u00e1dn\u00e9 mo\u010den\u00ed, okam\u017eit\u011b vyhledejte l\u00e9ka\u0159skou pomoc.<br \/>\nInterakce s l\u00e9ky<br \/>\nBactrim by nem\u011bl b\u00fdt pod\u00e1v\u00e1n spole\u010dn\u011b s dofetilidem nebo methenaminem. Bactrim m\u016f\u017ee zm\u011bnit \u00fa\u010dinky n\u011bkter\u00fdch antidiabetick\u00fdch l\u00e9k\u016f, \u2018\u0159edidel krve\u2019, cyklosporinu, digoxinu, l\u00e9k\u016f, kter\u00e9 mohou zvy\u0161ovat hladiny drasl\u00edku, \u017eiv\u00fdch vakc\u00edn, tricyklick\u00fdch antidepresiv, n\u011bkter\u00fdch \u2018diuretik\u2019. Informujte sv\u00e9ho l\u00e9ka\u0159e o v\u0161ech p\u0159edpisov\u00fdch a voln\u011b prodejn\u00fdch\/bylinn\u00fdch produktech, kter\u00e9 u\u017e\u00edv\u00e1te.<br \/>\nZme\u0161kan\u00e1 d\u00e1vka<br \/>\nNikdy neu\u017e\u00edvejte dvojitou d\u00e1vku tohoto l\u00e9ku. Pokud se bl\u00ed\u017e\u00ed \u010das na dal\u0161\u00ed d\u00e1vku, jednodu\u0161e vynechte vynechanou d\u00e1vku a pokra\u010dujte v u\u017e\u00edv\u00e1n\u00ed l\u00e9ku podle pl\u00e1nu.<br \/>\nP\u0159ed\u00e1vkov\u00e1n\u00ed<br \/>\nPokud jste u\u017eili p\u0159\u00edli\u0161 mnoho Bactrimu, m\u016f\u017eete c\u00edtit z\u00e1vrat\u011b, ospalost, nevolnost, zvracen\u00ed, ztr\u00e1tu chuti k j\u00eddlu, bolest b\u0159icha, bolest hlavy, \u017eloutnut\u00ed pleti nebo o\u010d\u00ed, krev v mo\u010di, mdloby. V p\u0159\u00edpad\u011b z\u00e1va\u017en\u00fdch vedlej\u0161\u00edch \u00fa\u010dink\u016f vyhledejte okam\u017eitou l\u00e9ka\u0159skou pomoc.<br \/>\nSkladov\u00e1n\u00ed<br \/>\nUchov\u00e1vejte p\u0159i pokojov\u00e9 teplot\u011b mezi 59-77 \u00b0F (15-25 \u00b0C) mimo sv\u011btlo a vlhkost, d\u011bti a zv\u00ed\u0159ata.<br \/>\nZ\u0159eknut\u00ed se odpov\u011bdnosti<br \/>\nPoskytujeme pouze obecn\u00e9 informace o l\u00e9c\u00edch, kter\u00e9 nepokr\u00fdvaj\u00ed v\u0161echny pokyny, mo\u017en\u00e9 interakce s l\u00e9ky nebo opat\u0159en\u00ed. Informace na webu nemohou b\u00fdt pou\u017eity pro vlastn\u00ed l\u00e9\u010dbu a sebehodnocen\u00ed. Jak\u00e9koli specifick\u00e9 pokyny pro konkr\u00e9tn\u00edho pacienta by m\u011bly b\u00fdt dohodnuty s va\u0161\u00edm zdravotn\u00edm poradcem nebo l\u00e9ka\u0159em odpov\u011bdn\u00fdm za p\u0159\u00edpad. Z\u0159ek\u00e1me se spolehlivosti t\u011bchto informac\u00ed a jak\u00fdchkoli chyb, kter\u00e9 by mohly obsahovat. Neodpov\u00edd\u00e1me za \u017e\u00e1dn\u00e9 p\u0159\u00edm\u00e9, nep\u0159\u00edm\u00e9, zvl\u00e1\u0161tn\u00ed nebo jin\u00e9 nep\u0159\u00edm\u00e9 \u0161kody v d\u016fsledku jak\u00e9hokoli pou\u017eit\u00ed informac\u00ed na tomto webu a tak\u00e9 za d\u016fsledky samol\u00e9\u010dby.<\/p>\n","protected":false},"excerpt":{"rendered":"<p>Bactrim Generic je syntetick\u00fd antibakteri\u00e1ln\u00ed p\u0159\u00edpravek k l\u00e9\u010db\u011b u\u0161n\u00edch infekc\u00ed, akutn\u00edch exacerbac\u00ed chronick\u00e9 bronchitidy, infekc\u00ed mo\u010dov\u00fdch cest.<\/p>\n","protected":false},"featured_media":6747,"comment_status":"open","ping_status":"closed","template":"","meta":[],"product_brand":[],"product_cat":[321],"product_tag":[],"class_list":{"0":"post-6864","1":"product","2":"type-product","3":"status-publish","4":"has-post-thumbnail","6":"product_cat-antibiotika-cs","7":"pa_active_substance-trimethoprim","9":"first","10":"instock","11":"shipping-taxable","12":"product-type-variable"},"jetpack_sharing_enabled":true,"_links":{"self":[{"href":"https:\/\/www.pharmacy-content.com\/index.php?rest_route=\/wp\/v2\/product\/6864","targetHints":{"allow":["GET"]}}],"collection":[{"href":"https:\/\/www.pharmacy-content.com\/index.php?rest_route=\/wp\/v2\/product"}],"about":[{"href":"https:\/\/www.pharmacy-content.com\/index.php?rest_route=\/wp\/v2\/types\/product"}],"replies":[{"embeddable":true,"href":"https:\/\/www.pharmacy-content.com\/index.php?rest_route=%2Fwp%2Fv2%2Fcomments&post=6864"}],"wp:featuredmedia":[{"embeddable":true,"href":"https:\/\/www.pharmacy-content.com\/index.php?rest_route=\/wp\/v2\/media\/6747"}],"wp:attachment":[{"href":"https:\/\/www.pharmacy-content.com\/index.php?rest_route=%2Fwp%2Fv2%2Fmedia&parent=6864"}],"wp:term":[{"taxonomy":"product_brand","embeddable":true,"href":"https:\/\/www.pharmacy-content.com\/index.php?rest_route=%2Fwp%2Fv2%2Fproduct_brand&post=6864"},{"taxonomy":"product_cat","embeddable":true,"href":"https:\/\/www.pharmacy-content.com\/index.php?rest_route=%2Fwp%2Fv2%2Fproduct_cat&post=6864"},{"taxonomy":"product_tag","embeddable":true,"href":"https:\/\/www.pharmacy-content.com\/index.php?rest_route=%2Fwp%2Fv2%2Fproduct_tag&post=6864"}],"curies":[{"name":"wp","href":"https:\/\/api.w.org\/{rel}","templated":true}]}}