{"id":6812,"date":"2026-04-22T07:04:14","date_gmt":"2026-04-22T07:04:14","guid":{"rendered":""},"modified":"2026-04-22T07:04:26","modified_gmt":"2026-04-22T07:04:26","slug":"bactrim-6","status":"publish","type":"product","link":"https:\/\/www.pharmacy-content.com\/?product=bactrim-6&lang=pl","title":{"rendered":"Bactrim"},"content":{"rendered":"<p>Powszechne zastosowanie<br \/>\nBactrim sk\u0142ada si\u0119 z dw\u00f3ch lek\u00f3w: sulfametoksazolu i trimetoprimu. Pierwsza hamuje syntez\u0119 kwasu dihydrofoliowego (substancji wa\u017cnej dla metabolizmu cz\u0142owieka i bakterii), natomiast ostatnia blokuje kolejny etap jego cyklu biochemicznego: powstawanie kwasu tetrahydrofoliowego, kt\u00f3re wyst\u0119puje wy\u0142\u0105cznie w mikroorganizmach. Lek ten jest skuteczny przeciwko paciorkowcom, gronkowcom, pneumokokom, czerwonce Bacillus, durowi brzusznemu, E. coli, Proteus i nieskuteczny przeciwko Mycobacterium tuberculosis, kr\u0119tkom, Pseudomonas aeruginosa. Bactrim stosuje si\u0119 w leczeniu zapalenia p\u0142uc i innych chor\u00f3b uk\u0142adu oddechowego, \u017co\u0142\u0105dkowo-jelitowego, moczowo-p\u0142ciowego wywo\u0142anych infekcjami bakteryjnymi, kt\u00f3re rozwijaj\u0105 si\u0119 pooperacyjnie i nie tylko.<br \/>\nDawkowanie i spos\u00f3b u\u017cycia<br \/>\nBactrim mo\u017cna przyjmowa\u0107 dwa lub trzy razy dziennie z lub bez posi\u0142ku. Dawkowanie zale\u017cy od rodzaju i ci\u0119\u017cko\u015bci zaka\u017cenia. Popi\u0107 szklank\u0105 wody. Pacjenci z ci\u0119\u017ck\u0105 niewydolno\u015bci\u0105 nerek wymagaj\u0105 korekty dawkowania Bactrimu.<br \/>\n\u015arodki ostro\u017cno\u015bci<br \/>\nUnikaj ekspozycji na \u015bwiat\u0142o s\u0142oneczne i opalania. Antybiotyki mog\u0105 powodowa\u0107 biegunk\u0119; poinformuj o tym swojego lekarza, je\u015bli go masz, poniewa\u017c mo\u017ce maskowa\u0107 inne zaka\u017cenia. Poinformuj swojego lekarza, je\u015bli cierpisz na astm\u0119 lub masz ci\u0119\u017ckie zaburzenia czynno\u015bci nerek lub w\u0105troby.<br \/>\nPrzeciwwskazania<br \/>\nNie za\u017cywaj Bactrim je\u015bli jeste\u015b uczulony na sk\u0142adniki leku, jeste\u015b w ci\u0105\u017cy, karmisz piersi\u0105 lub masz anemi\u0119 spowodowan\u0105 niedoborem kwasu foliowego. Tego leku nie nale\u017cy podawa\u0107 wcze\u015bniakom i noworodkom.<br \/>\nMo\u017cliwe dzia\u0142anie niepo\u017c\u0105dane<br \/>\nJe\u015bli u pacjenta wyst\u0119puj\u0105 objawy reakcji alergicznej, takie jak pokrzywka, trudno\u015bci w oddychaniu, obrz\u0119k twarzy, warg, j\u0119zyka lub gard\u0142a lub powa\u017cniejsze objawy z\u0142y stan zdrowia, taki jak gor\u0105czka, b\u00f3l gard\u0142a, b\u00f3l g\u0142owy z silnymi p\u0119cherzami, blada sk\u00f3ra, \u0142atwe powstawanie siniak\u00f3w lub krwawie\u0144, wodnista lub krwawa biegunka, halucynacje, wolne bicie serca, s\u0142aby puls, nudno\u015bci, b\u00f3l brzucha, oddawanie moczu rzadziej ni\u017c zwykle lub w og\u00f3le , nale\u017cy natychmiast zwr\u00f3ci\u0107 si\u0119 o pomoc lekarsk\u0105.<br \/>\nInterakcje leku<br \/>\nBactrim nale\u017cy podawa\u0107 jednocze\u015bnie z dofetylidem lub metenamin\u0105. Bactrim mo\u017ce zmienia\u0107 dzia\u0142anie niekt\u00f3rych lek\u00f3w przeciwcukrzycowych, \u201elek\u00f3w rozrzedzaj\u0105cych krew\u201d, cyklosporyny, digoksyny, lek\u00f3w zwi\u0119kszaj\u0105cych poziom potasu, \u017cywych szczepionek, tr\u00f3jpier\u015bcieniowych lek\u00f3w przeciwdepresyjnych, niekt\u00f3rych \u201etabletek na wod\u0119\u201d. Dlatego nale\u017cy poinformowa\u0107 swojego lekarza. lekarza na temat wszystkich produkt\u00f3w zio\u0142owych dost\u0119pnych na recept\u0119 i bez recepty, kt\u00f3rych mo\u017cesz u\u017cywa\u0107.<br \/>\nPomini\u0119ta dawka<br \/>\nNigdy nie nale\u017cy stosowa\u0107 podw\u00f3jnej dawki tego leku. Je\u015bli zbli\u017ca si\u0119 pora przyj\u0119cia kolejnej dawki, po prostu pomi\u0144 pomini\u0119t\u0105 porcj\u0119 i kontynuuj przyjmowanie leku zgodnie ze schematem.<br \/>\nPrzedawkowanie<br \/>\nW przypadku za\u017cycia zbyt du\u017cej dawki leku Bactrim mo\u017cesz odczuwa\u0107 zawroty g\u0142owy, senno\u015b\u0107, nudno\u015bci, wymioty, utrat\u0119 apetytu , b\u00f3l brzucha, b\u00f3l g\u0142owy, za\u017c\u00f3\u0142cenie sk\u00f3ry lub oczu, krew w moczu, omdlenia. W przypadku powa\u017cnych skutk\u00f3w ubocznych nale\u017cy natychmiast zwr\u00f3ci\u0107 si\u0119 o pomoc lekarsk\u0105.<br \/>\nPrzechowywanie<br \/>\nPrzechowywa\u0107 w temperaturze pokojowej 15-25 stopni C, z dala od \u015bwiat\u0142a i wilgoci, dzieci i zwierz\u0105t domowych.<br \/>\nZastrze\u017cenie<br \/>\nPrzekazujemy tylko og\u00f3lne informacje informacje o lekach, kt\u00f3re nie obejmuj\u0105 wszystkich wskaz\u00f3wek, mo\u017cliwych interakcji lek\u00f3w lub \u015brodk\u00f3w ostro\u017cno\u015bci. Informacje zawarte na stronie nie mog\u0105 by\u0107 wykorzystywane do samodzielnego leczenia i autodiagnozy. Wszelkie szczeg\u00f3\u0142owe instrukcje dla konkretnego pacjenta nale\u017cy uzgodni\u0107 z doradc\u0105 ds. opieki zdrowotnej lub lekarzem prowadz\u0105cym dany przypadek. Zrzekamy si\u0119 wiarygodno\u015bci tych informacji i wszelkich b\u0142\u0119d\u00f3w, jakie mog\u0105 one zawiera\u0107. Nie ponosimy odpowiedzialno\u015bci za jakiekolwiek bezpo\u015brednie, po\u015brednie, szczeg\u00f3lne lub inne po\u015brednie szkody powsta\u0142e w wyniku wykorzystania informacji zawartych na tej stronie, a tak\u017ce za konsekwencje samodzielnego leczenia.<\/p>\n","protected":false},"excerpt":{"rendered":"<p>Bactrim Generyczny to syntetyczny produkt przeciwbakteryjny stosowany w leczeniu infekcji ucha, ostrych zaostrze\u0144 przewlek\u0142ego zapalenia oskrzeli, infekcji dr\u00f3g moczowych.<\/p>\n","protected":false},"featured_media":6747,"comment_status":"open","ping_status":"closed","template":"","meta":[],"product_brand":[],"product_cat":[309],"product_tag":[],"class_list":{"0":"post-6812","1":"product","2":"type-product","3":"status-publish","4":"has-post-thumbnail","6":"product_cat-antybiotyki-pl","7":"pa_active_substance-trimethoprim","9":"first","10":"instock","11":"shipping-taxable","12":"product-type-variable"},"jetpack_sharing_enabled":true,"_links":{"self":[{"href":"https:\/\/www.pharmacy-content.com\/index.php?rest_route=\/wp\/v2\/product\/6812","targetHints":{"allow":["GET"]}}],"collection":[{"href":"https:\/\/www.pharmacy-content.com\/index.php?rest_route=\/wp\/v2\/product"}],"about":[{"href":"https:\/\/www.pharmacy-content.com\/index.php?rest_route=\/wp\/v2\/types\/product"}],"replies":[{"embeddable":true,"href":"https:\/\/www.pharmacy-content.com\/index.php?rest_route=%2Fwp%2Fv2%2Fcomments&post=6812"}],"wp:featuredmedia":[{"embeddable":true,"href":"https:\/\/www.pharmacy-content.com\/index.php?rest_route=\/wp\/v2\/media\/6747"}],"wp:attachment":[{"href":"https:\/\/www.pharmacy-content.com\/index.php?rest_route=%2Fwp%2Fv2%2Fmedia&parent=6812"}],"wp:term":[{"taxonomy":"product_brand","embeddable":true,"href":"https:\/\/www.pharmacy-content.com\/index.php?rest_route=%2Fwp%2Fv2%2Fproduct_brand&post=6812"},{"taxonomy":"product_cat","embeddable":true,"href":"https:\/\/www.pharmacy-content.com\/index.php?rest_route=%2Fwp%2Fv2%2Fproduct_cat&post=6812"},{"taxonomy":"product_tag","embeddable":true,"href":"https:\/\/www.pharmacy-content.com\/index.php?rest_route=%2Fwp%2Fv2%2Fproduct_tag&post=6812"}],"curies":[{"name":"wp","href":"https:\/\/api.w.org\/{rel}","templated":true}]}}