{"id":6728,"date":"2026-04-22T07:03:56","date_gmt":"2026-04-22T07:03:56","guid":{"rendered":""},"modified":"2026-04-22T07:04:01","modified_gmt":"2026-04-22T07:04:01","slug":"augmentin-8","status":"publish","type":"product","link":"https:\/\/www.pharmacy-content.com\/?product=augmentin-8&lang=sv","title":{"rendered":"Augmentin"},"content":{"rendered":"<p>Vanligt bruk<br \/>\nDet \u00e4r ett bredspektrumantibiotikum som f\u00f6rst\u00f6r bakterier. Det \u00e4r aktivt mot m\u00e5nga aeroba (de som utvecklas i n\u00e4rvaro av syre) och anaeroba (de som utvecklas i fr\u00e5nvaro av syre) grampositiva och aeroba gramnegativa mikroorganismer, inklusive stammar som producerar betalaktamas (enzymet som f\u00f6rst\u00f6r penicillin) . Klavulanatkalium, som ing\u00e5r i inneh\u00e5llet i detta l\u00e4kemedel, ger Augmentin resistens mot aktiviteten av bakteriella betalaktamaser. Denna medicin anv\u00e4nds f\u00f6r att behandla lunginflammation och andra infektionssjukdomar i luftv\u00e4garna, mag-tarmsystemet, urogenitala system, infektioner som uppst\u00e5r efter operation och andra.<\/p>\n<p>Dosering och anvisningar<br \/>\nDoser administreras individuellt beroende p\u00e5 ditt tillst\u00e5nd, lokaliseringen av infektion och patogenens k\u00e4nslighet. Ta det inte i st\u00f6rre m\u00e4ngder eller l\u00e4ngre \u00e4n rekommenderat. Sv\u00e4lj hela tabletten. Om det \u00e4r Augmentin Chewable tabletten, tugga den innan du sv\u00e4ljer. Augmentin b\u00f6r tas med j\u00e4mnt f\u00f6rdelade intervall.<\/p>\n<p>F\u00f6rsiktighets\u00e5tg\u00e4rder<br \/>\nAnv\u00e4nd inte om du \u00e4r allergisk mot n\u00e5got annat penicillinantibiotikum, har lever- eller njursvikt eller mononukleos.<\/p>\n<p>Kontraindikationer<br \/>\nAnv\u00e4nd inte l\u00e4kemedlet om du har en allergi mot dess komponenter eller annat penicillinantibiotikum, du har infekti\u00f6s mononukleos, en historia av leverproblem eller gulf\u00e4rgning av \u00f6gon eller hud orsakad av Augmentin.<\/p>\n<p>M\u00f6jliga biverkningar<br \/>\nDyspepsi, bukbesv\u00e4r, uppbl\u00e5sthet, gaser, illam\u00e5ende, kr\u00e4kningar , leverfunktionsst\u00f6rningar, hepatit, gulsot orsakad av stagnation av gallan, vaginal kl\u00e5da, och \u00e4ven symptom p\u00e5 allergi (n\u00e4sselutslag, utslag, svullnad). F\u00f6rsiktighet b\u00f6r iakttas hos patienter med leversvikt. L\u00e4kemedlet rekommenderas inte f\u00f6r gravida (s\u00e4rskilt under tredje trimestern) och ammande kvinnor.<\/p>\n<p>L\u00e4kemedelsinteraktion<br \/>\nBehandling med Augmentin och andra antibiotika kan f\u00f6r\u00e4ndra den normala bakteriefloran i tjocktarmen och till\u00e5ta \u00f6verv\u00e4xt av C. difficile, en bakterie som orsakar pseudomembran\u00f6s kolit. Probenecid, som anv\u00e4nds f\u00f6r att behandla gikt, kan bromsa uts\u00f6ndringen av Augmentin via njurarna och resultera i en \u00f6kning av dess toxicitet.<\/p>\n<p>Missad dos<br \/>\nOm du har missat en dos, ta den s\u00e5 snart du kommer ih\u00e5g, men inte om den \u00e4r n\u00e4stan dags f\u00f6r n\u00e4sta intag enligt ditt schema. Om s\u00e5 \u00e4r fallet, hoppa \u00f6ver den missade dosen. F\u00f6rs\u00f6k inte kompensera f\u00f6r en missad dos genom att ta en extra dos.<\/p>\n<p>\u00d6verdosering<br \/>\nOm du antar att du tagit f\u00f6r mycket Augmentin och upplever symtom som illam\u00e5ende, kr\u00e4kningar, magsm\u00e4rtor, diarr\u00e9, hudutslag, d\u00e5sighet och hyperaktivitet, s\u00f6k omedelbar medicinsk hj\u00e4lp.<\/p>\n<p>F\u00f6rvaring<br \/>\nF\u00f6rvaras i rumstemperatur p\u00e5 59-86\u00b0F (15-30\u00b0C) borta fr\u00e5n ljus och fukt.<\/p>\n<p>Friskrivningsfriskrivning<br \/>\nVi tillhandah\u00e5ller endast allm\u00e4n information om mediciner som g\u00f6r t\u00e4cker inte alla riktningar, m\u00f6jliga l\u00e4kemedelsinteraktioner eller f\u00f6rsiktighets\u00e5tg\u00e4rder. Information p\u00e5 sidan kan inte anv\u00e4ndas f\u00f6r sj\u00e4lvbehandling och sj\u00e4lvdiagnos. Alla specifika instruktioner f\u00f6r en viss patient b\u00f6r \u00f6verenskommas med din v\u00e5rdr\u00e5dgivare eller l\u00e4kare som \u00e4r ansvarig f\u00f6r \u00e4rendet. Vi fr\u00e5ns\u00e4ger oss tillf\u00f6rlitligheten av denna information och eventuella misstag den kan inneh\u00e5lla. Vi ansvarar inte f\u00f6r n\u00e5gra direkta, indirekta, speciella eller andra indirekta skador till f\u00f6ljd av n\u00e5gon anv\u00e4ndning av informationen p\u00e5 denna webbplats och \u00e4ven f\u00f6r konsekvenser av egenbehandling.<\/p>\n","protected":false},"excerpt":{"rendered":"<p>Augmentin Generisk \u00e4r indicerat f\u00f6r att behandla bakteriella infektioner i de nedre luftv\u00e4garna, otitis media, sinuit, hudinfektioner och urinv\u00e4gsinfektioner.<\/p>\n","protected":false},"featured_media":6686,"comment_status":"open","ping_status":"closed","template":"","meta":[],"product_brand":[],"product_cat":[315],"product_tag":[],"class_list":{"0":"post-6728","1":"product","2":"type-product","3":"status-publish","4":"has-post-thumbnail","6":"product_cat-antibiotika-sv","7":"pa_active_substance-amoxicillin","8":"pa_active_substance-clavulanate","10":"first","11":"instock","12":"shipping-taxable","13":"product-type-variable"},"jetpack_sharing_enabled":true,"_links":{"self":[{"href":"https:\/\/www.pharmacy-content.com\/index.php?rest_route=\/wp\/v2\/product\/6728","targetHints":{"allow":["GET"]}}],"collection":[{"href":"https:\/\/www.pharmacy-content.com\/index.php?rest_route=\/wp\/v2\/product"}],"about":[{"href":"https:\/\/www.pharmacy-content.com\/index.php?rest_route=\/wp\/v2\/types\/product"}],"replies":[{"embeddable":true,"href":"https:\/\/www.pharmacy-content.com\/index.php?rest_route=%2Fwp%2Fv2%2Fcomments&post=6728"}],"wp:featuredmedia":[{"embeddable":true,"href":"https:\/\/www.pharmacy-content.com\/index.php?rest_route=\/wp\/v2\/media\/6686"}],"wp:attachment":[{"href":"https:\/\/www.pharmacy-content.com\/index.php?rest_route=%2Fwp%2Fv2%2Fmedia&parent=6728"}],"wp:term":[{"taxonomy":"product_brand","embeddable":true,"href":"https:\/\/www.pharmacy-content.com\/index.php?rest_route=%2Fwp%2Fv2%2Fproduct_brand&post=6728"},{"taxonomy":"product_cat","embeddable":true,"href":"https:\/\/www.pharmacy-content.com\/index.php?rest_route=%2Fwp%2Fv2%2Fproduct_cat&post=6728"},{"taxonomy":"product_tag","embeddable":true,"href":"https:\/\/www.pharmacy-content.com\/index.php?rest_route=%2Fwp%2Fv2%2Fproduct_tag&post=6728"}],"curies":[{"name":"wp","href":"https:\/\/api.w.org\/{rel}","templated":true}]}}