{"id":6710,"date":"2026-04-22T07:03:53","date_gmt":"2026-04-22T07:03:53","guid":{"rendered":""},"modified":"2026-04-22T07:04:01","modified_gmt":"2026-04-22T07:04:01","slug":"augmentin-5","status":"publish","type":"product","link":"https:\/\/www.pharmacy-content.com\/?product=augmentin-5&lang=es","title":{"rendered":"Augmentin"},"content":{"rendered":"<p>Uso com\u00fan<br \/>\nEs un antibi\u00f3tico de amplio espectro que destruye las bacterias. Es activo contra muchos microorganismos grampositivos y aer\u00f3bicos gramnegativos aer\u00f3bicos (los que se desarrollan en presencia de ox\u00edgeno) y anaer\u00f3bicos (los que se desarrollan en ausencia de ox\u00edgeno), incluidas las cepas que producen beta-lactamasa (la enzima que destruye la penicilina). . El clavulanato de potasio, incluido en el contenido de este medicamento, proporciona resistencia a Augmentin a la actividad de las betalactamasas bacterianas. Este medicamento se usa para tratar la neumon\u00eda y otras enfermedades infecciosas de los sistemas respiratorio, gastrointestinal, urogenital, infecciones que aparecen despu\u00e9s de la cirug\u00eda y otras.<\/p>\n<p>Dosis e indicaciones<br \/>\nLas dosis se administran individualmente dependiendo de su condici\u00f3n, la localizaci\u00f3n de la infecci\u00f3n y susceptibilidad del pat\u00f3geno. No lo tome en cantidades mayores o por m\u00e1s tiempo de lo recomendado. Trague la tableta entera. Si se trata de la tableta masticable de Augmentin, mast\u00edquela antes de tragarla. Augmentin debe tomarse a intervalos espaciados uniformemente.<\/p>\n<p>Precauciones<br \/>\nNo lo use si es al\u00e9rgico a cualquier otro antibi\u00f3tico de penicilina, tiene insuficiencia hep\u00e1tica o renal o mononucleosis.<\/p>\n<p>Contraindicaciones<br \/>\nNo use el medicamento si tiene una alergia a sus componentes u otro antibi\u00f3tico de penicilina, tiene mononucleosis infecciosa, antecedentes de problemas hep\u00e1ticos o coloraci\u00f3n amarillenta de los ojos o la piel causada por Augmentin.<\/p>\n<p>Posibles efectos secundarios<br \/>\nDispepsia, malestar abdominal, hinchaz\u00f3n, gases, n\u00e1useas, v\u00f3mitos , trastornos de la funci\u00f3n hep\u00e1tica, hepatitis, ictericia causada por estancamiento de la bilis, picaz\u00f3n vaginal y tambi\u00e9n s\u00edntomas de alergia (urticaria, erupci\u00f3n cut\u00e1nea, hinchaz\u00f3n). Se debe tener precauci\u00f3n en pacientes con insuficiencia hep\u00e1tica. El medicamento no se recomienda para mujeres embarazadas (especialmente en el tercer trimestre) y lactantes.<\/p>\n<p>Interacci\u00f3n con otros medicamentos<br \/>\nEl tratamiento con Augmentin y otros antibi\u00f3ticos puede cambiar la flora bacteriana normal del colon y permitir el crecimiento excesivo de C. difficile, una bacteria que Causa colitis pseudomembranosa. El probenecid, que se utiliza para tratar la gota, puede retardar la excreci\u00f3n de Augmentin por los ri\u00f1ones y provocar un aumento de su toxicidad.<\/p>\n<p>Dosis omitida<br \/>\nSi omiti\u00f3 una dosis, t\u00f3mela tan pronto como se acuerde, pero no si Ya casi es hora de la siguiente ingesta seg\u00fan tu horario. Si es as\u00ed, omita la dosis olvidada. No intente compensar la dosis omitida tomando una adicional.<\/p>\n<p>Sobredosis<br \/>\nSi cree que tom\u00f3 demasiado Augmentin y experimenta s\u00edntomas como n\u00e1useas, v\u00f3mitos, dolor de est\u00f3mago, diarrea, erupci\u00f3n cut\u00e1nea, somnolencia y hiperactividad, busque ayuda m\u00e9dica inmediata.<\/p>\n<p>Almacenamiento<br \/>\nAlmacenar a temperatura ambiente de 59-86\u00b0F (15-30\u00b0C) lejos de la luz y la humedad.<\/p>\n<p>Descargo de responsabilidad<br \/>\nSolo proporcionamos informaci\u00f3n general sobre medicamentos, que no no cubre todas las direcciones, posibles interacciones medicamentosas ni precauciones. La informaci\u00f3n contenida en el sitio no se puede utilizar para autotratamiento y autodiagn\u00f3stico. Cualquier instrucci\u00f3n espec\u00edfica para un paciente en particular debe acordarse con su asesor de salud o m\u00e9dico a cargo del caso. Renunciamos a la fiabilidad de esta informaci\u00f3n y a cualquier error que pueda contener. No somos responsables de ning\u00fan da\u00f1o directo, indirecto, especial u otro da\u00f1o indirecto como resultado de cualquier uso de la informaci\u00f3n en este sitio y tampoco de las consecuencias del autotratamiento.<\/p>\n","protected":false},"excerpt":{"rendered":"<p>Augmentin Gen\u00e9rico est\u00e1 indicado para tratar infecciones bacterianas del tracto respiratorio inferior, otitis media, sinusitis, infecciones de la piel e infecciones del tracto urinario.<\/p>\n","protected":false},"featured_media":6686,"comment_status":"open","ping_status":"closed","template":"","meta":[],"product_brand":[],"product_cat":[306],"product_tag":[],"class_list":{"0":"post-6710","1":"product","2":"type-product","3":"status-publish","4":"has-post-thumbnail","6":"product_cat-antibioticos-es","7":"pa_active_substance-amoxicillin","8":"pa_active_substance-clavulanate","10":"first","11":"instock","12":"shipping-taxable","13":"product-type-variable"},"jetpack_sharing_enabled":true,"_links":{"self":[{"href":"https:\/\/www.pharmacy-content.com\/index.php?rest_route=\/wp\/v2\/product\/6710","targetHints":{"allow":["GET"]}}],"collection":[{"href":"https:\/\/www.pharmacy-content.com\/index.php?rest_route=\/wp\/v2\/product"}],"about":[{"href":"https:\/\/www.pharmacy-content.com\/index.php?rest_route=\/wp\/v2\/types\/product"}],"replies":[{"embeddable":true,"href":"https:\/\/www.pharmacy-content.com\/index.php?rest_route=%2Fwp%2Fv2%2Fcomments&post=6710"}],"wp:featuredmedia":[{"embeddable":true,"href":"https:\/\/www.pharmacy-content.com\/index.php?rest_route=\/wp\/v2\/media\/6686"}],"wp:attachment":[{"href":"https:\/\/www.pharmacy-content.com\/index.php?rest_route=%2Fwp%2Fv2%2Fmedia&parent=6710"}],"wp:term":[{"taxonomy":"product_brand","embeddable":true,"href":"https:\/\/www.pharmacy-content.com\/index.php?rest_route=%2Fwp%2Fv2%2Fproduct_brand&post=6710"},{"taxonomy":"product_cat","embeddable":true,"href":"https:\/\/www.pharmacy-content.com\/index.php?rest_route=%2Fwp%2Fv2%2Fproduct_cat&post=6710"},{"taxonomy":"product_tag","embeddable":true,"href":"https:\/\/www.pharmacy-content.com\/index.php?rest_route=%2Fwp%2Fv2%2Fproduct_tag&post=6710"}],"curies":[{"name":"wp","href":"https:\/\/api.w.org\/{rel}","templated":true}]}}